{"id":2849,"date":"2025-12-30T15:30:27","date_gmt":"2025-12-30T18:30:27","guid":{"rendered":"https:\/\/universoeletrico.com.br\/eletrico\/?post_type=product&#038;p=2849"},"modified":"2025-12-30T15:30:28","modified_gmt":"2025-12-30T18:30:28","slug":"luva-galvanizada","status":"publish","type":"product","link":"https:\/\/universoeletrico.com.br\/eletrico\/produto\/luva-galvanizada\/","title":{"rendered":"LUVA GALVANIZADA"},"content":{"rendered":"<p>A luva galvanizada para eletroduto \u00e9 um conector tubular de a\u00e7o carbono com revestimento de zinco, projetado para unir com seguran\u00e7a dois eletrodutos galvanizados, garantindo a continuidade e a prote\u00e7\u00e3o da fia\u00e7\u00e3o el\u00e9trica.<\/p>\n<p>Em estoque tamanho (polegada) de 1\/2&#8221; at\u00e9 4&#8221; seja galvanizada semi pesada, a fogo ou a fogo pesada.<\/p>\n<p>Segue abaixo outras op\u00e7\u00f5es de tamanhos e di\u00e2metro:<\/p>\n<p>SEMI PESADA:<\/p>\n<p>cod: 15021 LUVA GALVANIZADA SEMI PESADA\u00a0 1\u201d<\/p>\n<p>cod: 15023 LUVA GALVANIZADA SEMI PESADA 1.1\/2\u201d<\/p>\n<p>cod: 15024 LUVA GALVANIZADA SEMI PESADA\u00a0 2\u201d<\/p>\n<p>&nbsp;<\/p>\n<p>A FOGO:<\/p>\n<p>cod: 14020 LUVA GALVANIZADA A FOGO 3\/4&#8243;<\/p>\n<p>cod: 14021 LUVA GALVANIZADA A FOGO 1\u201d<\/p>\n<p>cod: 14024 LUVA GALVANIZADA A FOGO 2\u201d<\/p>\n<p>&nbsp;<\/p>\n<p>A FOGO PESADA:<\/p>\n<p>cod: 16020 LUVA GALVANIZ. A FOGO PESADA 3\/4&#8221; EB-342<\/p>\n<p>cod: 16021 LUVA GALVANIZ. A FOGO PESADA 1&#8221; EB-342<\/p>\n<p>cod: 16024 LUVA GALVANIZ. A FOGO PESADA 2&#8221; EB-342<\/p>\n<p>Para Pre\u00e7os, Or\u00e7amentos e D\u00favidas, fale com nossos especialistas.<\/p>\n","protected":false},"excerpt":{"rendered":"<p>A luva galvanizada para eletroduto \u00e9 um conector tubular de a\u00e7o carbono com revestimento de zinco, projetado para unir com seguran\u00e7a dois eletrodutos galvanizados, garantindo a continuidade e a prote\u00e7\u00e3o da fia\u00e7\u00e3o el\u00e9trica. Em estoque tamanho (polegada) de 1\/2&#8221; at\u00e9 4&#8221; seja galvanizada semi pesada, a fogo ou a fogo pesada. Segue abaixo outras op\u00e7\u00f5es [&hellip;]<\/p>\n","protected":false},"featured_media":2850,"template":"","meta":[],"product_brand":[],"product_cat":[50],"product_tag":[123,138,125,66,126,137],"class_list":{"0":"post-2849","1":"product","2":"type-product","3":"status-publish","4":"has-post-thumbnail","6":"product_cat-eletrocalhas-e-perfilados","7":"product_tag-a-fogo","8":"product_tag-conexao","9":"product_tag-eb-342","10":"product_tag-eletroduto","11":"product_tag-galvanizado","12":"product_tag-luva","14":"first","15":"instock","16":"shipping-taxable","17":"product-type-simple"},"yoast_head":"<!-- This site is optimized with the Yoast SEO Premium plugin v26.1.1 (Yoast SEO v26.1.1) - https:\/\/yoast.com\/wordpress\/plugins\/seo\/ -->\n<title>LUVA GALVANIZADA - Universo El\u00e9trico<\/title>\n<meta name=\"robots\" content=\"index, follow, max-snippet:-1, max-image-preview:large, max-video-preview:-1\" \/>\n<link rel=\"canonical\" href=\"https:\/\/universoeletrico.com.br\/eletrico\/produto\/luva-galvanizada\/\" \/>\n<meta property=\"og:locale\" content=\"pt_BR\" \/>\n<meta property=\"og:type\" content=\"article\" \/>\n<meta property=\"og:title\" content=\"LUVA GALVANIZADA\" \/>\n<meta property=\"og:description\" content=\"A luva galvanizada para eletroduto \u00e9 um conector tubular de a\u00e7o carbono com revestimento de zinco, projetado para unir com seguran\u00e7a dois eletrodutos galvanizados, garantindo a continuidade e a prote\u00e7\u00e3o da fia\u00e7\u00e3o el\u00e9trica. Em estoque tamanho (polegada) de 1\/2&#8221; at\u00e9 4&#8221; seja galvanizada semi pesada, a fogo ou a fogo pesada. Segue abaixo outras op\u00e7\u00f5es [&hellip;]\" \/>\n<meta property=\"og:url\" content=\"https:\/\/universoeletrico.com.br\/eletrico\/produto\/luva-galvanizada\/\" \/>\n<meta property=\"og:site_name\" content=\"Universo El\u00e9trico\" \/>\n<meta property=\"article:modified_time\" content=\"2025-12-30T18:30:28+00:00\" \/>\n<meta property=\"og:image\" content=\"https:\/\/universoeletrico.com.br\/eletrico\/wp-content\/uploads\/2025\/12\/354196-800-800.webp\" \/>\n\t<meta property=\"og:image:width\" content=\"800\" \/>\n\t<meta property=\"og:image:height\" content=\"800\" \/>\n\t<meta property=\"og:image:type\" content=\"image\/webp\" \/>\n<meta name=\"twitter:card\" content=\"summary_large_image\" \/>\n<meta name=\"twitter:label1\" content=\"Est. tempo de leitura\" \/>\n\t<meta name=\"twitter:data1\" content=\"1 minuto\" \/>\n<script type=\"application\/ld+json\" class=\"yoast-schema-graph\">{\"@context\":\"https:\/\/schema.org\",\"@graph\":[{\"@type\":\"WebPage\",\"@id\":\"https:\/\/universoeletrico.com.br\/eletrico\/produto\/luva-galvanizada\/\",\"url\":\"https:\/\/universoeletrico.com.br\/eletrico\/produto\/luva-galvanizada\/\",\"name\":\"LUVA GALVANIZADA - Universo El\u00e9trico\",\"isPartOf\":{\"@id\":\"https:\/\/universoeletrico.com.br\/eletrico\/#website\"},\"primaryImageOfPage\":{\"@id\":\"https:\/\/universoeletrico.com.br\/eletrico\/produto\/luva-galvanizada\/#primaryimage\"},\"image\":{\"@id\":\"https:\/\/universoeletrico.com.br\/eletrico\/produto\/luva-galvanizada\/#primaryimage\"},\"thumbnailUrl\":\"https:\/\/universoeletrico.com.br\/eletrico\/wp-content\/uploads\/2025\/12\/354196-800-800.webp\",\"datePublished\":\"2025-12-30T18:30:27+00:00\",\"dateModified\":\"2025-12-30T18:30:28+00:00\",\"breadcrumb\":{\"@id\":\"https:\/\/universoeletrico.com.br\/eletrico\/produto\/luva-galvanizada\/#breadcrumb\"},\"inLanguage\":\"pt-BR\",\"potentialAction\":[{\"@type\":\"ReadAction\",\"target\":[\"https:\/\/universoeletrico.com.br\/eletrico\/produto\/luva-galvanizada\/\"]}]},{\"@type\":\"ImageObject\",\"inLanguage\":\"pt-BR\",\"@id\":\"https:\/\/universoeletrico.com.br\/eletrico\/produto\/luva-galvanizada\/#primaryimage\",\"url\":\"https:\/\/universoeletrico.com.br\/eletrico\/wp-content\/uploads\/2025\/12\/354196-800-800.webp\",\"contentUrl\":\"https:\/\/universoeletrico.com.br\/eletrico\/wp-content\/uploads\/2025\/12\/354196-800-800.webp\",\"width\":800,\"height\":800},{\"@type\":\"BreadcrumbList\",\"@id\":\"https:\/\/universoeletrico.com.br\/eletrico\/produto\/luva-galvanizada\/#breadcrumb\",\"itemListElement\":[{\"@type\":\"ListItem\",\"position\":1,\"name\":\"In\u00edcio\",\"item\":\"https:\/\/universoeletrico.com.br\/eletrico\/\"},{\"@type\":\"ListItem\",\"position\":2,\"name\":\"Produtos\",\"item\":\"https:\/\/universoeletrico.com.br\/eletrico\/produtos\/\"},{\"@type\":\"ListItem\",\"position\":3,\"name\":\"LUVA GALVANIZADA\"}]},{\"@type\":\"WebSite\",\"@id\":\"https:\/\/universoeletrico.com.br\/eletrico\/#website\",\"url\":\"https:\/\/universoeletrico.com.br\/eletrico\/\",\"name\":\"Universo El\u00e9trico\",\"description\":\"\",\"potentialAction\":[{\"@type\":\"SearchAction\",\"target\":{\"@type\":\"EntryPoint\",\"urlTemplate\":\"https:\/\/universoeletrico.com.br\/eletrico\/?s={search_term_string}\"},\"query-input\":{\"@type\":\"PropertyValueSpecification\",\"valueRequired\":true,\"valueName\":\"search_term_string\"}}],\"inLanguage\":\"pt-BR\"}]}<\/script>\n<!-- \/ Yoast SEO Premium plugin. -->","yoast_head_json":{"title":"LUVA GALVANIZADA - Universo El\u00e9trico","robots":{"index":"index","follow":"follow","max-snippet":"max-snippet:-1","max-image-preview":"max-image-preview:large","max-video-preview":"max-video-preview:-1"},"canonical":"https:\/\/universoeletrico.com.br\/eletrico\/produto\/luva-galvanizada\/","og_locale":"pt_BR","og_type":"article","og_title":"LUVA GALVANIZADA","og_description":"A luva galvanizada para eletroduto \u00e9 um conector tubular de a\u00e7o carbono com revestimento de zinco, projetado para unir com seguran\u00e7a dois eletrodutos galvanizados, garantindo a continuidade e a prote\u00e7\u00e3o da fia\u00e7\u00e3o el\u00e9trica. Em estoque tamanho (polegada) de 1\/2&#8221; at\u00e9 4&#8221; seja galvanizada semi pesada, a fogo ou a fogo pesada. Segue abaixo outras op\u00e7\u00f5es [&hellip;]","og_url":"https:\/\/universoeletrico.com.br\/eletrico\/produto\/luva-galvanizada\/","og_site_name":"Universo El\u00e9trico","article_modified_time":"2025-12-30T18:30:28+00:00","og_image":[{"width":800,"height":800,"url":"https:\/\/universoeletrico.com.br\/eletrico\/wp-content\/uploads\/2025\/12\/354196-800-800.webp","type":"image\/webp"}],"twitter_card":"summary_large_image","twitter_misc":{"Est. tempo de leitura":"1 minuto"},"schema":{"@context":"https:\/\/schema.org","@graph":[{"@type":"WebPage","@id":"https:\/\/universoeletrico.com.br\/eletrico\/produto\/luva-galvanizada\/","url":"https:\/\/universoeletrico.com.br\/eletrico\/produto\/luva-galvanizada\/","name":"LUVA GALVANIZADA - Universo El\u00e9trico","isPartOf":{"@id":"https:\/\/universoeletrico.com.br\/eletrico\/#website"},"primaryImageOfPage":{"@id":"https:\/\/universoeletrico.com.br\/eletrico\/produto\/luva-galvanizada\/#primaryimage"},"image":{"@id":"https:\/\/universoeletrico.com.br\/eletrico\/produto\/luva-galvanizada\/#primaryimage"},"thumbnailUrl":"https:\/\/universoeletrico.com.br\/eletrico\/wp-content\/uploads\/2025\/12\/354196-800-800.webp","datePublished":"2025-12-30T18:30:27+00:00","dateModified":"2025-12-30T18:30:28+00:00","breadcrumb":{"@id":"https:\/\/universoeletrico.com.br\/eletrico\/produto\/luva-galvanizada\/#breadcrumb"},"inLanguage":"pt-BR","potentialAction":[{"@type":"ReadAction","target":["https:\/\/universoeletrico.com.br\/eletrico\/produto\/luva-galvanizada\/"]}]},{"@type":"ImageObject","inLanguage":"pt-BR","@id":"https:\/\/universoeletrico.com.br\/eletrico\/produto\/luva-galvanizada\/#primaryimage","url":"https:\/\/universoeletrico.com.br\/eletrico\/wp-content\/uploads\/2025\/12\/354196-800-800.webp","contentUrl":"https:\/\/universoeletrico.com.br\/eletrico\/wp-content\/uploads\/2025\/12\/354196-800-800.webp","width":800,"height":800},{"@type":"BreadcrumbList","@id":"https:\/\/universoeletrico.com.br\/eletrico\/produto\/luva-galvanizada\/#breadcrumb","itemListElement":[{"@type":"ListItem","position":1,"name":"In\u00edcio","item":"https:\/\/universoeletrico.com.br\/eletrico\/"},{"@type":"ListItem","position":2,"name":"Produtos","item":"https:\/\/universoeletrico.com.br\/eletrico\/produtos\/"},{"@type":"ListItem","position":3,"name":"LUVA GALVANIZADA"}]},{"@type":"WebSite","@id":"https:\/\/universoeletrico.com.br\/eletrico\/#website","url":"https:\/\/universoeletrico.com.br\/eletrico\/","name":"Universo El\u00e9trico","description":"","potentialAction":[{"@type":"SearchAction","target":{"@type":"EntryPoint","urlTemplate":"https:\/\/universoeletrico.com.br\/eletrico\/?s={search_term_string}"},"query-input":{"@type":"PropertyValueSpecification","valueRequired":true,"valueName":"search_term_string"}}],"inLanguage":"pt-BR"}]}},"_links":{"self":[{"href":"https:\/\/universoeletrico.com.br\/eletrico\/wp-json\/wp\/v2\/product\/2849","targetHints":{"allow":["GET"]}}],"collection":[{"href":"https:\/\/universoeletrico.com.br\/eletrico\/wp-json\/wp\/v2\/product"}],"about":[{"href":"https:\/\/universoeletrico.com.br\/eletrico\/wp-json\/wp\/v2\/types\/product"}],"version-history":[{"count":1,"href":"https:\/\/universoeletrico.com.br\/eletrico\/wp-json\/wp\/v2\/product\/2849\/revisions"}],"predecessor-version":[{"id":2851,"href":"https:\/\/universoeletrico.com.br\/eletrico\/wp-json\/wp\/v2\/product\/2849\/revisions\/2851"}],"wp:featuredmedia":[{"embeddable":true,"href":"https:\/\/universoeletrico.com.br\/eletrico\/wp-json\/wp\/v2\/media\/2850"}],"wp:attachment":[{"href":"https:\/\/universoeletrico.com.br\/eletrico\/wp-json\/wp\/v2\/media?parent=2849"}],"wp:term":[{"taxonomy":"product_brand","embeddable":true,"href":"https:\/\/universoeletrico.com.br\/eletrico\/wp-json\/wp\/v2\/product_brand?post=2849"},{"taxonomy":"product_cat","embeddable":true,"href":"https:\/\/universoeletrico.com.br\/eletrico\/wp-json\/wp\/v2\/product_cat?post=2849"},{"taxonomy":"product_tag","embeddable":true,"href":"https:\/\/universoeletrico.com.br\/eletrico\/wp-json\/wp\/v2\/product_tag?post=2849"}],"curies":[{"name":"wp","href":"https:\/\/api.w.org\/{rel}","templated":true}]}}