{"id":2836,"date":"2025-12-30T10:37:50","date_gmt":"2025-12-30T13:37:50","guid":{"rendered":"https:\/\/universoeletrico.com.br\/eletrico\/?post_type=product&#038;p=2836"},"modified":"2025-12-30T11:37:44","modified_gmt":"2025-12-30T14:37:44","slug":"curvas-90-galvanizadas","status":"publish","type":"product","link":"https:\/\/universoeletrico.com.br\/eletrico\/produto\/curvas-90-galvanizadas\/","title":{"rendered":"CURVAS 90\u00b0 GRAUS GALVANIZADAS"},"content":{"rendered":"<p>Curvas de 90 graus para eletrodutos s\u00e3o pe\u00e7as essenciais para fazer mudan\u00e7as de dire\u00e7\u00e3o em instala\u00e7\u00f5es el\u00e9tricas, dispon\u00edveis no metal (a\u00e7o galvanizado, para maior resist\u00eancia e uso industrial\/comercial). Elas garantem a prote\u00e7\u00e3o dos fios, facilitam a passagem e v\u00eam em diversas bitolas (di\u00e2metros), a partir de 1\/2&#8243; at\u00e9 4&#8243; em estoque, &#8221;dependo do material&#8221; seguindo normas como a ABNT NBR 5598 para seguran\u00e7a e durabilidade.<\/p>\n<p>Segue abaixo outras op\u00e7\u00f5es de tamanhos e di\u00e2metro:<\/p>\n<p>SEMI PESADA:<\/p>\n<p>cod: 15012 CURVA 90 GALVANIZADA SEMI PESADA\u00a0 1&#8221;<\/p>\n<p>cod: 15014 CURVA 90 GALVANIZADA SEMI PESADA\u00a0 1.1\/2&#8221;<\/p>\n<p>cod: 15015 CURVA 90 GALVANIZADA SEMI PESADA\u00a0 2&#8221;<\/p>\n<p>&nbsp;<\/p>\n<p>A FOGO:<\/p>\n<p>cod: 14011 CURVA 90&#8242; GALVANIZADO A FOGO 3\/4&#8243;<\/p>\n<p>cod: 14012 CURVA 90&#8242; GALVANIZADO A FOGO 1&#8243;<\/p>\n<p>cod: 14015 CURVA 90&#8242; GALVANIZADO A FOGO 2&#8243;<\/p>\n<p>&nbsp;<\/p>\n<p>A FOGO PESADA:<\/p>\n<p>cod: 16011 CURVA 90\u00b0 GALV.A FOGO PESADA 3\/4&#8221; EB-342<\/p>\n<p>cod: 16012 CURVA 90\u00b0 GALV.A FOGO PESADA 1&#8221; EB-342<\/p>\n<p>cod: 16015 CURVA 90\u00b0 GALV.A FOGO PESADA 2&#8221; EB-342<\/p>\n<p>Para Pre\u00e7os, Or\u00e7amentos e D\u00favidas, fale com nossos especialistas.<\/p>\n","protected":false},"excerpt":{"rendered":"<p>Curvas de 90 graus para eletrodutos s\u00e3o pe\u00e7as essenciais para fazer mudan\u00e7as de dire\u00e7\u00e3o em instala\u00e7\u00f5es el\u00e9tricas, dispon\u00edveis no metal (a\u00e7o galvanizado, para maior resist\u00eancia e uso industrial\/comercial). Elas garantem a prote\u00e7\u00e3o dos fios, facilitam a passagem e v\u00eam em diversas bitolas (di\u00e2metros), a partir de 1\/2&#8243; at\u00e9 4&#8243; em estoque, &#8221;dependo do material&#8221; seguindo [&hellip;]<\/p>\n","protected":false},"featured_media":2847,"template":"","meta":[],"product_brand":[],"product_cat":[50],"product_tag":[130,123,132,126,133,131],"class_list":{"0":"post-2836","1":"product","2":"type-product","3":"status-publish","4":"has-post-thumbnail","6":"product_cat-eletrocalhas-e-perfilados","7":"product_tag-130","8":"product_tag-a-fogo","9":"product_tag-curvas","10":"product_tag-galvanizado","11":"product_tag-material-eletrico","12":"product_tag-semi-pesada","14":"first","15":"instock","16":"shipping-taxable","17":"product-type-simple"},"yoast_head":"<!-- This site is optimized with the Yoast SEO Premium plugin v26.1.1 (Yoast SEO v26.1.1) - https:\/\/yoast.com\/wordpress\/plugins\/seo\/ -->\n<title>CURVAS 90\u00b0 GRAUS GALVANIZADAS - Universo El\u00e9trico<\/title>\n<meta name=\"robots\" content=\"index, follow, max-snippet:-1, max-image-preview:large, max-video-preview:-1\" \/>\n<link rel=\"canonical\" href=\"https:\/\/universoeletrico.com.br\/eletrico\/produto\/curvas-90-galvanizadas\/\" \/>\n<meta property=\"og:locale\" content=\"pt_BR\" \/>\n<meta property=\"og:type\" content=\"article\" \/>\n<meta property=\"og:title\" content=\"CURVAS 90\u00b0 GRAUS GALVANIZADAS\" \/>\n<meta property=\"og:description\" content=\"Curvas de 90 graus para eletrodutos s\u00e3o pe\u00e7as essenciais para fazer mudan\u00e7as de dire\u00e7\u00e3o em instala\u00e7\u00f5es el\u00e9tricas, dispon\u00edveis no metal (a\u00e7o galvanizado, para maior resist\u00eancia e uso industrial\/comercial). Elas garantem a prote\u00e7\u00e3o dos fios, facilitam a passagem e v\u00eam em diversas bitolas (di\u00e2metros), a partir de 1\/2&#8243; at\u00e9 4&#8243; em estoque, &#8221;dependo do material&#8221; seguindo [&hellip;]\" \/>\n<meta property=\"og:url\" content=\"https:\/\/universoeletrico.com.br\/eletrico\/produto\/curvas-90-galvanizadas\/\" \/>\n<meta property=\"og:site_name\" content=\"Universo El\u00e9trico\" \/>\n<meta property=\"article:modified_time\" content=\"2025-12-30T14:37:44+00:00\" \/>\n<meta property=\"og:image\" content=\"https:\/\/universoeletrico.com.br\/eletrico\/wp-content\/uploads\/2025\/12\/v-15-oougnutb2z.webp\" \/>\n\t<meta property=\"og:image:width\" content=\"1200\" \/>\n\t<meta property=\"og:image:height\" content=\"1200\" \/>\n\t<meta property=\"og:image:type\" content=\"image\/webp\" \/>\n<meta name=\"twitter:card\" content=\"summary_large_image\" \/>\n<meta name=\"twitter:label1\" content=\"Est. tempo de leitura\" \/>\n\t<meta name=\"twitter:data1\" content=\"2 minutos\" \/>\n<script type=\"application\/ld+json\" class=\"yoast-schema-graph\">{\"@context\":\"https:\/\/schema.org\",\"@graph\":[{\"@type\":\"WebPage\",\"@id\":\"https:\/\/universoeletrico.com.br\/eletrico\/produto\/curvas-90-galvanizadas\/\",\"url\":\"https:\/\/universoeletrico.com.br\/eletrico\/produto\/curvas-90-galvanizadas\/\",\"name\":\"CURVAS 90\u00b0 GRAUS GALVANIZADAS - Universo El\u00e9trico\",\"isPartOf\":{\"@id\":\"https:\/\/universoeletrico.com.br\/eletrico\/#website\"},\"primaryImageOfPage\":{\"@id\":\"https:\/\/universoeletrico.com.br\/eletrico\/produto\/curvas-90-galvanizadas\/#primaryimage\"},\"image\":{\"@id\":\"https:\/\/universoeletrico.com.br\/eletrico\/produto\/curvas-90-galvanizadas\/#primaryimage\"},\"thumbnailUrl\":\"https:\/\/universoeletrico.com.br\/eletrico\/wp-content\/uploads\/2025\/12\/v-15-oougnutb2z.webp\",\"datePublished\":\"2025-12-30T13:37:50+00:00\",\"dateModified\":\"2025-12-30T14:37:44+00:00\",\"breadcrumb\":{\"@id\":\"https:\/\/universoeletrico.com.br\/eletrico\/produto\/curvas-90-galvanizadas\/#breadcrumb\"},\"inLanguage\":\"pt-BR\",\"potentialAction\":[{\"@type\":\"ReadAction\",\"target\":[\"https:\/\/universoeletrico.com.br\/eletrico\/produto\/curvas-90-galvanizadas\/\"]}]},{\"@type\":\"ImageObject\",\"inLanguage\":\"pt-BR\",\"@id\":\"https:\/\/universoeletrico.com.br\/eletrico\/produto\/curvas-90-galvanizadas\/#primaryimage\",\"url\":\"https:\/\/universoeletrico.com.br\/eletrico\/wp-content\/uploads\/2025\/12\/v-15-oougnutb2z.webp\",\"contentUrl\":\"https:\/\/universoeletrico.com.br\/eletrico\/wp-content\/uploads\/2025\/12\/v-15-oougnutb2z.webp\",\"width\":1200,\"height\":1200},{\"@type\":\"BreadcrumbList\",\"@id\":\"https:\/\/universoeletrico.com.br\/eletrico\/produto\/curvas-90-galvanizadas\/#breadcrumb\",\"itemListElement\":[{\"@type\":\"ListItem\",\"position\":1,\"name\":\"In\u00edcio\",\"item\":\"https:\/\/universoeletrico.com.br\/eletrico\/\"},{\"@type\":\"ListItem\",\"position\":2,\"name\":\"Produtos\",\"item\":\"https:\/\/universoeletrico.com.br\/eletrico\/produtos\/\"},{\"@type\":\"ListItem\",\"position\":3,\"name\":\"CURVAS 90\u00b0 GRAUS GALVANIZADAS\"}]},{\"@type\":\"WebSite\",\"@id\":\"https:\/\/universoeletrico.com.br\/eletrico\/#website\",\"url\":\"https:\/\/universoeletrico.com.br\/eletrico\/\",\"name\":\"Universo El\u00e9trico\",\"description\":\"\",\"potentialAction\":[{\"@type\":\"SearchAction\",\"target\":{\"@type\":\"EntryPoint\",\"urlTemplate\":\"https:\/\/universoeletrico.com.br\/eletrico\/?s={search_term_string}\"},\"query-input\":{\"@type\":\"PropertyValueSpecification\",\"valueRequired\":true,\"valueName\":\"search_term_string\"}}],\"inLanguage\":\"pt-BR\"}]}<\/script>\n<!-- \/ Yoast SEO Premium plugin. -->","yoast_head_json":{"title":"CURVAS 90\u00b0 GRAUS GALVANIZADAS - Universo El\u00e9trico","robots":{"index":"index","follow":"follow","max-snippet":"max-snippet:-1","max-image-preview":"max-image-preview:large","max-video-preview":"max-video-preview:-1"},"canonical":"https:\/\/universoeletrico.com.br\/eletrico\/produto\/curvas-90-galvanizadas\/","og_locale":"pt_BR","og_type":"article","og_title":"CURVAS 90\u00b0 GRAUS GALVANIZADAS","og_description":"Curvas de 90 graus para eletrodutos s\u00e3o pe\u00e7as essenciais para fazer mudan\u00e7as de dire\u00e7\u00e3o em instala\u00e7\u00f5es el\u00e9tricas, dispon\u00edveis no metal (a\u00e7o galvanizado, para maior resist\u00eancia e uso industrial\/comercial). Elas garantem a prote\u00e7\u00e3o dos fios, facilitam a passagem e v\u00eam em diversas bitolas (di\u00e2metros), a partir de 1\/2&#8243; at\u00e9 4&#8243; em estoque, &#8221;dependo do material&#8221; seguindo [&hellip;]","og_url":"https:\/\/universoeletrico.com.br\/eletrico\/produto\/curvas-90-galvanizadas\/","og_site_name":"Universo El\u00e9trico","article_modified_time":"2025-12-30T14:37:44+00:00","og_image":[{"width":1200,"height":1200,"url":"https:\/\/universoeletrico.com.br\/eletrico\/wp-content\/uploads\/2025\/12\/v-15-oougnutb2z.webp","type":"image\/webp"}],"twitter_card":"summary_large_image","twitter_misc":{"Est. tempo de leitura":"2 minutos"},"schema":{"@context":"https:\/\/schema.org","@graph":[{"@type":"WebPage","@id":"https:\/\/universoeletrico.com.br\/eletrico\/produto\/curvas-90-galvanizadas\/","url":"https:\/\/universoeletrico.com.br\/eletrico\/produto\/curvas-90-galvanizadas\/","name":"CURVAS 90\u00b0 GRAUS GALVANIZADAS - Universo El\u00e9trico","isPartOf":{"@id":"https:\/\/universoeletrico.com.br\/eletrico\/#website"},"primaryImageOfPage":{"@id":"https:\/\/universoeletrico.com.br\/eletrico\/produto\/curvas-90-galvanizadas\/#primaryimage"},"image":{"@id":"https:\/\/universoeletrico.com.br\/eletrico\/produto\/curvas-90-galvanizadas\/#primaryimage"},"thumbnailUrl":"https:\/\/universoeletrico.com.br\/eletrico\/wp-content\/uploads\/2025\/12\/v-15-oougnutb2z.webp","datePublished":"2025-12-30T13:37:50+00:00","dateModified":"2025-12-30T14:37:44+00:00","breadcrumb":{"@id":"https:\/\/universoeletrico.com.br\/eletrico\/produto\/curvas-90-galvanizadas\/#breadcrumb"},"inLanguage":"pt-BR","potentialAction":[{"@type":"ReadAction","target":["https:\/\/universoeletrico.com.br\/eletrico\/produto\/curvas-90-galvanizadas\/"]}]},{"@type":"ImageObject","inLanguage":"pt-BR","@id":"https:\/\/universoeletrico.com.br\/eletrico\/produto\/curvas-90-galvanizadas\/#primaryimage","url":"https:\/\/universoeletrico.com.br\/eletrico\/wp-content\/uploads\/2025\/12\/v-15-oougnutb2z.webp","contentUrl":"https:\/\/universoeletrico.com.br\/eletrico\/wp-content\/uploads\/2025\/12\/v-15-oougnutb2z.webp","width":1200,"height":1200},{"@type":"BreadcrumbList","@id":"https:\/\/universoeletrico.com.br\/eletrico\/produto\/curvas-90-galvanizadas\/#breadcrumb","itemListElement":[{"@type":"ListItem","position":1,"name":"In\u00edcio","item":"https:\/\/universoeletrico.com.br\/eletrico\/"},{"@type":"ListItem","position":2,"name":"Produtos","item":"https:\/\/universoeletrico.com.br\/eletrico\/produtos\/"},{"@type":"ListItem","position":3,"name":"CURVAS 90\u00b0 GRAUS GALVANIZADAS"}]},{"@type":"WebSite","@id":"https:\/\/universoeletrico.com.br\/eletrico\/#website","url":"https:\/\/universoeletrico.com.br\/eletrico\/","name":"Universo El\u00e9trico","description":"","potentialAction":[{"@type":"SearchAction","target":{"@type":"EntryPoint","urlTemplate":"https:\/\/universoeletrico.com.br\/eletrico\/?s={search_term_string}"},"query-input":{"@type":"PropertyValueSpecification","valueRequired":true,"valueName":"search_term_string"}}],"inLanguage":"pt-BR"}]}},"_links":{"self":[{"href":"https:\/\/universoeletrico.com.br\/eletrico\/wp-json\/wp\/v2\/product\/2836","targetHints":{"allow":["GET"]}}],"collection":[{"href":"https:\/\/universoeletrico.com.br\/eletrico\/wp-json\/wp\/v2\/product"}],"about":[{"href":"https:\/\/universoeletrico.com.br\/eletrico\/wp-json\/wp\/v2\/types\/product"}],"version-history":[{"count":3,"href":"https:\/\/universoeletrico.com.br\/eletrico\/wp-json\/wp\/v2\/product\/2836\/revisions"}],"predecessor-version":[{"id":2848,"href":"https:\/\/universoeletrico.com.br\/eletrico\/wp-json\/wp\/v2\/product\/2836\/revisions\/2848"}],"wp:featuredmedia":[{"embeddable":true,"href":"https:\/\/universoeletrico.com.br\/eletrico\/wp-json\/wp\/v2\/media\/2847"}],"wp:attachment":[{"href":"https:\/\/universoeletrico.com.br\/eletrico\/wp-json\/wp\/v2\/media?parent=2836"}],"wp:term":[{"taxonomy":"product_brand","embeddable":true,"href":"https:\/\/universoeletrico.com.br\/eletrico\/wp-json\/wp\/v2\/product_brand?post=2836"},{"taxonomy":"product_cat","embeddable":true,"href":"https:\/\/universoeletrico.com.br\/eletrico\/wp-json\/wp\/v2\/product_cat?post=2836"},{"taxonomy":"product_tag","embeddable":true,"href":"https:\/\/universoeletrico.com.br\/eletrico\/wp-json\/wp\/v2\/product_tag?post=2836"}],"curies":[{"name":"wp","href":"https:\/\/api.w.org\/{rel}","templated":true}]}}