{"id":2829,"date":"2025-12-30T09:44:06","date_gmt":"2025-12-30T12:44:06","guid":{"rendered":"https:\/\/universoeletrico.com.br\/eletrico\/?post_type=product&#038;p=2829"},"modified":"2025-12-30T09:49:21","modified_gmt":"2025-12-30T12:49:21","slug":"eletroduto-pesado-g-f-eb-342","status":"publish","type":"product","link":"https:\/\/universoeletrico.com.br\/eletrico\/produto\/eletroduto-pesado-g-f-eb-342\/","title":{"rendered":"ELETRODUTO PESADO G.F. EB-342"},"content":{"rendered":"<p>Os Eletroduto Galvanizado a Fogo NBR-5598 19.061 ELECON s\u00e3o r\u00edgidos de a\u00e7o carbono, tem a rebarba interna removida, conforme norma NBR 5598 (EB342). Possui uma luva e protetor de rosca em barras de 3 metros, o acabamento \u00e9 galvanizado a fogo (imers\u00e3o a quente) Com grava\u00e7\u00e3o na barra indicado para ambientes de atmosfera explosiva.<\/p>\n<p>Segue abaixo outras op\u00e7\u00f5es de tamanhos e di\u00e2metro:<\/p>\n<p>cod: 16003 ELETRODUTO PESADO G.F. 1&#8221; EB-342<\/p>\n<p>cod: 16004 ELETRODUTO PESADO G.F. 1.1\/4&#8221; EB-342<\/p>\n<p>cod: 16005 ELETRODUTO PESADO G.F. 1.1\/2&#8221; EB-342<\/p>\n<p>cod: 16006 ELETRODUTO PESADO G.F. 2&#8221; EB-342<\/p>\n<p>cod: 16007 ELETRODUTO PESADO G.F. 2.1\/2&#8221; EB-342<\/p>\n<p>cod: 16008 ELETRODUTO PESADO G.F. 3&#8221; EB-342<\/p>\n<p>cod: 16009 ELETRODUTO PESADO G.F. 4&#8221; EB-342<\/p>\n<p>Para Pre\u00e7os, Or\u00e7amentos e D\u00favidas, fale com nossos especialistas.<\/p>\n","protected":false},"excerpt":{"rendered":"<p>Os Eletroduto Galvanizado a Fogo NBR-5598 19.061 ELECON s\u00e3o r\u00edgidos de a\u00e7o carbono, tem a rebarba interna removida, conforme norma NBR 5598 (EB342). Possui uma luva e protetor de rosca em barras de 3 metros, o acabamento \u00e9 galvanizado a fogo (imers\u00e3o a quente) Com grava\u00e7\u00e3o na barra indicado para ambientes de atmosfera explosiva. Segue [&hellip;]<\/p>\n","protected":false},"featured_media":2827,"template":"","meta":[],"product_brand":[],"product_cat":[50],"product_tag":[125,66,120],"class_list":{"0":"post-2829","1":"product","2":"type-product","3":"status-publish","4":"has-post-thumbnail","6":"product_cat-eletrocalhas-e-perfilados","7":"product_tag-eb-342","8":"product_tag-eletroduto","9":"product_tag-pesado","11":"first","12":"instock","13":"shipping-taxable","14":"product-type-simple"},"yoast_head":"<!-- This site is optimized with the Yoast SEO Premium plugin v26.1.1 (Yoast SEO v26.1.1) - https:\/\/yoast.com\/wordpress\/plugins\/seo\/ -->\n<title>ELETRODUTO PESADO G.F. EB-342 - Universo El\u00e9trico<\/title>\n<meta name=\"robots\" content=\"index, follow, max-snippet:-1, max-image-preview:large, max-video-preview:-1\" \/>\n<link rel=\"canonical\" href=\"https:\/\/universoeletrico.com.br\/eletrico\/produto\/eletroduto-pesado-g-f-eb-342\/\" \/>\n<meta property=\"og:locale\" content=\"pt_BR\" \/>\n<meta property=\"og:type\" content=\"article\" \/>\n<meta property=\"og:title\" content=\"ELETRODUTO PESADO G.F. EB-342\" \/>\n<meta property=\"og:description\" content=\"Os Eletroduto Galvanizado a Fogo NBR-5598 19.061 ELECON s\u00e3o r\u00edgidos de a\u00e7o carbono, tem a rebarba interna removida, conforme norma NBR 5598 (EB342). Possui uma luva e protetor de rosca em barras de 3 metros, o acabamento \u00e9 galvanizado a fogo (imers\u00e3o a quente) Com grava\u00e7\u00e3o na barra indicado para ambientes de atmosfera explosiva. Segue [&hellip;]\" \/>\n<meta property=\"og:url\" content=\"https:\/\/universoeletrico.com.br\/eletrico\/produto\/eletroduto-pesado-g-f-eb-342\/\" \/>\n<meta property=\"og:site_name\" content=\"Universo El\u00e9trico\" \/>\n<meta property=\"article:modified_time\" content=\"2025-12-30T12:49:21+00:00\" \/>\n<meta property=\"og:image\" content=\"https:\/\/universoeletrico.com.br\/eletrico\/wp-content\/uploads\/2025\/12\/Eletroduto-galvanizado-a-fogo-norma-5597-5598-5624.webp\" \/>\n\t<meta property=\"og:image:width\" content=\"800\" \/>\n\t<meta property=\"og:image:height\" content=\"800\" \/>\n\t<meta property=\"og:image:type\" content=\"image\/webp\" \/>\n<meta name=\"twitter:card\" content=\"summary_large_image\" \/>\n<meta name=\"twitter:label1\" content=\"Est. tempo de leitura\" \/>\n\t<meta name=\"twitter:data1\" content=\"1 minuto\" \/>\n<script type=\"application\/ld+json\" class=\"yoast-schema-graph\">{\"@context\":\"https:\/\/schema.org\",\"@graph\":[{\"@type\":\"WebPage\",\"@id\":\"https:\/\/universoeletrico.com.br\/eletrico\/produto\/eletroduto-pesado-g-f-eb-342\/\",\"url\":\"https:\/\/universoeletrico.com.br\/eletrico\/produto\/eletroduto-pesado-g-f-eb-342\/\",\"name\":\"ELETRODUTO PESADO G.F. EB-342 - Universo El\u00e9trico\",\"isPartOf\":{\"@id\":\"https:\/\/universoeletrico.com.br\/eletrico\/#website\"},\"primaryImageOfPage\":{\"@id\":\"https:\/\/universoeletrico.com.br\/eletrico\/produto\/eletroduto-pesado-g-f-eb-342\/#primaryimage\"},\"image\":{\"@id\":\"https:\/\/universoeletrico.com.br\/eletrico\/produto\/eletroduto-pesado-g-f-eb-342\/#primaryimage\"},\"thumbnailUrl\":\"https:\/\/universoeletrico.com.br\/eletrico\/wp-content\/uploads\/2025\/12\/Eletroduto-galvanizado-a-fogo-norma-5597-5598-5624.webp\",\"datePublished\":\"2025-12-30T12:44:06+00:00\",\"dateModified\":\"2025-12-30T12:49:21+00:00\",\"breadcrumb\":{\"@id\":\"https:\/\/universoeletrico.com.br\/eletrico\/produto\/eletroduto-pesado-g-f-eb-342\/#breadcrumb\"},\"inLanguage\":\"pt-BR\",\"potentialAction\":[{\"@type\":\"ReadAction\",\"target\":[\"https:\/\/universoeletrico.com.br\/eletrico\/produto\/eletroduto-pesado-g-f-eb-342\/\"]}]},{\"@type\":\"ImageObject\",\"inLanguage\":\"pt-BR\",\"@id\":\"https:\/\/universoeletrico.com.br\/eletrico\/produto\/eletroduto-pesado-g-f-eb-342\/#primaryimage\",\"url\":\"https:\/\/universoeletrico.com.br\/eletrico\/wp-content\/uploads\/2025\/12\/Eletroduto-galvanizado-a-fogo-norma-5597-5598-5624.webp\",\"contentUrl\":\"https:\/\/universoeletrico.com.br\/eletrico\/wp-content\/uploads\/2025\/12\/Eletroduto-galvanizado-a-fogo-norma-5597-5598-5624.webp\",\"width\":800,\"height\":800},{\"@type\":\"BreadcrumbList\",\"@id\":\"https:\/\/universoeletrico.com.br\/eletrico\/produto\/eletroduto-pesado-g-f-eb-342\/#breadcrumb\",\"itemListElement\":[{\"@type\":\"ListItem\",\"position\":1,\"name\":\"In\u00edcio\",\"item\":\"https:\/\/universoeletrico.com.br\/eletrico\/\"},{\"@type\":\"ListItem\",\"position\":2,\"name\":\"Produtos\",\"item\":\"https:\/\/universoeletrico.com.br\/eletrico\/produtos\/\"},{\"@type\":\"ListItem\",\"position\":3,\"name\":\"ELETRODUTO PESADO G.F. EB-342\"}]},{\"@type\":\"WebSite\",\"@id\":\"https:\/\/universoeletrico.com.br\/eletrico\/#website\",\"url\":\"https:\/\/universoeletrico.com.br\/eletrico\/\",\"name\":\"Universo El\u00e9trico\",\"description\":\"\",\"potentialAction\":[{\"@type\":\"SearchAction\",\"target\":{\"@type\":\"EntryPoint\",\"urlTemplate\":\"https:\/\/universoeletrico.com.br\/eletrico\/?s={search_term_string}\"},\"query-input\":{\"@type\":\"PropertyValueSpecification\",\"valueRequired\":true,\"valueName\":\"search_term_string\"}}],\"inLanguage\":\"pt-BR\"}]}<\/script>\n<!-- \/ Yoast SEO Premium plugin. -->","yoast_head_json":{"title":"ELETRODUTO PESADO G.F. EB-342 - Universo El\u00e9trico","robots":{"index":"index","follow":"follow","max-snippet":"max-snippet:-1","max-image-preview":"max-image-preview:large","max-video-preview":"max-video-preview:-1"},"canonical":"https:\/\/universoeletrico.com.br\/eletrico\/produto\/eletroduto-pesado-g-f-eb-342\/","og_locale":"pt_BR","og_type":"article","og_title":"ELETRODUTO PESADO G.F. EB-342","og_description":"Os Eletroduto Galvanizado a Fogo NBR-5598 19.061 ELECON s\u00e3o r\u00edgidos de a\u00e7o carbono, tem a rebarba interna removida, conforme norma NBR 5598 (EB342). Possui uma luva e protetor de rosca em barras de 3 metros, o acabamento \u00e9 galvanizado a fogo (imers\u00e3o a quente) Com grava\u00e7\u00e3o na barra indicado para ambientes de atmosfera explosiva. Segue [&hellip;]","og_url":"https:\/\/universoeletrico.com.br\/eletrico\/produto\/eletroduto-pesado-g-f-eb-342\/","og_site_name":"Universo El\u00e9trico","article_modified_time":"2025-12-30T12:49:21+00:00","og_image":[{"width":800,"height":800,"url":"https:\/\/universoeletrico.com.br\/eletrico\/wp-content\/uploads\/2025\/12\/Eletroduto-galvanizado-a-fogo-norma-5597-5598-5624.webp","type":"image\/webp"}],"twitter_card":"summary_large_image","twitter_misc":{"Est. tempo de leitura":"1 minuto"},"schema":{"@context":"https:\/\/schema.org","@graph":[{"@type":"WebPage","@id":"https:\/\/universoeletrico.com.br\/eletrico\/produto\/eletroduto-pesado-g-f-eb-342\/","url":"https:\/\/universoeletrico.com.br\/eletrico\/produto\/eletroduto-pesado-g-f-eb-342\/","name":"ELETRODUTO PESADO G.F. EB-342 - Universo El\u00e9trico","isPartOf":{"@id":"https:\/\/universoeletrico.com.br\/eletrico\/#website"},"primaryImageOfPage":{"@id":"https:\/\/universoeletrico.com.br\/eletrico\/produto\/eletroduto-pesado-g-f-eb-342\/#primaryimage"},"image":{"@id":"https:\/\/universoeletrico.com.br\/eletrico\/produto\/eletroduto-pesado-g-f-eb-342\/#primaryimage"},"thumbnailUrl":"https:\/\/universoeletrico.com.br\/eletrico\/wp-content\/uploads\/2025\/12\/Eletroduto-galvanizado-a-fogo-norma-5597-5598-5624.webp","datePublished":"2025-12-30T12:44:06+00:00","dateModified":"2025-12-30T12:49:21+00:00","breadcrumb":{"@id":"https:\/\/universoeletrico.com.br\/eletrico\/produto\/eletroduto-pesado-g-f-eb-342\/#breadcrumb"},"inLanguage":"pt-BR","potentialAction":[{"@type":"ReadAction","target":["https:\/\/universoeletrico.com.br\/eletrico\/produto\/eletroduto-pesado-g-f-eb-342\/"]}]},{"@type":"ImageObject","inLanguage":"pt-BR","@id":"https:\/\/universoeletrico.com.br\/eletrico\/produto\/eletroduto-pesado-g-f-eb-342\/#primaryimage","url":"https:\/\/universoeletrico.com.br\/eletrico\/wp-content\/uploads\/2025\/12\/Eletroduto-galvanizado-a-fogo-norma-5597-5598-5624.webp","contentUrl":"https:\/\/universoeletrico.com.br\/eletrico\/wp-content\/uploads\/2025\/12\/Eletroduto-galvanizado-a-fogo-norma-5597-5598-5624.webp","width":800,"height":800},{"@type":"BreadcrumbList","@id":"https:\/\/universoeletrico.com.br\/eletrico\/produto\/eletroduto-pesado-g-f-eb-342\/#breadcrumb","itemListElement":[{"@type":"ListItem","position":1,"name":"In\u00edcio","item":"https:\/\/universoeletrico.com.br\/eletrico\/"},{"@type":"ListItem","position":2,"name":"Produtos","item":"https:\/\/universoeletrico.com.br\/eletrico\/produtos\/"},{"@type":"ListItem","position":3,"name":"ELETRODUTO PESADO G.F. EB-342"}]},{"@type":"WebSite","@id":"https:\/\/universoeletrico.com.br\/eletrico\/#website","url":"https:\/\/universoeletrico.com.br\/eletrico\/","name":"Universo El\u00e9trico","description":"","potentialAction":[{"@type":"SearchAction","target":{"@type":"EntryPoint","urlTemplate":"https:\/\/universoeletrico.com.br\/eletrico\/?s={search_term_string}"},"query-input":{"@type":"PropertyValueSpecification","valueRequired":true,"valueName":"search_term_string"}}],"inLanguage":"pt-BR"}]}},"_links":{"self":[{"href":"https:\/\/universoeletrico.com.br\/eletrico\/wp-json\/wp\/v2\/product\/2829","targetHints":{"allow":["GET"]}}],"collection":[{"href":"https:\/\/universoeletrico.com.br\/eletrico\/wp-json\/wp\/v2\/product"}],"about":[{"href":"https:\/\/universoeletrico.com.br\/eletrico\/wp-json\/wp\/v2\/types\/product"}],"version-history":[{"count":1,"href":"https:\/\/universoeletrico.com.br\/eletrico\/wp-json\/wp\/v2\/product\/2829\/revisions"}],"predecessor-version":[{"id":2832,"href":"https:\/\/universoeletrico.com.br\/eletrico\/wp-json\/wp\/v2\/product\/2829\/revisions\/2832"}],"wp:featuredmedia":[{"embeddable":true,"href":"https:\/\/universoeletrico.com.br\/eletrico\/wp-json\/wp\/v2\/media\/2827"}],"wp:attachment":[{"href":"https:\/\/universoeletrico.com.br\/eletrico\/wp-json\/wp\/v2\/media?parent=2829"}],"wp:term":[{"taxonomy":"product_brand","embeddable":true,"href":"https:\/\/universoeletrico.com.br\/eletrico\/wp-json\/wp\/v2\/product_brand?post=2829"},{"taxonomy":"product_cat","embeddable":true,"href":"https:\/\/universoeletrico.com.br\/eletrico\/wp-json\/wp\/v2\/product_cat?post=2829"},{"taxonomy":"product_tag","embeddable":true,"href":"https:\/\/universoeletrico.com.br\/eletrico\/wp-json\/wp\/v2\/product_tag?post=2829"}],"curies":[{"name":"wp","href":"https:\/\/api.w.org\/{rel}","templated":true}]}}