{"id":2819,"date":"2025-12-29T17:16:37","date_gmt":"2025-12-29T20:16:37","guid":{"rendered":"https:\/\/universoeletrico.com.br\/eletrico\/?post_type=product&#038;p=2819"},"modified":"2025-12-30T09:50:52","modified_gmt":"2025-12-30T12:50:52","slug":"eletrodutos-semi-pesados","status":"publish","type":"product","link":"https:\/\/universoeletrico.com.br\/eletrico\/produto\/eletrodutos-semi-pesados\/","title":{"rendered":"ELETRODUTOS SEMI PESADOS"},"content":{"rendered":"<p>Os eletrodutos semi pesados de a\u00e7o galvanizado s\u00e3o tubos de 3 metros em metal revestidos com uma camada de zinco, processo que visa <b>proteger o a\u00e7o da corros\u00e3o<\/b>. Essa prote\u00e7\u00e3o \u00e9 especialmente importante em ambientes industriais, que muitas vezes est\u00e3o expostos a condi\u00e7\u00f5es adversas, como umidade, produtos qu\u00edmicos e varia\u00e7\u00f5es de temperatura. sendo assim um<\/p>\n<p>&nbsp;<\/p>\n<p>Segue abaixo outras op\u00e7\u00f5es de tamanhos e di\u00e2metro:<\/p>\n<p>cod: 15004 ELETRODUTO GALV. ELETROL.SEMI PES 1.1\/4<\/p>\n<p>cod: 15005 ELETRODUTO GALV. ELETROL.SEMI PES 1.1\/2<\/p>\n<p>cod: 15006 ELETRODUTO GALV. ELETROL.SEMI PES 2<\/p>\n<p>cod: 15007 ELETRODUTO GALV. ELETROL.SEMI PES 2.1\/2<\/p>\n<p>cod: 15008 ELETRODUTO GALV. ELETROL.SEMI PES 3<\/p>\n<p>cod: 15009 ELETRODUTO GALV. ELETROL.SEMI PES 4<\/p>\n<p>Para Pre\u00e7os, Or\u00e7amentos e D\u00favidas, fale com nossos especialistas.<\/p>\n","protected":false},"excerpt":{"rendered":"<p>Os eletrodutos semi pesados de a\u00e7o galvanizado s\u00e3o tubos de 3 metros em metal revestidos com uma camada de zinco, processo que visa proteger o a\u00e7o da corros\u00e3o. Essa prote\u00e7\u00e3o \u00e9 especialmente importante em ambientes industriais, que muitas vezes est\u00e3o expostos a condi\u00e7\u00f5es adversas, como umidade, produtos qu\u00edmicos e varia\u00e7\u00f5es de temperatura. sendo assim um [&hellip;]<\/p>\n","protected":false},"featured_media":2831,"template":"","meta":[],"product_brand":[],"product_cat":[50],"product_tag":[66,120,119],"class_list":{"0":"post-2819","1":"product","2":"type-product","3":"status-publish","4":"has-post-thumbnail","6":"product_cat-eletrocalhas-e-perfilados","7":"product_tag-eletroduto","8":"product_tag-pesado","9":"product_tag-semi","11":"first","12":"instock","13":"shipping-taxable","14":"product-type-simple"},"yoast_head":"<!-- This site is optimized with the Yoast SEO Premium plugin v26.1.1 (Yoast SEO v26.1.1) - https:\/\/yoast.com\/wordpress\/plugins\/seo\/ -->\n<title>ELETRODUTOS SEMI PESADOS - Universo El\u00e9trico<\/title>\n<meta name=\"robots\" content=\"index, follow, max-snippet:-1, max-image-preview:large, max-video-preview:-1\" \/>\n<link rel=\"canonical\" href=\"https:\/\/universoeletrico.com.br\/eletrico\/produto\/eletrodutos-semi-pesados\/\" \/>\n<meta property=\"og:locale\" content=\"pt_BR\" \/>\n<meta property=\"og:type\" content=\"article\" \/>\n<meta property=\"og:title\" content=\"ELETRODUTOS SEMI PESADOS\" \/>\n<meta property=\"og:description\" content=\"Os eletrodutos semi pesados de a\u00e7o galvanizado s\u00e3o tubos de 3 metros em metal revestidos com uma camada de zinco, processo que visa proteger o a\u00e7o da corros\u00e3o. Essa prote\u00e7\u00e3o \u00e9 especialmente importante em ambientes industriais, que muitas vezes est\u00e3o expostos a condi\u00e7\u00f5es adversas, como umidade, produtos qu\u00edmicos e varia\u00e7\u00f5es de temperatura. sendo assim um [&hellip;]\" \/>\n<meta property=\"og:url\" content=\"https:\/\/universoeletrico.com.br\/eletrico\/produto\/eletrodutos-semi-pesados\/\" \/>\n<meta property=\"og:site_name\" content=\"Universo El\u00e9trico\" \/>\n<meta property=\"article:modified_time\" content=\"2025-12-30T12:50:52+00:00\" \/>\n<meta property=\"og:image\" content=\"https:\/\/universoeletrico.com.br\/eletrico\/wp-content\/uploads\/2025\/12\/364573-800-800.webp\" \/>\n\t<meta property=\"og:image:width\" content=\"800\" \/>\n\t<meta property=\"og:image:height\" content=\"800\" \/>\n\t<meta property=\"og:image:type\" content=\"image\/webp\" \/>\n<meta name=\"twitter:card\" content=\"summary_large_image\" \/>\n<meta name=\"twitter:label1\" content=\"Est. tempo de leitura\" \/>\n\t<meta name=\"twitter:data1\" content=\"1 minuto\" \/>\n<script type=\"application\/ld+json\" class=\"yoast-schema-graph\">{\"@context\":\"https:\/\/schema.org\",\"@graph\":[{\"@type\":\"WebPage\",\"@id\":\"https:\/\/universoeletrico.com.br\/eletrico\/produto\/eletrodutos-semi-pesados\/\",\"url\":\"https:\/\/universoeletrico.com.br\/eletrico\/produto\/eletrodutos-semi-pesados\/\",\"name\":\"ELETRODUTOS SEMI PESADOS - Universo El\u00e9trico\",\"isPartOf\":{\"@id\":\"https:\/\/universoeletrico.com.br\/eletrico\/#website\"},\"primaryImageOfPage\":{\"@id\":\"https:\/\/universoeletrico.com.br\/eletrico\/produto\/eletrodutos-semi-pesados\/#primaryimage\"},\"image\":{\"@id\":\"https:\/\/universoeletrico.com.br\/eletrico\/produto\/eletrodutos-semi-pesados\/#primaryimage\"},\"thumbnailUrl\":\"https:\/\/universoeletrico.com.br\/eletrico\/wp-content\/uploads\/2025\/12\/364573-800-800.webp\",\"datePublished\":\"2025-12-29T20:16:37+00:00\",\"dateModified\":\"2025-12-30T12:50:52+00:00\",\"breadcrumb\":{\"@id\":\"https:\/\/universoeletrico.com.br\/eletrico\/produto\/eletrodutos-semi-pesados\/#breadcrumb\"},\"inLanguage\":\"pt-BR\",\"potentialAction\":[{\"@type\":\"ReadAction\",\"target\":[\"https:\/\/universoeletrico.com.br\/eletrico\/produto\/eletrodutos-semi-pesados\/\"]}]},{\"@type\":\"ImageObject\",\"inLanguage\":\"pt-BR\",\"@id\":\"https:\/\/universoeletrico.com.br\/eletrico\/produto\/eletrodutos-semi-pesados\/#primaryimage\",\"url\":\"https:\/\/universoeletrico.com.br\/eletrico\/wp-content\/uploads\/2025\/12\/364573-800-800.webp\",\"contentUrl\":\"https:\/\/universoeletrico.com.br\/eletrico\/wp-content\/uploads\/2025\/12\/364573-800-800.webp\",\"width\":800,\"height\":800},{\"@type\":\"BreadcrumbList\",\"@id\":\"https:\/\/universoeletrico.com.br\/eletrico\/produto\/eletrodutos-semi-pesados\/#breadcrumb\",\"itemListElement\":[{\"@type\":\"ListItem\",\"position\":1,\"name\":\"In\u00edcio\",\"item\":\"https:\/\/universoeletrico.com.br\/eletrico\/\"},{\"@type\":\"ListItem\",\"position\":2,\"name\":\"Produtos\",\"item\":\"https:\/\/universoeletrico.com.br\/eletrico\/produtos\/\"},{\"@type\":\"ListItem\",\"position\":3,\"name\":\"ELETRODUTOS SEMI PESADOS\"}]},{\"@type\":\"WebSite\",\"@id\":\"https:\/\/universoeletrico.com.br\/eletrico\/#website\",\"url\":\"https:\/\/universoeletrico.com.br\/eletrico\/\",\"name\":\"Universo El\u00e9trico\",\"description\":\"\",\"potentialAction\":[{\"@type\":\"SearchAction\",\"target\":{\"@type\":\"EntryPoint\",\"urlTemplate\":\"https:\/\/universoeletrico.com.br\/eletrico\/?s={search_term_string}\"},\"query-input\":{\"@type\":\"PropertyValueSpecification\",\"valueRequired\":true,\"valueName\":\"search_term_string\"}}],\"inLanguage\":\"pt-BR\"}]}<\/script>\n<!-- \/ Yoast SEO Premium plugin. -->","yoast_head_json":{"title":"ELETRODUTOS SEMI PESADOS - Universo El\u00e9trico","robots":{"index":"index","follow":"follow","max-snippet":"max-snippet:-1","max-image-preview":"max-image-preview:large","max-video-preview":"max-video-preview:-1"},"canonical":"https:\/\/universoeletrico.com.br\/eletrico\/produto\/eletrodutos-semi-pesados\/","og_locale":"pt_BR","og_type":"article","og_title":"ELETRODUTOS SEMI PESADOS","og_description":"Os eletrodutos semi pesados de a\u00e7o galvanizado s\u00e3o tubos de 3 metros em metal revestidos com uma camada de zinco, processo que visa proteger o a\u00e7o da corros\u00e3o. Essa prote\u00e7\u00e3o \u00e9 especialmente importante em ambientes industriais, que muitas vezes est\u00e3o expostos a condi\u00e7\u00f5es adversas, como umidade, produtos qu\u00edmicos e varia\u00e7\u00f5es de temperatura. sendo assim um [&hellip;]","og_url":"https:\/\/universoeletrico.com.br\/eletrico\/produto\/eletrodutos-semi-pesados\/","og_site_name":"Universo El\u00e9trico","article_modified_time":"2025-12-30T12:50:52+00:00","og_image":[{"width":800,"height":800,"url":"https:\/\/universoeletrico.com.br\/eletrico\/wp-content\/uploads\/2025\/12\/364573-800-800.webp","type":"image\/webp"}],"twitter_card":"summary_large_image","twitter_misc":{"Est. tempo de leitura":"1 minuto"},"schema":{"@context":"https:\/\/schema.org","@graph":[{"@type":"WebPage","@id":"https:\/\/universoeletrico.com.br\/eletrico\/produto\/eletrodutos-semi-pesados\/","url":"https:\/\/universoeletrico.com.br\/eletrico\/produto\/eletrodutos-semi-pesados\/","name":"ELETRODUTOS SEMI PESADOS - Universo El\u00e9trico","isPartOf":{"@id":"https:\/\/universoeletrico.com.br\/eletrico\/#website"},"primaryImageOfPage":{"@id":"https:\/\/universoeletrico.com.br\/eletrico\/produto\/eletrodutos-semi-pesados\/#primaryimage"},"image":{"@id":"https:\/\/universoeletrico.com.br\/eletrico\/produto\/eletrodutos-semi-pesados\/#primaryimage"},"thumbnailUrl":"https:\/\/universoeletrico.com.br\/eletrico\/wp-content\/uploads\/2025\/12\/364573-800-800.webp","datePublished":"2025-12-29T20:16:37+00:00","dateModified":"2025-12-30T12:50:52+00:00","breadcrumb":{"@id":"https:\/\/universoeletrico.com.br\/eletrico\/produto\/eletrodutos-semi-pesados\/#breadcrumb"},"inLanguage":"pt-BR","potentialAction":[{"@type":"ReadAction","target":["https:\/\/universoeletrico.com.br\/eletrico\/produto\/eletrodutos-semi-pesados\/"]}]},{"@type":"ImageObject","inLanguage":"pt-BR","@id":"https:\/\/universoeletrico.com.br\/eletrico\/produto\/eletrodutos-semi-pesados\/#primaryimage","url":"https:\/\/universoeletrico.com.br\/eletrico\/wp-content\/uploads\/2025\/12\/364573-800-800.webp","contentUrl":"https:\/\/universoeletrico.com.br\/eletrico\/wp-content\/uploads\/2025\/12\/364573-800-800.webp","width":800,"height":800},{"@type":"BreadcrumbList","@id":"https:\/\/universoeletrico.com.br\/eletrico\/produto\/eletrodutos-semi-pesados\/#breadcrumb","itemListElement":[{"@type":"ListItem","position":1,"name":"In\u00edcio","item":"https:\/\/universoeletrico.com.br\/eletrico\/"},{"@type":"ListItem","position":2,"name":"Produtos","item":"https:\/\/universoeletrico.com.br\/eletrico\/produtos\/"},{"@type":"ListItem","position":3,"name":"ELETRODUTOS SEMI PESADOS"}]},{"@type":"WebSite","@id":"https:\/\/universoeletrico.com.br\/eletrico\/#website","url":"https:\/\/universoeletrico.com.br\/eletrico\/","name":"Universo El\u00e9trico","description":"","potentialAction":[{"@type":"SearchAction","target":{"@type":"EntryPoint","urlTemplate":"https:\/\/universoeletrico.com.br\/eletrico\/?s={search_term_string}"},"query-input":{"@type":"PropertyValueSpecification","valueRequired":true,"valueName":"search_term_string"}}],"inLanguage":"pt-BR"}]}},"_links":{"self":[{"href":"https:\/\/universoeletrico.com.br\/eletrico\/wp-json\/wp\/v2\/product\/2819","targetHints":{"allow":["GET"]}}],"collection":[{"href":"https:\/\/universoeletrico.com.br\/eletrico\/wp-json\/wp\/v2\/product"}],"about":[{"href":"https:\/\/universoeletrico.com.br\/eletrico\/wp-json\/wp\/v2\/types\/product"}],"version-history":[{"count":4,"href":"https:\/\/universoeletrico.com.br\/eletrico\/wp-json\/wp\/v2\/product\/2819\/revisions"}],"predecessor-version":[{"id":2824,"href":"https:\/\/universoeletrico.com.br\/eletrico\/wp-json\/wp\/v2\/product\/2819\/revisions\/2824"}],"wp:featuredmedia":[{"embeddable":true,"href":"https:\/\/universoeletrico.com.br\/eletrico\/wp-json\/wp\/v2\/media\/2831"}],"wp:attachment":[{"href":"https:\/\/universoeletrico.com.br\/eletrico\/wp-json\/wp\/v2\/media?parent=2819"}],"wp:term":[{"taxonomy":"product_brand","embeddable":true,"href":"https:\/\/universoeletrico.com.br\/eletrico\/wp-json\/wp\/v2\/product_brand?post=2819"},{"taxonomy":"product_cat","embeddable":true,"href":"https:\/\/universoeletrico.com.br\/eletrico\/wp-json\/wp\/v2\/product_cat?post=2819"},{"taxonomy":"product_tag","embeddable":true,"href":"https:\/\/universoeletrico.com.br\/eletrico\/wp-json\/wp\/v2\/product_tag?post=2819"}],"curies":[{"name":"wp","href":"https:\/\/api.w.org\/{rel}","templated":true}]}}