{"id":2805,"date":"2025-12-23T17:02:00","date_gmt":"2025-12-23T20:02:00","guid":{"rendered":"https:\/\/universoeletrico.com.br\/eletrico\/?post_type=product&#038;p=2805"},"modified":"2025-12-23T17:02:01","modified_gmt":"2025-12-23T20:02:01","slug":"painel-repetidor-smart","status":"publish","type":"product","link":"https:\/\/universoeletrico.com.br\/eletrico\/produto\/painel-repetidor-smart\/","title":{"rendered":"PAINEL REPETIDOR SMART"},"content":{"rendered":"<p>O\u00a0<strong>Painel Repetidor SMART<\/strong>\u00a0da Segurimax \u00e9 uma solu\u00e7\u00e3o inovadora projetada para atuar como um espelho da\u00a0<strong>central de alarme de inc\u00eandio<\/strong>. Este dispositivo foi especialmente desenvolvido para grandes espa\u00e7os e ambientes onde m\u00faltiplas pessoas s\u00e3o respons\u00e1veis pela seguran\u00e7a, permitindo a visualiza\u00e7\u00e3o remota de informa\u00e7\u00f5es cruciais do sistema de detec\u00e7\u00e3o e alarme de inc\u00eandio.<\/p>\n<p>Este painel \u00e9 ideal para locais como shoppings, pr\u00e9dios comerciais e industriais, onde \u00e9 essencial ter conhecimento em tempo real sobre a situa\u00e7\u00e3o de seguran\u00e7a. Atrav\u00e9s de seu display, \u00e9 poss\u00edvel identificar rapidamente o local do princ\u00edpio de inc\u00eandio, al\u00e9m de receber informa\u00e7\u00f5es sobre falhas das centrais\u00a0<strong>SMART<\/strong>\u00a0e\u00a0<strong>MAXPRO<\/strong>.<\/p>\n<p>O\u00a0<strong>Painel Repetidor SMART<\/strong>\u00a0possui um menu de navega\u00e7\u00e3o simples e intuitivo, o que facilita seu uso. Uma de suas funcionalidades \u00e9 a \u201cfun\u00e7\u00e3o teste geral\u201d, que permite verificar o funcionamento do painel de forma pr\u00e1tica. \u00c9 importante ressaltar que este dispositivo \u00e9 compat\u00edvel exclusivamente com as linhas SMART e MAXPRO, garantindo sua efetividade e integra\u00e7\u00e3o com os sistemas de seguran\u00e7a existentes.<\/p>\n<p>Para pre\u00e7os, or\u00e7amentos e d\u00favidas, fale com nossos especialistas.<\/p>\n","protected":false},"excerpt":{"rendered":"<p>O\u00a0Painel Repetidor SMART\u00a0da Segurimax \u00e9 uma solu\u00e7\u00e3o inovadora projetada para atuar como um espelho da\u00a0central de alarme de inc\u00eandio. Este dispositivo foi especialmente desenvolvido para grandes espa\u00e7os e ambientes onde m\u00faltiplas pessoas s\u00e3o respons\u00e1veis pela seguran\u00e7a, permitindo a visualiza\u00e7\u00e3o remota de informa\u00e7\u00f5es cruciais do sistema de detec\u00e7\u00e3o e alarme de inc\u00eandio. Este painel \u00e9 ideal [&hellip;]<\/p>\n","protected":false},"featured_media":2806,"template":"","meta":[],"product_brand":[108],"product_cat":[46],"product_tag":[107,116],"class_list":{"0":"post-2805","1":"product","2":"type-product","3":"status-publish","4":"has-post-thumbnail","6":"product_brand-segurimax","7":"product_cat-prevencao-contra-incendio","8":"product_tag-contra-incendio","9":"product_tag-painel-repetidor","11":"first","12":"instock","13":"shipping-taxable","14":"product-type-simple"},"yoast_head":"<!-- This site is optimized with the Yoast SEO Premium plugin v26.1.1 (Yoast SEO v26.1.1) - https:\/\/yoast.com\/wordpress\/plugins\/seo\/ -->\n<title>PAINEL REPETIDOR SMART - Universo El\u00e9trico<\/title>\n<meta name=\"robots\" content=\"index, follow, max-snippet:-1, max-image-preview:large, max-video-preview:-1\" \/>\n<link rel=\"canonical\" href=\"https:\/\/universoeletrico.com.br\/eletrico\/produto\/painel-repetidor-smart\/\" \/>\n<meta property=\"og:locale\" content=\"pt_BR\" \/>\n<meta property=\"og:type\" content=\"article\" \/>\n<meta property=\"og:title\" content=\"PAINEL REPETIDOR SMART\" \/>\n<meta property=\"og:description\" content=\"O\u00a0Painel Repetidor SMART\u00a0da Segurimax \u00e9 uma solu\u00e7\u00e3o inovadora projetada para atuar como um espelho da\u00a0central de alarme de inc\u00eandio. Este dispositivo foi especialmente desenvolvido para grandes espa\u00e7os e ambientes onde m\u00faltiplas pessoas s\u00e3o respons\u00e1veis pela seguran\u00e7a, permitindo a visualiza\u00e7\u00e3o remota de informa\u00e7\u00f5es cruciais do sistema de detec\u00e7\u00e3o e alarme de inc\u00eandio. Este painel \u00e9 ideal [&hellip;]\" \/>\n<meta property=\"og:url\" content=\"https:\/\/universoeletrico.com.br\/eletrico\/produto\/painel-repetidor-smart\/\" \/>\n<meta property=\"og:site_name\" content=\"Universo El\u00e9trico\" \/>\n<meta property=\"article:modified_time\" content=\"2025-12-23T20:02:01+00:00\" \/>\n<meta property=\"og:image\" content=\"https:\/\/universoeletrico.com.br\/eletrico\/wp-content\/uploads\/2025\/12\/28336-painel-repetidor-frente.webp\" \/>\n\t<meta property=\"og:image:width\" content=\"700\" \/>\n\t<meta property=\"og:image:height\" content=\"700\" \/>\n\t<meta property=\"og:image:type\" content=\"image\/webp\" \/>\n<meta name=\"twitter:card\" content=\"summary_large_image\" \/>\n<meta name=\"twitter:label1\" content=\"Est. tempo de leitura\" \/>\n\t<meta name=\"twitter:data1\" content=\"2 minutos\" \/>\n<script type=\"application\/ld+json\" class=\"yoast-schema-graph\">{\"@context\":\"https:\/\/schema.org\",\"@graph\":[{\"@type\":\"WebPage\",\"@id\":\"https:\/\/universoeletrico.com.br\/eletrico\/produto\/painel-repetidor-smart\/\",\"url\":\"https:\/\/universoeletrico.com.br\/eletrico\/produto\/painel-repetidor-smart\/\",\"name\":\"PAINEL REPETIDOR SMART - Universo El\u00e9trico\",\"isPartOf\":{\"@id\":\"https:\/\/universoeletrico.com.br\/eletrico\/#website\"},\"primaryImageOfPage\":{\"@id\":\"https:\/\/universoeletrico.com.br\/eletrico\/produto\/painel-repetidor-smart\/#primaryimage\"},\"image\":{\"@id\":\"https:\/\/universoeletrico.com.br\/eletrico\/produto\/painel-repetidor-smart\/#primaryimage\"},\"thumbnailUrl\":\"https:\/\/universoeletrico.com.br\/eletrico\/wp-content\/uploads\/2025\/12\/28336-painel-repetidor-frente.webp\",\"datePublished\":\"2025-12-23T20:02:00+00:00\",\"dateModified\":\"2025-12-23T20:02:01+00:00\",\"breadcrumb\":{\"@id\":\"https:\/\/universoeletrico.com.br\/eletrico\/produto\/painel-repetidor-smart\/#breadcrumb\"},\"inLanguage\":\"pt-BR\",\"potentialAction\":[{\"@type\":\"ReadAction\",\"target\":[\"https:\/\/universoeletrico.com.br\/eletrico\/produto\/painel-repetidor-smart\/\"]}]},{\"@type\":\"ImageObject\",\"inLanguage\":\"pt-BR\",\"@id\":\"https:\/\/universoeletrico.com.br\/eletrico\/produto\/painel-repetidor-smart\/#primaryimage\",\"url\":\"https:\/\/universoeletrico.com.br\/eletrico\/wp-content\/uploads\/2025\/12\/28336-painel-repetidor-frente.webp\",\"contentUrl\":\"https:\/\/universoeletrico.com.br\/eletrico\/wp-content\/uploads\/2025\/12\/28336-painel-repetidor-frente.webp\",\"width\":700,\"height\":700},{\"@type\":\"BreadcrumbList\",\"@id\":\"https:\/\/universoeletrico.com.br\/eletrico\/produto\/painel-repetidor-smart\/#breadcrumb\",\"itemListElement\":[{\"@type\":\"ListItem\",\"position\":1,\"name\":\"In\u00edcio\",\"item\":\"https:\/\/universoeletrico.com.br\/eletrico\/\"},{\"@type\":\"ListItem\",\"position\":2,\"name\":\"Produtos\",\"item\":\"https:\/\/universoeletrico.com.br\/eletrico\/produtos\/\"},{\"@type\":\"ListItem\",\"position\":3,\"name\":\"PAINEL REPETIDOR SMART\"}]},{\"@type\":\"WebSite\",\"@id\":\"https:\/\/universoeletrico.com.br\/eletrico\/#website\",\"url\":\"https:\/\/universoeletrico.com.br\/eletrico\/\",\"name\":\"Universo El\u00e9trico\",\"description\":\"\",\"potentialAction\":[{\"@type\":\"SearchAction\",\"target\":{\"@type\":\"EntryPoint\",\"urlTemplate\":\"https:\/\/universoeletrico.com.br\/eletrico\/?s={search_term_string}\"},\"query-input\":{\"@type\":\"PropertyValueSpecification\",\"valueRequired\":true,\"valueName\":\"search_term_string\"}}],\"inLanguage\":\"pt-BR\"}]}<\/script>\n<!-- \/ Yoast SEO Premium plugin. -->","yoast_head_json":{"title":"PAINEL REPETIDOR SMART - Universo El\u00e9trico","robots":{"index":"index","follow":"follow","max-snippet":"max-snippet:-1","max-image-preview":"max-image-preview:large","max-video-preview":"max-video-preview:-1"},"canonical":"https:\/\/universoeletrico.com.br\/eletrico\/produto\/painel-repetidor-smart\/","og_locale":"pt_BR","og_type":"article","og_title":"PAINEL REPETIDOR SMART","og_description":"O\u00a0Painel Repetidor SMART\u00a0da Segurimax \u00e9 uma solu\u00e7\u00e3o inovadora projetada para atuar como um espelho da\u00a0central de alarme de inc\u00eandio. Este dispositivo foi especialmente desenvolvido para grandes espa\u00e7os e ambientes onde m\u00faltiplas pessoas s\u00e3o respons\u00e1veis pela seguran\u00e7a, permitindo a visualiza\u00e7\u00e3o remota de informa\u00e7\u00f5es cruciais do sistema de detec\u00e7\u00e3o e alarme de inc\u00eandio. Este painel \u00e9 ideal [&hellip;]","og_url":"https:\/\/universoeletrico.com.br\/eletrico\/produto\/painel-repetidor-smart\/","og_site_name":"Universo El\u00e9trico","article_modified_time":"2025-12-23T20:02:01+00:00","og_image":[{"width":700,"height":700,"url":"https:\/\/universoeletrico.com.br\/eletrico\/wp-content\/uploads\/2025\/12\/28336-painel-repetidor-frente.webp","type":"image\/webp"}],"twitter_card":"summary_large_image","twitter_misc":{"Est. tempo de leitura":"2 minutos"},"schema":{"@context":"https:\/\/schema.org","@graph":[{"@type":"WebPage","@id":"https:\/\/universoeletrico.com.br\/eletrico\/produto\/painel-repetidor-smart\/","url":"https:\/\/universoeletrico.com.br\/eletrico\/produto\/painel-repetidor-smart\/","name":"PAINEL REPETIDOR SMART - Universo El\u00e9trico","isPartOf":{"@id":"https:\/\/universoeletrico.com.br\/eletrico\/#website"},"primaryImageOfPage":{"@id":"https:\/\/universoeletrico.com.br\/eletrico\/produto\/painel-repetidor-smart\/#primaryimage"},"image":{"@id":"https:\/\/universoeletrico.com.br\/eletrico\/produto\/painel-repetidor-smart\/#primaryimage"},"thumbnailUrl":"https:\/\/universoeletrico.com.br\/eletrico\/wp-content\/uploads\/2025\/12\/28336-painel-repetidor-frente.webp","datePublished":"2025-12-23T20:02:00+00:00","dateModified":"2025-12-23T20:02:01+00:00","breadcrumb":{"@id":"https:\/\/universoeletrico.com.br\/eletrico\/produto\/painel-repetidor-smart\/#breadcrumb"},"inLanguage":"pt-BR","potentialAction":[{"@type":"ReadAction","target":["https:\/\/universoeletrico.com.br\/eletrico\/produto\/painel-repetidor-smart\/"]}]},{"@type":"ImageObject","inLanguage":"pt-BR","@id":"https:\/\/universoeletrico.com.br\/eletrico\/produto\/painel-repetidor-smart\/#primaryimage","url":"https:\/\/universoeletrico.com.br\/eletrico\/wp-content\/uploads\/2025\/12\/28336-painel-repetidor-frente.webp","contentUrl":"https:\/\/universoeletrico.com.br\/eletrico\/wp-content\/uploads\/2025\/12\/28336-painel-repetidor-frente.webp","width":700,"height":700},{"@type":"BreadcrumbList","@id":"https:\/\/universoeletrico.com.br\/eletrico\/produto\/painel-repetidor-smart\/#breadcrumb","itemListElement":[{"@type":"ListItem","position":1,"name":"In\u00edcio","item":"https:\/\/universoeletrico.com.br\/eletrico\/"},{"@type":"ListItem","position":2,"name":"Produtos","item":"https:\/\/universoeletrico.com.br\/eletrico\/produtos\/"},{"@type":"ListItem","position":3,"name":"PAINEL REPETIDOR SMART"}]},{"@type":"WebSite","@id":"https:\/\/universoeletrico.com.br\/eletrico\/#website","url":"https:\/\/universoeletrico.com.br\/eletrico\/","name":"Universo El\u00e9trico","description":"","potentialAction":[{"@type":"SearchAction","target":{"@type":"EntryPoint","urlTemplate":"https:\/\/universoeletrico.com.br\/eletrico\/?s={search_term_string}"},"query-input":{"@type":"PropertyValueSpecification","valueRequired":true,"valueName":"search_term_string"}}],"inLanguage":"pt-BR"}]}},"_links":{"self":[{"href":"https:\/\/universoeletrico.com.br\/eletrico\/wp-json\/wp\/v2\/product\/2805","targetHints":{"allow":["GET"]}}],"collection":[{"href":"https:\/\/universoeletrico.com.br\/eletrico\/wp-json\/wp\/v2\/product"}],"about":[{"href":"https:\/\/universoeletrico.com.br\/eletrico\/wp-json\/wp\/v2\/types\/product"}],"version-history":[{"count":1,"href":"https:\/\/universoeletrico.com.br\/eletrico\/wp-json\/wp\/v2\/product\/2805\/revisions"}],"predecessor-version":[{"id":2807,"href":"https:\/\/universoeletrico.com.br\/eletrico\/wp-json\/wp\/v2\/product\/2805\/revisions\/2807"}],"wp:featuredmedia":[{"embeddable":true,"href":"https:\/\/universoeletrico.com.br\/eletrico\/wp-json\/wp\/v2\/media\/2806"}],"wp:attachment":[{"href":"https:\/\/universoeletrico.com.br\/eletrico\/wp-json\/wp\/v2\/media?parent=2805"}],"wp:term":[{"taxonomy":"product_brand","embeddable":true,"href":"https:\/\/universoeletrico.com.br\/eletrico\/wp-json\/wp\/v2\/product_brand?post=2805"},{"taxonomy":"product_cat","embeddable":true,"href":"https:\/\/universoeletrico.com.br\/eletrico\/wp-json\/wp\/v2\/product_cat?post=2805"},{"taxonomy":"product_tag","embeddable":true,"href":"https:\/\/universoeletrico.com.br\/eletrico\/wp-json\/wp\/v2\/product_tag?post=2805"}],"curies":[{"name":"wp","href":"https:\/\/api.w.org\/{rel}","templated":true}]}}