{"id":2797,"date":"2025-12-23T15:04:06","date_gmt":"2025-12-23T18:04:06","guid":{"rendered":"https:\/\/universoeletrico.com.br\/eletrico\/?post_type=product&#038;p=2797"},"modified":"2025-12-23T16:48:55","modified_gmt":"2025-12-23T19:48:55","slug":"modulo-de-enderecamento-compact","status":"publish","type":"product","link":"https:\/\/universoeletrico.com.br\/eletrico\/produto\/modulo-de-enderecamento-compact\/","title":{"rendered":"MODULO DE ENDERECAMENTO COMPACT"},"content":{"rendered":"<p>O\u00a0<strong>M\u00f3dulo de Endere\u00e7amento COMPACT<\/strong>\u00a0da Segurimax \u00e9 um dispositivo projetado para monitorar dispositivos com sa\u00edda a rel\u00e9 (contato seco) ou com ganho de corrente. Este m\u00f3dulo \u00e9 fundamental para integrar diferentes equipamentos ao sistema de detec\u00e7\u00e3o e alarme de inc\u00eandio, garantindo uma resposta r\u00e1pida e eficiente em situa\u00e7\u00f5es de emerg\u00eancia.<\/p>\n<p>Este m\u00f3dulo se destaca pela sua capacidade de agrupar at\u00e9 20 dispositivos quando utilizado para adicionar detectores convencionais ao la\u00e7o. Em caso de disparo de qualquer dispositivo monitorado, a informa\u00e7\u00e3o de alarme e o endere\u00e7o do m\u00f3dulo s\u00e3o enviados para a\u00a0<strong>Central de Alarme de Inc\u00eandio COMPACT 80E<\/strong>, permitindo a identifica\u00e7\u00e3o imediata da emerg\u00eancia. \u00c9 ideal para uso em grandes \u00e1reas, como garagens, clubes e corredores.<\/p>\n<p>O M\u00f3dulo de Endere\u00e7amento COMPACT oferece\u00a0<strong>supervis\u00e3o de falhas de curto-circuito e de circuito aberto<\/strong>, o que aumenta a seguran\u00e7a e a confiabilidade da instala\u00e7\u00e3o. Al\u00e9m disso, sua compatibilidade \u00e9 restrita \u00e0\u00a0<strong>linha COMPACT<\/strong>, garantindo uma integra\u00e7\u00e3o perfeita com os produtos dessa linha, o que \u00e9 crucial para um desempenho otimizado do sistema de alarme e detec\u00e7\u00e3o de inc\u00eandio.<\/p>\n<p>Para pre\u00e7os, or\u00e7amentos e d\u00favidas, fale com nossos especialistas.<\/p>\n","protected":false},"excerpt":{"rendered":"<p>O\u00a0M\u00f3dulo de Endere\u00e7amento COMPACT\u00a0da Segurimax \u00e9 um dispositivo projetado para monitorar dispositivos com sa\u00edda a rel\u00e9 (contato seco) ou com ganho de corrente. Este m\u00f3dulo \u00e9 fundamental para integrar diferentes equipamentos ao sistema de detec\u00e7\u00e3o e alarme de inc\u00eandio, garantindo uma resposta r\u00e1pida e eficiente em situa\u00e7\u00f5es de emerg\u00eancia. Este m\u00f3dulo se destaca pela sua [&hellip;]<\/p>\n","protected":false},"featured_media":2802,"template":"","meta":[],"product_brand":[108],"product_cat":[46],"product_tag":[115,107,114],"class_list":{"0":"post-2797","1":"product","2":"type-product","3":"status-publish","4":"has-post-thumbnail","6":"product_brand-segurimax","7":"product_cat-prevencao-contra-incendio","8":"product_tag-compact","9":"product_tag-contra-incendio","10":"product_tag-modulo","12":"first","13":"instock","14":"shipping-taxable","15":"product-type-simple"},"yoast_head":"<!-- This site is optimized with the Yoast SEO Premium plugin v26.1.1 (Yoast SEO v26.1.1) - https:\/\/yoast.com\/wordpress\/plugins\/seo\/ -->\n<title>MODULO DE ENDERECAMENTO COMPACT - Universo El\u00e9trico<\/title>\n<meta name=\"robots\" content=\"index, follow, max-snippet:-1, max-image-preview:large, max-video-preview:-1\" \/>\n<link rel=\"canonical\" href=\"https:\/\/universoeletrico.com.br\/eletrico\/produto\/modulo-de-enderecamento-compact\/\" \/>\n<meta property=\"og:locale\" content=\"pt_BR\" \/>\n<meta property=\"og:type\" content=\"article\" \/>\n<meta property=\"og:title\" content=\"MODULO DE ENDERECAMENTO COMPACT\" \/>\n<meta property=\"og:description\" content=\"O\u00a0M\u00f3dulo de Endere\u00e7amento COMPACT\u00a0da Segurimax \u00e9 um dispositivo projetado para monitorar dispositivos com sa\u00edda a rel\u00e9 (contato seco) ou com ganho de corrente. Este m\u00f3dulo \u00e9 fundamental para integrar diferentes equipamentos ao sistema de detec\u00e7\u00e3o e alarme de inc\u00eandio, garantindo uma resposta r\u00e1pida e eficiente em situa\u00e7\u00f5es de emerg\u00eancia. Este m\u00f3dulo se destaca pela sua [&hellip;]\" \/>\n<meta property=\"og:url\" content=\"https:\/\/universoeletrico.com.br\/eletrico\/produto\/modulo-de-enderecamento-compact\/\" \/>\n<meta property=\"og:site_name\" content=\"Universo El\u00e9trico\" \/>\n<meta property=\"article:modified_time\" content=\"2025-12-23T19:48:55+00:00\" \/>\n<meta property=\"og:image\" content=\"https:\/\/universoeletrico.com.br\/eletrico\/wp-content\/uploads\/2025\/12\/31249-modulo-enderecamento-compact.webp\" \/>\n\t<meta property=\"og:image:width\" content=\"700\" \/>\n\t<meta property=\"og:image:height\" content=\"700\" \/>\n\t<meta property=\"og:image:type\" content=\"image\/webp\" \/>\n<meta name=\"twitter:card\" content=\"summary_large_image\" \/>\n<meta name=\"twitter:label1\" content=\"Est. tempo de leitura\" \/>\n\t<meta name=\"twitter:data1\" content=\"2 minutos\" \/>\n<script type=\"application\/ld+json\" class=\"yoast-schema-graph\">{\"@context\":\"https:\/\/schema.org\",\"@graph\":[{\"@type\":\"WebPage\",\"@id\":\"https:\/\/universoeletrico.com.br\/eletrico\/produto\/modulo-de-enderecamento-compact\/\",\"url\":\"https:\/\/universoeletrico.com.br\/eletrico\/produto\/modulo-de-enderecamento-compact\/\",\"name\":\"MODULO DE ENDERECAMENTO COMPACT - Universo El\u00e9trico\",\"isPartOf\":{\"@id\":\"https:\/\/universoeletrico.com.br\/eletrico\/#website\"},\"primaryImageOfPage\":{\"@id\":\"https:\/\/universoeletrico.com.br\/eletrico\/produto\/modulo-de-enderecamento-compact\/#primaryimage\"},\"image\":{\"@id\":\"https:\/\/universoeletrico.com.br\/eletrico\/produto\/modulo-de-enderecamento-compact\/#primaryimage\"},\"thumbnailUrl\":\"https:\/\/universoeletrico.com.br\/eletrico\/wp-content\/uploads\/2025\/12\/31249-modulo-enderecamento-compact.webp\",\"datePublished\":\"2025-12-23T18:04:06+00:00\",\"dateModified\":\"2025-12-23T19:48:55+00:00\",\"breadcrumb\":{\"@id\":\"https:\/\/universoeletrico.com.br\/eletrico\/produto\/modulo-de-enderecamento-compact\/#breadcrumb\"},\"inLanguage\":\"pt-BR\",\"potentialAction\":[{\"@type\":\"ReadAction\",\"target\":[\"https:\/\/universoeletrico.com.br\/eletrico\/produto\/modulo-de-enderecamento-compact\/\"]}]},{\"@type\":\"ImageObject\",\"inLanguage\":\"pt-BR\",\"@id\":\"https:\/\/universoeletrico.com.br\/eletrico\/produto\/modulo-de-enderecamento-compact\/#primaryimage\",\"url\":\"https:\/\/universoeletrico.com.br\/eletrico\/wp-content\/uploads\/2025\/12\/31249-modulo-enderecamento-compact.webp\",\"contentUrl\":\"https:\/\/universoeletrico.com.br\/eletrico\/wp-content\/uploads\/2025\/12\/31249-modulo-enderecamento-compact.webp\",\"width\":700,\"height\":700},{\"@type\":\"BreadcrumbList\",\"@id\":\"https:\/\/universoeletrico.com.br\/eletrico\/produto\/modulo-de-enderecamento-compact\/#breadcrumb\",\"itemListElement\":[{\"@type\":\"ListItem\",\"position\":1,\"name\":\"In\u00edcio\",\"item\":\"https:\/\/universoeletrico.com.br\/eletrico\/\"},{\"@type\":\"ListItem\",\"position\":2,\"name\":\"Produtos\",\"item\":\"https:\/\/universoeletrico.com.br\/eletrico\/produtos\/\"},{\"@type\":\"ListItem\",\"position\":3,\"name\":\"MODULO DE ENDERECAMENTO COMPACT\"}]},{\"@type\":\"WebSite\",\"@id\":\"https:\/\/universoeletrico.com.br\/eletrico\/#website\",\"url\":\"https:\/\/universoeletrico.com.br\/eletrico\/\",\"name\":\"Universo El\u00e9trico\",\"description\":\"\",\"potentialAction\":[{\"@type\":\"SearchAction\",\"target\":{\"@type\":\"EntryPoint\",\"urlTemplate\":\"https:\/\/universoeletrico.com.br\/eletrico\/?s={search_term_string}\"},\"query-input\":{\"@type\":\"PropertyValueSpecification\",\"valueRequired\":true,\"valueName\":\"search_term_string\"}}],\"inLanguage\":\"pt-BR\"}]}<\/script>\n<!-- \/ Yoast SEO Premium plugin. -->","yoast_head_json":{"title":"MODULO DE ENDERECAMENTO COMPACT - Universo El\u00e9trico","robots":{"index":"index","follow":"follow","max-snippet":"max-snippet:-1","max-image-preview":"max-image-preview:large","max-video-preview":"max-video-preview:-1"},"canonical":"https:\/\/universoeletrico.com.br\/eletrico\/produto\/modulo-de-enderecamento-compact\/","og_locale":"pt_BR","og_type":"article","og_title":"MODULO DE ENDERECAMENTO COMPACT","og_description":"O\u00a0M\u00f3dulo de Endere\u00e7amento COMPACT\u00a0da Segurimax \u00e9 um dispositivo projetado para monitorar dispositivos com sa\u00edda a rel\u00e9 (contato seco) ou com ganho de corrente. Este m\u00f3dulo \u00e9 fundamental para integrar diferentes equipamentos ao sistema de detec\u00e7\u00e3o e alarme de inc\u00eandio, garantindo uma resposta r\u00e1pida e eficiente em situa\u00e7\u00f5es de emerg\u00eancia. Este m\u00f3dulo se destaca pela sua [&hellip;]","og_url":"https:\/\/universoeletrico.com.br\/eletrico\/produto\/modulo-de-enderecamento-compact\/","og_site_name":"Universo El\u00e9trico","article_modified_time":"2025-12-23T19:48:55+00:00","og_image":[{"width":700,"height":700,"url":"https:\/\/universoeletrico.com.br\/eletrico\/wp-content\/uploads\/2025\/12\/31249-modulo-enderecamento-compact.webp","type":"image\/webp"}],"twitter_card":"summary_large_image","twitter_misc":{"Est. tempo de leitura":"2 minutos"},"schema":{"@context":"https:\/\/schema.org","@graph":[{"@type":"WebPage","@id":"https:\/\/universoeletrico.com.br\/eletrico\/produto\/modulo-de-enderecamento-compact\/","url":"https:\/\/universoeletrico.com.br\/eletrico\/produto\/modulo-de-enderecamento-compact\/","name":"MODULO DE ENDERECAMENTO COMPACT - Universo El\u00e9trico","isPartOf":{"@id":"https:\/\/universoeletrico.com.br\/eletrico\/#website"},"primaryImageOfPage":{"@id":"https:\/\/universoeletrico.com.br\/eletrico\/produto\/modulo-de-enderecamento-compact\/#primaryimage"},"image":{"@id":"https:\/\/universoeletrico.com.br\/eletrico\/produto\/modulo-de-enderecamento-compact\/#primaryimage"},"thumbnailUrl":"https:\/\/universoeletrico.com.br\/eletrico\/wp-content\/uploads\/2025\/12\/31249-modulo-enderecamento-compact.webp","datePublished":"2025-12-23T18:04:06+00:00","dateModified":"2025-12-23T19:48:55+00:00","breadcrumb":{"@id":"https:\/\/universoeletrico.com.br\/eletrico\/produto\/modulo-de-enderecamento-compact\/#breadcrumb"},"inLanguage":"pt-BR","potentialAction":[{"@type":"ReadAction","target":["https:\/\/universoeletrico.com.br\/eletrico\/produto\/modulo-de-enderecamento-compact\/"]}]},{"@type":"ImageObject","inLanguage":"pt-BR","@id":"https:\/\/universoeletrico.com.br\/eletrico\/produto\/modulo-de-enderecamento-compact\/#primaryimage","url":"https:\/\/universoeletrico.com.br\/eletrico\/wp-content\/uploads\/2025\/12\/31249-modulo-enderecamento-compact.webp","contentUrl":"https:\/\/universoeletrico.com.br\/eletrico\/wp-content\/uploads\/2025\/12\/31249-modulo-enderecamento-compact.webp","width":700,"height":700},{"@type":"BreadcrumbList","@id":"https:\/\/universoeletrico.com.br\/eletrico\/produto\/modulo-de-enderecamento-compact\/#breadcrumb","itemListElement":[{"@type":"ListItem","position":1,"name":"In\u00edcio","item":"https:\/\/universoeletrico.com.br\/eletrico\/"},{"@type":"ListItem","position":2,"name":"Produtos","item":"https:\/\/universoeletrico.com.br\/eletrico\/produtos\/"},{"@type":"ListItem","position":3,"name":"MODULO DE ENDERECAMENTO COMPACT"}]},{"@type":"WebSite","@id":"https:\/\/universoeletrico.com.br\/eletrico\/#website","url":"https:\/\/universoeletrico.com.br\/eletrico\/","name":"Universo El\u00e9trico","description":"","potentialAction":[{"@type":"SearchAction","target":{"@type":"EntryPoint","urlTemplate":"https:\/\/universoeletrico.com.br\/eletrico\/?s={search_term_string}"},"query-input":{"@type":"PropertyValueSpecification","valueRequired":true,"valueName":"search_term_string"}}],"inLanguage":"pt-BR"}]}},"_links":{"self":[{"href":"https:\/\/universoeletrico.com.br\/eletrico\/wp-json\/wp\/v2\/product\/2797","targetHints":{"allow":["GET"]}}],"collection":[{"href":"https:\/\/universoeletrico.com.br\/eletrico\/wp-json\/wp\/v2\/product"}],"about":[{"href":"https:\/\/universoeletrico.com.br\/eletrico\/wp-json\/wp\/v2\/types\/product"}],"version-history":[{"count":1,"href":"https:\/\/universoeletrico.com.br\/eletrico\/wp-json\/wp\/v2\/product\/2797\/revisions"}],"predecessor-version":[{"id":2800,"href":"https:\/\/universoeletrico.com.br\/eletrico\/wp-json\/wp\/v2\/product\/2797\/revisions\/2800"}],"wp:featuredmedia":[{"embeddable":true,"href":"https:\/\/universoeletrico.com.br\/eletrico\/wp-json\/wp\/v2\/media\/2802"}],"wp:attachment":[{"href":"https:\/\/universoeletrico.com.br\/eletrico\/wp-json\/wp\/v2\/media?parent=2797"}],"wp:term":[{"taxonomy":"product_brand","embeddable":true,"href":"https:\/\/universoeletrico.com.br\/eletrico\/wp-json\/wp\/v2\/product_brand?post=2797"},{"taxonomy":"product_cat","embeddable":true,"href":"https:\/\/universoeletrico.com.br\/eletrico\/wp-json\/wp\/v2\/product_cat?post=2797"},{"taxonomy":"product_tag","embeddable":true,"href":"https:\/\/universoeletrico.com.br\/eletrico\/wp-json\/wp\/v2\/product_tag?post=2797"}],"curies":[{"name":"wp","href":"https:\/\/api.w.org\/{rel}","templated":true}]}}