{"id":2792,"date":"2025-12-23T11:56:18","date_gmt":"2025-12-23T14:56:18","guid":{"rendered":"https:\/\/universoeletrico.com.br\/eletrico\/?post_type=product&#038;p=2792"},"modified":"2025-12-23T11:59:29","modified_gmt":"2025-12-23T14:59:29","slug":"fonte-auxiliar-smart","status":"publish","type":"product","link":"https:\/\/universoeletrico.com.br\/eletrico\/produto\/fonte-auxiliar-smart\/","title":{"rendered":"FONTE AUXILIAR SMART"},"content":{"rendered":"<p>A\u00a0<strong>Fonte Auxiliar 24V 2,5A com Bateria Inclusa SMART<\/strong> da Segurimax \u00e9 uma solu\u00e7\u00e3o eficiente para fornecer energia, \u00e9 dispositivos adicionais de sistemas de alarme. Este equipamento atende \u00e0s exig\u00eancias de autonomia estabelecidas pela norma NBR 17240, garantindo um funcionamento seguro e confi\u00e1vel.<\/p>\n<p>Esta fonte \u00e9 ideal para operar em sistemas de alarme, permitindo o uso em modo\u00a0<strong>endere\u00e7\u00e1vel<\/strong>\u00a0ou\u00a0<strong>convencional<\/strong>. A fonte possui uma sa\u00edda supervisionada para sirenes convencionais, assegurando a integridade do sistema de detec\u00e7\u00e3o e alarme. No modo endere\u00e7\u00e1vel, a fonte recebe comandos da central de alarme de inc\u00eandio, ativando sirenes e reportando falhas. J\u00e1 no modo convencional, a fonte opera com a central convencional para o acionamento das sirenes.<\/p>\n<p>A Fonte Auxiliar SMART se destaca pelo seu baixo consumo de energia, devido \u00e0 tecnologia chaveada. Al\u00e9m disso, possui um controle de sa\u00edda que permite a invers\u00e3o do contato de rel\u00e9 em caso de alarme. \u00c9 importante notar que a soma dos consumos nas sa\u00eddas 24V e para sirenes convencionais n\u00e3o deve ultrapassar 2,5A, garantindo efici\u00eancia no uso da energia. A fonte \u00e9 compat\u00edvel com diversas linhas, incluindo as linhas\u00a0<strong>CONVENCIONAL<\/strong>,\u00a0<strong>Compact<\/strong>,\u00a0<strong>SMART<\/strong>\u00a0e\u00a0<strong>MAXPRO<\/strong>, oferecendo versatilidade na instala\u00e7\u00e3o e opera\u00e7\u00e3o.<\/p>\n<p>Para Pre\u00e7os, Or\u00e7amentos e D\u00favidas, fale com nossos especialistas.<\/p>\n","protected":false},"excerpt":{"rendered":"<p>A\u00a0Fonte Auxiliar 24V 2,5A com Bateria Inclusa SMART da Segurimax \u00e9 uma solu\u00e7\u00e3o eficiente para fornecer energia, \u00e9 dispositivos adicionais de sistemas de alarme. Este equipamento atende \u00e0s exig\u00eancias de autonomia estabelecidas pela norma NBR 17240, garantindo um funcionamento seguro e confi\u00e1vel. Esta fonte \u00e9 ideal para operar em sistemas de alarme, permitindo o uso [&hellip;]<\/p>\n","protected":false},"featured_media":2793,"template":"","meta":[],"product_brand":[108],"product_cat":[46],"product_tag":[107,113,112],"class_list":{"0":"post-2792","1":"product","2":"type-product","3":"status-publish","4":"has-post-thumbnail","6":"product_brand-segurimax","7":"product_cat-prevencao-contra-incendio","8":"product_tag-contra-incendio","9":"product_tag-fonte-auxiliar","10":"product_tag-smart","12":"first","13":"instock","14":"shipping-taxable","15":"product-type-simple"},"yoast_head":"<!-- This site is optimized with the Yoast SEO Premium plugin v26.1.1 (Yoast SEO v26.1.1) - https:\/\/yoast.com\/wordpress\/plugins\/seo\/ -->\n<title>FONTE AUXILIAR SMART - Universo El\u00e9trico<\/title>\n<meta name=\"robots\" content=\"index, follow, max-snippet:-1, max-image-preview:large, max-video-preview:-1\" \/>\n<link rel=\"canonical\" href=\"https:\/\/universoeletrico.com.br\/eletrico\/produto\/fonte-auxiliar-smart\/\" \/>\n<meta property=\"og:locale\" content=\"pt_BR\" \/>\n<meta property=\"og:type\" content=\"article\" \/>\n<meta property=\"og:title\" content=\"FONTE AUXILIAR SMART\" \/>\n<meta property=\"og:description\" content=\"A\u00a0Fonte Auxiliar 24V 2,5A com Bateria Inclusa SMART da Segurimax \u00e9 uma solu\u00e7\u00e3o eficiente para fornecer energia, \u00e9 dispositivos adicionais de sistemas de alarme. Este equipamento atende \u00e0s exig\u00eancias de autonomia estabelecidas pela norma NBR 17240, garantindo um funcionamento seguro e confi\u00e1vel. Esta fonte \u00e9 ideal para operar em sistemas de alarme, permitindo o uso [&hellip;]\" \/>\n<meta property=\"og:url\" content=\"https:\/\/universoeletrico.com.br\/eletrico\/produto\/fonte-auxiliar-smart\/\" \/>\n<meta property=\"og:site_name\" content=\"Universo El\u00e9trico\" \/>\n<meta property=\"article:modified_time\" content=\"2025-12-23T14:59:29+00:00\" \/>\n<meta property=\"og:image\" content=\"https:\/\/universoeletrico.com.br\/eletrico\/wp-content\/uploads\/2025\/12\/31711-fonte-auxiliar-smart-frente.webp\" \/>\n\t<meta property=\"og:image:width\" content=\"700\" \/>\n\t<meta property=\"og:image:height\" content=\"700\" \/>\n\t<meta property=\"og:image:type\" content=\"image\/webp\" \/>\n<meta name=\"twitter:card\" content=\"summary_large_image\" \/>\n<meta name=\"twitter:label1\" content=\"Est. tempo de leitura\" \/>\n\t<meta name=\"twitter:data1\" content=\"2 minutos\" \/>\n<script type=\"application\/ld+json\" class=\"yoast-schema-graph\">{\"@context\":\"https:\/\/schema.org\",\"@graph\":[{\"@type\":\"WebPage\",\"@id\":\"https:\/\/universoeletrico.com.br\/eletrico\/produto\/fonte-auxiliar-smart\/\",\"url\":\"https:\/\/universoeletrico.com.br\/eletrico\/produto\/fonte-auxiliar-smart\/\",\"name\":\"FONTE AUXILIAR SMART - Universo El\u00e9trico\",\"isPartOf\":{\"@id\":\"https:\/\/universoeletrico.com.br\/eletrico\/#website\"},\"primaryImageOfPage\":{\"@id\":\"https:\/\/universoeletrico.com.br\/eletrico\/produto\/fonte-auxiliar-smart\/#primaryimage\"},\"image\":{\"@id\":\"https:\/\/universoeletrico.com.br\/eletrico\/produto\/fonte-auxiliar-smart\/#primaryimage\"},\"thumbnailUrl\":\"https:\/\/universoeletrico.com.br\/eletrico\/wp-content\/uploads\/2025\/12\/31711-fonte-auxiliar-smart-frente.webp\",\"datePublished\":\"2025-12-23T14:56:18+00:00\",\"dateModified\":\"2025-12-23T14:59:29+00:00\",\"breadcrumb\":{\"@id\":\"https:\/\/universoeletrico.com.br\/eletrico\/produto\/fonte-auxiliar-smart\/#breadcrumb\"},\"inLanguage\":\"pt-BR\",\"potentialAction\":[{\"@type\":\"ReadAction\",\"target\":[\"https:\/\/universoeletrico.com.br\/eletrico\/produto\/fonte-auxiliar-smart\/\"]}]},{\"@type\":\"ImageObject\",\"inLanguage\":\"pt-BR\",\"@id\":\"https:\/\/universoeletrico.com.br\/eletrico\/produto\/fonte-auxiliar-smart\/#primaryimage\",\"url\":\"https:\/\/universoeletrico.com.br\/eletrico\/wp-content\/uploads\/2025\/12\/31711-fonte-auxiliar-smart-frente.webp\",\"contentUrl\":\"https:\/\/universoeletrico.com.br\/eletrico\/wp-content\/uploads\/2025\/12\/31711-fonte-auxiliar-smart-frente.webp\",\"width\":700,\"height\":700},{\"@type\":\"BreadcrumbList\",\"@id\":\"https:\/\/universoeletrico.com.br\/eletrico\/produto\/fonte-auxiliar-smart\/#breadcrumb\",\"itemListElement\":[{\"@type\":\"ListItem\",\"position\":1,\"name\":\"In\u00edcio\",\"item\":\"https:\/\/universoeletrico.com.br\/eletrico\/\"},{\"@type\":\"ListItem\",\"position\":2,\"name\":\"Produtos\",\"item\":\"https:\/\/universoeletrico.com.br\/eletrico\/produtos\/\"},{\"@type\":\"ListItem\",\"position\":3,\"name\":\"FONTE AUXILIAR SMART\"}]},{\"@type\":\"WebSite\",\"@id\":\"https:\/\/universoeletrico.com.br\/eletrico\/#website\",\"url\":\"https:\/\/universoeletrico.com.br\/eletrico\/\",\"name\":\"Universo El\u00e9trico\",\"description\":\"\",\"potentialAction\":[{\"@type\":\"SearchAction\",\"target\":{\"@type\":\"EntryPoint\",\"urlTemplate\":\"https:\/\/universoeletrico.com.br\/eletrico\/?s={search_term_string}\"},\"query-input\":{\"@type\":\"PropertyValueSpecification\",\"valueRequired\":true,\"valueName\":\"search_term_string\"}}],\"inLanguage\":\"pt-BR\"}]}<\/script>\n<!-- \/ Yoast SEO Premium plugin. -->","yoast_head_json":{"title":"FONTE AUXILIAR SMART - Universo El\u00e9trico","robots":{"index":"index","follow":"follow","max-snippet":"max-snippet:-1","max-image-preview":"max-image-preview:large","max-video-preview":"max-video-preview:-1"},"canonical":"https:\/\/universoeletrico.com.br\/eletrico\/produto\/fonte-auxiliar-smart\/","og_locale":"pt_BR","og_type":"article","og_title":"FONTE AUXILIAR SMART","og_description":"A\u00a0Fonte Auxiliar 24V 2,5A com Bateria Inclusa SMART da Segurimax \u00e9 uma solu\u00e7\u00e3o eficiente para fornecer energia, \u00e9 dispositivos adicionais de sistemas de alarme. Este equipamento atende \u00e0s exig\u00eancias de autonomia estabelecidas pela norma NBR 17240, garantindo um funcionamento seguro e confi\u00e1vel. Esta fonte \u00e9 ideal para operar em sistemas de alarme, permitindo o uso [&hellip;]","og_url":"https:\/\/universoeletrico.com.br\/eletrico\/produto\/fonte-auxiliar-smart\/","og_site_name":"Universo El\u00e9trico","article_modified_time":"2025-12-23T14:59:29+00:00","og_image":[{"width":700,"height":700,"url":"https:\/\/universoeletrico.com.br\/eletrico\/wp-content\/uploads\/2025\/12\/31711-fonte-auxiliar-smart-frente.webp","type":"image\/webp"}],"twitter_card":"summary_large_image","twitter_misc":{"Est. tempo de leitura":"2 minutos"},"schema":{"@context":"https:\/\/schema.org","@graph":[{"@type":"WebPage","@id":"https:\/\/universoeletrico.com.br\/eletrico\/produto\/fonte-auxiliar-smart\/","url":"https:\/\/universoeletrico.com.br\/eletrico\/produto\/fonte-auxiliar-smart\/","name":"FONTE AUXILIAR SMART - Universo El\u00e9trico","isPartOf":{"@id":"https:\/\/universoeletrico.com.br\/eletrico\/#website"},"primaryImageOfPage":{"@id":"https:\/\/universoeletrico.com.br\/eletrico\/produto\/fonte-auxiliar-smart\/#primaryimage"},"image":{"@id":"https:\/\/universoeletrico.com.br\/eletrico\/produto\/fonte-auxiliar-smart\/#primaryimage"},"thumbnailUrl":"https:\/\/universoeletrico.com.br\/eletrico\/wp-content\/uploads\/2025\/12\/31711-fonte-auxiliar-smart-frente.webp","datePublished":"2025-12-23T14:56:18+00:00","dateModified":"2025-12-23T14:59:29+00:00","breadcrumb":{"@id":"https:\/\/universoeletrico.com.br\/eletrico\/produto\/fonte-auxiliar-smart\/#breadcrumb"},"inLanguage":"pt-BR","potentialAction":[{"@type":"ReadAction","target":["https:\/\/universoeletrico.com.br\/eletrico\/produto\/fonte-auxiliar-smart\/"]}]},{"@type":"ImageObject","inLanguage":"pt-BR","@id":"https:\/\/universoeletrico.com.br\/eletrico\/produto\/fonte-auxiliar-smart\/#primaryimage","url":"https:\/\/universoeletrico.com.br\/eletrico\/wp-content\/uploads\/2025\/12\/31711-fonte-auxiliar-smart-frente.webp","contentUrl":"https:\/\/universoeletrico.com.br\/eletrico\/wp-content\/uploads\/2025\/12\/31711-fonte-auxiliar-smart-frente.webp","width":700,"height":700},{"@type":"BreadcrumbList","@id":"https:\/\/universoeletrico.com.br\/eletrico\/produto\/fonte-auxiliar-smart\/#breadcrumb","itemListElement":[{"@type":"ListItem","position":1,"name":"In\u00edcio","item":"https:\/\/universoeletrico.com.br\/eletrico\/"},{"@type":"ListItem","position":2,"name":"Produtos","item":"https:\/\/universoeletrico.com.br\/eletrico\/produtos\/"},{"@type":"ListItem","position":3,"name":"FONTE AUXILIAR SMART"}]},{"@type":"WebSite","@id":"https:\/\/universoeletrico.com.br\/eletrico\/#website","url":"https:\/\/universoeletrico.com.br\/eletrico\/","name":"Universo El\u00e9trico","description":"","potentialAction":[{"@type":"SearchAction","target":{"@type":"EntryPoint","urlTemplate":"https:\/\/universoeletrico.com.br\/eletrico\/?s={search_term_string}"},"query-input":{"@type":"PropertyValueSpecification","valueRequired":true,"valueName":"search_term_string"}}],"inLanguage":"pt-BR"}]}},"_links":{"self":[{"href":"https:\/\/universoeletrico.com.br\/eletrico\/wp-json\/wp\/v2\/product\/2792","targetHints":{"allow":["GET"]}}],"collection":[{"href":"https:\/\/universoeletrico.com.br\/eletrico\/wp-json\/wp\/v2\/product"}],"about":[{"href":"https:\/\/universoeletrico.com.br\/eletrico\/wp-json\/wp\/v2\/types\/product"}],"version-history":[{"count":3,"href":"https:\/\/universoeletrico.com.br\/eletrico\/wp-json\/wp\/v2\/product\/2792\/revisions"}],"predecessor-version":[{"id":2796,"href":"https:\/\/universoeletrico.com.br\/eletrico\/wp-json\/wp\/v2\/product\/2792\/revisions\/2796"}],"wp:featuredmedia":[{"embeddable":true,"href":"https:\/\/universoeletrico.com.br\/eletrico\/wp-json\/wp\/v2\/media\/2793"}],"wp:attachment":[{"href":"https:\/\/universoeletrico.com.br\/eletrico\/wp-json\/wp\/v2\/media?parent=2792"}],"wp:term":[{"taxonomy":"product_brand","embeddable":true,"href":"https:\/\/universoeletrico.com.br\/eletrico\/wp-json\/wp\/v2\/product_brand?post=2792"},{"taxonomy":"product_cat","embeddable":true,"href":"https:\/\/universoeletrico.com.br\/eletrico\/wp-json\/wp\/v2\/product_cat?post=2792"},{"taxonomy":"product_tag","embeddable":true,"href":"https:\/\/universoeletrico.com.br\/eletrico\/wp-json\/wp\/v2\/product_tag?post=2792"}],"curies":[{"name":"wp","href":"https:\/\/api.w.org\/{rel}","templated":true}]}}