{"id":2785,"date":"2025-12-23T10:48:19","date_gmt":"2025-12-23T13:48:19","guid":{"rendered":"https:\/\/universoeletrico.com.br\/eletrico\/?post_type=product&#038;p=2785"},"modified":"2025-12-23T10:48:20","modified_gmt":"2025-12-23T13:48:20","slug":"detector-de-temperatura-conven-termico","status":"publish","type":"product","link":"https:\/\/universoeletrico.com.br\/eletrico\/produto\/detector-de-temperatura-conven-termico\/","title":{"rendered":"DETECTOR DE TEMPERATURA CONVEN. TERMICO"},"content":{"rendered":"<p>O\u00a0<strong>Detector de Temperatura Contato Seco 12V\/24V CONVENCIONAL<\/strong>\u00a0\u00e9 um dispositivo projetado para monitorar ambientes onde a gera\u00e7\u00e3o de calor \u00e9 uma caracter\u00edstica inicial de combust\u00e3o. Este detector \u00e9 ideal para locais com vapor, gases ou part\u00edculas em suspens\u00e3o, onde os detectores de fuma\u00e7a podem apresentar alarmes indesejados.<\/p>\n<p>Este detector \u00e9 amplamente utilizado em ambientes industriais, comerciais e residenciais, permitindo uma resposta r\u00e1pida em situa\u00e7\u00f5es de inc\u00eandio. Seu funcionamento \u00e9 baseado na detec\u00e7\u00e3o de temperatura, ativando um alarme quando o sensor atinge 57 \u00baC, sinalizando um poss\u00edvel princ\u00edpio de inc\u00eandio. Assim que o alarme \u00e9 acionado, a central de detec\u00e7\u00e3o ativa todos os dispositivos de sa\u00edda, como sirenes, garantindo uma evacua\u00e7\u00e3o r\u00e1pida e segura.<\/p>\n<p><strong>Versatilidade:<\/strong>\u00a0Funciona em tens\u00f5es de 12V ou 24V, compat\u00edvel com diversos modelos de centrais convencionais.<\/p>\n<p><strong>Indicadores LED:<\/strong>\u00a0Possui LEDs que informam o status do dispositivo: LED vermelho aceso indica alarme, enquanto LED vermelho piscando indica que o produto est\u00e1 em stand-by.<\/p>\n<p><strong>Compatibilidade:<\/strong>\u00a0Compat\u00edvel com todas as linhas da Segurimax, proporcionando uma solu\u00e7\u00e3o integrada e eficiente para sistemas de alarme de inc\u00eandio (para linhas endere\u00e7\u00e1veis, \u00e9 necess\u00e1rio utilizar m\u00f3dulo de endere\u00e7amento).<\/p>\n<p>Para pre\u00e7os, or\u00e7amentos e d\u00favidas, fale com nossos especialistas.<\/p>\n","protected":false},"excerpt":{"rendered":"<p>O\u00a0Detector de Temperatura Contato Seco 12V\/24V CONVENCIONAL\u00a0\u00e9 um dispositivo projetado para monitorar ambientes onde a gera\u00e7\u00e3o de calor \u00e9 uma caracter\u00edstica inicial de combust\u00e3o. Este detector \u00e9 ideal para locais com vapor, gases ou part\u00edculas em suspens\u00e3o, onde os detectores de fuma\u00e7a podem apresentar alarmes indesejados. Este detector \u00e9 amplamente utilizado em ambientes industriais, comerciais [&hellip;]<\/p>\n","protected":false},"featured_media":2787,"template":"","meta":[],"product_brand":[108],"product_cat":[46],"product_tag":[107,110,111],"class_list":{"0":"post-2785","1":"product","2":"type-product","3":"status-publish","4":"has-post-thumbnail","6":"product_brand-segurimax","7":"product_cat-prevencao-contra-incendio","8":"product_tag-contra-incendio","9":"product_tag-detector-temperatura","10":"product_tag-termico","12":"first","13":"instock","14":"shipping-taxable","15":"product-type-simple"},"yoast_head":"<!-- This site is optimized with the Yoast SEO Premium plugin v26.1.1 (Yoast SEO v26.1.1) - https:\/\/yoast.com\/wordpress\/plugins\/seo\/ -->\n<title>DETECTOR DE TEMPERATURA CONVEN. TERMICO - Universo El\u00e9trico<\/title>\n<meta name=\"robots\" content=\"index, follow, max-snippet:-1, max-image-preview:large, max-video-preview:-1\" \/>\n<link rel=\"canonical\" href=\"https:\/\/universoeletrico.com.br\/eletrico\/produto\/detector-de-temperatura-conven-termico\/\" \/>\n<meta property=\"og:locale\" content=\"pt_BR\" \/>\n<meta property=\"og:type\" content=\"article\" \/>\n<meta property=\"og:title\" content=\"DETECTOR DE TEMPERATURA CONVEN. TERMICO\" \/>\n<meta property=\"og:description\" content=\"O\u00a0Detector de Temperatura Contato Seco 12V\/24V CONVENCIONAL\u00a0\u00e9 um dispositivo projetado para monitorar ambientes onde a gera\u00e7\u00e3o de calor \u00e9 uma caracter\u00edstica inicial de combust\u00e3o. Este detector \u00e9 ideal para locais com vapor, gases ou part\u00edculas em suspens\u00e3o, onde os detectores de fuma\u00e7a podem apresentar alarmes indesejados. Este detector \u00e9 amplamente utilizado em ambientes industriais, comerciais [&hellip;]\" \/>\n<meta property=\"og:url\" content=\"https:\/\/universoeletrico.com.br\/eletrico\/produto\/detector-de-temperatura-conven-termico\/\" \/>\n<meta property=\"og:site_name\" content=\"Universo El\u00e9trico\" \/>\n<meta property=\"article:modified_time\" content=\"2025-12-23T13:48:20+00:00\" \/>\n<meta property=\"og:image\" content=\"https:\/\/universoeletrico.com.br\/eletrico\/wp-content\/uploads\/2025\/12\/271406.webp\" \/>\n\t<meta property=\"og:image:width\" content=\"800\" \/>\n\t<meta property=\"og:image:height\" content=\"800\" \/>\n\t<meta property=\"og:image:type\" content=\"image\/webp\" \/>\n<meta name=\"twitter:card\" content=\"summary_large_image\" \/>\n<meta name=\"twitter:label1\" content=\"Est. tempo de leitura\" \/>\n\t<meta name=\"twitter:data1\" content=\"2 minutos\" \/>\n<script type=\"application\/ld+json\" class=\"yoast-schema-graph\">{\"@context\":\"https:\/\/schema.org\",\"@graph\":[{\"@type\":\"WebPage\",\"@id\":\"https:\/\/universoeletrico.com.br\/eletrico\/produto\/detector-de-temperatura-conven-termico\/\",\"url\":\"https:\/\/universoeletrico.com.br\/eletrico\/produto\/detector-de-temperatura-conven-termico\/\",\"name\":\"DETECTOR DE TEMPERATURA CONVEN. TERMICO - Universo El\u00e9trico\",\"isPartOf\":{\"@id\":\"https:\/\/universoeletrico.com.br\/eletrico\/#website\"},\"primaryImageOfPage\":{\"@id\":\"https:\/\/universoeletrico.com.br\/eletrico\/produto\/detector-de-temperatura-conven-termico\/#primaryimage\"},\"image\":{\"@id\":\"https:\/\/universoeletrico.com.br\/eletrico\/produto\/detector-de-temperatura-conven-termico\/#primaryimage\"},\"thumbnailUrl\":\"https:\/\/universoeletrico.com.br\/eletrico\/wp-content\/uploads\/2025\/12\/271406.webp\",\"datePublished\":\"2025-12-23T13:48:19+00:00\",\"dateModified\":\"2025-12-23T13:48:20+00:00\",\"breadcrumb\":{\"@id\":\"https:\/\/universoeletrico.com.br\/eletrico\/produto\/detector-de-temperatura-conven-termico\/#breadcrumb\"},\"inLanguage\":\"pt-BR\",\"potentialAction\":[{\"@type\":\"ReadAction\",\"target\":[\"https:\/\/universoeletrico.com.br\/eletrico\/produto\/detector-de-temperatura-conven-termico\/\"]}]},{\"@type\":\"ImageObject\",\"inLanguage\":\"pt-BR\",\"@id\":\"https:\/\/universoeletrico.com.br\/eletrico\/produto\/detector-de-temperatura-conven-termico\/#primaryimage\",\"url\":\"https:\/\/universoeletrico.com.br\/eletrico\/wp-content\/uploads\/2025\/12\/271406.webp\",\"contentUrl\":\"https:\/\/universoeletrico.com.br\/eletrico\/wp-content\/uploads\/2025\/12\/271406.webp\",\"width\":800,\"height\":800},{\"@type\":\"BreadcrumbList\",\"@id\":\"https:\/\/universoeletrico.com.br\/eletrico\/produto\/detector-de-temperatura-conven-termico\/#breadcrumb\",\"itemListElement\":[{\"@type\":\"ListItem\",\"position\":1,\"name\":\"In\u00edcio\",\"item\":\"https:\/\/universoeletrico.com.br\/eletrico\/\"},{\"@type\":\"ListItem\",\"position\":2,\"name\":\"Produtos\",\"item\":\"https:\/\/universoeletrico.com.br\/eletrico\/produtos\/\"},{\"@type\":\"ListItem\",\"position\":3,\"name\":\"DETECTOR DE TEMPERATURA CONVEN. TERMICO\"}]},{\"@type\":\"WebSite\",\"@id\":\"https:\/\/universoeletrico.com.br\/eletrico\/#website\",\"url\":\"https:\/\/universoeletrico.com.br\/eletrico\/\",\"name\":\"Universo El\u00e9trico\",\"description\":\"\",\"potentialAction\":[{\"@type\":\"SearchAction\",\"target\":{\"@type\":\"EntryPoint\",\"urlTemplate\":\"https:\/\/universoeletrico.com.br\/eletrico\/?s={search_term_string}\"},\"query-input\":{\"@type\":\"PropertyValueSpecification\",\"valueRequired\":true,\"valueName\":\"search_term_string\"}}],\"inLanguage\":\"pt-BR\"}]}<\/script>\n<!-- \/ Yoast SEO Premium plugin. -->","yoast_head_json":{"title":"DETECTOR DE TEMPERATURA CONVEN. TERMICO - Universo El\u00e9trico","robots":{"index":"index","follow":"follow","max-snippet":"max-snippet:-1","max-image-preview":"max-image-preview:large","max-video-preview":"max-video-preview:-1"},"canonical":"https:\/\/universoeletrico.com.br\/eletrico\/produto\/detector-de-temperatura-conven-termico\/","og_locale":"pt_BR","og_type":"article","og_title":"DETECTOR DE TEMPERATURA CONVEN. TERMICO","og_description":"O\u00a0Detector de Temperatura Contato Seco 12V\/24V CONVENCIONAL\u00a0\u00e9 um dispositivo projetado para monitorar ambientes onde a gera\u00e7\u00e3o de calor \u00e9 uma caracter\u00edstica inicial de combust\u00e3o. Este detector \u00e9 ideal para locais com vapor, gases ou part\u00edculas em suspens\u00e3o, onde os detectores de fuma\u00e7a podem apresentar alarmes indesejados. Este detector \u00e9 amplamente utilizado em ambientes industriais, comerciais [&hellip;]","og_url":"https:\/\/universoeletrico.com.br\/eletrico\/produto\/detector-de-temperatura-conven-termico\/","og_site_name":"Universo El\u00e9trico","article_modified_time":"2025-12-23T13:48:20+00:00","og_image":[{"width":800,"height":800,"url":"https:\/\/universoeletrico.com.br\/eletrico\/wp-content\/uploads\/2025\/12\/271406.webp","type":"image\/webp"}],"twitter_card":"summary_large_image","twitter_misc":{"Est. tempo de leitura":"2 minutos"},"schema":{"@context":"https:\/\/schema.org","@graph":[{"@type":"WebPage","@id":"https:\/\/universoeletrico.com.br\/eletrico\/produto\/detector-de-temperatura-conven-termico\/","url":"https:\/\/universoeletrico.com.br\/eletrico\/produto\/detector-de-temperatura-conven-termico\/","name":"DETECTOR DE TEMPERATURA CONVEN. TERMICO - Universo El\u00e9trico","isPartOf":{"@id":"https:\/\/universoeletrico.com.br\/eletrico\/#website"},"primaryImageOfPage":{"@id":"https:\/\/universoeletrico.com.br\/eletrico\/produto\/detector-de-temperatura-conven-termico\/#primaryimage"},"image":{"@id":"https:\/\/universoeletrico.com.br\/eletrico\/produto\/detector-de-temperatura-conven-termico\/#primaryimage"},"thumbnailUrl":"https:\/\/universoeletrico.com.br\/eletrico\/wp-content\/uploads\/2025\/12\/271406.webp","datePublished":"2025-12-23T13:48:19+00:00","dateModified":"2025-12-23T13:48:20+00:00","breadcrumb":{"@id":"https:\/\/universoeletrico.com.br\/eletrico\/produto\/detector-de-temperatura-conven-termico\/#breadcrumb"},"inLanguage":"pt-BR","potentialAction":[{"@type":"ReadAction","target":["https:\/\/universoeletrico.com.br\/eletrico\/produto\/detector-de-temperatura-conven-termico\/"]}]},{"@type":"ImageObject","inLanguage":"pt-BR","@id":"https:\/\/universoeletrico.com.br\/eletrico\/produto\/detector-de-temperatura-conven-termico\/#primaryimage","url":"https:\/\/universoeletrico.com.br\/eletrico\/wp-content\/uploads\/2025\/12\/271406.webp","contentUrl":"https:\/\/universoeletrico.com.br\/eletrico\/wp-content\/uploads\/2025\/12\/271406.webp","width":800,"height":800},{"@type":"BreadcrumbList","@id":"https:\/\/universoeletrico.com.br\/eletrico\/produto\/detector-de-temperatura-conven-termico\/#breadcrumb","itemListElement":[{"@type":"ListItem","position":1,"name":"In\u00edcio","item":"https:\/\/universoeletrico.com.br\/eletrico\/"},{"@type":"ListItem","position":2,"name":"Produtos","item":"https:\/\/universoeletrico.com.br\/eletrico\/produtos\/"},{"@type":"ListItem","position":3,"name":"DETECTOR DE TEMPERATURA CONVEN. TERMICO"}]},{"@type":"WebSite","@id":"https:\/\/universoeletrico.com.br\/eletrico\/#website","url":"https:\/\/universoeletrico.com.br\/eletrico\/","name":"Universo El\u00e9trico","description":"","potentialAction":[{"@type":"SearchAction","target":{"@type":"EntryPoint","urlTemplate":"https:\/\/universoeletrico.com.br\/eletrico\/?s={search_term_string}"},"query-input":{"@type":"PropertyValueSpecification","valueRequired":true,"valueName":"search_term_string"}}],"inLanguage":"pt-BR"}]}},"_links":{"self":[{"href":"https:\/\/universoeletrico.com.br\/eletrico\/wp-json\/wp\/v2\/product\/2785","targetHints":{"allow":["GET"]}}],"collection":[{"href":"https:\/\/universoeletrico.com.br\/eletrico\/wp-json\/wp\/v2\/product"}],"about":[{"href":"https:\/\/universoeletrico.com.br\/eletrico\/wp-json\/wp\/v2\/types\/product"}],"version-history":[{"count":1,"href":"https:\/\/universoeletrico.com.br\/eletrico\/wp-json\/wp\/v2\/product\/2785\/revisions"}],"predecessor-version":[{"id":2788,"href":"https:\/\/universoeletrico.com.br\/eletrico\/wp-json\/wp\/v2\/product\/2785\/revisions\/2788"}],"wp:featuredmedia":[{"embeddable":true,"href":"https:\/\/universoeletrico.com.br\/eletrico\/wp-json\/wp\/v2\/media\/2787"}],"wp:attachment":[{"href":"https:\/\/universoeletrico.com.br\/eletrico\/wp-json\/wp\/v2\/media?parent=2785"}],"wp:term":[{"taxonomy":"product_brand","embeddable":true,"href":"https:\/\/universoeletrico.com.br\/eletrico\/wp-json\/wp\/v2\/product_brand?post=2785"},{"taxonomy":"product_cat","embeddable":true,"href":"https:\/\/universoeletrico.com.br\/eletrico\/wp-json\/wp\/v2\/product_cat?post=2785"},{"taxonomy":"product_tag","embeddable":true,"href":"https:\/\/universoeletrico.com.br\/eletrico\/wp-json\/wp\/v2\/product_tag?post=2785"}],"curies":[{"name":"wp","href":"https:\/\/api.w.org\/{rel}","templated":true}]}}