{"id":2782,"date":"2025-12-23T10:27:58","date_gmt":"2025-12-23T13:27:58","guid":{"rendered":"https:\/\/universoeletrico.com.br\/eletrico\/?post_type=product&#038;p=2782"},"modified":"2025-12-23T10:27:59","modified_gmt":"2025-12-23T13:27:59","slug":"detector-de-gas-convenc-12-24-v-glp-gn","status":"publish","type":"product","link":"https:\/\/universoeletrico.com.br\/eletrico\/produto\/detector-de-gas-convenc-12-24-v-glp-gn\/","title":{"rendered":"DETECTOR DE G\u00c1S CONVENC 12\/24 V &#8211; GLP\/GN"},"content":{"rendered":"<p>O\u00a0<strong>Detector de G\u00e1s GLP\/GN 12V\/24V CONVENCIONAL<\/strong>\u00a0\u00e9 um dispositivo projetado para a identifica\u00e7\u00e3o de gases como o g\u00e1s liquefeito de petr\u00f3leo (GLP) e o g\u00e1s natural (GN). Este equipamento \u00e9 essencial para a seguran\u00e7a em ambientes que utilizam esses combust\u00edveis, proporcionando uma camada adicional de prote\u00e7\u00e3o contra inc\u00eandios.<\/p>\n<p>Este detector \u00e9 ideal para ser utilizado em cozinhas, restaurantes, ind\u00fastrias e qualquer local onde o GLP ou GN sejam empregados. Sua fun\u00e7\u00e3o primordial \u00e9 detectar a presen\u00e7a de gases inflam\u00e1veis, alertando imediatamente os usu\u00e1rios sobre poss\u00edveis vazamentos e ajudando na preven\u00e7\u00e3o de inc\u00eandios.<\/p>\n<p><strong>Funcionamento eficiente:<\/strong>\u00a0Quando o g\u00e1s entra em contato com o sensor, um sinal \u00e9 enviado automaticamente para a central de alarme de inc\u00eandio, acendendo um LED vermelho e acionando a sirene interna do dispositivo.<\/p>\n<p>Prote\u00e7\u00e3o contra insetos e sujeira: O detector conta com uma grade protetora, garantindo o funcionamento adequado ao impedir a entrada de insetos e impurezas.<\/p>\n<p><strong>Compatibilidade:<\/strong>\u00a0O Detector de G\u00e1s GLP\/GN \u00e9 compat\u00edvel com todas as linhas da Segurimax. Para sistemas endere\u00e7\u00e1veis, \u00e9 necess\u00e1rio utilizar um m\u00f3dulo de endere\u00e7amento.<\/p>\n<p>Para pre\u00e7os, or\u00e7amentos e d\u00favidas, fale com nossos especialistas.<\/p>\n<p>&nbsp;<\/p>\n","protected":false},"excerpt":{"rendered":"<p>O\u00a0Detector de G\u00e1s GLP\/GN 12V\/24V CONVENCIONAL\u00a0\u00e9 um dispositivo projetado para a identifica\u00e7\u00e3o de gases como o g\u00e1s liquefeito de petr\u00f3leo (GLP) e o g\u00e1s natural (GN). Este equipamento \u00e9 essencial para a seguran\u00e7a em ambientes que utilizam esses combust\u00edveis, proporcionando uma camada adicional de prote\u00e7\u00e3o contra inc\u00eandios. Este detector \u00e9 ideal para ser utilizado em [&hellip;]<\/p>\n","protected":false},"featured_media":2783,"template":"","meta":[],"product_brand":[108],"product_cat":[46],"product_tag":[107,109],"class_list":{"0":"post-2782","1":"product","2":"type-product","3":"status-publish","4":"has-post-thumbnail","6":"product_brand-segurimax","7":"product_cat-prevencao-contra-incendio","8":"product_tag-contra-incendio","9":"product_tag-detector-gas","11":"first","12":"instock","13":"shipping-taxable","14":"product-type-simple"},"yoast_head":"<!-- This site is optimized with the Yoast SEO Premium plugin v26.1.1 (Yoast SEO v26.1.1) - https:\/\/yoast.com\/wordpress\/plugins\/seo\/ -->\n<title>DETECTOR DE G\u00c1S CONVENC 12\/24 V - GLP\/GN - Universo El\u00e9trico<\/title>\n<meta name=\"robots\" content=\"index, follow, max-snippet:-1, max-image-preview:large, max-video-preview:-1\" \/>\n<link rel=\"canonical\" href=\"https:\/\/universoeletrico.com.br\/eletrico\/produto\/detector-de-gas-convenc-12-24-v-glp-gn\/\" \/>\n<meta property=\"og:locale\" content=\"pt_BR\" \/>\n<meta property=\"og:type\" content=\"article\" \/>\n<meta property=\"og:title\" content=\"DETECTOR DE G\u00c1S CONVENC 12\/24 V - GLP\/GN\" \/>\n<meta property=\"og:description\" content=\"O\u00a0Detector de G\u00e1s GLP\/GN 12V\/24V CONVENCIONAL\u00a0\u00e9 um dispositivo projetado para a identifica\u00e7\u00e3o de gases como o g\u00e1s liquefeito de petr\u00f3leo (GLP) e o g\u00e1s natural (GN). Este equipamento \u00e9 essencial para a seguran\u00e7a em ambientes que utilizam esses combust\u00edveis, proporcionando uma camada adicional de prote\u00e7\u00e3o contra inc\u00eandios. Este detector \u00e9 ideal para ser utilizado em [&hellip;]\" \/>\n<meta property=\"og:url\" content=\"https:\/\/universoeletrico.com.br\/eletrico\/produto\/detector-de-gas-convenc-12-24-v-glp-gn\/\" \/>\n<meta property=\"og:site_name\" content=\"Universo El\u00e9trico\" \/>\n<meta property=\"article:modified_time\" content=\"2025-12-23T13:27:59+00:00\" \/>\n<meta property=\"og:image\" content=\"https:\/\/universoeletrico.com.br\/eletrico\/wp-content\/uploads\/2025\/12\/42961-detector-gn-glp-gas-b.webp\" \/>\n\t<meta property=\"og:image:width\" content=\"700\" \/>\n\t<meta property=\"og:image:height\" content=\"700\" \/>\n\t<meta property=\"og:image:type\" content=\"image\/webp\" \/>\n<meta name=\"twitter:card\" content=\"summary_large_image\" \/>\n<meta name=\"twitter:label1\" content=\"Est. tempo de leitura\" \/>\n\t<meta name=\"twitter:data1\" content=\"2 minutos\" \/>\n<script type=\"application\/ld+json\" class=\"yoast-schema-graph\">{\"@context\":\"https:\/\/schema.org\",\"@graph\":[{\"@type\":\"WebPage\",\"@id\":\"https:\/\/universoeletrico.com.br\/eletrico\/produto\/detector-de-gas-convenc-12-24-v-glp-gn\/\",\"url\":\"https:\/\/universoeletrico.com.br\/eletrico\/produto\/detector-de-gas-convenc-12-24-v-glp-gn\/\",\"name\":\"DETECTOR DE G\u00c1S CONVENC 12\/24 V - GLP\/GN - Universo El\u00e9trico\",\"isPartOf\":{\"@id\":\"https:\/\/universoeletrico.com.br\/eletrico\/#website\"},\"primaryImageOfPage\":{\"@id\":\"https:\/\/universoeletrico.com.br\/eletrico\/produto\/detector-de-gas-convenc-12-24-v-glp-gn\/#primaryimage\"},\"image\":{\"@id\":\"https:\/\/universoeletrico.com.br\/eletrico\/produto\/detector-de-gas-convenc-12-24-v-glp-gn\/#primaryimage\"},\"thumbnailUrl\":\"https:\/\/universoeletrico.com.br\/eletrico\/wp-content\/uploads\/2025\/12\/42961-detector-gn-glp-gas-b.webp\",\"datePublished\":\"2025-12-23T13:27:58+00:00\",\"dateModified\":\"2025-12-23T13:27:59+00:00\",\"breadcrumb\":{\"@id\":\"https:\/\/universoeletrico.com.br\/eletrico\/produto\/detector-de-gas-convenc-12-24-v-glp-gn\/#breadcrumb\"},\"inLanguage\":\"pt-BR\",\"potentialAction\":[{\"@type\":\"ReadAction\",\"target\":[\"https:\/\/universoeletrico.com.br\/eletrico\/produto\/detector-de-gas-convenc-12-24-v-glp-gn\/\"]}]},{\"@type\":\"ImageObject\",\"inLanguage\":\"pt-BR\",\"@id\":\"https:\/\/universoeletrico.com.br\/eletrico\/produto\/detector-de-gas-convenc-12-24-v-glp-gn\/#primaryimage\",\"url\":\"https:\/\/universoeletrico.com.br\/eletrico\/wp-content\/uploads\/2025\/12\/42961-detector-gn-glp-gas-b.webp\",\"contentUrl\":\"https:\/\/universoeletrico.com.br\/eletrico\/wp-content\/uploads\/2025\/12\/42961-detector-gn-glp-gas-b.webp\",\"width\":700,\"height\":700},{\"@type\":\"BreadcrumbList\",\"@id\":\"https:\/\/universoeletrico.com.br\/eletrico\/produto\/detector-de-gas-convenc-12-24-v-glp-gn\/#breadcrumb\",\"itemListElement\":[{\"@type\":\"ListItem\",\"position\":1,\"name\":\"In\u00edcio\",\"item\":\"https:\/\/universoeletrico.com.br\/eletrico\/\"},{\"@type\":\"ListItem\",\"position\":2,\"name\":\"Produtos\",\"item\":\"https:\/\/universoeletrico.com.br\/eletrico\/produtos\/\"},{\"@type\":\"ListItem\",\"position\":3,\"name\":\"DETECTOR DE G\u00c1S CONVENC 12\/24 V &#8211; GLP\/GN\"}]},{\"@type\":\"WebSite\",\"@id\":\"https:\/\/universoeletrico.com.br\/eletrico\/#website\",\"url\":\"https:\/\/universoeletrico.com.br\/eletrico\/\",\"name\":\"Universo El\u00e9trico\",\"description\":\"\",\"potentialAction\":[{\"@type\":\"SearchAction\",\"target\":{\"@type\":\"EntryPoint\",\"urlTemplate\":\"https:\/\/universoeletrico.com.br\/eletrico\/?s={search_term_string}\"},\"query-input\":{\"@type\":\"PropertyValueSpecification\",\"valueRequired\":true,\"valueName\":\"search_term_string\"}}],\"inLanguage\":\"pt-BR\"}]}<\/script>\n<!-- \/ Yoast SEO Premium plugin. -->","yoast_head_json":{"title":"DETECTOR DE G\u00c1S CONVENC 12\/24 V - GLP\/GN - Universo El\u00e9trico","robots":{"index":"index","follow":"follow","max-snippet":"max-snippet:-1","max-image-preview":"max-image-preview:large","max-video-preview":"max-video-preview:-1"},"canonical":"https:\/\/universoeletrico.com.br\/eletrico\/produto\/detector-de-gas-convenc-12-24-v-glp-gn\/","og_locale":"pt_BR","og_type":"article","og_title":"DETECTOR DE G\u00c1S CONVENC 12\/24 V - GLP\/GN","og_description":"O\u00a0Detector de G\u00e1s GLP\/GN 12V\/24V CONVENCIONAL\u00a0\u00e9 um dispositivo projetado para a identifica\u00e7\u00e3o de gases como o g\u00e1s liquefeito de petr\u00f3leo (GLP) e o g\u00e1s natural (GN). Este equipamento \u00e9 essencial para a seguran\u00e7a em ambientes que utilizam esses combust\u00edveis, proporcionando uma camada adicional de prote\u00e7\u00e3o contra inc\u00eandios. Este detector \u00e9 ideal para ser utilizado em [&hellip;]","og_url":"https:\/\/universoeletrico.com.br\/eletrico\/produto\/detector-de-gas-convenc-12-24-v-glp-gn\/","og_site_name":"Universo El\u00e9trico","article_modified_time":"2025-12-23T13:27:59+00:00","og_image":[{"width":700,"height":700,"url":"https:\/\/universoeletrico.com.br\/eletrico\/wp-content\/uploads\/2025\/12\/42961-detector-gn-glp-gas-b.webp","type":"image\/webp"}],"twitter_card":"summary_large_image","twitter_misc":{"Est. tempo de leitura":"2 minutos"},"schema":{"@context":"https:\/\/schema.org","@graph":[{"@type":"WebPage","@id":"https:\/\/universoeletrico.com.br\/eletrico\/produto\/detector-de-gas-convenc-12-24-v-glp-gn\/","url":"https:\/\/universoeletrico.com.br\/eletrico\/produto\/detector-de-gas-convenc-12-24-v-glp-gn\/","name":"DETECTOR DE G\u00c1S CONVENC 12\/24 V - GLP\/GN - Universo El\u00e9trico","isPartOf":{"@id":"https:\/\/universoeletrico.com.br\/eletrico\/#website"},"primaryImageOfPage":{"@id":"https:\/\/universoeletrico.com.br\/eletrico\/produto\/detector-de-gas-convenc-12-24-v-glp-gn\/#primaryimage"},"image":{"@id":"https:\/\/universoeletrico.com.br\/eletrico\/produto\/detector-de-gas-convenc-12-24-v-glp-gn\/#primaryimage"},"thumbnailUrl":"https:\/\/universoeletrico.com.br\/eletrico\/wp-content\/uploads\/2025\/12\/42961-detector-gn-glp-gas-b.webp","datePublished":"2025-12-23T13:27:58+00:00","dateModified":"2025-12-23T13:27:59+00:00","breadcrumb":{"@id":"https:\/\/universoeletrico.com.br\/eletrico\/produto\/detector-de-gas-convenc-12-24-v-glp-gn\/#breadcrumb"},"inLanguage":"pt-BR","potentialAction":[{"@type":"ReadAction","target":["https:\/\/universoeletrico.com.br\/eletrico\/produto\/detector-de-gas-convenc-12-24-v-glp-gn\/"]}]},{"@type":"ImageObject","inLanguage":"pt-BR","@id":"https:\/\/universoeletrico.com.br\/eletrico\/produto\/detector-de-gas-convenc-12-24-v-glp-gn\/#primaryimage","url":"https:\/\/universoeletrico.com.br\/eletrico\/wp-content\/uploads\/2025\/12\/42961-detector-gn-glp-gas-b.webp","contentUrl":"https:\/\/universoeletrico.com.br\/eletrico\/wp-content\/uploads\/2025\/12\/42961-detector-gn-glp-gas-b.webp","width":700,"height":700},{"@type":"BreadcrumbList","@id":"https:\/\/universoeletrico.com.br\/eletrico\/produto\/detector-de-gas-convenc-12-24-v-glp-gn\/#breadcrumb","itemListElement":[{"@type":"ListItem","position":1,"name":"In\u00edcio","item":"https:\/\/universoeletrico.com.br\/eletrico\/"},{"@type":"ListItem","position":2,"name":"Produtos","item":"https:\/\/universoeletrico.com.br\/eletrico\/produtos\/"},{"@type":"ListItem","position":3,"name":"DETECTOR DE G\u00c1S CONVENC 12\/24 V &#8211; GLP\/GN"}]},{"@type":"WebSite","@id":"https:\/\/universoeletrico.com.br\/eletrico\/#website","url":"https:\/\/universoeletrico.com.br\/eletrico\/","name":"Universo El\u00e9trico","description":"","potentialAction":[{"@type":"SearchAction","target":{"@type":"EntryPoint","urlTemplate":"https:\/\/universoeletrico.com.br\/eletrico\/?s={search_term_string}"},"query-input":{"@type":"PropertyValueSpecification","valueRequired":true,"valueName":"search_term_string"}}],"inLanguage":"pt-BR"}]}},"_links":{"self":[{"href":"https:\/\/universoeletrico.com.br\/eletrico\/wp-json\/wp\/v2\/product\/2782","targetHints":{"allow":["GET"]}}],"collection":[{"href":"https:\/\/universoeletrico.com.br\/eletrico\/wp-json\/wp\/v2\/product"}],"about":[{"href":"https:\/\/universoeletrico.com.br\/eletrico\/wp-json\/wp\/v2\/types\/product"}],"version-history":[{"count":1,"href":"https:\/\/universoeletrico.com.br\/eletrico\/wp-json\/wp\/v2\/product\/2782\/revisions"}],"predecessor-version":[{"id":2784,"href":"https:\/\/universoeletrico.com.br\/eletrico\/wp-json\/wp\/v2\/product\/2782\/revisions\/2784"}],"wp:featuredmedia":[{"embeddable":true,"href":"https:\/\/universoeletrico.com.br\/eletrico\/wp-json\/wp\/v2\/media\/2783"}],"wp:attachment":[{"href":"https:\/\/universoeletrico.com.br\/eletrico\/wp-json\/wp\/v2\/media?parent=2782"}],"wp:term":[{"taxonomy":"product_brand","embeddable":true,"href":"https:\/\/universoeletrico.com.br\/eletrico\/wp-json\/wp\/v2\/product_brand?post=2782"},{"taxonomy":"product_cat","embeddable":true,"href":"https:\/\/universoeletrico.com.br\/eletrico\/wp-json\/wp\/v2\/product_cat?post=2782"},{"taxonomy":"product_tag","embeddable":true,"href":"https:\/\/universoeletrico.com.br\/eletrico\/wp-json\/wp\/v2\/product_tag?post=2782"}],"curies":[{"name":"wp","href":"https:\/\/api.w.org\/{rel}","templated":true}]}}