{"id":2775,"date":"2025-12-23T08:52:05","date_gmt":"2025-12-23T11:52:05","guid":{"rendered":"https:\/\/universoeletrico.com.br\/eletrico\/?post_type=product&#038;p=2775"},"modified":"2025-12-23T08:52:07","modified_gmt":"2025-12-23T11:52:07","slug":"caixa-quebra-vidro-porta-chave","status":"publish","type":"product","link":"https:\/\/universoeletrico.com.br\/eletrico\/produto\/caixa-quebra-vidro-porta-chave\/","title":{"rendered":"CAIXA QUEBRA VIDRO (PORTA CHAVE)"},"content":{"rendered":"<p>Guarda chave tipo quebra vidro, produzida em abs com pintura de ferro. martelo em abs com ponteiras met\u00e1licas e corrente para rompimento imediato do vidro.<\/p>\n<p>Para pre\u00e7os, or\u00e7amentos e d\u00favidas, fale com nossos especialistas.<\/p>\n","protected":false},"excerpt":{"rendered":"<p>Guarda chave tipo quebra vidro, produzida em abs com pintura de ferro. martelo em abs com ponteiras met\u00e1licas e corrente para rompimento imediato do vidro. Para pre\u00e7os, or\u00e7amentos e d\u00favidas, fale com nossos especialistas.<\/p>\n","protected":false},"featured_media":2776,"template":"","meta":[],"product_brand":[],"product_cat":[46],"product_tag":[107,106],"class_list":{"0":"post-2775","1":"product","2":"type-product","3":"status-publish","4":"has-post-thumbnail","6":"product_cat-prevencao-contra-incendio","7":"product_tag-contra-incendio","8":"product_tag-quebra-vidro","10":"first","11":"instock","12":"shipping-taxable","13":"product-type-simple"},"yoast_head":"<!-- This site is optimized with the Yoast SEO Premium plugin v26.1.1 (Yoast SEO v26.1.1) - https:\/\/yoast.com\/wordpress\/plugins\/seo\/ -->\n<title>CAIXA QUEBRA VIDRO (PORTA CHAVE) - Universo El\u00e9trico<\/title>\n<meta name=\"robots\" content=\"index, follow, max-snippet:-1, max-image-preview:large, max-video-preview:-1\" \/>\n<link rel=\"canonical\" href=\"https:\/\/universoeletrico.com.br\/eletrico\/produto\/caixa-quebra-vidro-porta-chave\/\" \/>\n<meta property=\"og:locale\" content=\"pt_BR\" \/>\n<meta property=\"og:type\" content=\"article\" \/>\n<meta property=\"og:title\" content=\"CAIXA QUEBRA VIDRO (PORTA CHAVE)\" \/>\n<meta property=\"og:description\" content=\"Guarda chave tipo quebra vidro, produzida em abs com pintura de ferro. martelo em abs com ponteiras met\u00e1licas e corrente para rompimento imediato do vidro. Para pre\u00e7os, or\u00e7amentos e d\u00favidas, fale com nossos especialistas.\" \/>\n<meta property=\"og:url\" content=\"https:\/\/universoeletrico.com.br\/eletrico\/produto\/caixa-quebra-vidro-porta-chave\/\" \/>\n<meta property=\"og:site_name\" content=\"Universo El\u00e9trico\" \/>\n<meta property=\"article:modified_time\" content=\"2025-12-23T11:52:07+00:00\" \/>\n<meta property=\"og:image\" content=\"https:\/\/universoeletrico.com.br\/eletrico\/wp-content\/uploads\/2025\/12\/caixa-quebre-o-vidro-para-chave-de-emergencia-convencional-ip20-cirius-1656511748.webp\" \/>\n\t<meta property=\"og:image:width\" content=\"1100\" \/>\n\t<meta property=\"og:image:height\" content=\"1124\" \/>\n\t<meta property=\"og:image:type\" content=\"image\/webp\" \/>\n<meta name=\"twitter:card\" content=\"summary_large_image\" \/>\n<meta name=\"twitter:label1\" content=\"Est. tempo de leitura\" \/>\n\t<meta name=\"twitter:data1\" content=\"1 minuto\" \/>\n<script type=\"application\/ld+json\" class=\"yoast-schema-graph\">{\"@context\":\"https:\/\/schema.org\",\"@graph\":[{\"@type\":\"WebPage\",\"@id\":\"https:\/\/universoeletrico.com.br\/eletrico\/produto\/caixa-quebra-vidro-porta-chave\/\",\"url\":\"https:\/\/universoeletrico.com.br\/eletrico\/produto\/caixa-quebra-vidro-porta-chave\/\",\"name\":\"CAIXA QUEBRA VIDRO (PORTA CHAVE) - Universo El\u00e9trico\",\"isPartOf\":{\"@id\":\"https:\/\/universoeletrico.com.br\/eletrico\/#website\"},\"primaryImageOfPage\":{\"@id\":\"https:\/\/universoeletrico.com.br\/eletrico\/produto\/caixa-quebra-vidro-porta-chave\/#primaryimage\"},\"image\":{\"@id\":\"https:\/\/universoeletrico.com.br\/eletrico\/produto\/caixa-quebra-vidro-porta-chave\/#primaryimage\"},\"thumbnailUrl\":\"https:\/\/universoeletrico.com.br\/eletrico\/wp-content\/uploads\/2025\/12\/caixa-quebre-o-vidro-para-chave-de-emergencia-convencional-ip20-cirius-1656511748.webp\",\"datePublished\":\"2025-12-23T11:52:05+00:00\",\"dateModified\":\"2025-12-23T11:52:07+00:00\",\"breadcrumb\":{\"@id\":\"https:\/\/universoeletrico.com.br\/eletrico\/produto\/caixa-quebra-vidro-porta-chave\/#breadcrumb\"},\"inLanguage\":\"pt-BR\",\"potentialAction\":[{\"@type\":\"ReadAction\",\"target\":[\"https:\/\/universoeletrico.com.br\/eletrico\/produto\/caixa-quebra-vidro-porta-chave\/\"]}]},{\"@type\":\"ImageObject\",\"inLanguage\":\"pt-BR\",\"@id\":\"https:\/\/universoeletrico.com.br\/eletrico\/produto\/caixa-quebra-vidro-porta-chave\/#primaryimage\",\"url\":\"https:\/\/universoeletrico.com.br\/eletrico\/wp-content\/uploads\/2025\/12\/caixa-quebre-o-vidro-para-chave-de-emergencia-convencional-ip20-cirius-1656511748.webp\",\"contentUrl\":\"https:\/\/universoeletrico.com.br\/eletrico\/wp-content\/uploads\/2025\/12\/caixa-quebre-o-vidro-para-chave-de-emergencia-convencional-ip20-cirius-1656511748.webp\",\"width\":1100,\"height\":1124},{\"@type\":\"BreadcrumbList\",\"@id\":\"https:\/\/universoeletrico.com.br\/eletrico\/produto\/caixa-quebra-vidro-porta-chave\/#breadcrumb\",\"itemListElement\":[{\"@type\":\"ListItem\",\"position\":1,\"name\":\"In\u00edcio\",\"item\":\"https:\/\/universoeletrico.com.br\/eletrico\/\"},{\"@type\":\"ListItem\",\"position\":2,\"name\":\"Produtos\",\"item\":\"https:\/\/universoeletrico.com.br\/eletrico\/produtos\/\"},{\"@type\":\"ListItem\",\"position\":3,\"name\":\"CAIXA QUEBRA VIDRO (PORTA CHAVE)\"}]},{\"@type\":\"WebSite\",\"@id\":\"https:\/\/universoeletrico.com.br\/eletrico\/#website\",\"url\":\"https:\/\/universoeletrico.com.br\/eletrico\/\",\"name\":\"Universo El\u00e9trico\",\"description\":\"\",\"potentialAction\":[{\"@type\":\"SearchAction\",\"target\":{\"@type\":\"EntryPoint\",\"urlTemplate\":\"https:\/\/universoeletrico.com.br\/eletrico\/?s={search_term_string}\"},\"query-input\":{\"@type\":\"PropertyValueSpecification\",\"valueRequired\":true,\"valueName\":\"search_term_string\"}}],\"inLanguage\":\"pt-BR\"}]}<\/script>\n<!-- \/ Yoast SEO Premium plugin. -->","yoast_head_json":{"title":"CAIXA QUEBRA VIDRO (PORTA CHAVE) - Universo El\u00e9trico","robots":{"index":"index","follow":"follow","max-snippet":"max-snippet:-1","max-image-preview":"max-image-preview:large","max-video-preview":"max-video-preview:-1"},"canonical":"https:\/\/universoeletrico.com.br\/eletrico\/produto\/caixa-quebra-vidro-porta-chave\/","og_locale":"pt_BR","og_type":"article","og_title":"CAIXA QUEBRA VIDRO (PORTA CHAVE)","og_description":"Guarda chave tipo quebra vidro, produzida em abs com pintura de ferro. martelo em abs com ponteiras met\u00e1licas e corrente para rompimento imediato do vidro. Para pre\u00e7os, or\u00e7amentos e d\u00favidas, fale com nossos especialistas.","og_url":"https:\/\/universoeletrico.com.br\/eletrico\/produto\/caixa-quebra-vidro-porta-chave\/","og_site_name":"Universo El\u00e9trico","article_modified_time":"2025-12-23T11:52:07+00:00","og_image":[{"width":1100,"height":1124,"url":"https:\/\/universoeletrico.com.br\/eletrico\/wp-content\/uploads\/2025\/12\/caixa-quebre-o-vidro-para-chave-de-emergencia-convencional-ip20-cirius-1656511748.webp","type":"image\/webp"}],"twitter_card":"summary_large_image","twitter_misc":{"Est. tempo de leitura":"1 minuto"},"schema":{"@context":"https:\/\/schema.org","@graph":[{"@type":"WebPage","@id":"https:\/\/universoeletrico.com.br\/eletrico\/produto\/caixa-quebra-vidro-porta-chave\/","url":"https:\/\/universoeletrico.com.br\/eletrico\/produto\/caixa-quebra-vidro-porta-chave\/","name":"CAIXA QUEBRA VIDRO (PORTA CHAVE) - Universo El\u00e9trico","isPartOf":{"@id":"https:\/\/universoeletrico.com.br\/eletrico\/#website"},"primaryImageOfPage":{"@id":"https:\/\/universoeletrico.com.br\/eletrico\/produto\/caixa-quebra-vidro-porta-chave\/#primaryimage"},"image":{"@id":"https:\/\/universoeletrico.com.br\/eletrico\/produto\/caixa-quebra-vidro-porta-chave\/#primaryimage"},"thumbnailUrl":"https:\/\/universoeletrico.com.br\/eletrico\/wp-content\/uploads\/2025\/12\/caixa-quebre-o-vidro-para-chave-de-emergencia-convencional-ip20-cirius-1656511748.webp","datePublished":"2025-12-23T11:52:05+00:00","dateModified":"2025-12-23T11:52:07+00:00","breadcrumb":{"@id":"https:\/\/universoeletrico.com.br\/eletrico\/produto\/caixa-quebra-vidro-porta-chave\/#breadcrumb"},"inLanguage":"pt-BR","potentialAction":[{"@type":"ReadAction","target":["https:\/\/universoeletrico.com.br\/eletrico\/produto\/caixa-quebra-vidro-porta-chave\/"]}]},{"@type":"ImageObject","inLanguage":"pt-BR","@id":"https:\/\/universoeletrico.com.br\/eletrico\/produto\/caixa-quebra-vidro-porta-chave\/#primaryimage","url":"https:\/\/universoeletrico.com.br\/eletrico\/wp-content\/uploads\/2025\/12\/caixa-quebre-o-vidro-para-chave-de-emergencia-convencional-ip20-cirius-1656511748.webp","contentUrl":"https:\/\/universoeletrico.com.br\/eletrico\/wp-content\/uploads\/2025\/12\/caixa-quebre-o-vidro-para-chave-de-emergencia-convencional-ip20-cirius-1656511748.webp","width":1100,"height":1124},{"@type":"BreadcrumbList","@id":"https:\/\/universoeletrico.com.br\/eletrico\/produto\/caixa-quebra-vidro-porta-chave\/#breadcrumb","itemListElement":[{"@type":"ListItem","position":1,"name":"In\u00edcio","item":"https:\/\/universoeletrico.com.br\/eletrico\/"},{"@type":"ListItem","position":2,"name":"Produtos","item":"https:\/\/universoeletrico.com.br\/eletrico\/produtos\/"},{"@type":"ListItem","position":3,"name":"CAIXA QUEBRA VIDRO (PORTA CHAVE)"}]},{"@type":"WebSite","@id":"https:\/\/universoeletrico.com.br\/eletrico\/#website","url":"https:\/\/universoeletrico.com.br\/eletrico\/","name":"Universo El\u00e9trico","description":"","potentialAction":[{"@type":"SearchAction","target":{"@type":"EntryPoint","urlTemplate":"https:\/\/universoeletrico.com.br\/eletrico\/?s={search_term_string}"},"query-input":{"@type":"PropertyValueSpecification","valueRequired":true,"valueName":"search_term_string"}}],"inLanguage":"pt-BR"}]}},"_links":{"self":[{"href":"https:\/\/universoeletrico.com.br\/eletrico\/wp-json\/wp\/v2\/product\/2775","targetHints":{"allow":["GET"]}}],"collection":[{"href":"https:\/\/universoeletrico.com.br\/eletrico\/wp-json\/wp\/v2\/product"}],"about":[{"href":"https:\/\/universoeletrico.com.br\/eletrico\/wp-json\/wp\/v2\/types\/product"}],"version-history":[{"count":1,"href":"https:\/\/universoeletrico.com.br\/eletrico\/wp-json\/wp\/v2\/product\/2775\/revisions"}],"predecessor-version":[{"id":2777,"href":"https:\/\/universoeletrico.com.br\/eletrico\/wp-json\/wp\/v2\/product\/2775\/revisions\/2777"}],"wp:featuredmedia":[{"embeddable":true,"href":"https:\/\/universoeletrico.com.br\/eletrico\/wp-json\/wp\/v2\/media\/2776"}],"wp:attachment":[{"href":"https:\/\/universoeletrico.com.br\/eletrico\/wp-json\/wp\/v2\/media?parent=2775"}],"wp:term":[{"taxonomy":"product_brand","embeddable":true,"href":"https:\/\/universoeletrico.com.br\/eletrico\/wp-json\/wp\/v2\/product_brand?post=2775"},{"taxonomy":"product_cat","embeddable":true,"href":"https:\/\/universoeletrico.com.br\/eletrico\/wp-json\/wp\/v2\/product_cat?post=2775"},{"taxonomy":"product_tag","embeddable":true,"href":"https:\/\/universoeletrico.com.br\/eletrico\/wp-json\/wp\/v2\/product_tag?post=2775"}],"curies":[{"name":"wp","href":"https:\/\/api.w.org\/{rel}","templated":true}]}}