{"id":2722,"date":"2025-12-19T17:28:12","date_gmt":"2025-12-19T20:28:12","guid":{"rendered":"https:\/\/universoeletrico.com.br\/eletrico\/?post_type=product&#038;p=2722"},"modified":"2026-02-20T15:53:48","modified_gmt":"2026-02-20T18:53:48","slug":"terminador-optico-aco-12f-preto","status":"publish","type":"product","link":"https:\/\/universoeletrico.com.br\/eletrico\/produto\/terminador-optico-aco-12f-preto\/","title":{"rendered":"TERMINADOR OPTICO ACO 12F PRETO"},"content":{"rendered":"<p>Caixa de Emenda \u00d3ptic-Block 12F &#8211; Terminador \u00f3ptico de PVC quadrado OPT &#8211; BLOCK at\u00e9 12 Fibras Caixa de emenda em material termopl\u00e1stico de alto impacto Destinado ao uso interno com capacidade para acomodar at\u00e9 12 fibras Possui capacidade de entrada de at\u00e9 4 cabos , com di\u00e2metro m\u00e1ximo individual de 12mm.<\/p>\n<p>Para Pre\u00e7os, Or\u00e7amentos e D\u00favidas, fale com nossos especialistas.<\/p>\n","protected":false},"excerpt":{"rendered":"<p>Caixa de Emenda \u00d3ptic-Block 12F &#8211; Terminador \u00f3ptico de PVC quadrado OPT &#8211; BLOCK at\u00e9 12 Fibras Caixa de emenda em material termopl\u00e1stico de alto impacto Destinado ao uso interno com capacidade para acomodar at\u00e9 12 fibras Possui capacidade de entrada de at\u00e9 4 cabos , com di\u00e2metro m\u00e1ximo individual de 12mm. Para Pre\u00e7os, Or\u00e7amentos [&hellip;]<\/p>\n","protected":false},"featured_media":2723,"template":"","meta":[],"product_brand":[],"product_cat":[20,48,55],"product_tag":[102,77,72,101,100],"class_list":{"0":"post-2722","1":"product","2":"type-product","3":"status-publish","4":"has-post-thumbnail","6":"product_cat-cabeamento-estruturado","7":"product_cat-solucoes-optica","8":"product_cat-telefonia-porteiros-e-seguranca","9":"product_tag-12f","10":"product_tag-cabeamento-estruturado","11":"product_tag-infraestrutura-t-i","12":"product_tag-opico","13":"product_tag-terminador","15":"first","16":"instock","17":"shipping-taxable","18":"product-type-simple"},"yoast_head":"<!-- This site is optimized with the Yoast SEO Premium plugin v26.1.1 (Yoast SEO v26.1.1) - https:\/\/yoast.com\/wordpress\/plugins\/seo\/ -->\n<title>TERMINADOR OPTICO ACO 12F PRETO - Universo El\u00e9trico<\/title>\n<meta name=\"robots\" content=\"index, follow, max-snippet:-1, max-image-preview:large, max-video-preview:-1\" \/>\n<link rel=\"canonical\" href=\"https:\/\/universoeletrico.com.br\/eletrico\/produto\/terminador-optico-aco-12f-preto\/\" \/>\n<meta property=\"og:locale\" content=\"pt_BR\" \/>\n<meta property=\"og:type\" content=\"article\" \/>\n<meta property=\"og:title\" content=\"TERMINADOR OPTICO ACO 12F PRETO\" \/>\n<meta property=\"og:description\" content=\"Caixa de Emenda \u00d3ptic-Block 12F &#8211; Terminador \u00f3ptico de PVC quadrado OPT &#8211; BLOCK at\u00e9 12 Fibras Caixa de emenda em material termopl\u00e1stico de alto impacto Destinado ao uso interno com capacidade para acomodar at\u00e9 12 fibras Possui capacidade de entrada de at\u00e9 4 cabos , com di\u00e2metro m\u00e1ximo individual de 12mm. Para Pre\u00e7os, Or\u00e7amentos [&hellip;]\" \/>\n<meta property=\"og:url\" content=\"https:\/\/universoeletrico.com.br\/eletrico\/produto\/terminador-optico-aco-12f-preto\/\" \/>\n<meta property=\"og:site_name\" content=\"Universo El\u00e9trico\" \/>\n<meta property=\"article:modified_time\" content=\"2026-02-20T18:53:48+00:00\" \/>\n<meta property=\"og:image\" content=\"https:\/\/universoeletrico.com.br\/eletrico\/wp-content\/uploads\/2025\/12\/terminador-optico.webp\" \/>\n\t<meta property=\"og:image:width\" content=\"432\" \/>\n\t<meta property=\"og:image:height\" content=\"500\" \/>\n\t<meta property=\"og:image:type\" content=\"image\/webp\" \/>\n<meta name=\"twitter:card\" content=\"summary_large_image\" \/>\n<meta name=\"twitter:label1\" content=\"Est. tempo de leitura\" \/>\n\t<meta name=\"twitter:data1\" content=\"1 minuto\" \/>\n<script type=\"application\/ld+json\" class=\"yoast-schema-graph\">{\"@context\":\"https:\/\/schema.org\",\"@graph\":[{\"@type\":\"WebPage\",\"@id\":\"https:\/\/universoeletrico.com.br\/eletrico\/produto\/terminador-optico-aco-12f-preto\/\",\"url\":\"https:\/\/universoeletrico.com.br\/eletrico\/produto\/terminador-optico-aco-12f-preto\/\",\"name\":\"TERMINADOR OPTICO ACO 12F PRETO - Universo El\u00e9trico\",\"isPartOf\":{\"@id\":\"https:\/\/universoeletrico.com.br\/eletrico\/#website\"},\"primaryImageOfPage\":{\"@id\":\"https:\/\/universoeletrico.com.br\/eletrico\/produto\/terminador-optico-aco-12f-preto\/#primaryimage\"},\"image\":{\"@id\":\"https:\/\/universoeletrico.com.br\/eletrico\/produto\/terminador-optico-aco-12f-preto\/#primaryimage\"},\"thumbnailUrl\":\"https:\/\/universoeletrico.com.br\/eletrico\/wp-content\/uploads\/2025\/12\/terminador-optico.webp\",\"datePublished\":\"2025-12-19T20:28:12+00:00\",\"dateModified\":\"2026-02-20T18:53:48+00:00\",\"breadcrumb\":{\"@id\":\"https:\/\/universoeletrico.com.br\/eletrico\/produto\/terminador-optico-aco-12f-preto\/#breadcrumb\"},\"inLanguage\":\"pt-BR\",\"potentialAction\":[{\"@type\":\"ReadAction\",\"target\":[\"https:\/\/universoeletrico.com.br\/eletrico\/produto\/terminador-optico-aco-12f-preto\/\"]}]},{\"@type\":\"ImageObject\",\"inLanguage\":\"pt-BR\",\"@id\":\"https:\/\/universoeletrico.com.br\/eletrico\/produto\/terminador-optico-aco-12f-preto\/#primaryimage\",\"url\":\"https:\/\/universoeletrico.com.br\/eletrico\/wp-content\/uploads\/2025\/12\/terminador-optico.webp\",\"contentUrl\":\"https:\/\/universoeletrico.com.br\/eletrico\/wp-content\/uploads\/2025\/12\/terminador-optico.webp\",\"width\":432,\"height\":500},{\"@type\":\"BreadcrumbList\",\"@id\":\"https:\/\/universoeletrico.com.br\/eletrico\/produto\/terminador-optico-aco-12f-preto\/#breadcrumb\",\"itemListElement\":[{\"@type\":\"ListItem\",\"position\":1,\"name\":\"In\u00edcio\",\"item\":\"https:\/\/universoeletrico.com.br\/eletrico\/\"},{\"@type\":\"ListItem\",\"position\":2,\"name\":\"Produtos\",\"item\":\"https:\/\/universoeletrico.com.br\/eletrico\/produtos\/\"},{\"@type\":\"ListItem\",\"position\":3,\"name\":\"TERMINADOR OPTICO ACO 12F PRETO\"}]},{\"@type\":\"WebSite\",\"@id\":\"https:\/\/universoeletrico.com.br\/eletrico\/#website\",\"url\":\"https:\/\/universoeletrico.com.br\/eletrico\/\",\"name\":\"Universo El\u00e9trico\",\"description\":\"\",\"potentialAction\":[{\"@type\":\"SearchAction\",\"target\":{\"@type\":\"EntryPoint\",\"urlTemplate\":\"https:\/\/universoeletrico.com.br\/eletrico\/?s={search_term_string}\"},\"query-input\":{\"@type\":\"PropertyValueSpecification\",\"valueRequired\":true,\"valueName\":\"search_term_string\"}}],\"inLanguage\":\"pt-BR\"}]}<\/script>\n<!-- \/ Yoast SEO Premium plugin. -->","yoast_head_json":{"title":"TERMINADOR OPTICO ACO 12F PRETO - Universo El\u00e9trico","robots":{"index":"index","follow":"follow","max-snippet":"max-snippet:-1","max-image-preview":"max-image-preview:large","max-video-preview":"max-video-preview:-1"},"canonical":"https:\/\/universoeletrico.com.br\/eletrico\/produto\/terminador-optico-aco-12f-preto\/","og_locale":"pt_BR","og_type":"article","og_title":"TERMINADOR OPTICO ACO 12F PRETO","og_description":"Caixa de Emenda \u00d3ptic-Block 12F &#8211; Terminador \u00f3ptico de PVC quadrado OPT &#8211; BLOCK at\u00e9 12 Fibras Caixa de emenda em material termopl\u00e1stico de alto impacto Destinado ao uso interno com capacidade para acomodar at\u00e9 12 fibras Possui capacidade de entrada de at\u00e9 4 cabos , com di\u00e2metro m\u00e1ximo individual de 12mm. Para Pre\u00e7os, Or\u00e7amentos [&hellip;]","og_url":"https:\/\/universoeletrico.com.br\/eletrico\/produto\/terminador-optico-aco-12f-preto\/","og_site_name":"Universo El\u00e9trico","article_modified_time":"2026-02-20T18:53:48+00:00","og_image":[{"width":432,"height":500,"url":"https:\/\/universoeletrico.com.br\/eletrico\/wp-content\/uploads\/2025\/12\/terminador-optico.webp","type":"image\/webp"}],"twitter_card":"summary_large_image","twitter_misc":{"Est. tempo de leitura":"1 minuto"},"schema":{"@context":"https:\/\/schema.org","@graph":[{"@type":"WebPage","@id":"https:\/\/universoeletrico.com.br\/eletrico\/produto\/terminador-optico-aco-12f-preto\/","url":"https:\/\/universoeletrico.com.br\/eletrico\/produto\/terminador-optico-aco-12f-preto\/","name":"TERMINADOR OPTICO ACO 12F PRETO - Universo El\u00e9trico","isPartOf":{"@id":"https:\/\/universoeletrico.com.br\/eletrico\/#website"},"primaryImageOfPage":{"@id":"https:\/\/universoeletrico.com.br\/eletrico\/produto\/terminador-optico-aco-12f-preto\/#primaryimage"},"image":{"@id":"https:\/\/universoeletrico.com.br\/eletrico\/produto\/terminador-optico-aco-12f-preto\/#primaryimage"},"thumbnailUrl":"https:\/\/universoeletrico.com.br\/eletrico\/wp-content\/uploads\/2025\/12\/terminador-optico.webp","datePublished":"2025-12-19T20:28:12+00:00","dateModified":"2026-02-20T18:53:48+00:00","breadcrumb":{"@id":"https:\/\/universoeletrico.com.br\/eletrico\/produto\/terminador-optico-aco-12f-preto\/#breadcrumb"},"inLanguage":"pt-BR","potentialAction":[{"@type":"ReadAction","target":["https:\/\/universoeletrico.com.br\/eletrico\/produto\/terminador-optico-aco-12f-preto\/"]}]},{"@type":"ImageObject","inLanguage":"pt-BR","@id":"https:\/\/universoeletrico.com.br\/eletrico\/produto\/terminador-optico-aco-12f-preto\/#primaryimage","url":"https:\/\/universoeletrico.com.br\/eletrico\/wp-content\/uploads\/2025\/12\/terminador-optico.webp","contentUrl":"https:\/\/universoeletrico.com.br\/eletrico\/wp-content\/uploads\/2025\/12\/terminador-optico.webp","width":432,"height":500},{"@type":"BreadcrumbList","@id":"https:\/\/universoeletrico.com.br\/eletrico\/produto\/terminador-optico-aco-12f-preto\/#breadcrumb","itemListElement":[{"@type":"ListItem","position":1,"name":"In\u00edcio","item":"https:\/\/universoeletrico.com.br\/eletrico\/"},{"@type":"ListItem","position":2,"name":"Produtos","item":"https:\/\/universoeletrico.com.br\/eletrico\/produtos\/"},{"@type":"ListItem","position":3,"name":"TERMINADOR OPTICO ACO 12F PRETO"}]},{"@type":"WebSite","@id":"https:\/\/universoeletrico.com.br\/eletrico\/#website","url":"https:\/\/universoeletrico.com.br\/eletrico\/","name":"Universo El\u00e9trico","description":"","potentialAction":[{"@type":"SearchAction","target":{"@type":"EntryPoint","urlTemplate":"https:\/\/universoeletrico.com.br\/eletrico\/?s={search_term_string}"},"query-input":{"@type":"PropertyValueSpecification","valueRequired":true,"valueName":"search_term_string"}}],"inLanguage":"pt-BR"}]}},"_links":{"self":[{"href":"https:\/\/universoeletrico.com.br\/eletrico\/wp-json\/wp\/v2\/product\/2722","targetHints":{"allow":["GET"]}}],"collection":[{"href":"https:\/\/universoeletrico.com.br\/eletrico\/wp-json\/wp\/v2\/product"}],"about":[{"href":"https:\/\/universoeletrico.com.br\/eletrico\/wp-json\/wp\/v2\/types\/product"}],"version-history":[{"count":4,"href":"https:\/\/universoeletrico.com.br\/eletrico\/wp-json\/wp\/v2\/product\/2722\/revisions"}],"predecessor-version":[{"id":2760,"href":"https:\/\/universoeletrico.com.br\/eletrico\/wp-json\/wp\/v2\/product\/2722\/revisions\/2760"}],"wp:featuredmedia":[{"embeddable":true,"href":"https:\/\/universoeletrico.com.br\/eletrico\/wp-json\/wp\/v2\/media\/2723"}],"wp:attachment":[{"href":"https:\/\/universoeletrico.com.br\/eletrico\/wp-json\/wp\/v2\/media?parent=2722"}],"wp:term":[{"taxonomy":"product_brand","embeddable":true,"href":"https:\/\/universoeletrico.com.br\/eletrico\/wp-json\/wp\/v2\/product_brand?post=2722"},{"taxonomy":"product_cat","embeddable":true,"href":"https:\/\/universoeletrico.com.br\/eletrico\/wp-json\/wp\/v2\/product_cat?post=2722"},{"taxonomy":"product_tag","embeddable":true,"href":"https:\/\/universoeletrico.com.br\/eletrico\/wp-json\/wp\/v2\/product_tag?post=2722"}],"curies":[{"name":"wp","href":"https:\/\/api.w.org\/{rel}","templated":true}]}}