{"id":2718,"date":"2025-12-19T17:21:47","date_gmt":"2025-12-19T20:21:47","guid":{"rendered":"https:\/\/universoeletrico.com.br\/eletrico\/?post_type=product&#038;p=2718"},"modified":"2025-12-22T10:19:25","modified_gmt":"2025-12-22T13:19:25","slug":"dio-interno-pro-fs-24f-sm-sc-apc","status":"publish","type":"product","link":"https:\/\/universoeletrico.com.br\/eletrico\/produto\/dio-interno-pro-fs-24f-sm-sc-apc\/","title":{"rendered":"DIO INTERNO PRO FS 24F SM\/SC APC"},"content":{"rendered":"<p>O Distribuidor Interno \u00d3ptico DIO 24 Fibras Fit foi desenvolvido para acomoda\u00e7\u00e3o de emendas, sobras de fibras \u00f3pticas e distribui\u00e7\u00e3o de cord\u00f5es em redes de cabeamento estruturado. O DIO 24F Fit \u00e9 para uso interno, instalado em racks padr\u00e3o 19\/23\u201d (rota\u00e7\u00e3o do suporte de fixa\u00e7\u00e3o). Possui entrada para cabos lateral ou traseira e espa\u00e7o compartilhado para acomoda\u00e7\u00e3o de tubo loose. Tem capacidade de acomoda\u00e7\u00e3o de at\u00e9 24 fus\u00f5es em 1U atrav\u00e9s de uma gaveta deslizante e painel para adaptadores com inclina\u00e7\u00e3o de 25\u00b0, facilitando a curvatura dos cord\u00f5es e pigtails.<\/p>\n<p>Para Pre\u00e7o, Or\u00e7amentos e D\u00favidas, fale com nossos especialistas.<\/p>\n","protected":false},"excerpt":{"rendered":"<p>O Distribuidor Interno \u00d3ptico DIO 24 Fibras Fit foi desenvolvido para acomoda\u00e7\u00e3o de emendas, sobras de fibras \u00f3pticas e distribui\u00e7\u00e3o de cord\u00f5es em redes de cabeamento estruturado. O DIO 24F Fit \u00e9 para uso interno, instalado em racks padr\u00e3o 19\/23\u201d (rota\u00e7\u00e3o do suporte de fixa\u00e7\u00e3o). Possui entrada para cabos lateral ou traseira e espa\u00e7o compartilhado [&hellip;]<\/p>\n","protected":false},"featured_media":2721,"template":"","meta":[],"product_brand":[],"product_cat":[20,48,55],"product_tag":[77,99,72],"class_list":{"0":"post-2718","1":"product","2":"type-product","3":"status-publish","4":"has-post-thumbnail","6":"product_cat-cabeamento-estruturado","7":"product_cat-solucoes-optica","8":"product_cat-telefonia-porteiros-e-seguranca","9":"product_tag-cabeamento-estruturado","10":"product_tag-dio-interno","11":"product_tag-infraestrutura-t-i","13":"first","14":"instock","15":"shipping-taxable","16":"product-type-simple"},"yoast_head":"<!-- This site is optimized with the Yoast SEO Premium plugin v26.1.1 (Yoast SEO v26.1.1) - https:\/\/yoast.com\/wordpress\/plugins\/seo\/ -->\n<title>DIO INTERNO PRO FS 24F SM\/SC APC - Universo El\u00e9trico<\/title>\n<meta name=\"robots\" content=\"index, follow, max-snippet:-1, max-image-preview:large, max-video-preview:-1\" \/>\n<link rel=\"canonical\" href=\"https:\/\/universoeletrico.com.br\/eletrico\/produto\/dio-interno-pro-fs-24f-sm-sc-apc\/\" \/>\n<meta property=\"og:locale\" content=\"pt_BR\" \/>\n<meta property=\"og:type\" content=\"article\" \/>\n<meta property=\"og:title\" content=\"DIO INTERNO PRO FS 24F SM\/SC APC\" \/>\n<meta property=\"og:description\" content=\"O Distribuidor Interno \u00d3ptico DIO 24 Fibras Fit foi desenvolvido para acomoda\u00e7\u00e3o de emendas, sobras de fibras \u00f3pticas e distribui\u00e7\u00e3o de cord\u00f5es em redes de cabeamento estruturado. O DIO 24F Fit \u00e9 para uso interno, instalado em racks padr\u00e3o 19\/23\u201d (rota\u00e7\u00e3o do suporte de fixa\u00e7\u00e3o). Possui entrada para cabos lateral ou traseira e espa\u00e7o compartilhado [&hellip;]\" \/>\n<meta property=\"og:url\" content=\"https:\/\/universoeletrico.com.br\/eletrico\/produto\/dio-interno-pro-fs-24f-sm-sc-apc\/\" \/>\n<meta property=\"og:site_name\" content=\"Universo El\u00e9trico\" \/>\n<meta property=\"article:modified_time\" content=\"2025-12-22T13:19:25+00:00\" \/>\n<meta property=\"og:image\" content=\"https:\/\/universoeletrico.com.br\/eletrico\/wp-content\/uploads\/2025\/12\/9dio.webp\" \/>\n\t<meta property=\"og:image:width\" content=\"800\" \/>\n\t<meta property=\"og:image:height\" content=\"800\" \/>\n\t<meta property=\"og:image:type\" content=\"image\/webp\" \/>\n<meta name=\"twitter:card\" content=\"summary_large_image\" \/>\n<meta name=\"twitter:label1\" content=\"Est. tempo de leitura\" \/>\n\t<meta name=\"twitter:data1\" content=\"1 minuto\" \/>\n<script type=\"application\/ld+json\" class=\"yoast-schema-graph\">{\"@context\":\"https:\/\/schema.org\",\"@graph\":[{\"@type\":\"WebPage\",\"@id\":\"https:\/\/universoeletrico.com.br\/eletrico\/produto\/dio-interno-pro-fs-24f-sm-sc-apc\/\",\"url\":\"https:\/\/universoeletrico.com.br\/eletrico\/produto\/dio-interno-pro-fs-24f-sm-sc-apc\/\",\"name\":\"DIO INTERNO PRO FS 24F SM\/SC APC - Universo El\u00e9trico\",\"isPartOf\":{\"@id\":\"https:\/\/universoeletrico.com.br\/eletrico\/#website\"},\"primaryImageOfPage\":{\"@id\":\"https:\/\/universoeletrico.com.br\/eletrico\/produto\/dio-interno-pro-fs-24f-sm-sc-apc\/#primaryimage\"},\"image\":{\"@id\":\"https:\/\/universoeletrico.com.br\/eletrico\/produto\/dio-interno-pro-fs-24f-sm-sc-apc\/#primaryimage\"},\"thumbnailUrl\":\"https:\/\/universoeletrico.com.br\/eletrico\/wp-content\/uploads\/2025\/12\/9dio.webp\",\"datePublished\":\"2025-12-19T20:21:47+00:00\",\"dateModified\":\"2025-12-22T13:19:25+00:00\",\"breadcrumb\":{\"@id\":\"https:\/\/universoeletrico.com.br\/eletrico\/produto\/dio-interno-pro-fs-24f-sm-sc-apc\/#breadcrumb\"},\"inLanguage\":\"pt-BR\",\"potentialAction\":[{\"@type\":\"ReadAction\",\"target\":[\"https:\/\/universoeletrico.com.br\/eletrico\/produto\/dio-interno-pro-fs-24f-sm-sc-apc\/\"]}]},{\"@type\":\"ImageObject\",\"inLanguage\":\"pt-BR\",\"@id\":\"https:\/\/universoeletrico.com.br\/eletrico\/produto\/dio-interno-pro-fs-24f-sm-sc-apc\/#primaryimage\",\"url\":\"https:\/\/universoeletrico.com.br\/eletrico\/wp-content\/uploads\/2025\/12\/9dio.webp\",\"contentUrl\":\"https:\/\/universoeletrico.com.br\/eletrico\/wp-content\/uploads\/2025\/12\/9dio.webp\",\"width\":800,\"height\":800},{\"@type\":\"BreadcrumbList\",\"@id\":\"https:\/\/universoeletrico.com.br\/eletrico\/produto\/dio-interno-pro-fs-24f-sm-sc-apc\/#breadcrumb\",\"itemListElement\":[{\"@type\":\"ListItem\",\"position\":1,\"name\":\"In\u00edcio\",\"item\":\"https:\/\/universoeletrico.com.br\/eletrico\/\"},{\"@type\":\"ListItem\",\"position\":2,\"name\":\"Produtos\",\"item\":\"https:\/\/universoeletrico.com.br\/eletrico\/produtos\/\"},{\"@type\":\"ListItem\",\"position\":3,\"name\":\"DIO INTERNO PRO FS 24F SM\/SC APC\"}]},{\"@type\":\"WebSite\",\"@id\":\"https:\/\/universoeletrico.com.br\/eletrico\/#website\",\"url\":\"https:\/\/universoeletrico.com.br\/eletrico\/\",\"name\":\"Universo El\u00e9trico\",\"description\":\"\",\"potentialAction\":[{\"@type\":\"SearchAction\",\"target\":{\"@type\":\"EntryPoint\",\"urlTemplate\":\"https:\/\/universoeletrico.com.br\/eletrico\/?s={search_term_string}\"},\"query-input\":{\"@type\":\"PropertyValueSpecification\",\"valueRequired\":true,\"valueName\":\"search_term_string\"}}],\"inLanguage\":\"pt-BR\"}]}<\/script>\n<!-- \/ Yoast SEO Premium plugin. -->","yoast_head_json":{"title":"DIO INTERNO PRO FS 24F SM\/SC APC - Universo El\u00e9trico","robots":{"index":"index","follow":"follow","max-snippet":"max-snippet:-1","max-image-preview":"max-image-preview:large","max-video-preview":"max-video-preview:-1"},"canonical":"https:\/\/universoeletrico.com.br\/eletrico\/produto\/dio-interno-pro-fs-24f-sm-sc-apc\/","og_locale":"pt_BR","og_type":"article","og_title":"DIO INTERNO PRO FS 24F SM\/SC APC","og_description":"O Distribuidor Interno \u00d3ptico DIO 24 Fibras Fit foi desenvolvido para acomoda\u00e7\u00e3o de emendas, sobras de fibras \u00f3pticas e distribui\u00e7\u00e3o de cord\u00f5es em redes de cabeamento estruturado. O DIO 24F Fit \u00e9 para uso interno, instalado em racks padr\u00e3o 19\/23\u201d (rota\u00e7\u00e3o do suporte de fixa\u00e7\u00e3o). Possui entrada para cabos lateral ou traseira e espa\u00e7o compartilhado [&hellip;]","og_url":"https:\/\/universoeletrico.com.br\/eletrico\/produto\/dio-interno-pro-fs-24f-sm-sc-apc\/","og_site_name":"Universo El\u00e9trico","article_modified_time":"2025-12-22T13:19:25+00:00","og_image":[{"width":800,"height":800,"url":"https:\/\/universoeletrico.com.br\/eletrico\/wp-content\/uploads\/2025\/12\/9dio.webp","type":"image\/webp"}],"twitter_card":"summary_large_image","twitter_misc":{"Est. tempo de leitura":"1 minuto"},"schema":{"@context":"https:\/\/schema.org","@graph":[{"@type":"WebPage","@id":"https:\/\/universoeletrico.com.br\/eletrico\/produto\/dio-interno-pro-fs-24f-sm-sc-apc\/","url":"https:\/\/universoeletrico.com.br\/eletrico\/produto\/dio-interno-pro-fs-24f-sm-sc-apc\/","name":"DIO INTERNO PRO FS 24F SM\/SC APC - Universo El\u00e9trico","isPartOf":{"@id":"https:\/\/universoeletrico.com.br\/eletrico\/#website"},"primaryImageOfPage":{"@id":"https:\/\/universoeletrico.com.br\/eletrico\/produto\/dio-interno-pro-fs-24f-sm-sc-apc\/#primaryimage"},"image":{"@id":"https:\/\/universoeletrico.com.br\/eletrico\/produto\/dio-interno-pro-fs-24f-sm-sc-apc\/#primaryimage"},"thumbnailUrl":"https:\/\/universoeletrico.com.br\/eletrico\/wp-content\/uploads\/2025\/12\/9dio.webp","datePublished":"2025-12-19T20:21:47+00:00","dateModified":"2025-12-22T13:19:25+00:00","breadcrumb":{"@id":"https:\/\/universoeletrico.com.br\/eletrico\/produto\/dio-interno-pro-fs-24f-sm-sc-apc\/#breadcrumb"},"inLanguage":"pt-BR","potentialAction":[{"@type":"ReadAction","target":["https:\/\/universoeletrico.com.br\/eletrico\/produto\/dio-interno-pro-fs-24f-sm-sc-apc\/"]}]},{"@type":"ImageObject","inLanguage":"pt-BR","@id":"https:\/\/universoeletrico.com.br\/eletrico\/produto\/dio-interno-pro-fs-24f-sm-sc-apc\/#primaryimage","url":"https:\/\/universoeletrico.com.br\/eletrico\/wp-content\/uploads\/2025\/12\/9dio.webp","contentUrl":"https:\/\/universoeletrico.com.br\/eletrico\/wp-content\/uploads\/2025\/12\/9dio.webp","width":800,"height":800},{"@type":"BreadcrumbList","@id":"https:\/\/universoeletrico.com.br\/eletrico\/produto\/dio-interno-pro-fs-24f-sm-sc-apc\/#breadcrumb","itemListElement":[{"@type":"ListItem","position":1,"name":"In\u00edcio","item":"https:\/\/universoeletrico.com.br\/eletrico\/"},{"@type":"ListItem","position":2,"name":"Produtos","item":"https:\/\/universoeletrico.com.br\/eletrico\/produtos\/"},{"@type":"ListItem","position":3,"name":"DIO INTERNO PRO FS 24F SM\/SC APC"}]},{"@type":"WebSite","@id":"https:\/\/universoeletrico.com.br\/eletrico\/#website","url":"https:\/\/universoeletrico.com.br\/eletrico\/","name":"Universo El\u00e9trico","description":"","potentialAction":[{"@type":"SearchAction","target":{"@type":"EntryPoint","urlTemplate":"https:\/\/universoeletrico.com.br\/eletrico\/?s={search_term_string}"},"query-input":{"@type":"PropertyValueSpecification","valueRequired":true,"valueName":"search_term_string"}}],"inLanguage":"pt-BR"}]}},"_links":{"self":[{"href":"https:\/\/universoeletrico.com.br\/eletrico\/wp-json\/wp\/v2\/product\/2718","targetHints":{"allow":["GET"]}}],"collection":[{"href":"https:\/\/universoeletrico.com.br\/eletrico\/wp-json\/wp\/v2\/product"}],"about":[{"href":"https:\/\/universoeletrico.com.br\/eletrico\/wp-json\/wp\/v2\/types\/product"}],"version-history":[{"count":2,"href":"https:\/\/universoeletrico.com.br\/eletrico\/wp-json\/wp\/v2\/product\/2718\/revisions"}],"predecessor-version":[{"id":2746,"href":"https:\/\/universoeletrico.com.br\/eletrico\/wp-json\/wp\/v2\/product\/2718\/revisions\/2746"}],"wp:featuredmedia":[{"embeddable":true,"href":"https:\/\/universoeletrico.com.br\/eletrico\/wp-json\/wp\/v2\/media\/2721"}],"wp:attachment":[{"href":"https:\/\/universoeletrico.com.br\/eletrico\/wp-json\/wp\/v2\/media?parent=2718"}],"wp:term":[{"taxonomy":"product_brand","embeddable":true,"href":"https:\/\/universoeletrico.com.br\/eletrico\/wp-json\/wp\/v2\/product_brand?post=2718"},{"taxonomy":"product_cat","embeddable":true,"href":"https:\/\/universoeletrico.com.br\/eletrico\/wp-json\/wp\/v2\/product_cat?post=2718"},{"taxonomy":"product_tag","embeddable":true,"href":"https:\/\/universoeletrico.com.br\/eletrico\/wp-json\/wp\/v2\/product_tag?post=2718"}],"curies":[{"name":"wp","href":"https:\/\/api.w.org\/{rel}","templated":true}]}}