{"id":2703,"date":"2025-12-19T10:37:49","date_gmt":"2025-12-19T13:37:49","guid":{"rendered":"https:\/\/universoeletrico.com.br\/eletrico\/?post_type=product&#038;p=2703"},"modified":"2026-02-26T16:47:20","modified_gmt":"2026-02-26T19:47:20","slug":"cabo-optico-cfoa-sm-asu80-4f","status":"publish","type":"product","link":"https:\/\/universoeletrico.com.br\/eletrico\/produto\/cabo-optico-cfoa-sm-asu80-4f\/","title":{"rendered":"CABO OPTICO CFOA SM ASU80 4F"},"content":{"rendered":"<p>Cabo \u00f3ptico totalmente diel\u00e9trico constitu\u00eddo por fibras \u00f3pticas tipo monomodo ou multimodo, revestidas em acrilato curado com UV, agrupadas em unidades b\u00e1sicas. Elemento central e elemento de tra\u00e7\u00e3o diel\u00e9tricos. N\u00facleo totalmente seco protegido contra penetra\u00e7\u00e3o de umidade. Fibras diel\u00e9tricas s\u00e3o utilizados para garantir resist\u00eancia mec\u00e2nica do cabo e prote\u00e7\u00e3o contra roedores, todo o conjunto ser\u00e1 protegido por uma capa externa de material termopl\u00e1stico resistente a intemp\u00e9ries.<\/p>\n<p>Segue abaixo outras op\u00e7\u00f5es de tamanhos e modelos:<\/p>\n<p>cod: 149002 CABO OPTICO CFOA SM ASU80 6F<\/p>\n<p>cod: 149003 CABO OPTICO CFOA SM ASU80 12F<\/p>\n<p>cod: 149004 CABO OPTICO CFOA SM DD-S 4F<\/p>\n<p>Para Pre\u00e7os, Or\u00e7amentos e D\u00favidas, fale com nossos especialistas.<\/p>\n","protected":false},"excerpt":{"rendered":"<p>Cabo \u00f3ptico totalmente diel\u00e9trico constitu\u00eddo por fibras \u00f3pticas tipo monomodo ou multimodo, revestidas em acrilato curado com UV, agrupadas em unidades b\u00e1sicas. Elemento central e elemento de tra\u00e7\u00e3o diel\u00e9tricos. N\u00facleo totalmente seco protegido contra penetra\u00e7\u00e3o de umidade. Fibras diel\u00e9tricas s\u00e3o utilizados para garantir resist\u00eancia mec\u00e2nica do cabo e prote\u00e7\u00e3o contra roedores, todo o conjunto ser\u00e1 [&hellip;]<\/p>\n","protected":false},"featured_media":2708,"template":"","meta":[],"product_brand":[],"product_cat":[20,48],"product_tag":[77,94,269,72,93],"class_list":{"0":"post-2703","1":"product","2":"type-product","3":"status-publish","4":"has-post-thumbnail","6":"product_cat-cabeamento-estruturado","7":"product_cat-solucoes-optica","8":"product_tag-cabeamento-estruturado","9":"product_tag-cabo","10":"product_tag-cfoa","11":"product_tag-infraestrutura-t-i","12":"product_tag-otico","14":"first","15":"instock","16":"shipping-taxable","17":"purchasable","18":"product-type-simple"},"yoast_head":"<!-- This site is optimized with the Yoast SEO Premium plugin v26.1.1 (Yoast SEO v26.1.1) - https:\/\/yoast.com\/wordpress\/plugins\/seo\/ -->\n<title>CABO OPTICO CFOA SM ASU80 4F - Universo El\u00e9trico<\/title>\n<meta name=\"robots\" content=\"index, follow, max-snippet:-1, max-image-preview:large, max-video-preview:-1\" \/>\n<link rel=\"canonical\" href=\"https:\/\/universoeletrico.com.br\/eletrico\/produto\/cabo-optico-cfoa-sm-asu80-4f\/\" \/>\n<meta property=\"og:locale\" content=\"pt_BR\" \/>\n<meta property=\"og:type\" content=\"article\" \/>\n<meta property=\"og:title\" content=\"CABO OPTICO CFOA SM ASU80 4F\" \/>\n<meta property=\"og:description\" content=\"Cabo \u00f3ptico totalmente diel\u00e9trico constitu\u00eddo por fibras \u00f3pticas tipo monomodo ou multimodo, revestidas em acrilato curado com UV, agrupadas em unidades b\u00e1sicas. Elemento central e elemento de tra\u00e7\u00e3o diel\u00e9tricos. N\u00facleo totalmente seco protegido contra penetra\u00e7\u00e3o de umidade. Fibras diel\u00e9tricas s\u00e3o utilizados para garantir resist\u00eancia mec\u00e2nica do cabo e prote\u00e7\u00e3o contra roedores, todo o conjunto ser\u00e1 [&hellip;]\" \/>\n<meta property=\"og:url\" content=\"https:\/\/universoeletrico.com.br\/eletrico\/produto\/cabo-optico-cfoa-sm-asu80-4f\/\" \/>\n<meta property=\"og:site_name\" content=\"Universo El\u00e9trico\" \/>\n<meta property=\"article:modified_time\" content=\"2026-02-26T19:47:20+00:00\" \/>\n<meta property=\"og:image\" content=\"https:\/\/universoeletrico.com.br\/eletrico\/wp-content\/uploads\/2025\/12\/cabo-optico-1.webp\" \/>\n\t<meta property=\"og:image:width\" content=\"1000\" \/>\n\t<meta property=\"og:image:height\" content=\"1000\" \/>\n\t<meta property=\"og:image:type\" content=\"image\/webp\" \/>\n<meta name=\"twitter:card\" content=\"summary_large_image\" \/>\n<meta name=\"twitter:label1\" content=\"Est. tempo de leitura\" \/>\n\t<meta name=\"twitter:data1\" content=\"1 minuto\" \/>\n<script type=\"application\/ld+json\" class=\"yoast-schema-graph\">{\"@context\":\"https:\/\/schema.org\",\"@graph\":[{\"@type\":\"WebPage\",\"@id\":\"https:\/\/universoeletrico.com.br\/eletrico\/produto\/cabo-optico-cfoa-sm-asu80-4f\/\",\"url\":\"https:\/\/universoeletrico.com.br\/eletrico\/produto\/cabo-optico-cfoa-sm-asu80-4f\/\",\"name\":\"CABO OPTICO CFOA SM ASU80 4F - Universo El\u00e9trico\",\"isPartOf\":{\"@id\":\"https:\/\/universoeletrico.com.br\/eletrico\/#website\"},\"primaryImageOfPage\":{\"@id\":\"https:\/\/universoeletrico.com.br\/eletrico\/produto\/cabo-optico-cfoa-sm-asu80-4f\/#primaryimage\"},\"image\":{\"@id\":\"https:\/\/universoeletrico.com.br\/eletrico\/produto\/cabo-optico-cfoa-sm-asu80-4f\/#primaryimage\"},\"thumbnailUrl\":\"https:\/\/universoeletrico.com.br\/eletrico\/wp-content\/uploads\/2025\/12\/cabo-optico-1.webp\",\"datePublished\":\"2025-12-19T13:37:49+00:00\",\"dateModified\":\"2026-02-26T19:47:20+00:00\",\"breadcrumb\":{\"@id\":\"https:\/\/universoeletrico.com.br\/eletrico\/produto\/cabo-optico-cfoa-sm-asu80-4f\/#breadcrumb\"},\"inLanguage\":\"pt-BR\",\"potentialAction\":[{\"@type\":\"ReadAction\",\"target\":[\"https:\/\/universoeletrico.com.br\/eletrico\/produto\/cabo-optico-cfoa-sm-asu80-4f\/\"]}]},{\"@type\":\"ImageObject\",\"inLanguage\":\"pt-BR\",\"@id\":\"https:\/\/universoeletrico.com.br\/eletrico\/produto\/cabo-optico-cfoa-sm-asu80-4f\/#primaryimage\",\"url\":\"https:\/\/universoeletrico.com.br\/eletrico\/wp-content\/uploads\/2025\/12\/cabo-optico-1.webp\",\"contentUrl\":\"https:\/\/universoeletrico.com.br\/eletrico\/wp-content\/uploads\/2025\/12\/cabo-optico-1.webp\",\"width\":1000,\"height\":1000},{\"@type\":\"BreadcrumbList\",\"@id\":\"https:\/\/universoeletrico.com.br\/eletrico\/produto\/cabo-optico-cfoa-sm-asu80-4f\/#breadcrumb\",\"itemListElement\":[{\"@type\":\"ListItem\",\"position\":1,\"name\":\"In\u00edcio\",\"item\":\"https:\/\/universoeletrico.com.br\/eletrico\/\"},{\"@type\":\"ListItem\",\"position\":2,\"name\":\"Produtos\",\"item\":\"https:\/\/universoeletrico.com.br\/eletrico\/produtos\/\"},{\"@type\":\"ListItem\",\"position\":3,\"name\":\"CABO OPTICO CFOA SM ASU80 4F\"}]},{\"@type\":\"WebSite\",\"@id\":\"https:\/\/universoeletrico.com.br\/eletrico\/#website\",\"url\":\"https:\/\/universoeletrico.com.br\/eletrico\/\",\"name\":\"Universo El\u00e9trico\",\"description\":\"\",\"potentialAction\":[{\"@type\":\"SearchAction\",\"target\":{\"@type\":\"EntryPoint\",\"urlTemplate\":\"https:\/\/universoeletrico.com.br\/eletrico\/?s={search_term_string}\"},\"query-input\":{\"@type\":\"PropertyValueSpecification\",\"valueRequired\":true,\"valueName\":\"search_term_string\"}}],\"inLanguage\":\"pt-BR\"}]}<\/script>\n<!-- \/ Yoast SEO Premium plugin. -->","yoast_head_json":{"title":"CABO OPTICO CFOA SM ASU80 4F - Universo El\u00e9trico","robots":{"index":"index","follow":"follow","max-snippet":"max-snippet:-1","max-image-preview":"max-image-preview:large","max-video-preview":"max-video-preview:-1"},"canonical":"https:\/\/universoeletrico.com.br\/eletrico\/produto\/cabo-optico-cfoa-sm-asu80-4f\/","og_locale":"pt_BR","og_type":"article","og_title":"CABO OPTICO CFOA SM ASU80 4F","og_description":"Cabo \u00f3ptico totalmente diel\u00e9trico constitu\u00eddo por fibras \u00f3pticas tipo monomodo ou multimodo, revestidas em acrilato curado com UV, agrupadas em unidades b\u00e1sicas. Elemento central e elemento de tra\u00e7\u00e3o diel\u00e9tricos. N\u00facleo totalmente seco protegido contra penetra\u00e7\u00e3o de umidade. Fibras diel\u00e9tricas s\u00e3o utilizados para garantir resist\u00eancia mec\u00e2nica do cabo e prote\u00e7\u00e3o contra roedores, todo o conjunto ser\u00e1 [&hellip;]","og_url":"https:\/\/universoeletrico.com.br\/eletrico\/produto\/cabo-optico-cfoa-sm-asu80-4f\/","og_site_name":"Universo El\u00e9trico","article_modified_time":"2026-02-26T19:47:20+00:00","og_image":[{"width":1000,"height":1000,"url":"https:\/\/universoeletrico.com.br\/eletrico\/wp-content\/uploads\/2025\/12\/cabo-optico-1.webp","type":"image\/webp"}],"twitter_card":"summary_large_image","twitter_misc":{"Est. tempo de leitura":"1 minuto"},"schema":{"@context":"https:\/\/schema.org","@graph":[{"@type":"WebPage","@id":"https:\/\/universoeletrico.com.br\/eletrico\/produto\/cabo-optico-cfoa-sm-asu80-4f\/","url":"https:\/\/universoeletrico.com.br\/eletrico\/produto\/cabo-optico-cfoa-sm-asu80-4f\/","name":"CABO OPTICO CFOA SM ASU80 4F - Universo El\u00e9trico","isPartOf":{"@id":"https:\/\/universoeletrico.com.br\/eletrico\/#website"},"primaryImageOfPage":{"@id":"https:\/\/universoeletrico.com.br\/eletrico\/produto\/cabo-optico-cfoa-sm-asu80-4f\/#primaryimage"},"image":{"@id":"https:\/\/universoeletrico.com.br\/eletrico\/produto\/cabo-optico-cfoa-sm-asu80-4f\/#primaryimage"},"thumbnailUrl":"https:\/\/universoeletrico.com.br\/eletrico\/wp-content\/uploads\/2025\/12\/cabo-optico-1.webp","datePublished":"2025-12-19T13:37:49+00:00","dateModified":"2026-02-26T19:47:20+00:00","breadcrumb":{"@id":"https:\/\/universoeletrico.com.br\/eletrico\/produto\/cabo-optico-cfoa-sm-asu80-4f\/#breadcrumb"},"inLanguage":"pt-BR","potentialAction":[{"@type":"ReadAction","target":["https:\/\/universoeletrico.com.br\/eletrico\/produto\/cabo-optico-cfoa-sm-asu80-4f\/"]}]},{"@type":"ImageObject","inLanguage":"pt-BR","@id":"https:\/\/universoeletrico.com.br\/eletrico\/produto\/cabo-optico-cfoa-sm-asu80-4f\/#primaryimage","url":"https:\/\/universoeletrico.com.br\/eletrico\/wp-content\/uploads\/2025\/12\/cabo-optico-1.webp","contentUrl":"https:\/\/universoeletrico.com.br\/eletrico\/wp-content\/uploads\/2025\/12\/cabo-optico-1.webp","width":1000,"height":1000},{"@type":"BreadcrumbList","@id":"https:\/\/universoeletrico.com.br\/eletrico\/produto\/cabo-optico-cfoa-sm-asu80-4f\/#breadcrumb","itemListElement":[{"@type":"ListItem","position":1,"name":"In\u00edcio","item":"https:\/\/universoeletrico.com.br\/eletrico\/"},{"@type":"ListItem","position":2,"name":"Produtos","item":"https:\/\/universoeletrico.com.br\/eletrico\/produtos\/"},{"@type":"ListItem","position":3,"name":"CABO OPTICO CFOA SM ASU80 4F"}]},{"@type":"WebSite","@id":"https:\/\/universoeletrico.com.br\/eletrico\/#website","url":"https:\/\/universoeletrico.com.br\/eletrico\/","name":"Universo El\u00e9trico","description":"","potentialAction":[{"@type":"SearchAction","target":{"@type":"EntryPoint","urlTemplate":"https:\/\/universoeletrico.com.br\/eletrico\/?s={search_term_string}"},"query-input":{"@type":"PropertyValueSpecification","valueRequired":true,"valueName":"search_term_string"}}],"inLanguage":"pt-BR"}]}},"_links":{"self":[{"href":"https:\/\/universoeletrico.com.br\/eletrico\/wp-json\/wp\/v2\/product\/2703","targetHints":{"allow":["GET"]}}],"collection":[{"href":"https:\/\/universoeletrico.com.br\/eletrico\/wp-json\/wp\/v2\/product"}],"about":[{"href":"https:\/\/universoeletrico.com.br\/eletrico\/wp-json\/wp\/v2\/types\/product"}],"version-history":[{"count":3,"href":"https:\/\/universoeletrico.com.br\/eletrico\/wp-json\/wp\/v2\/product\/2703\/revisions"}],"predecessor-version":[{"id":2736,"href":"https:\/\/universoeletrico.com.br\/eletrico\/wp-json\/wp\/v2\/product\/2703\/revisions\/2736"}],"wp:featuredmedia":[{"embeddable":true,"href":"https:\/\/universoeletrico.com.br\/eletrico\/wp-json\/wp\/v2\/media\/2708"}],"wp:attachment":[{"href":"https:\/\/universoeletrico.com.br\/eletrico\/wp-json\/wp\/v2\/media?parent=2703"}],"wp:term":[{"taxonomy":"product_brand","embeddable":true,"href":"https:\/\/universoeletrico.com.br\/eletrico\/wp-json\/wp\/v2\/product_brand?post=2703"},{"taxonomy":"product_cat","embeddable":true,"href":"https:\/\/universoeletrico.com.br\/eletrico\/wp-json\/wp\/v2\/product_cat?post=2703"},{"taxonomy":"product_tag","embeddable":true,"href":"https:\/\/universoeletrico.com.br\/eletrico\/wp-json\/wp\/v2\/product_tag?post=2703"}],"curies":[{"name":"wp","href":"https:\/\/api.w.org\/{rel}","templated":true}]}}