{"id":2685,"date":"2025-12-18T16:07:31","date_gmt":"2025-12-18T19:07:31","guid":{"rendered":"https:\/\/universoeletrico.com.br\/eletrico\/?post_type=product&#038;p=2685"},"modified":"2025-12-22T10:42:15","modified_gmt":"2025-12-22T13:42:15","slug":"porteiro-eletronico-c-interfone-f8-s","status":"publish","type":"product","link":"https:\/\/universoeletrico.com.br\/eletrico\/produto\/porteiro-eletronico-c-interfone-f8-s\/","title":{"rendered":"PORTEIRO ELETRONICO C\/INTERFONE F8-S"},"content":{"rendered":"<p>Porteiro Eletr\u00f4nico Class com Acionamento de Fechadura, Sistema Anti-viola\u00e7\u00e3o e Ajuste de Volume &#8211; HDL O Porteiro HDL Class oferece seguran\u00e7a e praticidade, com design moderno e sofisticado, possui \u00e1udio bidirecional para facilitar a comunica\u00e7\u00e3o e controle de acesso. Uma vantagem \u00e9 a capacidade de abrir a porta remotamente.<\/p>\n<p>Segue abaixo outras op\u00e7\u00f5es de tamanhos e modelos:<\/p>\n<p>cod: 49085 PORTEIRO ELET C\/VIDEO SENSE S MCA &#8211; E<\/p>\n<p>cod: 49086 PORTEIRO ELETRONICO COM INTERFONE<\/p>\n<p>cod: 88316 PORTEIRO ELETRONICO RESID.C\/INTERFONE<\/p>\n<p>Para Pre\u00e7os, Or\u00e7amentos e D\u00favidas, fale com nossos especialistas.<\/p>\n","protected":false},"excerpt":{"rendered":"<p>Porteiro Eletr\u00f4nico Class com Acionamento de Fechadura, Sistema Anti-viola\u00e7\u00e3o e Ajuste de Volume &#8211; HDL O Porteiro HDL Class oferece seguran\u00e7a e praticidade, com design moderno e sofisticado, possui \u00e1udio bidirecional para facilitar a comunica\u00e7\u00e3o e controle de acesso. Uma vantagem \u00e9 a capacidade de abrir a porta remotamente. Segue abaixo outras op\u00e7\u00f5es de tamanhos [&hellip;]<\/p>\n","protected":false},"featured_media":2686,"template":"","meta":[],"product_brand":[],"product_cat":[53,20,55],"product_tag":[77,92,72,91],"class_list":{"0":"post-2685","1":"product","2":"type-product","3":"status-publish","4":"has-post-thumbnail","6":"product_cat-automacao-industrial","7":"product_cat-cabeamento-estruturado","8":"product_cat-telefonia-porteiros-e-seguranca","9":"product_tag-cabeamento-estruturado","10":"product_tag-f8-s","11":"product_tag-infraestrutura-t-i","12":"product_tag-porteiro-eletronico","14":"first","15":"instock","16":"shipping-taxable","17":"product-type-simple"},"yoast_head":"<!-- This site is optimized with the Yoast SEO Premium plugin v26.1.1 (Yoast SEO v26.1.1) - https:\/\/yoast.com\/wordpress\/plugins\/seo\/ -->\n<title>PORTEIRO ELETRONICO C\/INTERFONE F8-S - Universo El\u00e9trico<\/title>\n<meta name=\"robots\" content=\"index, follow, max-snippet:-1, max-image-preview:large, max-video-preview:-1\" \/>\n<link rel=\"canonical\" href=\"https:\/\/universoeletrico.com.br\/eletrico\/produto\/porteiro-eletronico-c-interfone-f8-s\/\" \/>\n<meta property=\"og:locale\" content=\"pt_BR\" \/>\n<meta property=\"og:type\" content=\"article\" \/>\n<meta property=\"og:title\" content=\"PORTEIRO ELETRONICO C\/INTERFONE F8-S\" \/>\n<meta property=\"og:description\" content=\"Porteiro Eletr\u00f4nico Class com Acionamento de Fechadura, Sistema Anti-viola\u00e7\u00e3o e Ajuste de Volume &#8211; HDL O Porteiro HDL Class oferece seguran\u00e7a e praticidade, com design moderno e sofisticado, possui \u00e1udio bidirecional para facilitar a comunica\u00e7\u00e3o e controle de acesso. Uma vantagem \u00e9 a capacidade de abrir a porta remotamente. Segue abaixo outras op\u00e7\u00f5es de tamanhos [&hellip;]\" \/>\n<meta property=\"og:url\" content=\"https:\/\/universoeletrico.com.br\/eletrico\/produto\/porteiro-eletronico-c-interfone-f8-s\/\" \/>\n<meta property=\"og:site_name\" content=\"Universo El\u00e9trico\" \/>\n<meta property=\"article:modified_time\" content=\"2025-12-22T13:42:15+00:00\" \/>\n<meta property=\"og:image\" content=\"https:\/\/universoeletrico.com.br\/eletrico\/wp-content\/uploads\/2025\/12\/porteiro-eletronico.webp\" \/>\n\t<meta property=\"og:image:width\" content=\"1000\" \/>\n\t<meta property=\"og:image:height\" content=\"1000\" \/>\n\t<meta property=\"og:image:type\" content=\"image\/webp\" \/>\n<meta name=\"twitter:card\" content=\"summary_large_image\" \/>\n<meta name=\"twitter:label1\" content=\"Est. tempo de leitura\" \/>\n\t<meta name=\"twitter:data1\" content=\"1 minuto\" \/>\n<script type=\"application\/ld+json\" class=\"yoast-schema-graph\">{\"@context\":\"https:\/\/schema.org\",\"@graph\":[{\"@type\":\"WebPage\",\"@id\":\"https:\/\/universoeletrico.com.br\/eletrico\/produto\/porteiro-eletronico-c-interfone-f8-s\/\",\"url\":\"https:\/\/universoeletrico.com.br\/eletrico\/produto\/porteiro-eletronico-c-interfone-f8-s\/\",\"name\":\"PORTEIRO ELETRONICO C\/INTERFONE F8-S - Universo El\u00e9trico\",\"isPartOf\":{\"@id\":\"https:\/\/universoeletrico.com.br\/eletrico\/#website\"},\"primaryImageOfPage\":{\"@id\":\"https:\/\/universoeletrico.com.br\/eletrico\/produto\/porteiro-eletronico-c-interfone-f8-s\/#primaryimage\"},\"image\":{\"@id\":\"https:\/\/universoeletrico.com.br\/eletrico\/produto\/porteiro-eletronico-c-interfone-f8-s\/#primaryimage\"},\"thumbnailUrl\":\"https:\/\/universoeletrico.com.br\/eletrico\/wp-content\/uploads\/2025\/12\/porteiro-eletronico.webp\",\"datePublished\":\"2025-12-18T19:07:31+00:00\",\"dateModified\":\"2025-12-22T13:42:15+00:00\",\"breadcrumb\":{\"@id\":\"https:\/\/universoeletrico.com.br\/eletrico\/produto\/porteiro-eletronico-c-interfone-f8-s\/#breadcrumb\"},\"inLanguage\":\"pt-BR\",\"potentialAction\":[{\"@type\":\"ReadAction\",\"target\":[\"https:\/\/universoeletrico.com.br\/eletrico\/produto\/porteiro-eletronico-c-interfone-f8-s\/\"]}]},{\"@type\":\"ImageObject\",\"inLanguage\":\"pt-BR\",\"@id\":\"https:\/\/universoeletrico.com.br\/eletrico\/produto\/porteiro-eletronico-c-interfone-f8-s\/#primaryimage\",\"url\":\"https:\/\/universoeletrico.com.br\/eletrico\/wp-content\/uploads\/2025\/12\/porteiro-eletronico.webp\",\"contentUrl\":\"https:\/\/universoeletrico.com.br\/eletrico\/wp-content\/uploads\/2025\/12\/porteiro-eletronico.webp\",\"width\":1000,\"height\":1000},{\"@type\":\"BreadcrumbList\",\"@id\":\"https:\/\/universoeletrico.com.br\/eletrico\/produto\/porteiro-eletronico-c-interfone-f8-s\/#breadcrumb\",\"itemListElement\":[{\"@type\":\"ListItem\",\"position\":1,\"name\":\"In\u00edcio\",\"item\":\"https:\/\/universoeletrico.com.br\/eletrico\/\"},{\"@type\":\"ListItem\",\"position\":2,\"name\":\"Produtos\",\"item\":\"https:\/\/universoeletrico.com.br\/eletrico\/produtos\/\"},{\"@type\":\"ListItem\",\"position\":3,\"name\":\"PORTEIRO ELETRONICO C\/INTERFONE F8-S\"}]},{\"@type\":\"WebSite\",\"@id\":\"https:\/\/universoeletrico.com.br\/eletrico\/#website\",\"url\":\"https:\/\/universoeletrico.com.br\/eletrico\/\",\"name\":\"Universo El\u00e9trico\",\"description\":\"\",\"potentialAction\":[{\"@type\":\"SearchAction\",\"target\":{\"@type\":\"EntryPoint\",\"urlTemplate\":\"https:\/\/universoeletrico.com.br\/eletrico\/?s={search_term_string}\"},\"query-input\":{\"@type\":\"PropertyValueSpecification\",\"valueRequired\":true,\"valueName\":\"search_term_string\"}}],\"inLanguage\":\"pt-BR\"}]}<\/script>\n<!-- \/ Yoast SEO Premium plugin. -->","yoast_head_json":{"title":"PORTEIRO ELETRONICO C\/INTERFONE F8-S - Universo El\u00e9trico","robots":{"index":"index","follow":"follow","max-snippet":"max-snippet:-1","max-image-preview":"max-image-preview:large","max-video-preview":"max-video-preview:-1"},"canonical":"https:\/\/universoeletrico.com.br\/eletrico\/produto\/porteiro-eletronico-c-interfone-f8-s\/","og_locale":"pt_BR","og_type":"article","og_title":"PORTEIRO ELETRONICO C\/INTERFONE F8-S","og_description":"Porteiro Eletr\u00f4nico Class com Acionamento de Fechadura, Sistema Anti-viola\u00e7\u00e3o e Ajuste de Volume &#8211; HDL O Porteiro HDL Class oferece seguran\u00e7a e praticidade, com design moderno e sofisticado, possui \u00e1udio bidirecional para facilitar a comunica\u00e7\u00e3o e controle de acesso. Uma vantagem \u00e9 a capacidade de abrir a porta remotamente. Segue abaixo outras op\u00e7\u00f5es de tamanhos [&hellip;]","og_url":"https:\/\/universoeletrico.com.br\/eletrico\/produto\/porteiro-eletronico-c-interfone-f8-s\/","og_site_name":"Universo El\u00e9trico","article_modified_time":"2025-12-22T13:42:15+00:00","og_image":[{"width":1000,"height":1000,"url":"https:\/\/universoeletrico.com.br\/eletrico\/wp-content\/uploads\/2025\/12\/porteiro-eletronico.webp","type":"image\/webp"}],"twitter_card":"summary_large_image","twitter_misc":{"Est. tempo de leitura":"1 minuto"},"schema":{"@context":"https:\/\/schema.org","@graph":[{"@type":"WebPage","@id":"https:\/\/universoeletrico.com.br\/eletrico\/produto\/porteiro-eletronico-c-interfone-f8-s\/","url":"https:\/\/universoeletrico.com.br\/eletrico\/produto\/porteiro-eletronico-c-interfone-f8-s\/","name":"PORTEIRO ELETRONICO C\/INTERFONE F8-S - Universo El\u00e9trico","isPartOf":{"@id":"https:\/\/universoeletrico.com.br\/eletrico\/#website"},"primaryImageOfPage":{"@id":"https:\/\/universoeletrico.com.br\/eletrico\/produto\/porteiro-eletronico-c-interfone-f8-s\/#primaryimage"},"image":{"@id":"https:\/\/universoeletrico.com.br\/eletrico\/produto\/porteiro-eletronico-c-interfone-f8-s\/#primaryimage"},"thumbnailUrl":"https:\/\/universoeletrico.com.br\/eletrico\/wp-content\/uploads\/2025\/12\/porteiro-eletronico.webp","datePublished":"2025-12-18T19:07:31+00:00","dateModified":"2025-12-22T13:42:15+00:00","breadcrumb":{"@id":"https:\/\/universoeletrico.com.br\/eletrico\/produto\/porteiro-eletronico-c-interfone-f8-s\/#breadcrumb"},"inLanguage":"pt-BR","potentialAction":[{"@type":"ReadAction","target":["https:\/\/universoeletrico.com.br\/eletrico\/produto\/porteiro-eletronico-c-interfone-f8-s\/"]}]},{"@type":"ImageObject","inLanguage":"pt-BR","@id":"https:\/\/universoeletrico.com.br\/eletrico\/produto\/porteiro-eletronico-c-interfone-f8-s\/#primaryimage","url":"https:\/\/universoeletrico.com.br\/eletrico\/wp-content\/uploads\/2025\/12\/porteiro-eletronico.webp","contentUrl":"https:\/\/universoeletrico.com.br\/eletrico\/wp-content\/uploads\/2025\/12\/porteiro-eletronico.webp","width":1000,"height":1000},{"@type":"BreadcrumbList","@id":"https:\/\/universoeletrico.com.br\/eletrico\/produto\/porteiro-eletronico-c-interfone-f8-s\/#breadcrumb","itemListElement":[{"@type":"ListItem","position":1,"name":"In\u00edcio","item":"https:\/\/universoeletrico.com.br\/eletrico\/"},{"@type":"ListItem","position":2,"name":"Produtos","item":"https:\/\/universoeletrico.com.br\/eletrico\/produtos\/"},{"@type":"ListItem","position":3,"name":"PORTEIRO ELETRONICO C\/INTERFONE F8-S"}]},{"@type":"WebSite","@id":"https:\/\/universoeletrico.com.br\/eletrico\/#website","url":"https:\/\/universoeletrico.com.br\/eletrico\/","name":"Universo El\u00e9trico","description":"","potentialAction":[{"@type":"SearchAction","target":{"@type":"EntryPoint","urlTemplate":"https:\/\/universoeletrico.com.br\/eletrico\/?s={search_term_string}"},"query-input":{"@type":"PropertyValueSpecification","valueRequired":true,"valueName":"search_term_string"}}],"inLanguage":"pt-BR"}]}},"_links":{"self":[{"href":"https:\/\/universoeletrico.com.br\/eletrico\/wp-json\/wp\/v2\/product\/2685","targetHints":{"allow":["GET"]}}],"collection":[{"href":"https:\/\/universoeletrico.com.br\/eletrico\/wp-json\/wp\/v2\/product"}],"about":[{"href":"https:\/\/universoeletrico.com.br\/eletrico\/wp-json\/wp\/v2\/types\/product"}],"version-history":[{"count":3,"href":"https:\/\/universoeletrico.com.br\/eletrico\/wp-json\/wp\/v2\/product\/2685\/revisions"}],"predecessor-version":[{"id":2759,"href":"https:\/\/universoeletrico.com.br\/eletrico\/wp-json\/wp\/v2\/product\/2685\/revisions\/2759"}],"wp:featuredmedia":[{"embeddable":true,"href":"https:\/\/universoeletrico.com.br\/eletrico\/wp-json\/wp\/v2\/media\/2686"}],"wp:attachment":[{"href":"https:\/\/universoeletrico.com.br\/eletrico\/wp-json\/wp\/v2\/media?parent=2685"}],"wp:term":[{"taxonomy":"product_brand","embeddable":true,"href":"https:\/\/universoeletrico.com.br\/eletrico\/wp-json\/wp\/v2\/product_brand?post=2685"},{"taxonomy":"product_cat","embeddable":true,"href":"https:\/\/universoeletrico.com.br\/eletrico\/wp-json\/wp\/v2\/product_cat?post=2685"},{"taxonomy":"product_tag","embeddable":true,"href":"https:\/\/universoeletrico.com.br\/eletrico\/wp-json\/wp\/v2\/product_tag?post=2685"}],"curies":[{"name":"wp","href":"https:\/\/api.w.org\/{rel}","templated":true}]}}