{"id":2676,"date":"2025-12-17T16:49:45","date_gmt":"2025-12-17T19:49:45","guid":{"rendered":"https:\/\/universoeletrico.com.br\/eletrico\/?post_type=product&#038;p=2676"},"modified":"2025-12-22T09:45:52","modified_gmt":"2025-12-22T12:45:52","slug":"central-hdl-32p","status":"publish","type":"product","link":"https:\/\/universoeletrico.com.br\/eletrico\/produto\/central-hdl-32p\/","title":{"rendered":"CENTRAL HDL 32P"},"content":{"rendered":"<p>CENTRAL DE COMUNICA\u00c7\u00c3O PARA CONDOM\u00cdNIOS COM ENTRADA PARA PORTEIROS ELETR\u00d4NICOS F12<\/p>\n<p>Sistema de c\u00f3digos de programa\u00e7\u00e3o compat\u00edvel com outras Centrais, os ramais aceitam qualquer aparelho identificador de chamadas do mercado, possibilidade de integra\u00e7\u00e3o com outra Central HDL 32P (solu\u00e7\u00e3o para at\u00e9 64 pontos, atrav\u00e9s da interliga\u00e7\u00e3o de 2 Centrais 32P)<\/p>\n<p>Possui slot para placa adaptadora de cart\u00e3o de mem\u00f3ria \u201cSecurity Digital Flash Memory (SD-Card)\u201d para mensagens vocalizadas.<\/p>\n<p>Para Pre\u00e7o, Or\u00e7amentos e D\u00favidas, fale com nossos especialistas.<\/p>\n","protected":false},"excerpt":{"rendered":"<p>CENTRAL DE COMUNICA\u00c7\u00c3O PARA CONDOM\u00cdNIOS COM ENTRADA PARA PORTEIROS ELETR\u00d4NICOS F12 Sistema de c\u00f3digos de programa\u00e7\u00e3o compat\u00edvel com outras Centrais, os ramais aceitam qualquer aparelho identificador de chamadas do mercado, possibilidade de integra\u00e7\u00e3o com outra Central HDL 32P (solu\u00e7\u00e3o para at\u00e9 64 pontos, atrav\u00e9s da interliga\u00e7\u00e3o de 2 Centrais 32P) Possui slot para placa adaptadora [&hellip;]<\/p>\n","protected":false},"featured_media":2677,"template":"","meta":[],"product_brand":[],"product_cat":[20,55],"product_tag":[77,88,72],"class_list":{"0":"post-2676","1":"product","2":"type-product","3":"status-publish","4":"has-post-thumbnail","6":"product_cat-cabeamento-estruturado","7":"product_cat-telefonia-porteiros-e-seguranca","8":"product_tag-cabeamento-estruturado","9":"product_tag-cental-hdl","10":"product_tag-infraestrutura-t-i","12":"first","13":"instock","14":"shipping-taxable","15":"product-type-simple"},"yoast_head":"<!-- This site is optimized with the Yoast SEO Premium plugin v26.1.1 (Yoast SEO v26.1.1) - https:\/\/yoast.com\/wordpress\/plugins\/seo\/ -->\n<title>CENTRAL HDL 32P - Universo El\u00e9trico<\/title>\n<meta name=\"robots\" content=\"index, follow, max-snippet:-1, max-image-preview:large, max-video-preview:-1\" \/>\n<link rel=\"canonical\" href=\"https:\/\/universoeletrico.com.br\/eletrico\/produto\/central-hdl-32p\/\" \/>\n<meta property=\"og:locale\" content=\"pt_BR\" \/>\n<meta property=\"og:type\" content=\"article\" \/>\n<meta property=\"og:title\" content=\"CENTRAL HDL 32P\" \/>\n<meta property=\"og:description\" content=\"CENTRAL DE COMUNICA\u00c7\u00c3O PARA CONDOM\u00cdNIOS COM ENTRADA PARA PORTEIROS ELETR\u00d4NICOS F12 Sistema de c\u00f3digos de programa\u00e7\u00e3o compat\u00edvel com outras Centrais, os ramais aceitam qualquer aparelho identificador de chamadas do mercado, possibilidade de integra\u00e7\u00e3o com outra Central HDL 32P (solu\u00e7\u00e3o para at\u00e9 64 pontos, atrav\u00e9s da interliga\u00e7\u00e3o de 2 Centrais 32P) Possui slot para placa adaptadora [&hellip;]\" \/>\n<meta property=\"og:url\" content=\"https:\/\/universoeletrico.com.br\/eletrico\/produto\/central-hdl-32p\/\" \/>\n<meta property=\"og:site_name\" content=\"Universo El\u00e9trico\" \/>\n<meta property=\"article:modified_time\" content=\"2025-12-22T12:45:52+00:00\" \/>\n<meta property=\"og:image\" content=\"https:\/\/universoeletrico.com.br\/eletrico\/wp-content\/uploads\/2025\/12\/central-hdl-32p.webp\" \/>\n\t<meta property=\"og:image:width\" content=\"1000\" \/>\n\t<meta property=\"og:image:height\" content=\"1000\" \/>\n\t<meta property=\"og:image:type\" content=\"image\/webp\" \/>\n<meta name=\"twitter:card\" content=\"summary_large_image\" \/>\n<meta name=\"twitter:label1\" content=\"Est. tempo de leitura\" \/>\n\t<meta name=\"twitter:data1\" content=\"1 minuto\" \/>\n<script type=\"application\/ld+json\" class=\"yoast-schema-graph\">{\"@context\":\"https:\/\/schema.org\",\"@graph\":[{\"@type\":\"WebPage\",\"@id\":\"https:\/\/universoeletrico.com.br\/eletrico\/produto\/central-hdl-32p\/\",\"url\":\"https:\/\/universoeletrico.com.br\/eletrico\/produto\/central-hdl-32p\/\",\"name\":\"CENTRAL HDL 32P - Universo El\u00e9trico\",\"isPartOf\":{\"@id\":\"https:\/\/universoeletrico.com.br\/eletrico\/#website\"},\"primaryImageOfPage\":{\"@id\":\"https:\/\/universoeletrico.com.br\/eletrico\/produto\/central-hdl-32p\/#primaryimage\"},\"image\":{\"@id\":\"https:\/\/universoeletrico.com.br\/eletrico\/produto\/central-hdl-32p\/#primaryimage\"},\"thumbnailUrl\":\"https:\/\/universoeletrico.com.br\/eletrico\/wp-content\/uploads\/2025\/12\/central-hdl-32p.webp\",\"datePublished\":\"2025-12-17T19:49:45+00:00\",\"dateModified\":\"2025-12-22T12:45:52+00:00\",\"breadcrumb\":{\"@id\":\"https:\/\/universoeletrico.com.br\/eletrico\/produto\/central-hdl-32p\/#breadcrumb\"},\"inLanguage\":\"pt-BR\",\"potentialAction\":[{\"@type\":\"ReadAction\",\"target\":[\"https:\/\/universoeletrico.com.br\/eletrico\/produto\/central-hdl-32p\/\"]}]},{\"@type\":\"ImageObject\",\"inLanguage\":\"pt-BR\",\"@id\":\"https:\/\/universoeletrico.com.br\/eletrico\/produto\/central-hdl-32p\/#primaryimage\",\"url\":\"https:\/\/universoeletrico.com.br\/eletrico\/wp-content\/uploads\/2025\/12\/central-hdl-32p.webp\",\"contentUrl\":\"https:\/\/universoeletrico.com.br\/eletrico\/wp-content\/uploads\/2025\/12\/central-hdl-32p.webp\",\"width\":1000,\"height\":1000},{\"@type\":\"BreadcrumbList\",\"@id\":\"https:\/\/universoeletrico.com.br\/eletrico\/produto\/central-hdl-32p\/#breadcrumb\",\"itemListElement\":[{\"@type\":\"ListItem\",\"position\":1,\"name\":\"In\u00edcio\",\"item\":\"https:\/\/universoeletrico.com.br\/eletrico\/\"},{\"@type\":\"ListItem\",\"position\":2,\"name\":\"Produtos\",\"item\":\"https:\/\/universoeletrico.com.br\/eletrico\/produtos\/\"},{\"@type\":\"ListItem\",\"position\":3,\"name\":\"CENTRAL HDL 32P\"}]},{\"@type\":\"WebSite\",\"@id\":\"https:\/\/universoeletrico.com.br\/eletrico\/#website\",\"url\":\"https:\/\/universoeletrico.com.br\/eletrico\/\",\"name\":\"Universo El\u00e9trico\",\"description\":\"\",\"potentialAction\":[{\"@type\":\"SearchAction\",\"target\":{\"@type\":\"EntryPoint\",\"urlTemplate\":\"https:\/\/universoeletrico.com.br\/eletrico\/?s={search_term_string}\"},\"query-input\":{\"@type\":\"PropertyValueSpecification\",\"valueRequired\":true,\"valueName\":\"search_term_string\"}}],\"inLanguage\":\"pt-BR\"}]}<\/script>\n<!-- \/ Yoast SEO Premium plugin. -->","yoast_head_json":{"title":"CENTRAL HDL 32P - Universo El\u00e9trico","robots":{"index":"index","follow":"follow","max-snippet":"max-snippet:-1","max-image-preview":"max-image-preview:large","max-video-preview":"max-video-preview:-1"},"canonical":"https:\/\/universoeletrico.com.br\/eletrico\/produto\/central-hdl-32p\/","og_locale":"pt_BR","og_type":"article","og_title":"CENTRAL HDL 32P","og_description":"CENTRAL DE COMUNICA\u00c7\u00c3O PARA CONDOM\u00cdNIOS COM ENTRADA PARA PORTEIROS ELETR\u00d4NICOS F12 Sistema de c\u00f3digos de programa\u00e7\u00e3o compat\u00edvel com outras Centrais, os ramais aceitam qualquer aparelho identificador de chamadas do mercado, possibilidade de integra\u00e7\u00e3o com outra Central HDL 32P (solu\u00e7\u00e3o para at\u00e9 64 pontos, atrav\u00e9s da interliga\u00e7\u00e3o de 2 Centrais 32P) Possui slot para placa adaptadora [&hellip;]","og_url":"https:\/\/universoeletrico.com.br\/eletrico\/produto\/central-hdl-32p\/","og_site_name":"Universo El\u00e9trico","article_modified_time":"2025-12-22T12:45:52+00:00","og_image":[{"width":1000,"height":1000,"url":"https:\/\/universoeletrico.com.br\/eletrico\/wp-content\/uploads\/2025\/12\/central-hdl-32p.webp","type":"image\/webp"}],"twitter_card":"summary_large_image","twitter_misc":{"Est. tempo de leitura":"1 minuto"},"schema":{"@context":"https:\/\/schema.org","@graph":[{"@type":"WebPage","@id":"https:\/\/universoeletrico.com.br\/eletrico\/produto\/central-hdl-32p\/","url":"https:\/\/universoeletrico.com.br\/eletrico\/produto\/central-hdl-32p\/","name":"CENTRAL HDL 32P - Universo El\u00e9trico","isPartOf":{"@id":"https:\/\/universoeletrico.com.br\/eletrico\/#website"},"primaryImageOfPage":{"@id":"https:\/\/universoeletrico.com.br\/eletrico\/produto\/central-hdl-32p\/#primaryimage"},"image":{"@id":"https:\/\/universoeletrico.com.br\/eletrico\/produto\/central-hdl-32p\/#primaryimage"},"thumbnailUrl":"https:\/\/universoeletrico.com.br\/eletrico\/wp-content\/uploads\/2025\/12\/central-hdl-32p.webp","datePublished":"2025-12-17T19:49:45+00:00","dateModified":"2025-12-22T12:45:52+00:00","breadcrumb":{"@id":"https:\/\/universoeletrico.com.br\/eletrico\/produto\/central-hdl-32p\/#breadcrumb"},"inLanguage":"pt-BR","potentialAction":[{"@type":"ReadAction","target":["https:\/\/universoeletrico.com.br\/eletrico\/produto\/central-hdl-32p\/"]}]},{"@type":"ImageObject","inLanguage":"pt-BR","@id":"https:\/\/universoeletrico.com.br\/eletrico\/produto\/central-hdl-32p\/#primaryimage","url":"https:\/\/universoeletrico.com.br\/eletrico\/wp-content\/uploads\/2025\/12\/central-hdl-32p.webp","contentUrl":"https:\/\/universoeletrico.com.br\/eletrico\/wp-content\/uploads\/2025\/12\/central-hdl-32p.webp","width":1000,"height":1000},{"@type":"BreadcrumbList","@id":"https:\/\/universoeletrico.com.br\/eletrico\/produto\/central-hdl-32p\/#breadcrumb","itemListElement":[{"@type":"ListItem","position":1,"name":"In\u00edcio","item":"https:\/\/universoeletrico.com.br\/eletrico\/"},{"@type":"ListItem","position":2,"name":"Produtos","item":"https:\/\/universoeletrico.com.br\/eletrico\/produtos\/"},{"@type":"ListItem","position":3,"name":"CENTRAL HDL 32P"}]},{"@type":"WebSite","@id":"https:\/\/universoeletrico.com.br\/eletrico\/#website","url":"https:\/\/universoeletrico.com.br\/eletrico\/","name":"Universo El\u00e9trico","description":"","potentialAction":[{"@type":"SearchAction","target":{"@type":"EntryPoint","urlTemplate":"https:\/\/universoeletrico.com.br\/eletrico\/?s={search_term_string}"},"query-input":{"@type":"PropertyValueSpecification","valueRequired":true,"valueName":"search_term_string"}}],"inLanguage":"pt-BR"}]}},"_links":{"self":[{"href":"https:\/\/universoeletrico.com.br\/eletrico\/wp-json\/wp\/v2\/product\/2676","targetHints":{"allow":["GET"]}}],"collection":[{"href":"https:\/\/universoeletrico.com.br\/eletrico\/wp-json\/wp\/v2\/product"}],"about":[{"href":"https:\/\/universoeletrico.com.br\/eletrico\/wp-json\/wp\/v2\/types\/product"}],"version-history":[{"count":4,"href":"https:\/\/universoeletrico.com.br\/eletrico\/wp-json\/wp\/v2\/product\/2676\/revisions"}],"predecessor-version":[{"id":2733,"href":"https:\/\/universoeletrico.com.br\/eletrico\/wp-json\/wp\/v2\/product\/2676\/revisions\/2733"}],"wp:featuredmedia":[{"embeddable":true,"href":"https:\/\/universoeletrico.com.br\/eletrico\/wp-json\/wp\/v2\/media\/2677"}],"wp:attachment":[{"href":"https:\/\/universoeletrico.com.br\/eletrico\/wp-json\/wp\/v2\/media?parent=2676"}],"wp:term":[{"taxonomy":"product_brand","embeddable":true,"href":"https:\/\/universoeletrico.com.br\/eletrico\/wp-json\/wp\/v2\/product_brand?post=2676"},{"taxonomy":"product_cat","embeddable":true,"href":"https:\/\/universoeletrico.com.br\/eletrico\/wp-json\/wp\/v2\/product_cat?post=2676"},{"taxonomy":"product_tag","embeddable":true,"href":"https:\/\/universoeletrico.com.br\/eletrico\/wp-json\/wp\/v2\/product_tag?post=2676"}],"curies":[{"name":"wp","href":"https:\/\/api.w.org\/{rel}","templated":true}]}}