{"id":2666,"date":"2025-12-17T15:02:13","date_gmt":"2025-12-17T18:02:13","guid":{"rendered":"https:\/\/universoeletrico.com.br\/eletrico\/?post_type=product&#038;p=2666"},"modified":"2025-12-22T10:35:18","modified_gmt":"2025-12-22T13:35:18","slug":"patch-panel-24p-cat-6-utp-lcs2","status":"publish","type":"product","link":"https:\/\/universoeletrico.com.br\/eletrico\/produto\/patch-panel-24p-cat-6-utp-lcs2\/","title":{"rendered":"PATCH PANEL 24P CAT 6 UTP LCS2"},"content":{"rendered":"<p>patch panel para 24 conectores keystone categoria 5e, 6 ou 6A<\/p>\n<p>O painel de conex\u00e3o LINKEO C vem com um sistema de gerenciamento de cabos traseiro como padr\u00e3o que permite que voc\u00ea organize os cabos de forma simples, proporcionando uma instala\u00e7\u00e3o limpa e organizada.<\/p>\n<p>Pr\u00e9-posicione os pain\u00e9is para uma r\u00e1pida visualiza\u00e7\u00e3o: voc\u00ea pode pr\u00e9-posicionar qualquer painel de conex\u00e3o LINKEO C nas colunas para obter uma vis\u00e3o geral global da sua instala\u00e7\u00e3o, equipado com gerenciamento de cabos e porta-etiquetas como padr\u00e3o<\/p>\n<p>Segue abaixo outras op\u00e7\u00f5es de tamanhos e modelos:<\/p>\n<p>cod: 125539 PATCH PANEL 19&#8243; Com CASSETES VAZIOS<\/p>\n<p>cod: 125096 PATCH PANEL 24P CAT 5E UTP PAINEL P\/CON<\/p>\n<p>cod: 125117 PATCH PANEL 19&#8243; 1U A EQUIPAR<\/p>\n<p>cod: 125545 PATCH PANEL HD 19&#8243; COM CASSETES VAZIOS<\/p>\n<p>cod: 125556 PATCH PANEL ANGULAR HD19 A EQUIPC\/4RJ4<\/p>\n<p>Para Pre\u00e7os, Or\u00e7amentos e D\u00favidas, fale com nossos especialistas.<\/p>\n","protected":false},"excerpt":{"rendered":"<p>patch panel para 24 conectores keystone categoria 5e, 6 ou 6A O painel de conex\u00e3o LINKEO C vem com um sistema de gerenciamento de cabos traseiro como padr\u00e3o que permite que voc\u00ea organize os cabos de forma simples, proporcionando uma instala\u00e7\u00e3o limpa e organizada. Pr\u00e9-posicione os pain\u00e9is para uma r\u00e1pida visualiza\u00e7\u00e3o: voc\u00ea pode pr\u00e9-posicionar qualquer [&hellip;]<\/p>\n","protected":false},"featured_media":2699,"template":"","meta":[],"product_brand":[],"product_cat":[20,54,48],"product_tag":[77,72,84,85],"class_list":{"0":"post-2666","1":"product","2":"type-product","3":"status-publish","4":"has-post-thumbnail","6":"product_cat-cabeamento-estruturado","7":"product_cat-cabos-racks-e-acessorios","8":"product_cat-solucoes-optica","9":"product_tag-cabeamento-estruturado","10":"product_tag-infraestrutura-t-i","11":"product_tag-patch-panel","12":"product_tag-utp","14":"first","15":"instock","16":"shipping-taxable","17":"product-type-simple"},"yoast_head":"<!-- This site is optimized with the Yoast SEO Premium plugin v26.1.1 (Yoast SEO v26.1.1) - https:\/\/yoast.com\/wordpress\/plugins\/seo\/ -->\n<title>PATCH PANEL 24P CAT 6 UTP LCS2 - Universo El\u00e9trico<\/title>\n<meta name=\"robots\" content=\"index, follow, max-snippet:-1, max-image-preview:large, max-video-preview:-1\" \/>\n<link rel=\"canonical\" href=\"https:\/\/universoeletrico.com.br\/eletrico\/produto\/patch-panel-24p-cat-6-utp-lcs2\/\" \/>\n<meta property=\"og:locale\" content=\"pt_BR\" \/>\n<meta property=\"og:type\" content=\"article\" \/>\n<meta property=\"og:title\" content=\"PATCH PANEL 24P CAT 6 UTP LCS2\" \/>\n<meta property=\"og:description\" content=\"patch panel para 24 conectores keystone categoria 5e, 6 ou 6A O painel de conex\u00e3o LINKEO C vem com um sistema de gerenciamento de cabos traseiro como padr\u00e3o que permite que voc\u00ea organize os cabos de forma simples, proporcionando uma instala\u00e7\u00e3o limpa e organizada. Pr\u00e9-posicione os pain\u00e9is para uma r\u00e1pida visualiza\u00e7\u00e3o: voc\u00ea pode pr\u00e9-posicionar qualquer [&hellip;]\" \/>\n<meta property=\"og:url\" content=\"https:\/\/universoeletrico.com.br\/eletrico\/produto\/patch-panel-24p-cat-6-utp-lcs2\/\" \/>\n<meta property=\"og:site_name\" content=\"Universo El\u00e9trico\" \/>\n<meta property=\"article:modified_time\" content=\"2025-12-22T13:35:18+00:00\" \/>\n<meta property=\"og:image\" content=\"https:\/\/universoeletrico.com.br\/eletrico\/wp-content\/uploads\/2025\/12\/patch-panel-cat6-24portas-.webp\" \/>\n\t<meta property=\"og:image:width\" content=\"800\" \/>\n\t<meta property=\"og:image:height\" content=\"800\" \/>\n\t<meta property=\"og:image:type\" content=\"image\/webp\" \/>\n<meta name=\"twitter:card\" content=\"summary_large_image\" \/>\n<meta name=\"twitter:label1\" content=\"Est. tempo de leitura\" \/>\n\t<meta name=\"twitter:data1\" content=\"1 minuto\" \/>\n<script type=\"application\/ld+json\" class=\"yoast-schema-graph\">{\"@context\":\"https:\/\/schema.org\",\"@graph\":[{\"@type\":\"WebPage\",\"@id\":\"https:\/\/universoeletrico.com.br\/eletrico\/produto\/patch-panel-24p-cat-6-utp-lcs2\/\",\"url\":\"https:\/\/universoeletrico.com.br\/eletrico\/produto\/patch-panel-24p-cat-6-utp-lcs2\/\",\"name\":\"PATCH PANEL 24P CAT 6 UTP LCS2 - Universo El\u00e9trico\",\"isPartOf\":{\"@id\":\"https:\/\/universoeletrico.com.br\/eletrico\/#website\"},\"primaryImageOfPage\":{\"@id\":\"https:\/\/universoeletrico.com.br\/eletrico\/produto\/patch-panel-24p-cat-6-utp-lcs2\/#primaryimage\"},\"image\":{\"@id\":\"https:\/\/universoeletrico.com.br\/eletrico\/produto\/patch-panel-24p-cat-6-utp-lcs2\/#primaryimage\"},\"thumbnailUrl\":\"https:\/\/universoeletrico.com.br\/eletrico\/wp-content\/uploads\/2025\/12\/patch-panel-cat6-24portas-.webp\",\"datePublished\":\"2025-12-17T18:02:13+00:00\",\"dateModified\":\"2025-12-22T13:35:18+00:00\",\"breadcrumb\":{\"@id\":\"https:\/\/universoeletrico.com.br\/eletrico\/produto\/patch-panel-24p-cat-6-utp-lcs2\/#breadcrumb\"},\"inLanguage\":\"pt-BR\",\"potentialAction\":[{\"@type\":\"ReadAction\",\"target\":[\"https:\/\/universoeletrico.com.br\/eletrico\/produto\/patch-panel-24p-cat-6-utp-lcs2\/\"]}]},{\"@type\":\"ImageObject\",\"inLanguage\":\"pt-BR\",\"@id\":\"https:\/\/universoeletrico.com.br\/eletrico\/produto\/patch-panel-24p-cat-6-utp-lcs2\/#primaryimage\",\"url\":\"https:\/\/universoeletrico.com.br\/eletrico\/wp-content\/uploads\/2025\/12\/patch-panel-cat6-24portas-.webp\",\"contentUrl\":\"https:\/\/universoeletrico.com.br\/eletrico\/wp-content\/uploads\/2025\/12\/patch-panel-cat6-24portas-.webp\",\"width\":800,\"height\":800},{\"@type\":\"BreadcrumbList\",\"@id\":\"https:\/\/universoeletrico.com.br\/eletrico\/produto\/patch-panel-24p-cat-6-utp-lcs2\/#breadcrumb\",\"itemListElement\":[{\"@type\":\"ListItem\",\"position\":1,\"name\":\"In\u00edcio\",\"item\":\"https:\/\/universoeletrico.com.br\/eletrico\/\"},{\"@type\":\"ListItem\",\"position\":2,\"name\":\"Produtos\",\"item\":\"https:\/\/universoeletrico.com.br\/eletrico\/produtos\/\"},{\"@type\":\"ListItem\",\"position\":3,\"name\":\"PATCH PANEL 24P CAT 6 UTP LCS2\"}]},{\"@type\":\"WebSite\",\"@id\":\"https:\/\/universoeletrico.com.br\/eletrico\/#website\",\"url\":\"https:\/\/universoeletrico.com.br\/eletrico\/\",\"name\":\"Universo El\u00e9trico\",\"description\":\"\",\"potentialAction\":[{\"@type\":\"SearchAction\",\"target\":{\"@type\":\"EntryPoint\",\"urlTemplate\":\"https:\/\/universoeletrico.com.br\/eletrico\/?s={search_term_string}\"},\"query-input\":{\"@type\":\"PropertyValueSpecification\",\"valueRequired\":true,\"valueName\":\"search_term_string\"}}],\"inLanguage\":\"pt-BR\"}]}<\/script>\n<!-- \/ Yoast SEO Premium plugin. -->","yoast_head_json":{"title":"PATCH PANEL 24P CAT 6 UTP LCS2 - Universo El\u00e9trico","robots":{"index":"index","follow":"follow","max-snippet":"max-snippet:-1","max-image-preview":"max-image-preview:large","max-video-preview":"max-video-preview:-1"},"canonical":"https:\/\/universoeletrico.com.br\/eletrico\/produto\/patch-panel-24p-cat-6-utp-lcs2\/","og_locale":"pt_BR","og_type":"article","og_title":"PATCH PANEL 24P CAT 6 UTP LCS2","og_description":"patch panel para 24 conectores keystone categoria 5e, 6 ou 6A O painel de conex\u00e3o LINKEO C vem com um sistema de gerenciamento de cabos traseiro como padr\u00e3o que permite que voc\u00ea organize os cabos de forma simples, proporcionando uma instala\u00e7\u00e3o limpa e organizada. Pr\u00e9-posicione os pain\u00e9is para uma r\u00e1pida visualiza\u00e7\u00e3o: voc\u00ea pode pr\u00e9-posicionar qualquer [&hellip;]","og_url":"https:\/\/universoeletrico.com.br\/eletrico\/produto\/patch-panel-24p-cat-6-utp-lcs2\/","og_site_name":"Universo El\u00e9trico","article_modified_time":"2025-12-22T13:35:18+00:00","og_image":[{"width":800,"height":800,"url":"https:\/\/universoeletrico.com.br\/eletrico\/wp-content\/uploads\/2025\/12\/patch-panel-cat6-24portas-.webp","type":"image\/webp"}],"twitter_card":"summary_large_image","twitter_misc":{"Est. tempo de leitura":"1 minuto"},"schema":{"@context":"https:\/\/schema.org","@graph":[{"@type":"WebPage","@id":"https:\/\/universoeletrico.com.br\/eletrico\/produto\/patch-panel-24p-cat-6-utp-lcs2\/","url":"https:\/\/universoeletrico.com.br\/eletrico\/produto\/patch-panel-24p-cat-6-utp-lcs2\/","name":"PATCH PANEL 24P CAT 6 UTP LCS2 - Universo El\u00e9trico","isPartOf":{"@id":"https:\/\/universoeletrico.com.br\/eletrico\/#website"},"primaryImageOfPage":{"@id":"https:\/\/universoeletrico.com.br\/eletrico\/produto\/patch-panel-24p-cat-6-utp-lcs2\/#primaryimage"},"image":{"@id":"https:\/\/universoeletrico.com.br\/eletrico\/produto\/patch-panel-24p-cat-6-utp-lcs2\/#primaryimage"},"thumbnailUrl":"https:\/\/universoeletrico.com.br\/eletrico\/wp-content\/uploads\/2025\/12\/patch-panel-cat6-24portas-.webp","datePublished":"2025-12-17T18:02:13+00:00","dateModified":"2025-12-22T13:35:18+00:00","breadcrumb":{"@id":"https:\/\/universoeletrico.com.br\/eletrico\/produto\/patch-panel-24p-cat-6-utp-lcs2\/#breadcrumb"},"inLanguage":"pt-BR","potentialAction":[{"@type":"ReadAction","target":["https:\/\/universoeletrico.com.br\/eletrico\/produto\/patch-panel-24p-cat-6-utp-lcs2\/"]}]},{"@type":"ImageObject","inLanguage":"pt-BR","@id":"https:\/\/universoeletrico.com.br\/eletrico\/produto\/patch-panel-24p-cat-6-utp-lcs2\/#primaryimage","url":"https:\/\/universoeletrico.com.br\/eletrico\/wp-content\/uploads\/2025\/12\/patch-panel-cat6-24portas-.webp","contentUrl":"https:\/\/universoeletrico.com.br\/eletrico\/wp-content\/uploads\/2025\/12\/patch-panel-cat6-24portas-.webp","width":800,"height":800},{"@type":"BreadcrumbList","@id":"https:\/\/universoeletrico.com.br\/eletrico\/produto\/patch-panel-24p-cat-6-utp-lcs2\/#breadcrumb","itemListElement":[{"@type":"ListItem","position":1,"name":"In\u00edcio","item":"https:\/\/universoeletrico.com.br\/eletrico\/"},{"@type":"ListItem","position":2,"name":"Produtos","item":"https:\/\/universoeletrico.com.br\/eletrico\/produtos\/"},{"@type":"ListItem","position":3,"name":"PATCH PANEL 24P CAT 6 UTP LCS2"}]},{"@type":"WebSite","@id":"https:\/\/universoeletrico.com.br\/eletrico\/#website","url":"https:\/\/universoeletrico.com.br\/eletrico\/","name":"Universo El\u00e9trico","description":"","potentialAction":[{"@type":"SearchAction","target":{"@type":"EntryPoint","urlTemplate":"https:\/\/universoeletrico.com.br\/eletrico\/?s={search_term_string}"},"query-input":{"@type":"PropertyValueSpecification","valueRequired":true,"valueName":"search_term_string"}}],"inLanguage":"pt-BR"}]}},"_links":{"self":[{"href":"https:\/\/universoeletrico.com.br\/eletrico\/wp-json\/wp\/v2\/product\/2666","targetHints":{"allow":["GET"]}}],"collection":[{"href":"https:\/\/universoeletrico.com.br\/eletrico\/wp-json\/wp\/v2\/product"}],"about":[{"href":"https:\/\/universoeletrico.com.br\/eletrico\/wp-json\/wp\/v2\/types\/product"}],"version-history":[{"count":3,"href":"https:\/\/universoeletrico.com.br\/eletrico\/wp-json\/wp\/v2\/product\/2666\/revisions"}],"predecessor-version":[{"id":2756,"href":"https:\/\/universoeletrico.com.br\/eletrico\/wp-json\/wp\/v2\/product\/2666\/revisions\/2756"}],"wp:featuredmedia":[{"embeddable":true,"href":"https:\/\/universoeletrico.com.br\/eletrico\/wp-json\/wp\/v2\/media\/2699"}],"wp:attachment":[{"href":"https:\/\/universoeletrico.com.br\/eletrico\/wp-json\/wp\/v2\/media?parent=2666"}],"wp:term":[{"taxonomy":"product_brand","embeddable":true,"href":"https:\/\/universoeletrico.com.br\/eletrico\/wp-json\/wp\/v2\/product_brand?post=2666"},{"taxonomy":"product_cat","embeddable":true,"href":"https:\/\/universoeletrico.com.br\/eletrico\/wp-json\/wp\/v2\/product_cat?post=2666"},{"taxonomy":"product_tag","embeddable":true,"href":"https:\/\/universoeletrico.com.br\/eletrico\/wp-json\/wp\/v2\/product_tag?post=2666"}],"curies":[{"name":"wp","href":"https:\/\/api.w.org\/{rel}","templated":true}]}}