{"id":2643,"date":"2025-12-17T10:00:58","date_gmt":"2025-12-17T13:00:58","guid":{"rendered":"https:\/\/universoeletrico.com.br\/eletrico\/?post_type=product&#038;p=2643"},"modified":"2026-02-20T16:22:52","modified_gmt":"2026-02-20T19:22:52","slug":"organizador-de-cabos-horizontal-1u-19-linkeo","status":"publish","type":"product","link":"https:\/\/universoeletrico.com.br\/eletrico\/produto\/organizador-de-cabos-horizontal-1u-19-linkeo\/","title":{"rendered":"ORGANIZADOR DE CABOS HORIZONTAL 1U 19&#8243; LINKEO"},"content":{"rendered":"<p>O organizador de cabos em a\u00e7o com tampa de 1U \u00e9indicado para acomoda\u00e7\u00e3o e organiza\u00e7\u00e3o de cabeamento estruturado em racks padr\u00e3o 19&#8243;. \u00c9 um material indispens\u00e1vel para a organiza\u00e7\u00e3o dos cabo dos equipamentos de telefonia etelecomunica\u00e7\u00f5es comoroteadores de internet fibra \u00f3ptica, modens e outros acess\u00f3rios de inform\u00e1tica tais como switches ecentrais telef\u00f4nicas digitais<\/p>\n<p>Material do Produto:Guia de cabos em a\u00e7o com tampa. As Guias de cabo para racks padr\u00e3o 19&#8243; s\u00e3o fabricadasem a\u00e7o, com aranha de 1U x 55 mm e tampa frontal lisa. Utilizada para organizar os Patch Cords no interior do Rack. Possui tampa remov\u00edvel e fura\u00e7\u00e3o na parte traseira. Ocupa 1U de altura, equivalente a 4,54cm de altura. A profundidade da guia organizadora de cabos \u00e9 de 5,5cm e a largura \u00e9 padr\u00e3o 19 polegadas entre os furos de fixa\u00e7\u00e3o no rack, equivalente a 48cm.<\/p>\n<p>Segue abaixo outras op\u00e7\u00f5es de tamanhos e modelos:<\/p>\n<p>cod: 125074 ORGANIZ. CABOS SUP. SIMPLES P\/RACK TORRE<\/p>\n<p>cod: 125075 ORGANIZ. CABOS SUP. DUPLO P\/ RACK TORRE<\/p>\n<p>cod: 125173 ORGANIZADOR CABOS VERT.44U P\/ RACK TORRE<\/p>\n<p>Para Pre\u00e7os, Or\u00e7amentos e D\u00favidas, fale com nossos especialistas.<\/p>\n","protected":false},"excerpt":{"rendered":"<p>O organizador de cabos em a\u00e7o com tampa de 1U \u00e9indicado para acomoda\u00e7\u00e3o e organiza\u00e7\u00e3o de cabeamento estruturado em racks padr\u00e3o 19&#8243;. \u00c9 um material indispens\u00e1vel para a organiza\u00e7\u00e3o dos cabo dos equipamentos de telefonia etelecomunica\u00e7\u00f5es comoroteadores de internet fibra \u00f3ptica, modens e outros acess\u00f3rios de inform\u00e1tica tais como switches ecentrais telef\u00f4nicas digitais Material do [&hellip;]<\/p>\n","protected":false},"featured_media":2644,"template":"","meta":[],"product_brand":[],"product_cat":[20,54],"product_tag":[77,72,78,73,76],"class_list":{"0":"post-2643","1":"product","2":"type-product","3":"status-publish","4":"has-post-thumbnail","6":"product_cat-cabeamento-estruturado","7":"product_cat-cabos-racks-e-acessorios","8":"product_tag-cabeamento-estruturado","9":"product_tag-infraestrutura-t-i","10":"product_tag-legrand","11":"product_tag-linkeo","12":"product_tag-organizador-horizontal","14":"first","15":"instock","16":"shipping-taxable","17":"purchasable","18":"product-type-simple"},"yoast_head":"<!-- This site is optimized with the Yoast SEO Premium plugin v26.1.1 (Yoast SEO v26.1.1) - https:\/\/yoast.com\/wordpress\/plugins\/seo\/ -->\n<title>ORGANIZADOR DE CABOS HORIZONTAL 1U 19&quot; LINKEO - Universo El\u00e9trico<\/title>\n<meta name=\"robots\" content=\"index, follow, max-snippet:-1, max-image-preview:large, max-video-preview:-1\" \/>\n<link rel=\"canonical\" href=\"https:\/\/universoeletrico.com.br\/eletrico\/produto\/organizador-de-cabos-horizontal-1u-19-linkeo\/\" \/>\n<meta property=\"og:locale\" content=\"pt_BR\" \/>\n<meta property=\"og:type\" content=\"article\" \/>\n<meta property=\"og:title\" content=\"ORGANIZADOR DE CABOS HORIZONTAL 1U 19&quot; LINKEO\" \/>\n<meta property=\"og:description\" content=\"O organizador de cabos em a\u00e7o com tampa de 1U \u00e9indicado para acomoda\u00e7\u00e3o e organiza\u00e7\u00e3o de cabeamento estruturado em racks padr\u00e3o 19&#8243;. \u00c9 um material indispens\u00e1vel para a organiza\u00e7\u00e3o dos cabo dos equipamentos de telefonia etelecomunica\u00e7\u00f5es comoroteadores de internet fibra \u00f3ptica, modens e outros acess\u00f3rios de inform\u00e1tica tais como switches ecentrais telef\u00f4nicas digitais Material do [&hellip;]\" \/>\n<meta property=\"og:url\" content=\"https:\/\/universoeletrico.com.br\/eletrico\/produto\/organizador-de-cabos-horizontal-1u-19-linkeo\/\" \/>\n<meta property=\"og:site_name\" content=\"Universo El\u00e9trico\" \/>\n<meta property=\"article:modified_time\" content=\"2026-02-20T19:22:52+00:00\" \/>\n<meta property=\"og:image\" content=\"https:\/\/universoeletrico.com.br\/eletrico\/wp-content\/uploads\/2025\/12\/organizador.jpg\" \/>\n\t<meta property=\"og:image:width\" content=\"1600\" \/>\n\t<meta property=\"og:image:height\" content=\"1600\" \/>\n\t<meta property=\"og:image:type\" content=\"image\/jpeg\" \/>\n<meta name=\"twitter:card\" content=\"summary_large_image\" \/>\n<meta name=\"twitter:label1\" content=\"Est. tempo de leitura\" \/>\n\t<meta name=\"twitter:data1\" content=\"2 minutos\" \/>\n<script type=\"application\/ld+json\" class=\"yoast-schema-graph\">{\"@context\":\"https:\/\/schema.org\",\"@graph\":[{\"@type\":\"WebPage\",\"@id\":\"https:\/\/universoeletrico.com.br\/eletrico\/produto\/organizador-de-cabos-horizontal-1u-19-linkeo\/\",\"url\":\"https:\/\/universoeletrico.com.br\/eletrico\/produto\/organizador-de-cabos-horizontal-1u-19-linkeo\/\",\"name\":\"ORGANIZADOR DE CABOS HORIZONTAL 1U 19\\\" LINKEO - Universo El\u00e9trico\",\"isPartOf\":{\"@id\":\"https:\/\/universoeletrico.com.br\/eletrico\/#website\"},\"primaryImageOfPage\":{\"@id\":\"https:\/\/universoeletrico.com.br\/eletrico\/produto\/organizador-de-cabos-horizontal-1u-19-linkeo\/#primaryimage\"},\"image\":{\"@id\":\"https:\/\/universoeletrico.com.br\/eletrico\/produto\/organizador-de-cabos-horizontal-1u-19-linkeo\/#primaryimage\"},\"thumbnailUrl\":\"https:\/\/universoeletrico.com.br\/eletrico\/wp-content\/uploads\/2025\/12\/organizador.jpg\",\"datePublished\":\"2025-12-17T13:00:58+00:00\",\"dateModified\":\"2026-02-20T19:22:52+00:00\",\"breadcrumb\":{\"@id\":\"https:\/\/universoeletrico.com.br\/eletrico\/produto\/organizador-de-cabos-horizontal-1u-19-linkeo\/#breadcrumb\"},\"inLanguage\":\"pt-BR\",\"potentialAction\":[{\"@type\":\"ReadAction\",\"target\":[\"https:\/\/universoeletrico.com.br\/eletrico\/produto\/organizador-de-cabos-horizontal-1u-19-linkeo\/\"]}]},{\"@type\":\"ImageObject\",\"inLanguage\":\"pt-BR\",\"@id\":\"https:\/\/universoeletrico.com.br\/eletrico\/produto\/organizador-de-cabos-horizontal-1u-19-linkeo\/#primaryimage\",\"url\":\"https:\/\/universoeletrico.com.br\/eletrico\/wp-content\/uploads\/2025\/12\/organizador.jpg\",\"contentUrl\":\"https:\/\/universoeletrico.com.br\/eletrico\/wp-content\/uploads\/2025\/12\/organizador.jpg\",\"width\":1600,\"height\":1600,\"caption\":\"Version 1.0.0\"},{\"@type\":\"BreadcrumbList\",\"@id\":\"https:\/\/universoeletrico.com.br\/eletrico\/produto\/organizador-de-cabos-horizontal-1u-19-linkeo\/#breadcrumb\",\"itemListElement\":[{\"@type\":\"ListItem\",\"position\":1,\"name\":\"In\u00edcio\",\"item\":\"https:\/\/universoeletrico.com.br\/eletrico\/\"},{\"@type\":\"ListItem\",\"position\":2,\"name\":\"Produtos\",\"item\":\"https:\/\/universoeletrico.com.br\/eletrico\/produtos\/\"},{\"@type\":\"ListItem\",\"position\":3,\"name\":\"ORGANIZADOR DE CABOS HORIZONTAL 1U 19&#8243; LINKEO\"}]},{\"@type\":\"WebSite\",\"@id\":\"https:\/\/universoeletrico.com.br\/eletrico\/#website\",\"url\":\"https:\/\/universoeletrico.com.br\/eletrico\/\",\"name\":\"Universo El\u00e9trico\",\"description\":\"\",\"potentialAction\":[{\"@type\":\"SearchAction\",\"target\":{\"@type\":\"EntryPoint\",\"urlTemplate\":\"https:\/\/universoeletrico.com.br\/eletrico\/?s={search_term_string}\"},\"query-input\":{\"@type\":\"PropertyValueSpecification\",\"valueRequired\":true,\"valueName\":\"search_term_string\"}}],\"inLanguage\":\"pt-BR\"}]}<\/script>\n<!-- \/ Yoast SEO Premium plugin. -->","yoast_head_json":{"title":"ORGANIZADOR DE CABOS HORIZONTAL 1U 19\" LINKEO - Universo El\u00e9trico","robots":{"index":"index","follow":"follow","max-snippet":"max-snippet:-1","max-image-preview":"max-image-preview:large","max-video-preview":"max-video-preview:-1"},"canonical":"https:\/\/universoeletrico.com.br\/eletrico\/produto\/organizador-de-cabos-horizontal-1u-19-linkeo\/","og_locale":"pt_BR","og_type":"article","og_title":"ORGANIZADOR DE CABOS HORIZONTAL 1U 19\" LINKEO","og_description":"O organizador de cabos em a\u00e7o com tampa de 1U \u00e9indicado para acomoda\u00e7\u00e3o e organiza\u00e7\u00e3o de cabeamento estruturado em racks padr\u00e3o 19&#8243;. \u00c9 um material indispens\u00e1vel para a organiza\u00e7\u00e3o dos cabo dos equipamentos de telefonia etelecomunica\u00e7\u00f5es comoroteadores de internet fibra \u00f3ptica, modens e outros acess\u00f3rios de inform\u00e1tica tais como switches ecentrais telef\u00f4nicas digitais Material do [&hellip;]","og_url":"https:\/\/universoeletrico.com.br\/eletrico\/produto\/organizador-de-cabos-horizontal-1u-19-linkeo\/","og_site_name":"Universo El\u00e9trico","article_modified_time":"2026-02-20T19:22:52+00:00","og_image":[{"width":1600,"height":1600,"url":"https:\/\/universoeletrico.com.br\/eletrico\/wp-content\/uploads\/2025\/12\/organizador.jpg","type":"image\/jpeg"}],"twitter_card":"summary_large_image","twitter_misc":{"Est. tempo de leitura":"2 minutos"},"schema":{"@context":"https:\/\/schema.org","@graph":[{"@type":"WebPage","@id":"https:\/\/universoeletrico.com.br\/eletrico\/produto\/organizador-de-cabos-horizontal-1u-19-linkeo\/","url":"https:\/\/universoeletrico.com.br\/eletrico\/produto\/organizador-de-cabos-horizontal-1u-19-linkeo\/","name":"ORGANIZADOR DE CABOS HORIZONTAL 1U 19\" LINKEO - Universo El\u00e9trico","isPartOf":{"@id":"https:\/\/universoeletrico.com.br\/eletrico\/#website"},"primaryImageOfPage":{"@id":"https:\/\/universoeletrico.com.br\/eletrico\/produto\/organizador-de-cabos-horizontal-1u-19-linkeo\/#primaryimage"},"image":{"@id":"https:\/\/universoeletrico.com.br\/eletrico\/produto\/organizador-de-cabos-horizontal-1u-19-linkeo\/#primaryimage"},"thumbnailUrl":"https:\/\/universoeletrico.com.br\/eletrico\/wp-content\/uploads\/2025\/12\/organizador.jpg","datePublished":"2025-12-17T13:00:58+00:00","dateModified":"2026-02-20T19:22:52+00:00","breadcrumb":{"@id":"https:\/\/universoeletrico.com.br\/eletrico\/produto\/organizador-de-cabos-horizontal-1u-19-linkeo\/#breadcrumb"},"inLanguage":"pt-BR","potentialAction":[{"@type":"ReadAction","target":["https:\/\/universoeletrico.com.br\/eletrico\/produto\/organizador-de-cabos-horizontal-1u-19-linkeo\/"]}]},{"@type":"ImageObject","inLanguage":"pt-BR","@id":"https:\/\/universoeletrico.com.br\/eletrico\/produto\/organizador-de-cabos-horizontal-1u-19-linkeo\/#primaryimage","url":"https:\/\/universoeletrico.com.br\/eletrico\/wp-content\/uploads\/2025\/12\/organizador.jpg","contentUrl":"https:\/\/universoeletrico.com.br\/eletrico\/wp-content\/uploads\/2025\/12\/organizador.jpg","width":1600,"height":1600,"caption":"Version 1.0.0"},{"@type":"BreadcrumbList","@id":"https:\/\/universoeletrico.com.br\/eletrico\/produto\/organizador-de-cabos-horizontal-1u-19-linkeo\/#breadcrumb","itemListElement":[{"@type":"ListItem","position":1,"name":"In\u00edcio","item":"https:\/\/universoeletrico.com.br\/eletrico\/"},{"@type":"ListItem","position":2,"name":"Produtos","item":"https:\/\/universoeletrico.com.br\/eletrico\/produtos\/"},{"@type":"ListItem","position":3,"name":"ORGANIZADOR DE CABOS HORIZONTAL 1U 19&#8243; LINKEO"}]},{"@type":"WebSite","@id":"https:\/\/universoeletrico.com.br\/eletrico\/#website","url":"https:\/\/universoeletrico.com.br\/eletrico\/","name":"Universo El\u00e9trico","description":"","potentialAction":[{"@type":"SearchAction","target":{"@type":"EntryPoint","urlTemplate":"https:\/\/universoeletrico.com.br\/eletrico\/?s={search_term_string}"},"query-input":{"@type":"PropertyValueSpecification","valueRequired":true,"valueName":"search_term_string"}}],"inLanguage":"pt-BR"}]}},"_links":{"self":[{"href":"https:\/\/universoeletrico.com.br\/eletrico\/wp-json\/wp\/v2\/product\/2643","targetHints":{"allow":["GET"]}}],"collection":[{"href":"https:\/\/universoeletrico.com.br\/eletrico\/wp-json\/wp\/v2\/product"}],"about":[{"href":"https:\/\/universoeletrico.com.br\/eletrico\/wp-json\/wp\/v2\/types\/product"}],"version-history":[{"count":4,"href":"https:\/\/universoeletrico.com.br\/eletrico\/wp-json\/wp\/v2\/product\/2643\/revisions"}],"predecessor-version":[{"id":2755,"href":"https:\/\/universoeletrico.com.br\/eletrico\/wp-json\/wp\/v2\/product\/2643\/revisions\/2755"}],"wp:featuredmedia":[{"embeddable":true,"href":"https:\/\/universoeletrico.com.br\/eletrico\/wp-json\/wp\/v2\/media\/2644"}],"wp:attachment":[{"href":"https:\/\/universoeletrico.com.br\/eletrico\/wp-json\/wp\/v2\/media?parent=2643"}],"wp:term":[{"taxonomy":"product_brand","embeddable":true,"href":"https:\/\/universoeletrico.com.br\/eletrico\/wp-json\/wp\/v2\/product_brand?post=2643"},{"taxonomy":"product_cat","embeddable":true,"href":"https:\/\/universoeletrico.com.br\/eletrico\/wp-json\/wp\/v2\/product_cat?post=2643"},{"taxonomy":"product_tag","embeddable":true,"href":"https:\/\/universoeletrico.com.br\/eletrico\/wp-json\/wp\/v2\/product_tag?post=2643"}],"curies":[{"name":"wp","href":"https:\/\/api.w.org\/{rel}","templated":true}]}}