{"id":2636,"date":"2025-12-17T09:26:42","date_gmt":"2025-12-17T12:26:42","guid":{"rendered":"https:\/\/universoeletrico.com.br\/eletrico\/?post_type=product&#038;p=2636"},"modified":"2025-12-22T09:42:14","modified_gmt":"2025-12-22T12:42:14","slug":"gabinete-rack-20u-1048x600x600-linkeo-copia","status":"publish","type":"product","link":"https:\/\/universoeletrico.com.br\/eletrico\/produto\/gabinete-rack-20u-1048x600x600-linkeo-copia\/","title":{"rendered":"BANDEJA FIXA PARA 600MM LINKEO"},"content":{"rendered":"<p>BANDEJA FIXA. A solu\u00e7\u00e3o linkeo para cabeamento estruturado \u00e9 uma excelente alternativa em custo-benef\u00edcio para projetos de telecomunica\u00e7\u00f5es.<br \/>\nOs componentes s\u00e3o testados em laborat\u00f3rios independentes, garantindo a conformidade com as especifica\u00e7\u00f5es das normas.<br \/>\nTIA\/EIA-568-C.2 E ISO11801-2010 PARA AS CATEGORIAS 6 E 5E.<\/p>\n<p>Segue abaixo outras op\u00e7\u00f5es de tamanhos e modelos:<\/p>\n<p>cod: 125104 BANDEJA FIXA PARA 360MM LINKEO<\/p>\n<p>cod: 125107 BANDEJA FIXA PARA 1000MM LINKEO<\/p>\n<p>cod: 125146 BANDEJA FIXA\u00c7\u00c3O DUPLA 2U 19&#8243; 450MM LISA<\/p>\n<p>Para Pre\u00e7os, Or\u00e7amentos e D\u00favidas, fale com nossos especialistas.<\/p>\n<p>&nbsp;<\/p>\n<p>&nbsp;<\/p>\n","protected":false},"excerpt":{"rendered":"<p>BANDEJA FIXA. A solu\u00e7\u00e3o linkeo para cabeamento estruturado \u00e9 uma excelente alternativa em custo-benef\u00edcio para projetos de telecomunica\u00e7\u00f5es. Os componentes s\u00e3o testados em laborat\u00f3rios independentes, garantindo a conformidade com as especifica\u00e7\u00f5es das normas. TIA\/EIA-568-C.2 E ISO11801-2010 PARA AS CATEGORIAS 6 E 5E. Segue abaixo outras op\u00e7\u00f5es de tamanhos e modelos: cod: 125104 BANDEJA FIXA PARA [&hellip;]<\/p>\n","protected":false},"featured_media":2696,"template":"","meta":[],"product_brand":[],"product_cat":[20,54],"product_tag":[71,70,72,73],"class_list":{"0":"post-2636","1":"product","2":"type-product","3":"status-publish","4":"has-post-thumbnail","6":"product_cat-cabeamento-estruturado","7":"product_cat-cabos-racks-e-acessorios","8":"product_tag-bandeja-fixa","9":"product_tag-cabeceamento-estruturado","10":"product_tag-infraestrutura-t-i","11":"product_tag-linkeo","13":"first","14":"instock","15":"shipping-taxable","16":"product-type-simple"},"yoast_head":"<!-- This site is optimized with the Yoast SEO Premium plugin v26.1.1 (Yoast SEO v26.1.1) - https:\/\/yoast.com\/wordpress\/plugins\/seo\/ -->\n<title>BANDEJA FIXA PARA 600MM LINKEO - Universo El\u00e9trico<\/title>\n<meta name=\"robots\" content=\"index, follow, max-snippet:-1, max-image-preview:large, max-video-preview:-1\" \/>\n<link rel=\"canonical\" href=\"https:\/\/universoeletrico.com.br\/eletrico\/produto\/gabinete-rack-20u-1048x600x600-linkeo-copia\/\" \/>\n<meta property=\"og:locale\" content=\"pt_BR\" \/>\n<meta property=\"og:type\" content=\"article\" \/>\n<meta property=\"og:title\" content=\"BANDEJA FIXA PARA 600MM LINKEO\" \/>\n<meta property=\"og:description\" content=\"BANDEJA FIXA. A solu\u00e7\u00e3o linkeo para cabeamento estruturado \u00e9 uma excelente alternativa em custo-benef\u00edcio para projetos de telecomunica\u00e7\u00f5es. Os componentes s\u00e3o testados em laborat\u00f3rios independentes, garantindo a conformidade com as especifica\u00e7\u00f5es das normas. TIA\/EIA-568-C.2 E ISO11801-2010 PARA AS CATEGORIAS 6 E 5E. Segue abaixo outras op\u00e7\u00f5es de tamanhos e modelos: cod: 125104 BANDEJA FIXA PARA [&hellip;]\" \/>\n<meta property=\"og:url\" content=\"https:\/\/universoeletrico.com.br\/eletrico\/produto\/gabinete-rack-20u-1048x600x600-linkeo-copia\/\" \/>\n<meta property=\"og:site_name\" content=\"Universo El\u00e9trico\" \/>\n<meta property=\"article:modified_time\" content=\"2025-12-22T12:42:14+00:00\" \/>\n<meta property=\"og:image\" content=\"https:\/\/universoeletrico.com.br\/eletrico\/wp-content\/uploads\/2025\/12\/bj.webp\" \/>\n\t<meta property=\"og:image:width\" content=\"1500\" \/>\n\t<meta property=\"og:image:height\" content=\"1500\" \/>\n\t<meta property=\"og:image:type\" content=\"image\/webp\" \/>\n<meta name=\"twitter:card\" content=\"summary_large_image\" \/>\n<meta name=\"twitter:label1\" content=\"Est. tempo de leitura\" \/>\n\t<meta name=\"twitter:data1\" content=\"1 minuto\" \/>\n<script type=\"application\/ld+json\" class=\"yoast-schema-graph\">{\"@context\":\"https:\/\/schema.org\",\"@graph\":[{\"@type\":\"WebPage\",\"@id\":\"https:\/\/universoeletrico.com.br\/eletrico\/produto\/gabinete-rack-20u-1048x600x600-linkeo-copia\/\",\"url\":\"https:\/\/universoeletrico.com.br\/eletrico\/produto\/gabinete-rack-20u-1048x600x600-linkeo-copia\/\",\"name\":\"BANDEJA FIXA PARA 600MM LINKEO - Universo El\u00e9trico\",\"isPartOf\":{\"@id\":\"https:\/\/universoeletrico.com.br\/eletrico\/#website\"},\"primaryImageOfPage\":{\"@id\":\"https:\/\/universoeletrico.com.br\/eletrico\/produto\/gabinete-rack-20u-1048x600x600-linkeo-copia\/#primaryimage\"},\"image\":{\"@id\":\"https:\/\/universoeletrico.com.br\/eletrico\/produto\/gabinete-rack-20u-1048x600x600-linkeo-copia\/#primaryimage\"},\"thumbnailUrl\":\"https:\/\/universoeletrico.com.br\/eletrico\/wp-content\/uploads\/2025\/12\/bj.webp\",\"datePublished\":\"2025-12-17T12:26:42+00:00\",\"dateModified\":\"2025-12-22T12:42:14+00:00\",\"breadcrumb\":{\"@id\":\"https:\/\/universoeletrico.com.br\/eletrico\/produto\/gabinete-rack-20u-1048x600x600-linkeo-copia\/#breadcrumb\"},\"inLanguage\":\"pt-BR\",\"potentialAction\":[{\"@type\":\"ReadAction\",\"target\":[\"https:\/\/universoeletrico.com.br\/eletrico\/produto\/gabinete-rack-20u-1048x600x600-linkeo-copia\/\"]}]},{\"@type\":\"ImageObject\",\"inLanguage\":\"pt-BR\",\"@id\":\"https:\/\/universoeletrico.com.br\/eletrico\/produto\/gabinete-rack-20u-1048x600x600-linkeo-copia\/#primaryimage\",\"url\":\"https:\/\/universoeletrico.com.br\/eletrico\/wp-content\/uploads\/2025\/12\/bj.webp\",\"contentUrl\":\"https:\/\/universoeletrico.com.br\/eletrico\/wp-content\/uploads\/2025\/12\/bj.webp\",\"width\":1500,\"height\":1500},{\"@type\":\"BreadcrumbList\",\"@id\":\"https:\/\/universoeletrico.com.br\/eletrico\/produto\/gabinete-rack-20u-1048x600x600-linkeo-copia\/#breadcrumb\",\"itemListElement\":[{\"@type\":\"ListItem\",\"position\":1,\"name\":\"In\u00edcio\",\"item\":\"https:\/\/universoeletrico.com.br\/eletrico\/\"},{\"@type\":\"ListItem\",\"position\":2,\"name\":\"Produtos\",\"item\":\"https:\/\/universoeletrico.com.br\/eletrico\/produtos\/\"},{\"@type\":\"ListItem\",\"position\":3,\"name\":\"BANDEJA FIXA PARA 600MM LINKEO\"}]},{\"@type\":\"WebSite\",\"@id\":\"https:\/\/universoeletrico.com.br\/eletrico\/#website\",\"url\":\"https:\/\/universoeletrico.com.br\/eletrico\/\",\"name\":\"Universo El\u00e9trico\",\"description\":\"\",\"potentialAction\":[{\"@type\":\"SearchAction\",\"target\":{\"@type\":\"EntryPoint\",\"urlTemplate\":\"https:\/\/universoeletrico.com.br\/eletrico\/?s={search_term_string}\"},\"query-input\":{\"@type\":\"PropertyValueSpecification\",\"valueRequired\":true,\"valueName\":\"search_term_string\"}}],\"inLanguage\":\"pt-BR\"}]}<\/script>\n<!-- \/ Yoast SEO Premium plugin. -->","yoast_head_json":{"title":"BANDEJA FIXA PARA 600MM LINKEO - Universo El\u00e9trico","robots":{"index":"index","follow":"follow","max-snippet":"max-snippet:-1","max-image-preview":"max-image-preview:large","max-video-preview":"max-video-preview:-1"},"canonical":"https:\/\/universoeletrico.com.br\/eletrico\/produto\/gabinete-rack-20u-1048x600x600-linkeo-copia\/","og_locale":"pt_BR","og_type":"article","og_title":"BANDEJA FIXA PARA 600MM LINKEO","og_description":"BANDEJA FIXA. A solu\u00e7\u00e3o linkeo para cabeamento estruturado \u00e9 uma excelente alternativa em custo-benef\u00edcio para projetos de telecomunica\u00e7\u00f5es. Os componentes s\u00e3o testados em laborat\u00f3rios independentes, garantindo a conformidade com as especifica\u00e7\u00f5es das normas. TIA\/EIA-568-C.2 E ISO11801-2010 PARA AS CATEGORIAS 6 E 5E. Segue abaixo outras op\u00e7\u00f5es de tamanhos e modelos: cod: 125104 BANDEJA FIXA PARA [&hellip;]","og_url":"https:\/\/universoeletrico.com.br\/eletrico\/produto\/gabinete-rack-20u-1048x600x600-linkeo-copia\/","og_site_name":"Universo El\u00e9trico","article_modified_time":"2025-12-22T12:42:14+00:00","og_image":[{"width":1500,"height":1500,"url":"https:\/\/universoeletrico.com.br\/eletrico\/wp-content\/uploads\/2025\/12\/bj.webp","type":"image\/webp"}],"twitter_card":"summary_large_image","twitter_misc":{"Est. tempo de leitura":"1 minuto"},"schema":{"@context":"https:\/\/schema.org","@graph":[{"@type":"WebPage","@id":"https:\/\/universoeletrico.com.br\/eletrico\/produto\/gabinete-rack-20u-1048x600x600-linkeo-copia\/","url":"https:\/\/universoeletrico.com.br\/eletrico\/produto\/gabinete-rack-20u-1048x600x600-linkeo-copia\/","name":"BANDEJA FIXA PARA 600MM LINKEO - Universo El\u00e9trico","isPartOf":{"@id":"https:\/\/universoeletrico.com.br\/eletrico\/#website"},"primaryImageOfPage":{"@id":"https:\/\/universoeletrico.com.br\/eletrico\/produto\/gabinete-rack-20u-1048x600x600-linkeo-copia\/#primaryimage"},"image":{"@id":"https:\/\/universoeletrico.com.br\/eletrico\/produto\/gabinete-rack-20u-1048x600x600-linkeo-copia\/#primaryimage"},"thumbnailUrl":"https:\/\/universoeletrico.com.br\/eletrico\/wp-content\/uploads\/2025\/12\/bj.webp","datePublished":"2025-12-17T12:26:42+00:00","dateModified":"2025-12-22T12:42:14+00:00","breadcrumb":{"@id":"https:\/\/universoeletrico.com.br\/eletrico\/produto\/gabinete-rack-20u-1048x600x600-linkeo-copia\/#breadcrumb"},"inLanguage":"pt-BR","potentialAction":[{"@type":"ReadAction","target":["https:\/\/universoeletrico.com.br\/eletrico\/produto\/gabinete-rack-20u-1048x600x600-linkeo-copia\/"]}]},{"@type":"ImageObject","inLanguage":"pt-BR","@id":"https:\/\/universoeletrico.com.br\/eletrico\/produto\/gabinete-rack-20u-1048x600x600-linkeo-copia\/#primaryimage","url":"https:\/\/universoeletrico.com.br\/eletrico\/wp-content\/uploads\/2025\/12\/bj.webp","contentUrl":"https:\/\/universoeletrico.com.br\/eletrico\/wp-content\/uploads\/2025\/12\/bj.webp","width":1500,"height":1500},{"@type":"BreadcrumbList","@id":"https:\/\/universoeletrico.com.br\/eletrico\/produto\/gabinete-rack-20u-1048x600x600-linkeo-copia\/#breadcrumb","itemListElement":[{"@type":"ListItem","position":1,"name":"In\u00edcio","item":"https:\/\/universoeletrico.com.br\/eletrico\/"},{"@type":"ListItem","position":2,"name":"Produtos","item":"https:\/\/universoeletrico.com.br\/eletrico\/produtos\/"},{"@type":"ListItem","position":3,"name":"BANDEJA FIXA PARA 600MM LINKEO"}]},{"@type":"WebSite","@id":"https:\/\/universoeletrico.com.br\/eletrico\/#website","url":"https:\/\/universoeletrico.com.br\/eletrico\/","name":"Universo El\u00e9trico","description":"","potentialAction":[{"@type":"SearchAction","target":{"@type":"EntryPoint","urlTemplate":"https:\/\/universoeletrico.com.br\/eletrico\/?s={search_term_string}"},"query-input":{"@type":"PropertyValueSpecification","valueRequired":true,"valueName":"search_term_string"}}],"inLanguage":"pt-BR"}]}},"_links":{"self":[{"href":"https:\/\/universoeletrico.com.br\/eletrico\/wp-json\/wp\/v2\/product\/2636","targetHints":{"allow":["GET"]}}],"collection":[{"href":"https:\/\/universoeletrico.com.br\/eletrico\/wp-json\/wp\/v2\/product"}],"about":[{"href":"https:\/\/universoeletrico.com.br\/eletrico\/wp-json\/wp\/v2\/types\/product"}],"version-history":[{"count":4,"href":"https:\/\/universoeletrico.com.br\/eletrico\/wp-json\/wp\/v2\/product\/2636\/revisions"}],"predecessor-version":[{"id":2731,"href":"https:\/\/universoeletrico.com.br\/eletrico\/wp-json\/wp\/v2\/product\/2636\/revisions\/2731"}],"wp:featuredmedia":[{"embeddable":true,"href":"https:\/\/universoeletrico.com.br\/eletrico\/wp-json\/wp\/v2\/media\/2696"}],"wp:attachment":[{"href":"https:\/\/universoeletrico.com.br\/eletrico\/wp-json\/wp\/v2\/media?parent=2636"}],"wp:term":[{"taxonomy":"product_brand","embeddable":true,"href":"https:\/\/universoeletrico.com.br\/eletrico\/wp-json\/wp\/v2\/product_brand?post=2636"},{"taxonomy":"product_cat","embeddable":true,"href":"https:\/\/universoeletrico.com.br\/eletrico\/wp-json\/wp\/v2\/product_cat?post=2636"},{"taxonomy":"product_tag","embeddable":true,"href":"https:\/\/universoeletrico.com.br\/eletrico\/wp-json\/wp\/v2\/product_tag?post=2636"}],"curies":[{"name":"wp","href":"https:\/\/api.w.org\/{rel}","templated":true}]}}