{"id":2629,"date":"2025-12-16T17:17:41","date_gmt":"2025-12-16T20:17:41","guid":{"rendered":"https:\/\/universoeletrico.com.br\/eletrico\/?post_type=product&#038;p=2629"},"modified":"2025-12-29T15:56:54","modified_gmt":"2025-12-29T18:56:54","slug":"gabinete-rack-44u-2115x600x600mm-linkeo","status":"publish","type":"product","link":"https:\/\/universoeletrico.com.br\/eletrico\/produto\/gabinete-rack-44u-2115x600x600mm-linkeo\/","title":{"rendered":"GABINETE RACK 20U 1048X600X600 LINKEO"},"content":{"rendered":"<p>A linha LINKEO oferece uma completa solu\u00e7\u00e3o em sistema de cabeamento estruturado com os novos gabinetes. Fabricado no Brasil, possui excelente custo-benef\u00edcio, alta resist\u00eancia mec\u00e2nica, com a qualidade Legrand. Os gabinetes possuem 4 perfis estruturais e 2 placas de extremidade que formam uma estrutura met\u00e1lica resistente aparafusadas juntas, e que podem ser desmontadas facilmente quando necess\u00e1rio.<\/p>\n<p><span dir=\"auto\" style=\"vertical-align: inherit;\"><span dir=\"auto\" style=\"vertical-align: inherit;\">Gabinete com porta frontal em vidro de seguran\u00e7a, revers\u00edvel. Pain\u00e9is laterais remov\u00edveis, com liga\u00e7\u00e3o equipotencial autom\u00e1tica. Fechadura com chave 2433A para os 4 pain\u00e9is. P\u00e9s de nivelamento ajust\u00e1veis. Entrada de cabos na parte superior e inferior com formato 19\u201d. Fornecido com 2 montantes de 19\u201d ajust\u00e1veis \u200b\u200bem profundidade. Pode ser completamente desmontado em caso de acesso dif\u00edcil<\/span><\/span><\/p>\n<p>Segue abaixo outras op\u00e7\u00f5es de tamanhos e modelos:<\/p>\n<p>cod: 125052 GABINETE RACK 24U 1226X600X600MM LINKEO<\/p>\n<p><span dir=\"auto\" style=\"vertical-align: inherit;\"><span dir=\"auto\" style=\"vertical-align: inherit;\">c\u00f3digo: 125053 RACK DE GABINETE 32U 1581X600X600MM LINKEO<\/span><\/span><\/p>\n<p>cod: 125127 GABINETE RACK 36U 1760X600X600 LINKEO<\/p>\n<p>cod: 125054 GABINETE RACK 44U 2115X600X600MM LINKEO<\/p>\n<p><span dir=\"auto\" style=\"vertical-align: inherit;\"><span dir=\"auto\" style=\"vertical-align: inherit;\">c\u00f3digo: 125048 RACK DE GABINETE 42U 2026X600X600MM LCS2<\/span><\/span><\/p>\n<p>Para Pre\u00e7os, Or\u00e7amentos e D\u00favidas, fale com nossos especialistas.<\/p>\n","protected":false},"excerpt":{"rendered":"<p>A linha LINKEO oferece uma completa solu\u00e7\u00e3o em sistema de cabeamento estruturado com os novos gabinetes. Fabricado no Brasil, possui excelente custo-benef\u00edcio, alta resist\u00eancia mec\u00e2nica, com a qualidade Legrand. Os gabinetes possuem 4 perfis estruturais e 2 placas de extremidade que formam uma estrutura met\u00e1lica resistente aparafusadas juntas, e que podem ser desmontadas facilmente quando [&hellip;]<\/p>\n","protected":false},"featured_media":2632,"template":"","meta":[],"product_brand":[],"product_cat":[20,54],"product_tag":[70,74,72,73,75],"class_list":{"0":"post-2629","1":"product","2":"type-product","3":"status-publish","4":"has-post-thumbnail","6":"product_cat-cabeamento-estruturado","7":"product_cat-cabos-racks-e-acessorios","8":"product_tag-cabeceamento-estruturado","9":"product_tag-gabinete","10":"product_tag-infraestrutura-t-i","11":"product_tag-linkeo","12":"product_tag-rack","14":"first","15":"instock","16":"shipping-taxable","17":"product-type-simple"},"yoast_head":"<!-- This site is optimized with the Yoast SEO Premium plugin v26.1.1 (Yoast SEO v26.1.1) - https:\/\/yoast.com\/wordpress\/plugins\/seo\/ -->\n<title>GABINETE RACK 20U 1048X600X600 LINKEO - Universo El\u00e9trico<\/title>\n<meta name=\"robots\" content=\"index, follow, max-snippet:-1, max-image-preview:large, max-video-preview:-1\" \/>\n<link rel=\"canonical\" href=\"https:\/\/universoeletrico.com.br\/eletrico\/produto\/gabinete-rack-44u-2115x600x600mm-linkeo\/\" \/>\n<meta property=\"og:locale\" content=\"pt_BR\" \/>\n<meta property=\"og:type\" content=\"article\" \/>\n<meta property=\"og:title\" content=\"GABINETE RACK 20U 1048X600X600 LINKEO\" \/>\n<meta property=\"og:description\" content=\"A linha LINKEO oferece uma completa solu\u00e7\u00e3o em sistema de cabeamento estruturado com os novos gabinetes. Fabricado no Brasil, possui excelente custo-benef\u00edcio, alta resist\u00eancia mec\u00e2nica, com a qualidade Legrand. Os gabinetes possuem 4 perfis estruturais e 2 placas de extremidade que formam uma estrutura met\u00e1lica resistente aparafusadas juntas, e que podem ser desmontadas facilmente quando [&hellip;]\" \/>\n<meta property=\"og:url\" content=\"https:\/\/universoeletrico.com.br\/eletrico\/produto\/gabinete-rack-44u-2115x600x600mm-linkeo\/\" \/>\n<meta property=\"og:site_name\" content=\"Universo El\u00e9trico\" \/>\n<meta property=\"article:modified_time\" content=\"2025-12-29T18:56:54+00:00\" \/>\n<meta property=\"og:image\" content=\"https:\/\/universoeletrico.com.br\/eletrico\/wp-content\/uploads\/2025\/12\/rack.webp\" \/>\n\t<meta property=\"og:image:width\" content=\"780\" \/>\n\t<meta property=\"og:image:height\" content=\"780\" \/>\n\t<meta property=\"og:image:type\" content=\"image\/webp\" \/>\n<meta name=\"twitter:card\" content=\"summary_large_image\" \/>\n<meta name=\"twitter:label1\" content=\"Est. tempo de leitura\" \/>\n\t<meta name=\"twitter:data1\" content=\"2 minutos\" \/>\n<script type=\"application\/ld+json\" class=\"yoast-schema-graph\">{\"@context\":\"https:\/\/schema.org\",\"@graph\":[{\"@type\":\"WebPage\",\"@id\":\"https:\/\/universoeletrico.com.br\/eletrico\/produto\/gabinete-rack-44u-2115x600x600mm-linkeo\/\",\"url\":\"https:\/\/universoeletrico.com.br\/eletrico\/produto\/gabinete-rack-44u-2115x600x600mm-linkeo\/\",\"name\":\"GABINETE RACK 20U 1048X600X600 LINKEO - Universo El\u00e9trico\",\"isPartOf\":{\"@id\":\"https:\/\/universoeletrico.com.br\/eletrico\/#website\"},\"primaryImageOfPage\":{\"@id\":\"https:\/\/universoeletrico.com.br\/eletrico\/produto\/gabinete-rack-44u-2115x600x600mm-linkeo\/#primaryimage\"},\"image\":{\"@id\":\"https:\/\/universoeletrico.com.br\/eletrico\/produto\/gabinete-rack-44u-2115x600x600mm-linkeo\/#primaryimage\"},\"thumbnailUrl\":\"https:\/\/universoeletrico.com.br\/eletrico\/wp-content\/uploads\/2025\/12\/rack.webp\",\"datePublished\":\"2025-12-16T20:17:41+00:00\",\"dateModified\":\"2025-12-29T18:56:54+00:00\",\"breadcrumb\":{\"@id\":\"https:\/\/universoeletrico.com.br\/eletrico\/produto\/gabinete-rack-44u-2115x600x600mm-linkeo\/#breadcrumb\"},\"inLanguage\":\"pt-BR\",\"potentialAction\":[{\"@type\":\"ReadAction\",\"target\":[\"https:\/\/universoeletrico.com.br\/eletrico\/produto\/gabinete-rack-44u-2115x600x600mm-linkeo\/\"]}]},{\"@type\":\"ImageObject\",\"inLanguage\":\"pt-BR\",\"@id\":\"https:\/\/universoeletrico.com.br\/eletrico\/produto\/gabinete-rack-44u-2115x600x600mm-linkeo\/#primaryimage\",\"url\":\"https:\/\/universoeletrico.com.br\/eletrico\/wp-content\/uploads\/2025\/12\/rack.webp\",\"contentUrl\":\"https:\/\/universoeletrico.com.br\/eletrico\/wp-content\/uploads\/2025\/12\/rack.webp\",\"width\":780,\"height\":780},{\"@type\":\"BreadcrumbList\",\"@id\":\"https:\/\/universoeletrico.com.br\/eletrico\/produto\/gabinete-rack-44u-2115x600x600mm-linkeo\/#breadcrumb\",\"itemListElement\":[{\"@type\":\"ListItem\",\"position\":1,\"name\":\"In\u00edcio\",\"item\":\"https:\/\/universoeletrico.com.br\/eletrico\/\"},{\"@type\":\"ListItem\",\"position\":2,\"name\":\"Produtos\",\"item\":\"https:\/\/universoeletrico.com.br\/eletrico\/produtos\/\"},{\"@type\":\"ListItem\",\"position\":3,\"name\":\"GABINETE RACK 20U 1048X600X600 LINKEO\"}]},{\"@type\":\"WebSite\",\"@id\":\"https:\/\/universoeletrico.com.br\/eletrico\/#website\",\"url\":\"https:\/\/universoeletrico.com.br\/eletrico\/\",\"name\":\"Universo El\u00e9trico\",\"description\":\"\",\"potentialAction\":[{\"@type\":\"SearchAction\",\"target\":{\"@type\":\"EntryPoint\",\"urlTemplate\":\"https:\/\/universoeletrico.com.br\/eletrico\/?s={search_term_string}\"},\"query-input\":{\"@type\":\"PropertyValueSpecification\",\"valueRequired\":true,\"valueName\":\"search_term_string\"}}],\"inLanguage\":\"pt-BR\"}]}<\/script>\n<!-- \/ Yoast SEO Premium plugin. -->","yoast_head_json":{"title":"GABINETE RACK 20U 1048X600X600 LINKEO - Universo El\u00e9trico","robots":{"index":"index","follow":"follow","max-snippet":"max-snippet:-1","max-image-preview":"max-image-preview:large","max-video-preview":"max-video-preview:-1"},"canonical":"https:\/\/universoeletrico.com.br\/eletrico\/produto\/gabinete-rack-44u-2115x600x600mm-linkeo\/","og_locale":"pt_BR","og_type":"article","og_title":"GABINETE RACK 20U 1048X600X600 LINKEO","og_description":"A linha LINKEO oferece uma completa solu\u00e7\u00e3o em sistema de cabeamento estruturado com os novos gabinetes. Fabricado no Brasil, possui excelente custo-benef\u00edcio, alta resist\u00eancia mec\u00e2nica, com a qualidade Legrand. Os gabinetes possuem 4 perfis estruturais e 2 placas de extremidade que formam uma estrutura met\u00e1lica resistente aparafusadas juntas, e que podem ser desmontadas facilmente quando [&hellip;]","og_url":"https:\/\/universoeletrico.com.br\/eletrico\/produto\/gabinete-rack-44u-2115x600x600mm-linkeo\/","og_site_name":"Universo El\u00e9trico","article_modified_time":"2025-12-29T18:56:54+00:00","og_image":[{"width":780,"height":780,"url":"https:\/\/universoeletrico.com.br\/eletrico\/wp-content\/uploads\/2025\/12\/rack.webp","type":"image\/webp"}],"twitter_card":"summary_large_image","twitter_misc":{"Est. tempo de leitura":"2 minutos"},"schema":{"@context":"https:\/\/schema.org","@graph":[{"@type":"WebPage","@id":"https:\/\/universoeletrico.com.br\/eletrico\/produto\/gabinete-rack-44u-2115x600x600mm-linkeo\/","url":"https:\/\/universoeletrico.com.br\/eletrico\/produto\/gabinete-rack-44u-2115x600x600mm-linkeo\/","name":"GABINETE RACK 20U 1048X600X600 LINKEO - Universo El\u00e9trico","isPartOf":{"@id":"https:\/\/universoeletrico.com.br\/eletrico\/#website"},"primaryImageOfPage":{"@id":"https:\/\/universoeletrico.com.br\/eletrico\/produto\/gabinete-rack-44u-2115x600x600mm-linkeo\/#primaryimage"},"image":{"@id":"https:\/\/universoeletrico.com.br\/eletrico\/produto\/gabinete-rack-44u-2115x600x600mm-linkeo\/#primaryimage"},"thumbnailUrl":"https:\/\/universoeletrico.com.br\/eletrico\/wp-content\/uploads\/2025\/12\/rack.webp","datePublished":"2025-12-16T20:17:41+00:00","dateModified":"2025-12-29T18:56:54+00:00","breadcrumb":{"@id":"https:\/\/universoeletrico.com.br\/eletrico\/produto\/gabinete-rack-44u-2115x600x600mm-linkeo\/#breadcrumb"},"inLanguage":"pt-BR","potentialAction":[{"@type":"ReadAction","target":["https:\/\/universoeletrico.com.br\/eletrico\/produto\/gabinete-rack-44u-2115x600x600mm-linkeo\/"]}]},{"@type":"ImageObject","inLanguage":"pt-BR","@id":"https:\/\/universoeletrico.com.br\/eletrico\/produto\/gabinete-rack-44u-2115x600x600mm-linkeo\/#primaryimage","url":"https:\/\/universoeletrico.com.br\/eletrico\/wp-content\/uploads\/2025\/12\/rack.webp","contentUrl":"https:\/\/universoeletrico.com.br\/eletrico\/wp-content\/uploads\/2025\/12\/rack.webp","width":780,"height":780},{"@type":"BreadcrumbList","@id":"https:\/\/universoeletrico.com.br\/eletrico\/produto\/gabinete-rack-44u-2115x600x600mm-linkeo\/#breadcrumb","itemListElement":[{"@type":"ListItem","position":1,"name":"In\u00edcio","item":"https:\/\/universoeletrico.com.br\/eletrico\/"},{"@type":"ListItem","position":2,"name":"Produtos","item":"https:\/\/universoeletrico.com.br\/eletrico\/produtos\/"},{"@type":"ListItem","position":3,"name":"GABINETE RACK 20U 1048X600X600 LINKEO"}]},{"@type":"WebSite","@id":"https:\/\/universoeletrico.com.br\/eletrico\/#website","url":"https:\/\/universoeletrico.com.br\/eletrico\/","name":"Universo El\u00e9trico","description":"","potentialAction":[{"@type":"SearchAction","target":{"@type":"EntryPoint","urlTemplate":"https:\/\/universoeletrico.com.br\/eletrico\/?s={search_term_string}"},"query-input":{"@type":"PropertyValueSpecification","valueRequired":true,"valueName":"search_term_string"}}],"inLanguage":"pt-BR"}]}},"_links":{"self":[{"href":"https:\/\/universoeletrico.com.br\/eletrico\/wp-json\/wp\/v2\/product\/2629","targetHints":{"allow":["GET"]}}],"collection":[{"href":"https:\/\/universoeletrico.com.br\/eletrico\/wp-json\/wp\/v2\/product"}],"about":[{"href":"https:\/\/universoeletrico.com.br\/eletrico\/wp-json\/wp\/v2\/types\/product"}],"version-history":[{"count":6,"href":"https:\/\/universoeletrico.com.br\/eletrico\/wp-json\/wp\/v2\/product\/2629\/revisions"}],"predecessor-version":[{"id":2813,"href":"https:\/\/universoeletrico.com.br\/eletrico\/wp-json\/wp\/v2\/product\/2629\/revisions\/2813"}],"wp:featuredmedia":[{"embeddable":true,"href":"https:\/\/universoeletrico.com.br\/eletrico\/wp-json\/wp\/v2\/media\/2632"}],"wp:attachment":[{"href":"https:\/\/universoeletrico.com.br\/eletrico\/wp-json\/wp\/v2\/media?parent=2629"}],"wp:term":[{"taxonomy":"product_brand","embeddable":true,"href":"https:\/\/universoeletrico.com.br\/eletrico\/wp-json\/wp\/v2\/product_brand?post=2629"},{"taxonomy":"product_cat","embeddable":true,"href":"https:\/\/universoeletrico.com.br\/eletrico\/wp-json\/wp\/v2\/product_cat?post=2629"},{"taxonomy":"product_tag","embeddable":true,"href":"https:\/\/universoeletrico.com.br\/eletrico\/wp-json\/wp\/v2\/product_tag?post=2629"}],"curies":[{"name":"wp","href":"https:\/\/api.w.org\/{rel}","templated":true}]}}