{"id":2623,"date":"2025-12-16T10:42:05","date_gmt":"2025-12-16T13:42:05","guid":{"rendered":"https:\/\/universoeletrico.com.br\/eletrico\/?post_type=product&#038;p=2623"},"modified":"2025-12-22T09:53:00","modified_gmt":"2025-12-22T12:53:00","slug":"conector-femea-rj45-cat5e-keyst-br-lcs2","status":"publish","type":"product","link":"https:\/\/universoeletrico.com.br\/eletrico\/produto\/conector-femea-rj45-cat5e-keyst-br-lcs2\/","title":{"rendered":"CONECTOR FEMEA RJ45 CAT5E KEYST. BR LCS2"},"content":{"rendered":"<p>&nbsp;<\/p>\n<p>O Conector RJ45 \u00e9 equipado com sistema de travamento rotativo e Adequado para cabos unipolares categoria 5e AWG 22 at\u00e9 AWG 26 e cabos multicore AWG. Ele permite a transmiss\u00e3o de dados em alta velocidade.<\/p>\n<p>Para Pre\u00e7os, Or\u00e7amentos e D\u00favidas, fale com nossos especialistas.<\/p>\n<div class=\"col-sm-6\"><\/div>\n<div class=\"col-sm-6\"><\/div>\n","protected":false},"excerpt":{"rendered":"<p>&nbsp; O Conector RJ45 \u00e9 equipado com sistema de travamento rotativo e Adequado para cabos unipolares categoria 5e AWG 22 at\u00e9 AWG 26 e cabos multicore AWG. Ele permite a transmiss\u00e3o de dados em alta velocidade. Para Pre\u00e7os, Or\u00e7amentos e D\u00favidas, fale com nossos especialistas.<\/p>\n","protected":false},"featured_media":2624,"template":"","meta":[],"product_brand":[],"product_cat":[20,54],"product_tag":[69],"class_list":{"0":"post-2623","1":"product","2":"type-product","3":"status-publish","4":"has-post-thumbnail","6":"product_cat-cabeamento-estruturado","7":"product_cat-cabos-racks-e-acessorios","8":"product_tag-cabeamento-estruturado-racks","10":"first","11":"instock","12":"shipping-taxable","13":"product-type-simple"},"yoast_head":"<!-- This site is optimized with the Yoast SEO Premium plugin v26.1.1 (Yoast SEO v26.1.1) - https:\/\/yoast.com\/wordpress\/plugins\/seo\/ -->\n<title>CONECTOR FEMEA RJ45 CAT5E KEYST. BR LCS2 - Universo El\u00e9trico<\/title>\n<meta name=\"robots\" content=\"index, follow, max-snippet:-1, max-image-preview:large, max-video-preview:-1\" \/>\n<link rel=\"canonical\" href=\"https:\/\/universoeletrico.com.br\/eletrico\/produto\/conector-femea-rj45-cat5e-keyst-br-lcs2\/\" \/>\n<meta property=\"og:locale\" content=\"pt_BR\" \/>\n<meta property=\"og:type\" content=\"article\" \/>\n<meta property=\"og:title\" content=\"CONECTOR FEMEA RJ45 CAT5E KEYST. BR LCS2\" \/>\n<meta property=\"og:description\" content=\"&nbsp; O Conector RJ45 \u00e9 equipado com sistema de travamento rotativo e Adequado para cabos unipolares categoria 5e AWG 22 at\u00e9 AWG 26 e cabos multicore AWG. Ele permite a transmiss\u00e3o de dados em alta velocidade. Para Pre\u00e7os, Or\u00e7amentos e D\u00favidas, fale com nossos especialistas.\" \/>\n<meta property=\"og:url\" content=\"https:\/\/universoeletrico.com.br\/eletrico\/produto\/conector-femea-rj45-cat5e-keyst-br-lcs2\/\" \/>\n<meta property=\"og:site_name\" content=\"Universo El\u00e9trico\" \/>\n<meta property=\"article:modified_time\" content=\"2025-12-22T12:53:00+00:00\" \/>\n<meta property=\"og:image\" content=\"https:\/\/universoeletrico.com.br\/eletrico\/wp-content\/uploads\/2025\/12\/LG-033160-WEB-R.webp\" \/>\n\t<meta property=\"og:image:width\" content=\"600\" \/>\n\t<meta property=\"og:image:height\" content=\"600\" \/>\n\t<meta property=\"og:image:type\" content=\"image\/webp\" \/>\n<meta name=\"twitter:card\" content=\"summary_large_image\" \/>\n<meta name=\"twitter:label1\" content=\"Est. tempo de leitura\" \/>\n\t<meta name=\"twitter:data1\" content=\"1 minuto\" \/>\n<script type=\"application\/ld+json\" class=\"yoast-schema-graph\">{\"@context\":\"https:\/\/schema.org\",\"@graph\":[{\"@type\":\"WebPage\",\"@id\":\"https:\/\/universoeletrico.com.br\/eletrico\/produto\/conector-femea-rj45-cat5e-keyst-br-lcs2\/\",\"url\":\"https:\/\/universoeletrico.com.br\/eletrico\/produto\/conector-femea-rj45-cat5e-keyst-br-lcs2\/\",\"name\":\"CONECTOR FEMEA RJ45 CAT5E KEYST. BR LCS2 - Universo El\u00e9trico\",\"isPartOf\":{\"@id\":\"https:\/\/universoeletrico.com.br\/eletrico\/#website\"},\"primaryImageOfPage\":{\"@id\":\"https:\/\/universoeletrico.com.br\/eletrico\/produto\/conector-femea-rj45-cat5e-keyst-br-lcs2\/#primaryimage\"},\"image\":{\"@id\":\"https:\/\/universoeletrico.com.br\/eletrico\/produto\/conector-femea-rj45-cat5e-keyst-br-lcs2\/#primaryimage\"},\"thumbnailUrl\":\"https:\/\/universoeletrico.com.br\/eletrico\/wp-content\/uploads\/2025\/12\/LG-033160-WEB-R.webp\",\"datePublished\":\"2025-12-16T13:42:05+00:00\",\"dateModified\":\"2025-12-22T12:53:00+00:00\",\"breadcrumb\":{\"@id\":\"https:\/\/universoeletrico.com.br\/eletrico\/produto\/conector-femea-rj45-cat5e-keyst-br-lcs2\/#breadcrumb\"},\"inLanguage\":\"pt-BR\",\"potentialAction\":[{\"@type\":\"ReadAction\",\"target\":[\"https:\/\/universoeletrico.com.br\/eletrico\/produto\/conector-femea-rj45-cat5e-keyst-br-lcs2\/\"]}]},{\"@type\":\"ImageObject\",\"inLanguage\":\"pt-BR\",\"@id\":\"https:\/\/universoeletrico.com.br\/eletrico\/produto\/conector-femea-rj45-cat5e-keyst-br-lcs2\/#primaryimage\",\"url\":\"https:\/\/universoeletrico.com.br\/eletrico\/wp-content\/uploads\/2025\/12\/LG-033160-WEB-R.webp\",\"contentUrl\":\"https:\/\/universoeletrico.com.br\/eletrico\/wp-content\/uploads\/2025\/12\/LG-033160-WEB-R.webp\",\"width\":600,\"height\":600},{\"@type\":\"BreadcrumbList\",\"@id\":\"https:\/\/universoeletrico.com.br\/eletrico\/produto\/conector-femea-rj45-cat5e-keyst-br-lcs2\/#breadcrumb\",\"itemListElement\":[{\"@type\":\"ListItem\",\"position\":1,\"name\":\"In\u00edcio\",\"item\":\"https:\/\/universoeletrico.com.br\/eletrico\/\"},{\"@type\":\"ListItem\",\"position\":2,\"name\":\"Produtos\",\"item\":\"https:\/\/universoeletrico.com.br\/eletrico\/produtos\/\"},{\"@type\":\"ListItem\",\"position\":3,\"name\":\"CONECTOR FEMEA RJ45 CAT5E KEYST. BR LCS2\"}]},{\"@type\":\"WebSite\",\"@id\":\"https:\/\/universoeletrico.com.br\/eletrico\/#website\",\"url\":\"https:\/\/universoeletrico.com.br\/eletrico\/\",\"name\":\"Universo El\u00e9trico\",\"description\":\"\",\"potentialAction\":[{\"@type\":\"SearchAction\",\"target\":{\"@type\":\"EntryPoint\",\"urlTemplate\":\"https:\/\/universoeletrico.com.br\/eletrico\/?s={search_term_string}\"},\"query-input\":{\"@type\":\"PropertyValueSpecification\",\"valueRequired\":true,\"valueName\":\"search_term_string\"}}],\"inLanguage\":\"pt-BR\"}]}<\/script>\n<!-- \/ Yoast SEO Premium plugin. -->","yoast_head_json":{"title":"CONECTOR FEMEA RJ45 CAT5E KEYST. BR LCS2 - Universo El\u00e9trico","robots":{"index":"index","follow":"follow","max-snippet":"max-snippet:-1","max-image-preview":"max-image-preview:large","max-video-preview":"max-video-preview:-1"},"canonical":"https:\/\/universoeletrico.com.br\/eletrico\/produto\/conector-femea-rj45-cat5e-keyst-br-lcs2\/","og_locale":"pt_BR","og_type":"article","og_title":"CONECTOR FEMEA RJ45 CAT5E KEYST. BR LCS2","og_description":"&nbsp; O Conector RJ45 \u00e9 equipado com sistema de travamento rotativo e Adequado para cabos unipolares categoria 5e AWG 22 at\u00e9 AWG 26 e cabos multicore AWG. Ele permite a transmiss\u00e3o de dados em alta velocidade. Para Pre\u00e7os, Or\u00e7amentos e D\u00favidas, fale com nossos especialistas.","og_url":"https:\/\/universoeletrico.com.br\/eletrico\/produto\/conector-femea-rj45-cat5e-keyst-br-lcs2\/","og_site_name":"Universo El\u00e9trico","article_modified_time":"2025-12-22T12:53:00+00:00","og_image":[{"width":600,"height":600,"url":"https:\/\/universoeletrico.com.br\/eletrico\/wp-content\/uploads\/2025\/12\/LG-033160-WEB-R.webp","type":"image\/webp"}],"twitter_card":"summary_large_image","twitter_misc":{"Est. tempo de leitura":"1 minuto"},"schema":{"@context":"https:\/\/schema.org","@graph":[{"@type":"WebPage","@id":"https:\/\/universoeletrico.com.br\/eletrico\/produto\/conector-femea-rj45-cat5e-keyst-br-lcs2\/","url":"https:\/\/universoeletrico.com.br\/eletrico\/produto\/conector-femea-rj45-cat5e-keyst-br-lcs2\/","name":"CONECTOR FEMEA RJ45 CAT5E KEYST. BR LCS2 - Universo El\u00e9trico","isPartOf":{"@id":"https:\/\/universoeletrico.com.br\/eletrico\/#website"},"primaryImageOfPage":{"@id":"https:\/\/universoeletrico.com.br\/eletrico\/produto\/conector-femea-rj45-cat5e-keyst-br-lcs2\/#primaryimage"},"image":{"@id":"https:\/\/universoeletrico.com.br\/eletrico\/produto\/conector-femea-rj45-cat5e-keyst-br-lcs2\/#primaryimage"},"thumbnailUrl":"https:\/\/universoeletrico.com.br\/eletrico\/wp-content\/uploads\/2025\/12\/LG-033160-WEB-R.webp","datePublished":"2025-12-16T13:42:05+00:00","dateModified":"2025-12-22T12:53:00+00:00","breadcrumb":{"@id":"https:\/\/universoeletrico.com.br\/eletrico\/produto\/conector-femea-rj45-cat5e-keyst-br-lcs2\/#breadcrumb"},"inLanguage":"pt-BR","potentialAction":[{"@type":"ReadAction","target":["https:\/\/universoeletrico.com.br\/eletrico\/produto\/conector-femea-rj45-cat5e-keyst-br-lcs2\/"]}]},{"@type":"ImageObject","inLanguage":"pt-BR","@id":"https:\/\/universoeletrico.com.br\/eletrico\/produto\/conector-femea-rj45-cat5e-keyst-br-lcs2\/#primaryimage","url":"https:\/\/universoeletrico.com.br\/eletrico\/wp-content\/uploads\/2025\/12\/LG-033160-WEB-R.webp","contentUrl":"https:\/\/universoeletrico.com.br\/eletrico\/wp-content\/uploads\/2025\/12\/LG-033160-WEB-R.webp","width":600,"height":600},{"@type":"BreadcrumbList","@id":"https:\/\/universoeletrico.com.br\/eletrico\/produto\/conector-femea-rj45-cat5e-keyst-br-lcs2\/#breadcrumb","itemListElement":[{"@type":"ListItem","position":1,"name":"In\u00edcio","item":"https:\/\/universoeletrico.com.br\/eletrico\/"},{"@type":"ListItem","position":2,"name":"Produtos","item":"https:\/\/universoeletrico.com.br\/eletrico\/produtos\/"},{"@type":"ListItem","position":3,"name":"CONECTOR FEMEA RJ45 CAT5E KEYST. BR LCS2"}]},{"@type":"WebSite","@id":"https:\/\/universoeletrico.com.br\/eletrico\/#website","url":"https:\/\/universoeletrico.com.br\/eletrico\/","name":"Universo El\u00e9trico","description":"","potentialAction":[{"@type":"SearchAction","target":{"@type":"EntryPoint","urlTemplate":"https:\/\/universoeletrico.com.br\/eletrico\/?s={search_term_string}"},"query-input":{"@type":"PropertyValueSpecification","valueRequired":true,"valueName":"search_term_string"}}],"inLanguage":"pt-BR"}]}},"_links":{"self":[{"href":"https:\/\/universoeletrico.com.br\/eletrico\/wp-json\/wp\/v2\/product\/2623","targetHints":{"allow":["GET"]}}],"collection":[{"href":"https:\/\/universoeletrico.com.br\/eletrico\/wp-json\/wp\/v2\/product"}],"about":[{"href":"https:\/\/universoeletrico.com.br\/eletrico\/wp-json\/wp\/v2\/types\/product"}],"version-history":[{"count":3,"href":"https:\/\/universoeletrico.com.br\/eletrico\/wp-json\/wp\/v2\/product\/2623\/revisions"}],"predecessor-version":[{"id":2735,"href":"https:\/\/universoeletrico.com.br\/eletrico\/wp-json\/wp\/v2\/product\/2623\/revisions\/2735"}],"wp:featuredmedia":[{"embeddable":true,"href":"https:\/\/universoeletrico.com.br\/eletrico\/wp-json\/wp\/v2\/media\/2624"}],"wp:attachment":[{"href":"https:\/\/universoeletrico.com.br\/eletrico\/wp-json\/wp\/v2\/media?parent=2623"}],"wp:term":[{"taxonomy":"product_brand","embeddable":true,"href":"https:\/\/universoeletrico.com.br\/eletrico\/wp-json\/wp\/v2\/product_brand?post=2623"},{"taxonomy":"product_cat","embeddable":true,"href":"https:\/\/universoeletrico.com.br\/eletrico\/wp-json\/wp\/v2\/product_cat?post=2623"},{"taxonomy":"product_tag","embeddable":true,"href":"https:\/\/universoeletrico.com.br\/eletrico\/wp-json\/wp\/v2\/product_tag?post=2623"}],"curies":[{"name":"wp","href":"https:\/\/api.w.org\/{rel}","templated":true}]}}