{"id":2570,"date":"2025-11-25T10:56:46","date_gmt":"2025-11-25T13:56:46","guid":{"rendered":"https:\/\/universoeletrico.com.br\/eletrico\/?post_type=product&#038;p=2570"},"modified":"2025-11-25T10:56:47","modified_gmt":"2025-11-25T13:56:47","slug":"contator-tripolar-40a-1na1nf-110v","status":"publish","type":"product","link":"https:\/\/universoeletrico.com.br\/eletrico\/produto\/contator-tripolar-40a-1na1nf-110v\/","title":{"rendered":"CONTATOR TRIPOLAR 40A 1NA+1NF 110V"},"content":{"rendered":"<p>Este dispositivo t\u00eam como fun\u00e7\u00e3o alimentar, controlar e automatizar diversos tipos de m\u00e1quinas, do nicho industrial ao residencial, inserindo comandos el\u00e9tricos na ilumina\u00e7\u00e3o, bombeamento de \u00e1gua, elevadores de carga, chaveamento de motores e outros.<\/p>\n<p>Dispositivo eletromec\u00e2nico, funciona a partir de uma bobina que executa o acionamento do contato, abrindo ou fechando o mesmo, de acordo com o comando dado, posibilitando uma troca r\u00e1pida e eficiente de estado final.<\/p>\n<p>Principais caracter\u00edsticas:<\/p>\n<p>Atende a norma IEC 60947-4<\/p>\n<p>Modelo: CS (T) 40 N\u00famero de polos: 3 Corrente nominal AC3: 40 Corrente nominal AC4: 18.<\/p>\n<p>5 Corrente nominal AC1: 60 Tens\u00e3o nominal de isolamento &#8211; Ui (V): 690 Fun\u00e7\u00e3o dos contatos: 1NA + 1NF Material dos contatos: cobre e prata Vida mec\u00e2nica (opera\u00e7\u00f5es): 8.<\/p>\n<p>Outras caracter\u00edsticas: 05164304031<\/p>\n<p>000 Vida el\u00e9trica (opera\u00e7\u00f5es): 800.<\/p>\n<p>000 Ciclos de opera\u00e7\u00e3o: 600 Tipo de fixa\u00e7\u00e3o: trilho DIN 35mm ou parafusos M6<\/p>\n<p>Dimens\u00f5es do Produto: 115,1mm X 75,4mm X 127mm (C x L x A) Peso do Produto: 1,201kg 2 anos de garantia<\/p>\n","protected":false},"excerpt":{"rendered":"<p>Este dispositivo t\u00eam como fun\u00e7\u00e3o alimentar, controlar e automatizar diversos tipos de m\u00e1quinas, do nicho industrial ao residencial, inserindo comandos el\u00e9tricos na ilumina\u00e7\u00e3o, bombeamento de \u00e1gua, elevadores de carga, chaveamento de motores e outros. Dispositivo eletromec\u00e2nico, funciona a partir de uma bobina que executa o acionamento do contato, abrindo ou fechando o mesmo, de acordo [&hellip;]<\/p>\n","protected":false},"featured_media":0,"template":"","meta":[],"product_brand":[],"product_cat":[53],"product_tag":[59,60,61],"class_list":{"0":"post-2570","1":"product","2":"type-product","3":"status-publish","5":"product_cat-automacao-industrial","6":"product_tag-automacao-industrial","7":"product_tag-contatort","8":"product_tag-universoeletrico","10":"first","11":"instock","12":"shipping-taxable","13":"product-type-simple"},"yoast_head":"<!-- This site is optimized with the Yoast SEO Premium plugin v26.1.1 (Yoast SEO v26.1.1) - https:\/\/yoast.com\/wordpress\/plugins\/seo\/ -->\n<title>CONTATOR TRIPOLAR 40A 1NA+1NF 110V - Universo El\u00e9trico<\/title>\n<meta name=\"robots\" content=\"index, follow, max-snippet:-1, max-image-preview:large, max-video-preview:-1\" \/>\n<link rel=\"canonical\" href=\"https:\/\/universoeletrico.com.br\/eletrico\/produto\/contator-tripolar-40a-1na1nf-110v\/\" \/>\n<meta property=\"og:locale\" content=\"pt_BR\" \/>\n<meta property=\"og:type\" content=\"article\" \/>\n<meta property=\"og:title\" content=\"CONTATOR TRIPOLAR 40A 1NA+1NF 110V\" \/>\n<meta property=\"og:description\" content=\"Este dispositivo t\u00eam como fun\u00e7\u00e3o alimentar, controlar e automatizar diversos tipos de m\u00e1quinas, do nicho industrial ao residencial, inserindo comandos el\u00e9tricos na ilumina\u00e7\u00e3o, bombeamento de \u00e1gua, elevadores de carga, chaveamento de motores e outros. Dispositivo eletromec\u00e2nico, funciona a partir de uma bobina que executa o acionamento do contato, abrindo ou fechando o mesmo, de acordo [&hellip;]\" \/>\n<meta property=\"og:url\" content=\"https:\/\/universoeletrico.com.br\/eletrico\/produto\/contator-tripolar-40a-1na1nf-110v\/\" \/>\n<meta property=\"og:site_name\" content=\"Universo El\u00e9trico\" \/>\n<meta property=\"article:modified_time\" content=\"2025-11-25T13:56:47+00:00\" \/>\n<meta name=\"twitter:card\" content=\"summary_large_image\" \/>\n<meta name=\"twitter:label1\" content=\"Est. tempo de leitura\" \/>\n\t<meta name=\"twitter:data1\" content=\"1 minuto\" \/>\n<script type=\"application\/ld+json\" class=\"yoast-schema-graph\">{\"@context\":\"https:\/\/schema.org\",\"@graph\":[{\"@type\":\"WebPage\",\"@id\":\"https:\/\/universoeletrico.com.br\/eletrico\/produto\/contator-tripolar-40a-1na1nf-110v\/\",\"url\":\"https:\/\/universoeletrico.com.br\/eletrico\/produto\/contator-tripolar-40a-1na1nf-110v\/\",\"name\":\"CONTATOR TRIPOLAR 40A 1NA+1NF 110V - Universo El\u00e9trico\",\"isPartOf\":{\"@id\":\"https:\/\/universoeletrico.com.br\/eletrico\/#website\"},\"datePublished\":\"2025-11-25T13:56:46+00:00\",\"dateModified\":\"2025-11-25T13:56:47+00:00\",\"breadcrumb\":{\"@id\":\"https:\/\/universoeletrico.com.br\/eletrico\/produto\/contator-tripolar-40a-1na1nf-110v\/#breadcrumb\"},\"inLanguage\":\"pt-BR\",\"potentialAction\":[{\"@type\":\"ReadAction\",\"target\":[\"https:\/\/universoeletrico.com.br\/eletrico\/produto\/contator-tripolar-40a-1na1nf-110v\/\"]}]},{\"@type\":\"BreadcrumbList\",\"@id\":\"https:\/\/universoeletrico.com.br\/eletrico\/produto\/contator-tripolar-40a-1na1nf-110v\/#breadcrumb\",\"itemListElement\":[{\"@type\":\"ListItem\",\"position\":1,\"name\":\"In\u00edcio\",\"item\":\"https:\/\/universoeletrico.com.br\/eletrico\/\"},{\"@type\":\"ListItem\",\"position\":2,\"name\":\"Produtos\",\"item\":\"https:\/\/universoeletrico.com.br\/eletrico\/produtos\/\"},{\"@type\":\"ListItem\",\"position\":3,\"name\":\"CONTATOR TRIPOLAR 40A 1NA+1NF 110V\"}]},{\"@type\":\"WebSite\",\"@id\":\"https:\/\/universoeletrico.com.br\/eletrico\/#website\",\"url\":\"https:\/\/universoeletrico.com.br\/eletrico\/\",\"name\":\"Universo El\u00e9trico\",\"description\":\"\",\"potentialAction\":[{\"@type\":\"SearchAction\",\"target\":{\"@type\":\"EntryPoint\",\"urlTemplate\":\"https:\/\/universoeletrico.com.br\/eletrico\/?s={search_term_string}\"},\"query-input\":{\"@type\":\"PropertyValueSpecification\",\"valueRequired\":true,\"valueName\":\"search_term_string\"}}],\"inLanguage\":\"pt-BR\"}]}<\/script>\n<!-- \/ Yoast SEO Premium plugin. -->","yoast_head_json":{"title":"CONTATOR TRIPOLAR 40A 1NA+1NF 110V - Universo El\u00e9trico","robots":{"index":"index","follow":"follow","max-snippet":"max-snippet:-1","max-image-preview":"max-image-preview:large","max-video-preview":"max-video-preview:-1"},"canonical":"https:\/\/universoeletrico.com.br\/eletrico\/produto\/contator-tripolar-40a-1na1nf-110v\/","og_locale":"pt_BR","og_type":"article","og_title":"CONTATOR TRIPOLAR 40A 1NA+1NF 110V","og_description":"Este dispositivo t\u00eam como fun\u00e7\u00e3o alimentar, controlar e automatizar diversos tipos de m\u00e1quinas, do nicho industrial ao residencial, inserindo comandos el\u00e9tricos na ilumina\u00e7\u00e3o, bombeamento de \u00e1gua, elevadores de carga, chaveamento de motores e outros. Dispositivo eletromec\u00e2nico, funciona a partir de uma bobina que executa o acionamento do contato, abrindo ou fechando o mesmo, de acordo [&hellip;]","og_url":"https:\/\/universoeletrico.com.br\/eletrico\/produto\/contator-tripolar-40a-1na1nf-110v\/","og_site_name":"Universo El\u00e9trico","article_modified_time":"2025-11-25T13:56:47+00:00","twitter_card":"summary_large_image","twitter_misc":{"Est. tempo de leitura":"1 minuto"},"schema":{"@context":"https:\/\/schema.org","@graph":[{"@type":"WebPage","@id":"https:\/\/universoeletrico.com.br\/eletrico\/produto\/contator-tripolar-40a-1na1nf-110v\/","url":"https:\/\/universoeletrico.com.br\/eletrico\/produto\/contator-tripolar-40a-1na1nf-110v\/","name":"CONTATOR TRIPOLAR 40A 1NA+1NF 110V - Universo El\u00e9trico","isPartOf":{"@id":"https:\/\/universoeletrico.com.br\/eletrico\/#website"},"datePublished":"2025-11-25T13:56:46+00:00","dateModified":"2025-11-25T13:56:47+00:00","breadcrumb":{"@id":"https:\/\/universoeletrico.com.br\/eletrico\/produto\/contator-tripolar-40a-1na1nf-110v\/#breadcrumb"},"inLanguage":"pt-BR","potentialAction":[{"@type":"ReadAction","target":["https:\/\/universoeletrico.com.br\/eletrico\/produto\/contator-tripolar-40a-1na1nf-110v\/"]}]},{"@type":"BreadcrumbList","@id":"https:\/\/universoeletrico.com.br\/eletrico\/produto\/contator-tripolar-40a-1na1nf-110v\/#breadcrumb","itemListElement":[{"@type":"ListItem","position":1,"name":"In\u00edcio","item":"https:\/\/universoeletrico.com.br\/eletrico\/"},{"@type":"ListItem","position":2,"name":"Produtos","item":"https:\/\/universoeletrico.com.br\/eletrico\/produtos\/"},{"@type":"ListItem","position":3,"name":"CONTATOR TRIPOLAR 40A 1NA+1NF 110V"}]},{"@type":"WebSite","@id":"https:\/\/universoeletrico.com.br\/eletrico\/#website","url":"https:\/\/universoeletrico.com.br\/eletrico\/","name":"Universo El\u00e9trico","description":"","potentialAction":[{"@type":"SearchAction","target":{"@type":"EntryPoint","urlTemplate":"https:\/\/universoeletrico.com.br\/eletrico\/?s={search_term_string}"},"query-input":{"@type":"PropertyValueSpecification","valueRequired":true,"valueName":"search_term_string"}}],"inLanguage":"pt-BR"}]}},"_links":{"self":[{"href":"https:\/\/universoeletrico.com.br\/eletrico\/wp-json\/wp\/v2\/product\/2570","targetHints":{"allow":["GET"]}}],"collection":[{"href":"https:\/\/universoeletrico.com.br\/eletrico\/wp-json\/wp\/v2\/product"}],"about":[{"href":"https:\/\/universoeletrico.com.br\/eletrico\/wp-json\/wp\/v2\/types\/product"}],"version-history":[{"count":1,"href":"https:\/\/universoeletrico.com.br\/eletrico\/wp-json\/wp\/v2\/product\/2570\/revisions"}],"predecessor-version":[{"id":2572,"href":"https:\/\/universoeletrico.com.br\/eletrico\/wp-json\/wp\/v2\/product\/2570\/revisions\/2572"}],"wp:attachment":[{"href":"https:\/\/universoeletrico.com.br\/eletrico\/wp-json\/wp\/v2\/media?parent=2570"}],"wp:term":[{"taxonomy":"product_brand","embeddable":true,"href":"https:\/\/universoeletrico.com.br\/eletrico\/wp-json\/wp\/v2\/product_brand?post=2570"},{"taxonomy":"product_cat","embeddable":true,"href":"https:\/\/universoeletrico.com.br\/eletrico\/wp-json\/wp\/v2\/product_cat?post=2570"},{"taxonomy":"product_tag","embeddable":true,"href":"https:\/\/universoeletrico.com.br\/eletrico\/wp-json\/wp\/v2\/product_tag?post=2570"}],"curies":[{"name":"wp","href":"https:\/\/api.w.org\/{rel}","templated":true}]}}