{"id":2439,"date":"2025-11-12T18:01:19","date_gmt":"2025-11-12T21:01:19","guid":{"rendered":"https:\/\/universoeletrico.com.br\/eletrico\/?post_type=product&#038;p=2439"},"modified":"2025-12-30T10:04:13","modified_gmt":"2025-12-30T13:04:13","slug":"gancho-curto-galvanzado-para-perfilado","status":"publish","type":"product","link":"https:\/\/universoeletrico.com.br\/eletrico\/produto\/gancho-curto-galvanzado-para-perfilado\/","title":{"rendered":"GANCHO CURTO GALVANIZADO PARA PERFILADO"},"content":{"rendered":"<p>Gancho curto para suporte de perfilado 38x38mm.<br \/>\nComprimento: 100mm.<br \/>\nMaterial: A\u00e7o Galvanizado Eletrol\u00edtico<br \/>\nN\u00e3o acompanha parafuso de fixa\u00e7\u00e3o<\/p>\n<p>Segue abaixo outras op\u00e7\u00f5es de tamanhos e modelos:<\/p>\n<p>cod: 79057 GANCHO LONGO GALVANIZADO PARA PERFILADO<\/p>\n<p>cod: 79058 GANCHO CURTO GALVANIZADO PARA LUMINARIA<\/p>\n<p>cod: 79059 GANCHO LONGO GALVANIZADO PARA LUMINARIA<\/p>\n<p>Para Pre\u00e7os, Or\u00e7amentos e D\u00favidas, fale com nossos especialistas.<\/p>\n","protected":false},"excerpt":{"rendered":"<p>Gancho curto para suporte de perfilado 38x38mm. Comprimento: 100mm. Material: A\u00e7o Galvanizado Eletrol\u00edtico N\u00e3o acompanha parafuso de fixa\u00e7\u00e3o Segue abaixo outras op\u00e7\u00f5es de tamanhos e modelos: cod: 79057 GANCHO LONGO GALVANIZADO PARA PERFILADO cod: 79058 GANCHO CURTO GALVANIZADO PARA LUMINARIA cod: 79059 GANCHO LONGO GALVANIZADO PARA LUMINARIA Para Pre\u00e7os, Or\u00e7amentos e D\u00favidas, fale com nossos [&hellip;]<\/p>\n","protected":false},"featured_media":2444,"template":"","meta":[],"product_brand":[],"product_cat":[50,18],"product_tag":[128,126,129,127,57,56],"class_list":{"0":"post-2439","1":"product","2":"type-product","3":"status-publish","4":"has-post-thumbnail","6":"product_cat-eletrocalhas-e-perfilados","7":"product_cat-material-eletrico","8":"product_tag-curto","9":"product_tag-galvanizado","10":"product_tag-longo","11":"product_tag-luminaria","12":"product_tag-materialeletrico","13":"product_tag-perfilados","15":"first","16":"instock","17":"shipping-taxable","18":"purchasable","19":"product-type-simple"},"yoast_head":"<!-- This site is optimized with the Yoast SEO Premium plugin v26.1.1 (Yoast SEO v26.1.1) - https:\/\/yoast.com\/wordpress\/plugins\/seo\/ -->\n<title>GANCHO CURTO GALVANIZADO PARA PERFILADO - Universo El\u00e9trico<\/title>\n<meta name=\"robots\" content=\"index, follow, max-snippet:-1, max-image-preview:large, max-video-preview:-1\" \/>\n<link rel=\"canonical\" href=\"https:\/\/universoeletrico.com.br\/eletrico\/produto\/gancho-curto-galvanzado-para-perfilado\/\" \/>\n<meta property=\"og:locale\" content=\"pt_BR\" \/>\n<meta property=\"og:type\" content=\"article\" \/>\n<meta property=\"og:title\" content=\"GANCHO CURTO GALVANIZADO PARA PERFILADO\" \/>\n<meta property=\"og:description\" content=\"Gancho curto para suporte de perfilado 38x38mm. Comprimento: 100mm. Material: A\u00e7o Galvanizado Eletrol\u00edtico N\u00e3o acompanha parafuso de fixa\u00e7\u00e3o Segue abaixo outras op\u00e7\u00f5es de tamanhos e modelos: cod: 79057 GANCHO LONGO GALVANIZADO PARA PERFILADO cod: 79058 GANCHO CURTO GALVANIZADO PARA LUMINARIA cod: 79059 GANCHO LONGO GALVANIZADO PARA LUMINARIA Para Pre\u00e7os, Or\u00e7amentos e D\u00favidas, fale com nossos [&hellip;]\" \/>\n<meta property=\"og:url\" content=\"https:\/\/universoeletrico.com.br\/eletrico\/produto\/gancho-curto-galvanzado-para-perfilado\/\" \/>\n<meta property=\"og:site_name\" content=\"Universo El\u00e9trico\" \/>\n<meta property=\"article:modified_time\" content=\"2025-12-30T13:04:13+00:00\" \/>\n<meta property=\"og:image\" content=\"https:\/\/universoeletrico.com.br\/eletrico\/wp-content\/uploads\/2025\/11\/GAncho-para-perfilado-png.png\" \/>\n\t<meta property=\"og:image:width\" content=\"1000\" \/>\n\t<meta property=\"og:image:height\" content=\"1000\" \/>\n\t<meta property=\"og:image:type\" content=\"image\/png\" \/>\n<meta name=\"twitter:card\" content=\"summary_large_image\" \/>\n<meta name=\"twitter:label1\" content=\"Est. tempo de leitura\" \/>\n\t<meta name=\"twitter:data1\" content=\"1 minuto\" \/>\n<script type=\"application\/ld+json\" class=\"yoast-schema-graph\">{\"@context\":\"https:\/\/schema.org\",\"@graph\":[{\"@type\":\"WebPage\",\"@id\":\"https:\/\/universoeletrico.com.br\/eletrico\/produto\/gancho-curto-galvanzado-para-perfilado\/\",\"url\":\"https:\/\/universoeletrico.com.br\/eletrico\/produto\/gancho-curto-galvanzado-para-perfilado\/\",\"name\":\"GANCHO CURTO GALVANIZADO PARA PERFILADO - Universo El\u00e9trico\",\"isPartOf\":{\"@id\":\"https:\/\/universoeletrico.com.br\/eletrico\/#website\"},\"primaryImageOfPage\":{\"@id\":\"https:\/\/universoeletrico.com.br\/eletrico\/produto\/gancho-curto-galvanzado-para-perfilado\/#primaryimage\"},\"image\":{\"@id\":\"https:\/\/universoeletrico.com.br\/eletrico\/produto\/gancho-curto-galvanzado-para-perfilado\/#primaryimage\"},\"thumbnailUrl\":\"https:\/\/universoeletrico.com.br\/eletrico\/wp-content\/uploads\/2025\/11\/GAncho-para-perfilado-png.png\",\"datePublished\":\"2025-11-12T21:01:19+00:00\",\"dateModified\":\"2025-12-30T13:04:13+00:00\",\"breadcrumb\":{\"@id\":\"https:\/\/universoeletrico.com.br\/eletrico\/produto\/gancho-curto-galvanzado-para-perfilado\/#breadcrumb\"},\"inLanguage\":\"pt-BR\",\"potentialAction\":[{\"@type\":\"ReadAction\",\"target\":[\"https:\/\/universoeletrico.com.br\/eletrico\/produto\/gancho-curto-galvanzado-para-perfilado\/\"]}]},{\"@type\":\"ImageObject\",\"inLanguage\":\"pt-BR\",\"@id\":\"https:\/\/universoeletrico.com.br\/eletrico\/produto\/gancho-curto-galvanzado-para-perfilado\/#primaryimage\",\"url\":\"https:\/\/universoeletrico.com.br\/eletrico\/wp-content\/uploads\/2025\/11\/GAncho-para-perfilado-png.png\",\"contentUrl\":\"https:\/\/universoeletrico.com.br\/eletrico\/wp-content\/uploads\/2025\/11\/GAncho-para-perfilado-png.png\",\"width\":1000,\"height\":1000},{\"@type\":\"BreadcrumbList\",\"@id\":\"https:\/\/universoeletrico.com.br\/eletrico\/produto\/gancho-curto-galvanzado-para-perfilado\/#breadcrumb\",\"itemListElement\":[{\"@type\":\"ListItem\",\"position\":1,\"name\":\"In\u00edcio\",\"item\":\"https:\/\/universoeletrico.com.br\/eletrico\/\"},{\"@type\":\"ListItem\",\"position\":2,\"name\":\"Produtos\",\"item\":\"https:\/\/universoeletrico.com.br\/eletrico\/produtos\/\"},{\"@type\":\"ListItem\",\"position\":3,\"name\":\"GANCHO CURTO GALVANIZADO PARA PERFILADO\"}]},{\"@type\":\"WebSite\",\"@id\":\"https:\/\/universoeletrico.com.br\/eletrico\/#website\",\"url\":\"https:\/\/universoeletrico.com.br\/eletrico\/\",\"name\":\"Universo El\u00e9trico\",\"description\":\"\",\"potentialAction\":[{\"@type\":\"SearchAction\",\"target\":{\"@type\":\"EntryPoint\",\"urlTemplate\":\"https:\/\/universoeletrico.com.br\/eletrico\/?s={search_term_string}\"},\"query-input\":{\"@type\":\"PropertyValueSpecification\",\"valueRequired\":true,\"valueName\":\"search_term_string\"}}],\"inLanguage\":\"pt-BR\"}]}<\/script>\n<!-- \/ Yoast SEO Premium plugin. -->","yoast_head_json":{"title":"GANCHO CURTO GALVANIZADO PARA PERFILADO - Universo El\u00e9trico","robots":{"index":"index","follow":"follow","max-snippet":"max-snippet:-1","max-image-preview":"max-image-preview:large","max-video-preview":"max-video-preview:-1"},"canonical":"https:\/\/universoeletrico.com.br\/eletrico\/produto\/gancho-curto-galvanzado-para-perfilado\/","og_locale":"pt_BR","og_type":"article","og_title":"GANCHO CURTO GALVANIZADO PARA PERFILADO","og_description":"Gancho curto para suporte de perfilado 38x38mm. Comprimento: 100mm. Material: A\u00e7o Galvanizado Eletrol\u00edtico N\u00e3o acompanha parafuso de fixa\u00e7\u00e3o Segue abaixo outras op\u00e7\u00f5es de tamanhos e modelos: cod: 79057 GANCHO LONGO GALVANIZADO PARA PERFILADO cod: 79058 GANCHO CURTO GALVANIZADO PARA LUMINARIA cod: 79059 GANCHO LONGO GALVANIZADO PARA LUMINARIA Para Pre\u00e7os, Or\u00e7amentos e D\u00favidas, fale com nossos [&hellip;]","og_url":"https:\/\/universoeletrico.com.br\/eletrico\/produto\/gancho-curto-galvanzado-para-perfilado\/","og_site_name":"Universo El\u00e9trico","article_modified_time":"2025-12-30T13:04:13+00:00","og_image":[{"width":1000,"height":1000,"url":"https:\/\/universoeletrico.com.br\/eletrico\/wp-content\/uploads\/2025\/11\/GAncho-para-perfilado-png.png","type":"image\/png"}],"twitter_card":"summary_large_image","twitter_misc":{"Est. tempo de leitura":"1 minuto"},"schema":{"@context":"https:\/\/schema.org","@graph":[{"@type":"WebPage","@id":"https:\/\/universoeletrico.com.br\/eletrico\/produto\/gancho-curto-galvanzado-para-perfilado\/","url":"https:\/\/universoeletrico.com.br\/eletrico\/produto\/gancho-curto-galvanzado-para-perfilado\/","name":"GANCHO CURTO GALVANIZADO PARA PERFILADO - Universo El\u00e9trico","isPartOf":{"@id":"https:\/\/universoeletrico.com.br\/eletrico\/#website"},"primaryImageOfPage":{"@id":"https:\/\/universoeletrico.com.br\/eletrico\/produto\/gancho-curto-galvanzado-para-perfilado\/#primaryimage"},"image":{"@id":"https:\/\/universoeletrico.com.br\/eletrico\/produto\/gancho-curto-galvanzado-para-perfilado\/#primaryimage"},"thumbnailUrl":"https:\/\/universoeletrico.com.br\/eletrico\/wp-content\/uploads\/2025\/11\/GAncho-para-perfilado-png.png","datePublished":"2025-11-12T21:01:19+00:00","dateModified":"2025-12-30T13:04:13+00:00","breadcrumb":{"@id":"https:\/\/universoeletrico.com.br\/eletrico\/produto\/gancho-curto-galvanzado-para-perfilado\/#breadcrumb"},"inLanguage":"pt-BR","potentialAction":[{"@type":"ReadAction","target":["https:\/\/universoeletrico.com.br\/eletrico\/produto\/gancho-curto-galvanzado-para-perfilado\/"]}]},{"@type":"ImageObject","inLanguage":"pt-BR","@id":"https:\/\/universoeletrico.com.br\/eletrico\/produto\/gancho-curto-galvanzado-para-perfilado\/#primaryimage","url":"https:\/\/universoeletrico.com.br\/eletrico\/wp-content\/uploads\/2025\/11\/GAncho-para-perfilado-png.png","contentUrl":"https:\/\/universoeletrico.com.br\/eletrico\/wp-content\/uploads\/2025\/11\/GAncho-para-perfilado-png.png","width":1000,"height":1000},{"@type":"BreadcrumbList","@id":"https:\/\/universoeletrico.com.br\/eletrico\/produto\/gancho-curto-galvanzado-para-perfilado\/#breadcrumb","itemListElement":[{"@type":"ListItem","position":1,"name":"In\u00edcio","item":"https:\/\/universoeletrico.com.br\/eletrico\/"},{"@type":"ListItem","position":2,"name":"Produtos","item":"https:\/\/universoeletrico.com.br\/eletrico\/produtos\/"},{"@type":"ListItem","position":3,"name":"GANCHO CURTO GALVANIZADO PARA PERFILADO"}]},{"@type":"WebSite","@id":"https:\/\/universoeletrico.com.br\/eletrico\/#website","url":"https:\/\/universoeletrico.com.br\/eletrico\/","name":"Universo El\u00e9trico","description":"","potentialAction":[{"@type":"SearchAction","target":{"@type":"EntryPoint","urlTemplate":"https:\/\/universoeletrico.com.br\/eletrico\/?s={search_term_string}"},"query-input":{"@type":"PropertyValueSpecification","valueRequired":true,"valueName":"search_term_string"}}],"inLanguage":"pt-BR"}]}},"_links":{"self":[{"href":"https:\/\/universoeletrico.com.br\/eletrico\/wp-json\/wp\/v2\/product\/2439","targetHints":{"allow":["GET"]}}],"collection":[{"href":"https:\/\/universoeletrico.com.br\/eletrico\/wp-json\/wp\/v2\/product"}],"about":[{"href":"https:\/\/universoeletrico.com.br\/eletrico\/wp-json\/wp\/v2\/types\/product"}],"version-history":[{"count":6,"href":"https:\/\/universoeletrico.com.br\/eletrico\/wp-json\/wp\/v2\/product\/2439\/revisions"}],"predecessor-version":[{"id":2835,"href":"https:\/\/universoeletrico.com.br\/eletrico\/wp-json\/wp\/v2\/product\/2439\/revisions\/2835"}],"wp:featuredmedia":[{"embeddable":true,"href":"https:\/\/universoeletrico.com.br\/eletrico\/wp-json\/wp\/v2\/media\/2444"}],"wp:attachment":[{"href":"https:\/\/universoeletrico.com.br\/eletrico\/wp-json\/wp\/v2\/media?parent=2439"}],"wp:term":[{"taxonomy":"product_brand","embeddable":true,"href":"https:\/\/universoeletrico.com.br\/eletrico\/wp-json\/wp\/v2\/product_brand?post=2439"},{"taxonomy":"product_cat","embeddable":true,"href":"https:\/\/universoeletrico.com.br\/eletrico\/wp-json\/wp\/v2\/product_cat?post=2439"},{"taxonomy":"product_tag","embeddable":true,"href":"https:\/\/universoeletrico.com.br\/eletrico\/wp-json\/wp\/v2\/product_tag?post=2439"}],"curies":[{"name":"wp","href":"https:\/\/api.w.org\/{rel}","templated":true}]}}