{"id":1868,"date":"2025-10-25T03:21:09","date_gmt":"2025-10-25T06:21:09","guid":{"rendered":"https:\/\/universoeletrico.com.br\/eletrico\/?post_type=product&#038;p=1868"},"modified":"2025-11-07T12:41:37","modified_gmt":"2025-11-07T15:41:37","slug":"sirene-audiovisual-12v-24v-convencional","status":"publish","type":"product","link":"https:\/\/universoeletrico.com.br\/eletrico\/produto\/sirene-audiovisual-12v-24v-convencional\/","title":{"rendered":"Sirene Audiovisual 12V\/24V CONVENCIONAL"},"content":{"rendered":"<p>A Sirene Audiovisual 12V\/24V CONVENCIONAL da Segurimax \u00e9 um dispositivo de seguran\u00e7a que integra sinaliza\u00e7\u00e3o sonora e visual. Projetada para funcionar em situa\u00e7\u00f5es de emerg\u00eancia, essa sirene \u00e9 essencial para alertar as pessoas presentes em ambientes internos sobre a necessidade de evacua\u00e7\u00e3o.<\/p>\n<p>Aplica\u00e7\u00f5es:<br \/>\nEste equipamento \u00e9 ideal para ind\u00fastrias, onde a detec\u00e7\u00e3o r\u00e1pida de inc\u00eandios \u00e9 crucial. Ao ser ativada pela central de detec\u00e7\u00e3o e alarme, a sirene emite um som forte e uma luz intermitente, garantindo que todos sejam alertados de forma eficaz e possam deixar o local com seguran\u00e7a.<\/p>\n<p>Vantagens:<br \/>\nA Sirene Audiovisual \u00e9 fabricada em pl\u00e1stico ABS, um material que proporciona alta resist\u00eancia ao fogo, aumentando a durabilidade do produto. Com classifica\u00e7\u00e3o IP20, \u00e9 recomendada exclusivamente para instala\u00e7\u00e3o em ambientes internos. Al\u00e9m disso, \u00e9 compat\u00edvel com todas as linhas de produtos da Segurimax, sendo importante ressaltar que, para as linhas endere\u00e7\u00e1veis, \u00e9 necess\u00e1rio o uso de um m\u00f3dulo de endere\u00e7amento.<\/p>\n<p>Para pre\u00e7os, or\u00e7amentos e d\u00favidas, fale com nossos especialistas:<\/p>\n<p>(31) 3071-3232<br \/>\n(31) 99958-1336 | WhatsApp<\/p>\n<p><a href=\"mailto:universo@universoeletrico.com.br\">E-mail: universo@universoeletrico.com.br<\/a><\/p>\n","protected":false},"excerpt":{"rendered":"<p>A Sirene Audiovisual 12V\/24V CONVENCIONAL da Segurimax \u00e9 um dispositivo de seguran\u00e7a que integra sinaliza\u00e7\u00e3o sonora e visual. Projetada para funcionar em situa\u00e7\u00f5es de emerg\u00eancia, essa sirene \u00e9 essencial para alertar as pessoas presentes em ambientes internos sobre a necessidade de evacua\u00e7\u00e3o. Aplica\u00e7\u00f5es: Este equipamento \u00e9 ideal para ind\u00fastrias, onde a detec\u00e7\u00e3o r\u00e1pida de inc\u00eandios [&hellip;]<\/p>\n","protected":false},"featured_media":1869,"template":"","meta":[],"product_brand":[],"product_cat":[46],"product_tag":[],"class_list":{"0":"post-1868","1":"product","2":"type-product","3":"status-publish","4":"has-post-thumbnail","6":"product_cat-prevencao-contra-incendio","8":"first","9":"instock","10":"shipping-taxable","11":"product-type-simple"},"yoast_head":"<!-- This site is optimized with the Yoast SEO Premium plugin v26.1.1 (Yoast SEO v26.1.1) - https:\/\/yoast.com\/wordpress\/plugins\/seo\/ -->\n<title>Sirene Audiovisual 12V\/24V CONVENCIONAL - Universo El\u00e9trico<\/title>\n<meta name=\"robots\" content=\"index, follow, max-snippet:-1, max-image-preview:large, max-video-preview:-1\" \/>\n<link rel=\"canonical\" href=\"https:\/\/universoeletrico.com.br\/eletrico\/produto\/sirene-audiovisual-12v-24v-convencional\/\" \/>\n<meta property=\"og:locale\" content=\"pt_BR\" \/>\n<meta property=\"og:type\" content=\"article\" \/>\n<meta property=\"og:title\" content=\"Sirene Audiovisual 12V\/24V CONVENCIONAL\" \/>\n<meta property=\"og:description\" content=\"A Sirene Audiovisual 12V\/24V CONVENCIONAL da Segurimax \u00e9 um dispositivo de seguran\u00e7a que integra sinaliza\u00e7\u00e3o sonora e visual. Projetada para funcionar em situa\u00e7\u00f5es de emerg\u00eancia, essa sirene \u00e9 essencial para alertar as pessoas presentes em ambientes internos sobre a necessidade de evacua\u00e7\u00e3o. Aplica\u00e7\u00f5es: Este equipamento \u00e9 ideal para ind\u00fastrias, onde a detec\u00e7\u00e3o r\u00e1pida de inc\u00eandios [&hellip;]\" \/>\n<meta property=\"og:url\" content=\"https:\/\/universoeletrico.com.br\/eletrico\/produto\/sirene-audiovisual-12v-24v-convencional\/\" \/>\n<meta property=\"og:site_name\" content=\"Universo El\u00e9trico\" \/>\n<meta property=\"article:modified_time\" content=\"2025-11-07T15:41:37+00:00\" \/>\n<meta property=\"og:image\" content=\"https:\/\/universoeletrico.com.br\/eletrico\/wp-content\/uploads\/2025\/10\/Sirene-Audiovisual-12V_24V-CONVENCIONAL.jpg\" \/>\n\t<meta property=\"og:image:width\" content=\"469\" \/>\n\t<meta property=\"og:image:height\" content=\"508\" \/>\n\t<meta property=\"og:image:type\" content=\"image\/jpeg\" \/>\n<meta name=\"twitter:card\" content=\"summary_large_image\" \/>\n<meta name=\"twitter:label1\" content=\"Est. tempo de leitura\" \/>\n\t<meta name=\"twitter:data1\" content=\"2 minutos\" \/>\n<script type=\"application\/ld+json\" class=\"yoast-schema-graph\">{\"@context\":\"https:\/\/schema.org\",\"@graph\":[{\"@type\":\"WebPage\",\"@id\":\"https:\/\/universoeletrico.com.br\/eletrico\/produto\/sirene-audiovisual-12v-24v-convencional\/\",\"url\":\"https:\/\/universoeletrico.com.br\/eletrico\/produto\/sirene-audiovisual-12v-24v-convencional\/\",\"name\":\"Sirene Audiovisual 12V\/24V CONVENCIONAL - Universo El\u00e9trico\",\"isPartOf\":{\"@id\":\"https:\/\/universoeletrico.com.br\/eletrico\/#website\"},\"primaryImageOfPage\":{\"@id\":\"https:\/\/universoeletrico.com.br\/eletrico\/produto\/sirene-audiovisual-12v-24v-convencional\/#primaryimage\"},\"image\":{\"@id\":\"https:\/\/universoeletrico.com.br\/eletrico\/produto\/sirene-audiovisual-12v-24v-convencional\/#primaryimage\"},\"thumbnailUrl\":\"https:\/\/universoeletrico.com.br\/eletrico\/wp-content\/uploads\/2025\/10\/Sirene-Audiovisual-12V_24V-CONVENCIONAL.jpg\",\"datePublished\":\"2025-10-25T06:21:09+00:00\",\"dateModified\":\"2025-11-07T15:41:37+00:00\",\"breadcrumb\":{\"@id\":\"https:\/\/universoeletrico.com.br\/eletrico\/produto\/sirene-audiovisual-12v-24v-convencional\/#breadcrumb\"},\"inLanguage\":\"pt-BR\",\"potentialAction\":[{\"@type\":\"ReadAction\",\"target\":[\"https:\/\/universoeletrico.com.br\/eletrico\/produto\/sirene-audiovisual-12v-24v-convencional\/\"]}]},{\"@type\":\"ImageObject\",\"inLanguage\":\"pt-BR\",\"@id\":\"https:\/\/universoeletrico.com.br\/eletrico\/produto\/sirene-audiovisual-12v-24v-convencional\/#primaryimage\",\"url\":\"https:\/\/universoeletrico.com.br\/eletrico\/wp-content\/uploads\/2025\/10\/Sirene-Audiovisual-12V_24V-CONVENCIONAL.jpg\",\"contentUrl\":\"https:\/\/universoeletrico.com.br\/eletrico\/wp-content\/uploads\/2025\/10\/Sirene-Audiovisual-12V_24V-CONVENCIONAL.jpg\",\"width\":469,\"height\":508},{\"@type\":\"BreadcrumbList\",\"@id\":\"https:\/\/universoeletrico.com.br\/eletrico\/produto\/sirene-audiovisual-12v-24v-convencional\/#breadcrumb\",\"itemListElement\":[{\"@type\":\"ListItem\",\"position\":1,\"name\":\"In\u00edcio\",\"item\":\"https:\/\/universoeletrico.com.br\/eletrico\/\"},{\"@type\":\"ListItem\",\"position\":2,\"name\":\"Produtos\",\"item\":\"https:\/\/universoeletrico.com.br\/eletrico\/produtos\/\"},{\"@type\":\"ListItem\",\"position\":3,\"name\":\"Sirene Audiovisual 12V\/24V CONVENCIONAL\"}]},{\"@type\":\"WebSite\",\"@id\":\"https:\/\/universoeletrico.com.br\/eletrico\/#website\",\"url\":\"https:\/\/universoeletrico.com.br\/eletrico\/\",\"name\":\"Universo El\u00e9trico\",\"description\":\"\",\"potentialAction\":[{\"@type\":\"SearchAction\",\"target\":{\"@type\":\"EntryPoint\",\"urlTemplate\":\"https:\/\/universoeletrico.com.br\/eletrico\/?s={search_term_string}\"},\"query-input\":{\"@type\":\"PropertyValueSpecification\",\"valueRequired\":true,\"valueName\":\"search_term_string\"}}],\"inLanguage\":\"pt-BR\"}]}<\/script>\n<!-- \/ Yoast SEO Premium plugin. -->","yoast_head_json":{"title":"Sirene Audiovisual 12V\/24V CONVENCIONAL - Universo El\u00e9trico","robots":{"index":"index","follow":"follow","max-snippet":"max-snippet:-1","max-image-preview":"max-image-preview:large","max-video-preview":"max-video-preview:-1"},"canonical":"https:\/\/universoeletrico.com.br\/eletrico\/produto\/sirene-audiovisual-12v-24v-convencional\/","og_locale":"pt_BR","og_type":"article","og_title":"Sirene Audiovisual 12V\/24V CONVENCIONAL","og_description":"A Sirene Audiovisual 12V\/24V CONVENCIONAL da Segurimax \u00e9 um dispositivo de seguran\u00e7a que integra sinaliza\u00e7\u00e3o sonora e visual. Projetada para funcionar em situa\u00e7\u00f5es de emerg\u00eancia, essa sirene \u00e9 essencial para alertar as pessoas presentes em ambientes internos sobre a necessidade de evacua\u00e7\u00e3o. Aplica\u00e7\u00f5es: Este equipamento \u00e9 ideal para ind\u00fastrias, onde a detec\u00e7\u00e3o r\u00e1pida de inc\u00eandios [&hellip;]","og_url":"https:\/\/universoeletrico.com.br\/eletrico\/produto\/sirene-audiovisual-12v-24v-convencional\/","og_site_name":"Universo El\u00e9trico","article_modified_time":"2025-11-07T15:41:37+00:00","og_image":[{"width":469,"height":508,"url":"https:\/\/universoeletrico.com.br\/eletrico\/wp-content\/uploads\/2025\/10\/Sirene-Audiovisual-12V_24V-CONVENCIONAL.jpg","type":"image\/jpeg"}],"twitter_card":"summary_large_image","twitter_misc":{"Est. tempo de leitura":"2 minutos"},"schema":{"@context":"https:\/\/schema.org","@graph":[{"@type":"WebPage","@id":"https:\/\/universoeletrico.com.br\/eletrico\/produto\/sirene-audiovisual-12v-24v-convencional\/","url":"https:\/\/universoeletrico.com.br\/eletrico\/produto\/sirene-audiovisual-12v-24v-convencional\/","name":"Sirene Audiovisual 12V\/24V CONVENCIONAL - Universo El\u00e9trico","isPartOf":{"@id":"https:\/\/universoeletrico.com.br\/eletrico\/#website"},"primaryImageOfPage":{"@id":"https:\/\/universoeletrico.com.br\/eletrico\/produto\/sirene-audiovisual-12v-24v-convencional\/#primaryimage"},"image":{"@id":"https:\/\/universoeletrico.com.br\/eletrico\/produto\/sirene-audiovisual-12v-24v-convencional\/#primaryimage"},"thumbnailUrl":"https:\/\/universoeletrico.com.br\/eletrico\/wp-content\/uploads\/2025\/10\/Sirene-Audiovisual-12V_24V-CONVENCIONAL.jpg","datePublished":"2025-10-25T06:21:09+00:00","dateModified":"2025-11-07T15:41:37+00:00","breadcrumb":{"@id":"https:\/\/universoeletrico.com.br\/eletrico\/produto\/sirene-audiovisual-12v-24v-convencional\/#breadcrumb"},"inLanguage":"pt-BR","potentialAction":[{"@type":"ReadAction","target":["https:\/\/universoeletrico.com.br\/eletrico\/produto\/sirene-audiovisual-12v-24v-convencional\/"]}]},{"@type":"ImageObject","inLanguage":"pt-BR","@id":"https:\/\/universoeletrico.com.br\/eletrico\/produto\/sirene-audiovisual-12v-24v-convencional\/#primaryimage","url":"https:\/\/universoeletrico.com.br\/eletrico\/wp-content\/uploads\/2025\/10\/Sirene-Audiovisual-12V_24V-CONVENCIONAL.jpg","contentUrl":"https:\/\/universoeletrico.com.br\/eletrico\/wp-content\/uploads\/2025\/10\/Sirene-Audiovisual-12V_24V-CONVENCIONAL.jpg","width":469,"height":508},{"@type":"BreadcrumbList","@id":"https:\/\/universoeletrico.com.br\/eletrico\/produto\/sirene-audiovisual-12v-24v-convencional\/#breadcrumb","itemListElement":[{"@type":"ListItem","position":1,"name":"In\u00edcio","item":"https:\/\/universoeletrico.com.br\/eletrico\/"},{"@type":"ListItem","position":2,"name":"Produtos","item":"https:\/\/universoeletrico.com.br\/eletrico\/produtos\/"},{"@type":"ListItem","position":3,"name":"Sirene Audiovisual 12V\/24V CONVENCIONAL"}]},{"@type":"WebSite","@id":"https:\/\/universoeletrico.com.br\/eletrico\/#website","url":"https:\/\/universoeletrico.com.br\/eletrico\/","name":"Universo El\u00e9trico","description":"","potentialAction":[{"@type":"SearchAction","target":{"@type":"EntryPoint","urlTemplate":"https:\/\/universoeletrico.com.br\/eletrico\/?s={search_term_string}"},"query-input":{"@type":"PropertyValueSpecification","valueRequired":true,"valueName":"search_term_string"}}],"inLanguage":"pt-BR"}]}},"_links":{"self":[{"href":"https:\/\/universoeletrico.com.br\/eletrico\/wp-json\/wp\/v2\/product\/1868","targetHints":{"allow":["GET"]}}],"collection":[{"href":"https:\/\/universoeletrico.com.br\/eletrico\/wp-json\/wp\/v2\/product"}],"about":[{"href":"https:\/\/universoeletrico.com.br\/eletrico\/wp-json\/wp\/v2\/types\/product"}],"version-history":[{"count":1,"href":"https:\/\/universoeletrico.com.br\/eletrico\/wp-json\/wp\/v2\/product\/1868\/revisions"}],"predecessor-version":[{"id":2036,"href":"https:\/\/universoeletrico.com.br\/eletrico\/wp-json\/wp\/v2\/product\/1868\/revisions\/2036"}],"wp:featuredmedia":[{"embeddable":true,"href":"https:\/\/universoeletrico.com.br\/eletrico\/wp-json\/wp\/v2\/media\/1869"}],"wp:attachment":[{"href":"https:\/\/universoeletrico.com.br\/eletrico\/wp-json\/wp\/v2\/media?parent=1868"}],"wp:term":[{"taxonomy":"product_brand","embeddable":true,"href":"https:\/\/universoeletrico.com.br\/eletrico\/wp-json\/wp\/v2\/product_brand?post=1868"},{"taxonomy":"product_cat","embeddable":true,"href":"https:\/\/universoeletrico.com.br\/eletrico\/wp-json\/wp\/v2\/product_cat?post=1868"},{"taxonomy":"product_tag","embeddable":true,"href":"https:\/\/universoeletrico.com.br\/eletrico\/wp-json\/wp\/v2\/product_tag?post=1868"}],"curies":[{"name":"wp","href":"https:\/\/api.w.org\/{rel}","templated":true}]}}