{"id":1847,"date":"2025-10-25T03:21:10","date_gmt":"2025-10-25T06:21:10","guid":{"rendered":"https:\/\/universoeletrico.com.br\/eletrico\/?post_type=product&#038;p=1847"},"modified":"2025-11-07T12:41:07","modified_gmt":"2025-11-07T15:41:07","slug":"sirene-audiovisual-enderecavel-smart","status":"publish","type":"product","link":"https:\/\/universoeletrico.com.br\/eletrico\/produto\/sirene-audiovisual-enderecavel-smart\/","title":{"rendered":"Sirene Audiovisual Endere\u00e7\u00e1vel SMART"},"content":{"rendered":"<p>A Sirene Audiovisual Endere\u00e7\u00e1vel SMART da Segurimax tem como fun\u00e7\u00e3o emitir um aviso sonoro e luminoso em uma situa\u00e7\u00e3o de princ\u00edpio de inc\u00eandio.<br \/>\nFoi desenvolvido para uso interno. N\u00e3o exponha a intemp\u00e9ries.<\/p>\n<p>Funcionamento:<br \/>\nAo entrar em opera\u00e7\u00e3o, a central de alarme de inc\u00eandio envia um sinal para a sirene, fazendo com que esta toque, emitindo um som de 90db e 60 flashes por minuto em 10 LEDs de alta pot\u00eancia.<\/p>\n<p>Compatibilidade:<br \/>\nATEN\u00c7\u00c3O!<br \/>\nCompat\u00edvel exclusivamente com as linhas SMART e MAXPRO.<\/p>\n<p>Para pre\u00e7os, or\u00e7amentos e d\u00favidas, fale com nossos especialistas:<\/p>\n<p>(31) 3071-3232<br \/>\n(31) 99958-1336 | WhatsApp<\/p>\n<p><a href=\"mailto:universo@universoeletrico.com.br\">E-mail: universo@universoeletrico.com.br<\/a><\/p>\n","protected":false},"excerpt":{"rendered":"<p>A Sirene Audiovisual Endere\u00e7\u00e1vel SMART da Segurimax tem como fun\u00e7\u00e3o emitir um aviso sonoro e luminoso em uma situa\u00e7\u00e3o de princ\u00edpio de inc\u00eandio. Foi desenvolvido para uso interno. N\u00e3o exponha a intemp\u00e9ries. Funcionamento: Ao entrar em opera\u00e7\u00e3o, a central de alarme de inc\u00eandio envia um sinal para a sirene, fazendo com que esta toque, emitindo [&hellip;]<\/p>\n","protected":false},"featured_media":1848,"template":"","meta":[],"product_brand":[],"product_cat":[46],"product_tag":[],"class_list":{"0":"post-1847","1":"product","2":"type-product","3":"status-publish","4":"has-post-thumbnail","6":"product_cat-prevencao-contra-incendio","8":"first","9":"instock","10":"shipping-taxable","11":"product-type-simple"},"yoast_head":"<!-- This site is optimized with the Yoast SEO Premium plugin v26.1.1 (Yoast SEO v26.1.1) - https:\/\/yoast.com\/wordpress\/plugins\/seo\/ -->\n<title>Sirene Audiovisual Endere\u00e7\u00e1vel SMART - Universo El\u00e9trico<\/title>\n<meta name=\"robots\" content=\"index, follow, max-snippet:-1, max-image-preview:large, max-video-preview:-1\" \/>\n<link rel=\"canonical\" href=\"https:\/\/universoeletrico.com.br\/eletrico\/produto\/sirene-audiovisual-enderecavel-smart\/\" \/>\n<meta property=\"og:locale\" content=\"pt_BR\" \/>\n<meta property=\"og:type\" content=\"article\" \/>\n<meta property=\"og:title\" content=\"Sirene Audiovisual Endere\u00e7\u00e1vel SMART\" \/>\n<meta property=\"og:description\" content=\"A Sirene Audiovisual Endere\u00e7\u00e1vel SMART da Segurimax tem como fun\u00e7\u00e3o emitir um aviso sonoro e luminoso em uma situa\u00e7\u00e3o de princ\u00edpio de inc\u00eandio. Foi desenvolvido para uso interno. N\u00e3o exponha a intemp\u00e9ries. Funcionamento: Ao entrar em opera\u00e7\u00e3o, a central de alarme de inc\u00eandio envia um sinal para a sirene, fazendo com que esta toque, emitindo [&hellip;]\" \/>\n<meta property=\"og:url\" content=\"https:\/\/universoeletrico.com.br\/eletrico\/produto\/sirene-audiovisual-enderecavel-smart\/\" \/>\n<meta property=\"og:site_name\" content=\"Universo El\u00e9trico\" \/>\n<meta property=\"article:modified_time\" content=\"2025-11-07T15:41:07+00:00\" \/>\n<meta property=\"og:image\" content=\"https:\/\/universoeletrico.com.br\/eletrico\/wp-content\/uploads\/2025\/10\/Sirene-Audiovisual-Enderecavel-Smart.jpg\" \/>\n\t<meta property=\"og:image:width\" content=\"482\" \/>\n\t<meta property=\"og:image:height\" content=\"548\" \/>\n\t<meta property=\"og:image:type\" content=\"image\/jpeg\" \/>\n<meta name=\"twitter:card\" content=\"summary_large_image\" \/>\n<meta name=\"twitter:label1\" content=\"Est. tempo de leitura\" \/>\n\t<meta name=\"twitter:data1\" content=\"1 minuto\" \/>\n<script type=\"application\/ld+json\" class=\"yoast-schema-graph\">{\"@context\":\"https:\/\/schema.org\",\"@graph\":[{\"@type\":\"WebPage\",\"@id\":\"https:\/\/universoeletrico.com.br\/eletrico\/produto\/sirene-audiovisual-enderecavel-smart\/\",\"url\":\"https:\/\/universoeletrico.com.br\/eletrico\/produto\/sirene-audiovisual-enderecavel-smart\/\",\"name\":\"Sirene Audiovisual Endere\u00e7\u00e1vel SMART - Universo El\u00e9trico\",\"isPartOf\":{\"@id\":\"https:\/\/universoeletrico.com.br\/eletrico\/#website\"},\"primaryImageOfPage\":{\"@id\":\"https:\/\/universoeletrico.com.br\/eletrico\/produto\/sirene-audiovisual-enderecavel-smart\/#primaryimage\"},\"image\":{\"@id\":\"https:\/\/universoeletrico.com.br\/eletrico\/produto\/sirene-audiovisual-enderecavel-smart\/#primaryimage\"},\"thumbnailUrl\":\"https:\/\/universoeletrico.com.br\/eletrico\/wp-content\/uploads\/2025\/10\/Sirene-Audiovisual-Enderecavel-Smart.jpg\",\"datePublished\":\"2025-10-25T06:21:10+00:00\",\"dateModified\":\"2025-11-07T15:41:07+00:00\",\"breadcrumb\":{\"@id\":\"https:\/\/universoeletrico.com.br\/eletrico\/produto\/sirene-audiovisual-enderecavel-smart\/#breadcrumb\"},\"inLanguage\":\"pt-BR\",\"potentialAction\":[{\"@type\":\"ReadAction\",\"target\":[\"https:\/\/universoeletrico.com.br\/eletrico\/produto\/sirene-audiovisual-enderecavel-smart\/\"]}]},{\"@type\":\"ImageObject\",\"inLanguage\":\"pt-BR\",\"@id\":\"https:\/\/universoeletrico.com.br\/eletrico\/produto\/sirene-audiovisual-enderecavel-smart\/#primaryimage\",\"url\":\"https:\/\/universoeletrico.com.br\/eletrico\/wp-content\/uploads\/2025\/10\/Sirene-Audiovisual-Enderecavel-Smart.jpg\",\"contentUrl\":\"https:\/\/universoeletrico.com.br\/eletrico\/wp-content\/uploads\/2025\/10\/Sirene-Audiovisual-Enderecavel-Smart.jpg\",\"width\":482,\"height\":548},{\"@type\":\"BreadcrumbList\",\"@id\":\"https:\/\/universoeletrico.com.br\/eletrico\/produto\/sirene-audiovisual-enderecavel-smart\/#breadcrumb\",\"itemListElement\":[{\"@type\":\"ListItem\",\"position\":1,\"name\":\"In\u00edcio\",\"item\":\"https:\/\/universoeletrico.com.br\/eletrico\/\"},{\"@type\":\"ListItem\",\"position\":2,\"name\":\"Produtos\",\"item\":\"https:\/\/universoeletrico.com.br\/eletrico\/produtos\/\"},{\"@type\":\"ListItem\",\"position\":3,\"name\":\"Sirene Audiovisual Endere\u00e7\u00e1vel SMART\"}]},{\"@type\":\"WebSite\",\"@id\":\"https:\/\/universoeletrico.com.br\/eletrico\/#website\",\"url\":\"https:\/\/universoeletrico.com.br\/eletrico\/\",\"name\":\"Universo El\u00e9trico\",\"description\":\"\",\"potentialAction\":[{\"@type\":\"SearchAction\",\"target\":{\"@type\":\"EntryPoint\",\"urlTemplate\":\"https:\/\/universoeletrico.com.br\/eletrico\/?s={search_term_string}\"},\"query-input\":{\"@type\":\"PropertyValueSpecification\",\"valueRequired\":true,\"valueName\":\"search_term_string\"}}],\"inLanguage\":\"pt-BR\"}]}<\/script>\n<!-- \/ Yoast SEO Premium plugin. -->","yoast_head_json":{"title":"Sirene Audiovisual Endere\u00e7\u00e1vel SMART - Universo El\u00e9trico","robots":{"index":"index","follow":"follow","max-snippet":"max-snippet:-1","max-image-preview":"max-image-preview:large","max-video-preview":"max-video-preview:-1"},"canonical":"https:\/\/universoeletrico.com.br\/eletrico\/produto\/sirene-audiovisual-enderecavel-smart\/","og_locale":"pt_BR","og_type":"article","og_title":"Sirene Audiovisual Endere\u00e7\u00e1vel SMART","og_description":"A Sirene Audiovisual Endere\u00e7\u00e1vel SMART da Segurimax tem como fun\u00e7\u00e3o emitir um aviso sonoro e luminoso em uma situa\u00e7\u00e3o de princ\u00edpio de inc\u00eandio. Foi desenvolvido para uso interno. N\u00e3o exponha a intemp\u00e9ries. Funcionamento: Ao entrar em opera\u00e7\u00e3o, a central de alarme de inc\u00eandio envia um sinal para a sirene, fazendo com que esta toque, emitindo [&hellip;]","og_url":"https:\/\/universoeletrico.com.br\/eletrico\/produto\/sirene-audiovisual-enderecavel-smart\/","og_site_name":"Universo El\u00e9trico","article_modified_time":"2025-11-07T15:41:07+00:00","og_image":[{"width":482,"height":548,"url":"https:\/\/universoeletrico.com.br\/eletrico\/wp-content\/uploads\/2025\/10\/Sirene-Audiovisual-Enderecavel-Smart.jpg","type":"image\/jpeg"}],"twitter_card":"summary_large_image","twitter_misc":{"Est. tempo de leitura":"1 minuto"},"schema":{"@context":"https:\/\/schema.org","@graph":[{"@type":"WebPage","@id":"https:\/\/universoeletrico.com.br\/eletrico\/produto\/sirene-audiovisual-enderecavel-smart\/","url":"https:\/\/universoeletrico.com.br\/eletrico\/produto\/sirene-audiovisual-enderecavel-smart\/","name":"Sirene Audiovisual Endere\u00e7\u00e1vel SMART - Universo El\u00e9trico","isPartOf":{"@id":"https:\/\/universoeletrico.com.br\/eletrico\/#website"},"primaryImageOfPage":{"@id":"https:\/\/universoeletrico.com.br\/eletrico\/produto\/sirene-audiovisual-enderecavel-smart\/#primaryimage"},"image":{"@id":"https:\/\/universoeletrico.com.br\/eletrico\/produto\/sirene-audiovisual-enderecavel-smart\/#primaryimage"},"thumbnailUrl":"https:\/\/universoeletrico.com.br\/eletrico\/wp-content\/uploads\/2025\/10\/Sirene-Audiovisual-Enderecavel-Smart.jpg","datePublished":"2025-10-25T06:21:10+00:00","dateModified":"2025-11-07T15:41:07+00:00","breadcrumb":{"@id":"https:\/\/universoeletrico.com.br\/eletrico\/produto\/sirene-audiovisual-enderecavel-smart\/#breadcrumb"},"inLanguage":"pt-BR","potentialAction":[{"@type":"ReadAction","target":["https:\/\/universoeletrico.com.br\/eletrico\/produto\/sirene-audiovisual-enderecavel-smart\/"]}]},{"@type":"ImageObject","inLanguage":"pt-BR","@id":"https:\/\/universoeletrico.com.br\/eletrico\/produto\/sirene-audiovisual-enderecavel-smart\/#primaryimage","url":"https:\/\/universoeletrico.com.br\/eletrico\/wp-content\/uploads\/2025\/10\/Sirene-Audiovisual-Enderecavel-Smart.jpg","contentUrl":"https:\/\/universoeletrico.com.br\/eletrico\/wp-content\/uploads\/2025\/10\/Sirene-Audiovisual-Enderecavel-Smart.jpg","width":482,"height":548},{"@type":"BreadcrumbList","@id":"https:\/\/universoeletrico.com.br\/eletrico\/produto\/sirene-audiovisual-enderecavel-smart\/#breadcrumb","itemListElement":[{"@type":"ListItem","position":1,"name":"In\u00edcio","item":"https:\/\/universoeletrico.com.br\/eletrico\/"},{"@type":"ListItem","position":2,"name":"Produtos","item":"https:\/\/universoeletrico.com.br\/eletrico\/produtos\/"},{"@type":"ListItem","position":3,"name":"Sirene Audiovisual Endere\u00e7\u00e1vel SMART"}]},{"@type":"WebSite","@id":"https:\/\/universoeletrico.com.br\/eletrico\/#website","url":"https:\/\/universoeletrico.com.br\/eletrico\/","name":"Universo El\u00e9trico","description":"","potentialAction":[{"@type":"SearchAction","target":{"@type":"EntryPoint","urlTemplate":"https:\/\/universoeletrico.com.br\/eletrico\/?s={search_term_string}"},"query-input":{"@type":"PropertyValueSpecification","valueRequired":true,"valueName":"search_term_string"}}],"inLanguage":"pt-BR"}]}},"_links":{"self":[{"href":"https:\/\/universoeletrico.com.br\/eletrico\/wp-json\/wp\/v2\/product\/1847","targetHints":{"allow":["GET"]}}],"collection":[{"href":"https:\/\/universoeletrico.com.br\/eletrico\/wp-json\/wp\/v2\/product"}],"about":[{"href":"https:\/\/universoeletrico.com.br\/eletrico\/wp-json\/wp\/v2\/types\/product"}],"version-history":[{"count":1,"href":"https:\/\/universoeletrico.com.br\/eletrico\/wp-json\/wp\/v2\/product\/1847\/revisions"}],"predecessor-version":[{"id":2033,"href":"https:\/\/universoeletrico.com.br\/eletrico\/wp-json\/wp\/v2\/product\/1847\/revisions\/2033"}],"wp:featuredmedia":[{"embeddable":true,"href":"https:\/\/universoeletrico.com.br\/eletrico\/wp-json\/wp\/v2\/media\/1848"}],"wp:attachment":[{"href":"https:\/\/universoeletrico.com.br\/eletrico\/wp-json\/wp\/v2\/media?parent=1847"}],"wp:term":[{"taxonomy":"product_brand","embeddable":true,"href":"https:\/\/universoeletrico.com.br\/eletrico\/wp-json\/wp\/v2\/product_brand?post=1847"},{"taxonomy":"product_cat","embeddable":true,"href":"https:\/\/universoeletrico.com.br\/eletrico\/wp-json\/wp\/v2\/product_cat?post=1847"},{"taxonomy":"product_tag","embeddable":true,"href":"https:\/\/universoeletrico.com.br\/eletrico\/wp-json\/wp\/v2\/product_tag?post=1847"}],"curies":[{"name":"wp","href":"https:\/\/api.w.org\/{rel}","templated":true}]}}