{"id":1844,"date":"2025-10-25T03:21:10","date_gmt":"2025-10-25T06:21:10","guid":{"rendered":"https:\/\/universoeletrico.com.br\/eletrico\/?post_type=product&#038;p=1844"},"modified":"2025-12-22T11:44:27","modified_gmt":"2025-12-22T14:44:27","slug":"acionador-manual-com-sirene-12v-24v-convencional","status":"publish","type":"product","link":"https:\/\/universoeletrico.com.br\/eletrico\/produto\/acionador-manual-com-sirene-12v-24v-convencional\/","title":{"rendered":"Acionador Manual com Sirene 12V\/24V CONVENCIONAL"},"content":{"rendered":"<p>O Acionador Manual com Sirene 12V\/24V CONVENCIONAL da Segurimax \u00e9 um dispositivo essencial para a seguran\u00e7a em ambientes onde h\u00e1 risco de inc\u00eandio. Este equipamento integra um acionador por press\u00e3o, que pode ser rearmado facilmente com a chave apropriada, e uma sirene embutida, que \u00e9 ativada em caso de emerg\u00eancia.<\/p>\n<p>Aplica\u00e7\u00f5es:<br \/>\nEste acionador deve ser instalado em locais estrat\u00e9gicos, permitindo que qualquer pessoa possa acion\u00e1-lo ao identificar o princ\u00edpio de um inc\u00eandio. Ao ser ativado, o dispositivo envia um sinal para a central de detec\u00e7\u00e3o e alarme de inc\u00eandio, alertando as pessoas presentes para que deixem o ambiente com seguran\u00e7a.<\/p>\n<p>Vantagens:<br \/>\nAs principais vantagens do Acionador Manual com Sirene 12V\/24V CONVENCIONAL incluem:<\/p>\n<p>Integra\u00e7\u00e3o de fun\u00e7\u00f5es: Combina acionamento manual e sinaliza\u00e7\u00e3o sonora em um \u00fanico dispositivo.<br \/>\nFacilidade de opera\u00e7\u00e3o: A ativa\u00e7\u00e3o \u00e9 simples e r\u00e1pida, permitindo uma resposta imediata em situa\u00e7\u00f5es de emerg\u00eancia.<br \/>\nRearmamento pr\u00e1tico: O dispositivo pode ser rearmado facilmente com uma chave, garantindo sua reutiliza\u00e7\u00e3o ap\u00f3s acionamento.<br \/>\nCompatibilidade: \u00c9 compat\u00edvel com todas as linhas da Segurimax, sendo necess\u00e1rio o uso de m\u00f3dulo de endere\u00e7amento para as linhas endere\u00e7\u00e1veis.<\/p>\n<p>Segue abaixo outras op\u00e7\u00f5es de tamanhos e modelos:<\/p>\n<p>cod: 199038 ACIONADOR DE BOMBA (LIGA)<\/p>\n<p>cod: 199039 ACIONADOR DE BOMBA (LIGA\/DESLIGA)<\/p>\n<p>cod: 199054 ACIONADOR MANUAL C\/SIRENE ENDER.COMPACT<\/p>\n<p>cod: 199053 ACIONADOR MANUAL ENDERECAVEL COMPACT<\/p>\n<p>cod: 199041 ACIONADOR MANUAL ENDERECAVEL SMART<\/p>\n<p>Para pre\u00e7os, or\u00e7amentos e d\u00favidas, fale com nossos especialistas.<\/p>\n<p>&nbsp;<\/p>\n","protected":false},"excerpt":{"rendered":"<p>O Acionador Manual com Sirene 12V\/24V CONVENCIONAL da Segurimax \u00e9 um dispositivo essencial para a seguran\u00e7a em ambientes onde h\u00e1 risco de inc\u00eandio. Este equipamento integra um acionador por press\u00e3o, que pode ser rearmado facilmente com a chave apropriada, e uma sirene embutida, que \u00e9 ativada em caso de emerg\u00eancia. Aplica\u00e7\u00f5es: Este acionador deve ser [&hellip;]<\/p>\n","protected":false},"featured_media":2765,"template":"","meta":[],"product_brand":[],"product_cat":[17,46],"product_tag":[103,104],"class_list":{"0":"post-1844","1":"product","2":"type-product","3":"status-publish","4":"has-post-thumbnail","6":"product_cat-incendio","7":"product_cat-prevencao-contra-incendio","8":"product_tag-acionador","9":"product_tag-incendio","11":"first","12":"instock","13":"shipping-taxable","14":"product-type-simple"},"yoast_head":"<!-- This site is optimized with the Yoast SEO Premium plugin v26.1.1 (Yoast SEO v26.1.1) - https:\/\/yoast.com\/wordpress\/plugins\/seo\/ -->\n<title>Acionador Manual com Sirene 12V\/24V CONVENCIONAL - Universo El\u00e9trico<\/title>\n<meta name=\"robots\" content=\"index, follow, max-snippet:-1, max-image-preview:large, max-video-preview:-1\" \/>\n<link rel=\"canonical\" href=\"https:\/\/universoeletrico.com.br\/eletrico\/produto\/acionador-manual-com-sirene-12v-24v-convencional\/\" \/>\n<meta property=\"og:locale\" content=\"pt_BR\" \/>\n<meta property=\"og:type\" content=\"article\" \/>\n<meta property=\"og:title\" content=\"Acionador Manual com Sirene 12V\/24V CONVENCIONAL\" \/>\n<meta property=\"og:description\" content=\"O Acionador Manual com Sirene 12V\/24V CONVENCIONAL da Segurimax \u00e9 um dispositivo essencial para a seguran\u00e7a em ambientes onde h\u00e1 risco de inc\u00eandio. Este equipamento integra um acionador por press\u00e3o, que pode ser rearmado facilmente com a chave apropriada, e uma sirene embutida, que \u00e9 ativada em caso de emerg\u00eancia. Aplica\u00e7\u00f5es: Este acionador deve ser [&hellip;]\" \/>\n<meta property=\"og:url\" content=\"https:\/\/universoeletrico.com.br\/eletrico\/produto\/acionador-manual-com-sirene-12v-24v-convencional\/\" \/>\n<meta property=\"og:site_name\" content=\"Universo El\u00e9trico\" \/>\n<meta property=\"article:modified_time\" content=\"2025-12-22T14:44:27+00:00\" \/>\n<meta property=\"og:image\" content=\"https:\/\/universoeletrico.com.br\/eletrico\/wp-content\/uploads\/2025\/10\/ACIONADOR-MANUAL.webp\" \/>\n\t<meta property=\"og:image:width\" content=\"1200\" \/>\n\t<meta property=\"og:image:height\" content=\"1200\" \/>\n\t<meta property=\"og:image:type\" content=\"image\/webp\" \/>\n<meta name=\"twitter:card\" content=\"summary_large_image\" \/>\n<meta name=\"twitter:label1\" content=\"Est. tempo de leitura\" \/>\n\t<meta name=\"twitter:data1\" content=\"2 minutos\" \/>\n<script type=\"application\/ld+json\" class=\"yoast-schema-graph\">{\"@context\":\"https:\/\/schema.org\",\"@graph\":[{\"@type\":\"WebPage\",\"@id\":\"https:\/\/universoeletrico.com.br\/eletrico\/produto\/acionador-manual-com-sirene-12v-24v-convencional\/\",\"url\":\"https:\/\/universoeletrico.com.br\/eletrico\/produto\/acionador-manual-com-sirene-12v-24v-convencional\/\",\"name\":\"Acionador Manual com Sirene 12V\/24V CONVENCIONAL - Universo El\u00e9trico\",\"isPartOf\":{\"@id\":\"https:\/\/universoeletrico.com.br\/eletrico\/#website\"},\"primaryImageOfPage\":{\"@id\":\"https:\/\/universoeletrico.com.br\/eletrico\/produto\/acionador-manual-com-sirene-12v-24v-convencional\/#primaryimage\"},\"image\":{\"@id\":\"https:\/\/universoeletrico.com.br\/eletrico\/produto\/acionador-manual-com-sirene-12v-24v-convencional\/#primaryimage\"},\"thumbnailUrl\":\"https:\/\/universoeletrico.com.br\/eletrico\/wp-content\/uploads\/2025\/10\/ACIONADOR-MANUAL.webp\",\"datePublished\":\"2025-10-25T06:21:10+00:00\",\"dateModified\":\"2025-12-22T14:44:27+00:00\",\"breadcrumb\":{\"@id\":\"https:\/\/universoeletrico.com.br\/eletrico\/produto\/acionador-manual-com-sirene-12v-24v-convencional\/#breadcrumb\"},\"inLanguage\":\"pt-BR\",\"potentialAction\":[{\"@type\":\"ReadAction\",\"target\":[\"https:\/\/universoeletrico.com.br\/eletrico\/produto\/acionador-manual-com-sirene-12v-24v-convencional\/\"]}]},{\"@type\":\"ImageObject\",\"inLanguage\":\"pt-BR\",\"@id\":\"https:\/\/universoeletrico.com.br\/eletrico\/produto\/acionador-manual-com-sirene-12v-24v-convencional\/#primaryimage\",\"url\":\"https:\/\/universoeletrico.com.br\/eletrico\/wp-content\/uploads\/2025\/10\/ACIONADOR-MANUAL.webp\",\"contentUrl\":\"https:\/\/universoeletrico.com.br\/eletrico\/wp-content\/uploads\/2025\/10\/ACIONADOR-MANUAL.webp\",\"width\":1200,\"height\":1200},{\"@type\":\"BreadcrumbList\",\"@id\":\"https:\/\/universoeletrico.com.br\/eletrico\/produto\/acionador-manual-com-sirene-12v-24v-convencional\/#breadcrumb\",\"itemListElement\":[{\"@type\":\"ListItem\",\"position\":1,\"name\":\"In\u00edcio\",\"item\":\"https:\/\/universoeletrico.com.br\/eletrico\/\"},{\"@type\":\"ListItem\",\"position\":2,\"name\":\"Produtos\",\"item\":\"https:\/\/universoeletrico.com.br\/eletrico\/produtos\/\"},{\"@type\":\"ListItem\",\"position\":3,\"name\":\"Acionador Manual com Sirene 12V\/24V CONVENCIONAL\"}]},{\"@type\":\"WebSite\",\"@id\":\"https:\/\/universoeletrico.com.br\/eletrico\/#website\",\"url\":\"https:\/\/universoeletrico.com.br\/eletrico\/\",\"name\":\"Universo El\u00e9trico\",\"description\":\"\",\"potentialAction\":[{\"@type\":\"SearchAction\",\"target\":{\"@type\":\"EntryPoint\",\"urlTemplate\":\"https:\/\/universoeletrico.com.br\/eletrico\/?s={search_term_string}\"},\"query-input\":{\"@type\":\"PropertyValueSpecification\",\"valueRequired\":true,\"valueName\":\"search_term_string\"}}],\"inLanguage\":\"pt-BR\"}]}<\/script>\n<!-- \/ Yoast SEO Premium plugin. -->","yoast_head_json":{"title":"Acionador Manual com Sirene 12V\/24V CONVENCIONAL - Universo El\u00e9trico","robots":{"index":"index","follow":"follow","max-snippet":"max-snippet:-1","max-image-preview":"max-image-preview:large","max-video-preview":"max-video-preview:-1"},"canonical":"https:\/\/universoeletrico.com.br\/eletrico\/produto\/acionador-manual-com-sirene-12v-24v-convencional\/","og_locale":"pt_BR","og_type":"article","og_title":"Acionador Manual com Sirene 12V\/24V CONVENCIONAL","og_description":"O Acionador Manual com Sirene 12V\/24V CONVENCIONAL da Segurimax \u00e9 um dispositivo essencial para a seguran\u00e7a em ambientes onde h\u00e1 risco de inc\u00eandio. Este equipamento integra um acionador por press\u00e3o, que pode ser rearmado facilmente com a chave apropriada, e uma sirene embutida, que \u00e9 ativada em caso de emerg\u00eancia. Aplica\u00e7\u00f5es: Este acionador deve ser [&hellip;]","og_url":"https:\/\/universoeletrico.com.br\/eletrico\/produto\/acionador-manual-com-sirene-12v-24v-convencional\/","og_site_name":"Universo El\u00e9trico","article_modified_time":"2025-12-22T14:44:27+00:00","og_image":[{"width":1200,"height":1200,"url":"https:\/\/universoeletrico.com.br\/eletrico\/wp-content\/uploads\/2025\/10\/ACIONADOR-MANUAL.webp","type":"image\/webp"}],"twitter_card":"summary_large_image","twitter_misc":{"Est. tempo de leitura":"2 minutos"},"schema":{"@context":"https:\/\/schema.org","@graph":[{"@type":"WebPage","@id":"https:\/\/universoeletrico.com.br\/eletrico\/produto\/acionador-manual-com-sirene-12v-24v-convencional\/","url":"https:\/\/universoeletrico.com.br\/eletrico\/produto\/acionador-manual-com-sirene-12v-24v-convencional\/","name":"Acionador Manual com Sirene 12V\/24V CONVENCIONAL - Universo El\u00e9trico","isPartOf":{"@id":"https:\/\/universoeletrico.com.br\/eletrico\/#website"},"primaryImageOfPage":{"@id":"https:\/\/universoeletrico.com.br\/eletrico\/produto\/acionador-manual-com-sirene-12v-24v-convencional\/#primaryimage"},"image":{"@id":"https:\/\/universoeletrico.com.br\/eletrico\/produto\/acionador-manual-com-sirene-12v-24v-convencional\/#primaryimage"},"thumbnailUrl":"https:\/\/universoeletrico.com.br\/eletrico\/wp-content\/uploads\/2025\/10\/ACIONADOR-MANUAL.webp","datePublished":"2025-10-25T06:21:10+00:00","dateModified":"2025-12-22T14:44:27+00:00","breadcrumb":{"@id":"https:\/\/universoeletrico.com.br\/eletrico\/produto\/acionador-manual-com-sirene-12v-24v-convencional\/#breadcrumb"},"inLanguage":"pt-BR","potentialAction":[{"@type":"ReadAction","target":["https:\/\/universoeletrico.com.br\/eletrico\/produto\/acionador-manual-com-sirene-12v-24v-convencional\/"]}]},{"@type":"ImageObject","inLanguage":"pt-BR","@id":"https:\/\/universoeletrico.com.br\/eletrico\/produto\/acionador-manual-com-sirene-12v-24v-convencional\/#primaryimage","url":"https:\/\/universoeletrico.com.br\/eletrico\/wp-content\/uploads\/2025\/10\/ACIONADOR-MANUAL.webp","contentUrl":"https:\/\/universoeletrico.com.br\/eletrico\/wp-content\/uploads\/2025\/10\/ACIONADOR-MANUAL.webp","width":1200,"height":1200},{"@type":"BreadcrumbList","@id":"https:\/\/universoeletrico.com.br\/eletrico\/produto\/acionador-manual-com-sirene-12v-24v-convencional\/#breadcrumb","itemListElement":[{"@type":"ListItem","position":1,"name":"In\u00edcio","item":"https:\/\/universoeletrico.com.br\/eletrico\/"},{"@type":"ListItem","position":2,"name":"Produtos","item":"https:\/\/universoeletrico.com.br\/eletrico\/produtos\/"},{"@type":"ListItem","position":3,"name":"Acionador Manual com Sirene 12V\/24V CONVENCIONAL"}]},{"@type":"WebSite","@id":"https:\/\/universoeletrico.com.br\/eletrico\/#website","url":"https:\/\/universoeletrico.com.br\/eletrico\/","name":"Universo El\u00e9trico","description":"","potentialAction":[{"@type":"SearchAction","target":{"@type":"EntryPoint","urlTemplate":"https:\/\/universoeletrico.com.br\/eletrico\/?s={search_term_string}"},"query-input":{"@type":"PropertyValueSpecification","valueRequired":true,"valueName":"search_term_string"}}],"inLanguage":"pt-BR"}]}},"_links":{"self":[{"href":"https:\/\/universoeletrico.com.br\/eletrico\/wp-json\/wp\/v2\/product\/1844","targetHints":{"allow":["GET"]}}],"collection":[{"href":"https:\/\/universoeletrico.com.br\/eletrico\/wp-json\/wp\/v2\/product"}],"about":[{"href":"https:\/\/universoeletrico.com.br\/eletrico\/wp-json\/wp\/v2\/types\/product"}],"version-history":[{"count":4,"href":"https:\/\/universoeletrico.com.br\/eletrico\/wp-json\/wp\/v2\/product\/1844\/revisions"}],"predecessor-version":[{"id":2767,"href":"https:\/\/universoeletrico.com.br\/eletrico\/wp-json\/wp\/v2\/product\/1844\/revisions\/2767"}],"wp:featuredmedia":[{"embeddable":true,"href":"https:\/\/universoeletrico.com.br\/eletrico\/wp-json\/wp\/v2\/media\/2765"}],"wp:attachment":[{"href":"https:\/\/universoeletrico.com.br\/eletrico\/wp-json\/wp\/v2\/media?parent=1844"}],"wp:term":[{"taxonomy":"product_brand","embeddable":true,"href":"https:\/\/universoeletrico.com.br\/eletrico\/wp-json\/wp\/v2\/product_brand?post=1844"},{"taxonomy":"product_cat","embeddable":true,"href":"https:\/\/universoeletrico.com.br\/eletrico\/wp-json\/wp\/v2\/product_cat?post=1844"},{"taxonomy":"product_tag","embeddable":true,"href":"https:\/\/universoeletrico.com.br\/eletrico\/wp-json\/wp\/v2\/product_tag?post=1844"}],"curies":[{"name":"wp","href":"https:\/\/api.w.org\/{rel}","templated":true}]}}