{"id":1834,"date":"2025-10-25T03:21:10","date_gmt":"2025-10-25T06:21:10","guid":{"rendered":"https:\/\/universoeletrico.com.br\/eletrico\/?post_type=product&#038;p=1834"},"modified":"2025-11-07T12:40:06","modified_gmt":"2025-11-07T15:40:06","slug":"perfilados-e-eletrocalhas","status":"publish","type":"product","link":"https:\/\/universoeletrico.com.br\/eletrico\/produto\/perfilados-e-eletrocalhas\/","title":{"rendered":"Perfilados e Eletrocalhas"},"content":{"rendered":"<p>Eletrocalhas ou perfilados s\u00e3o bandejas que fornecem suporte para a passagem de fios e cabos el\u00e9tricos, bem como de telefonia, de telecomunica\u00e7\u00f5es e de inform\u00e1tica.<\/p>\n<p>Ainda que mais comumente sejam fabricados com chapas de a\u00e7o de formato retangular, tamb\u00e9m podem ser lisos ou perfurados, com ou sem tampa.<\/p>\n<p>As eletrocalhas servem para fazer toda distribui\u00e7\u00e3o el\u00e9trica de um galp\u00e3o, shopping ou empresa. Qualquer tipo de cabo pode ser sustentado por essas bandejas met\u00e1licas, muitas vezes permeando toda a constru\u00e7\u00e3o.<\/p>\n<p>Os perfilados, por outro lado, s\u00e3o perfis de a\u00e7o carbono galvanizado que tem aplica\u00e7\u00e3o vers\u00e1til em instala\u00e7\u00f5es el\u00e9tricas de pequeno e m\u00e9dio porte, geralmente em instala\u00e7\u00f5es suspensas no teto e\/ou sob o forro.<\/p>\n<p>Para Pre\u00e7o, Or\u00e7amentos e D\u00favidas, fale com nossos especialistas:<\/p>\n<p>(31) 3071-3232<br \/>\n(31) 99958-1336 | WhatsApp<\/p>\n<p><a href=\"mailto:universo@universoeletrico.com.br\">E-mail: universo@universoeletrico.com.br<\/a><\/p>\n","protected":false},"excerpt":{"rendered":"<p>Eletrocalhas ou perfilados s\u00e3o bandejas que fornecem suporte para a passagem de fios e cabos el\u00e9tricos, bem como de telefonia, de telecomunica\u00e7\u00f5es e de inform\u00e1tica. Ainda que mais comumente sejam fabricados com chapas de a\u00e7o de formato retangular, tamb\u00e9m podem ser lisos ou perfurados, com ou sem tampa. As eletrocalhas servem para fazer toda distribui\u00e7\u00e3o [&hellip;]<\/p>\n","protected":false},"featured_media":1835,"template":"","meta":[],"product_brand":[],"product_cat":[18],"product_tag":[],"class_list":{"0":"post-1834","1":"product","2":"type-product","3":"status-publish","4":"has-post-thumbnail","6":"product_cat-material-eletrico","8":"first","9":"instock","10":"shipping-taxable","11":"product-type-simple"},"yoast_head":"<!-- This site is optimized with the Yoast SEO Premium plugin v26.1.1 (Yoast SEO v26.1.1) - https:\/\/yoast.com\/wordpress\/plugins\/seo\/ -->\n<title>Perfilados e Eletrocalhas - Universo El\u00e9trico<\/title>\n<meta name=\"robots\" content=\"index, follow, max-snippet:-1, max-image-preview:large, max-video-preview:-1\" \/>\n<link rel=\"canonical\" href=\"https:\/\/universoeletrico.com.br\/eletrico\/produto\/perfilados-e-eletrocalhas\/\" \/>\n<meta property=\"og:locale\" content=\"pt_BR\" \/>\n<meta property=\"og:type\" content=\"article\" \/>\n<meta property=\"og:title\" content=\"Perfilados e Eletrocalhas\" \/>\n<meta property=\"og:description\" content=\"Eletrocalhas ou perfilados s\u00e3o bandejas que fornecem suporte para a passagem de fios e cabos el\u00e9tricos, bem como de telefonia, de telecomunica\u00e7\u00f5es e de inform\u00e1tica. Ainda que mais comumente sejam fabricados com chapas de a\u00e7o de formato retangular, tamb\u00e9m podem ser lisos ou perfurados, com ou sem tampa. As eletrocalhas servem para fazer toda distribui\u00e7\u00e3o [&hellip;]\" \/>\n<meta property=\"og:url\" content=\"https:\/\/universoeletrico.com.br\/eletrico\/produto\/perfilados-e-eletrocalhas\/\" \/>\n<meta property=\"og:site_name\" content=\"Universo El\u00e9trico\" \/>\n<meta property=\"article:modified_time\" content=\"2025-11-07T15:40:06+00:00\" \/>\n<meta property=\"og:image\" content=\"https:\/\/universoeletrico.com.br\/eletrico\/wp-content\/uploads\/2025\/10\/Perfilado-e-Eletrocalha.jpeg\" \/>\n\t<meta property=\"og:image:width\" content=\"445\" \/>\n\t<meta property=\"og:image:height\" content=\"448\" \/>\n\t<meta property=\"og:image:type\" content=\"image\/jpeg\" \/>\n<meta name=\"twitter:card\" content=\"summary_large_image\" \/>\n<meta name=\"twitter:label1\" content=\"Est. tempo de leitura\" \/>\n\t<meta name=\"twitter:data1\" content=\"1 minuto\" \/>\n<script type=\"application\/ld+json\" class=\"yoast-schema-graph\">{\"@context\":\"https:\/\/schema.org\",\"@graph\":[{\"@type\":\"WebPage\",\"@id\":\"https:\/\/universoeletrico.com.br\/eletrico\/produto\/perfilados-e-eletrocalhas\/\",\"url\":\"https:\/\/universoeletrico.com.br\/eletrico\/produto\/perfilados-e-eletrocalhas\/\",\"name\":\"Perfilados e Eletrocalhas - Universo El\u00e9trico\",\"isPartOf\":{\"@id\":\"https:\/\/universoeletrico.com.br\/eletrico\/#website\"},\"primaryImageOfPage\":{\"@id\":\"https:\/\/universoeletrico.com.br\/eletrico\/produto\/perfilados-e-eletrocalhas\/#primaryimage\"},\"image\":{\"@id\":\"https:\/\/universoeletrico.com.br\/eletrico\/produto\/perfilados-e-eletrocalhas\/#primaryimage\"},\"thumbnailUrl\":\"https:\/\/universoeletrico.com.br\/eletrico\/wp-content\/uploads\/2025\/10\/Perfilado-e-Eletrocalha.jpeg\",\"datePublished\":\"2025-10-25T06:21:10+00:00\",\"dateModified\":\"2025-11-07T15:40:06+00:00\",\"breadcrumb\":{\"@id\":\"https:\/\/universoeletrico.com.br\/eletrico\/produto\/perfilados-e-eletrocalhas\/#breadcrumb\"},\"inLanguage\":\"pt-BR\",\"potentialAction\":[{\"@type\":\"ReadAction\",\"target\":[\"https:\/\/universoeletrico.com.br\/eletrico\/produto\/perfilados-e-eletrocalhas\/\"]}]},{\"@type\":\"ImageObject\",\"inLanguage\":\"pt-BR\",\"@id\":\"https:\/\/universoeletrico.com.br\/eletrico\/produto\/perfilados-e-eletrocalhas\/#primaryimage\",\"url\":\"https:\/\/universoeletrico.com.br\/eletrico\/wp-content\/uploads\/2025\/10\/Perfilado-e-Eletrocalha.jpeg\",\"contentUrl\":\"https:\/\/universoeletrico.com.br\/eletrico\/wp-content\/uploads\/2025\/10\/Perfilado-e-Eletrocalha.jpeg\",\"width\":445,\"height\":448},{\"@type\":\"BreadcrumbList\",\"@id\":\"https:\/\/universoeletrico.com.br\/eletrico\/produto\/perfilados-e-eletrocalhas\/#breadcrumb\",\"itemListElement\":[{\"@type\":\"ListItem\",\"position\":1,\"name\":\"In\u00edcio\",\"item\":\"https:\/\/universoeletrico.com.br\/eletrico\/\"},{\"@type\":\"ListItem\",\"position\":2,\"name\":\"Produtos\",\"item\":\"https:\/\/universoeletrico.com.br\/eletrico\/produtos\/\"},{\"@type\":\"ListItem\",\"position\":3,\"name\":\"Perfilados e Eletrocalhas\"}]},{\"@type\":\"WebSite\",\"@id\":\"https:\/\/universoeletrico.com.br\/eletrico\/#website\",\"url\":\"https:\/\/universoeletrico.com.br\/eletrico\/\",\"name\":\"Universo El\u00e9trico\",\"description\":\"\",\"potentialAction\":[{\"@type\":\"SearchAction\",\"target\":{\"@type\":\"EntryPoint\",\"urlTemplate\":\"https:\/\/universoeletrico.com.br\/eletrico\/?s={search_term_string}\"},\"query-input\":{\"@type\":\"PropertyValueSpecification\",\"valueRequired\":true,\"valueName\":\"search_term_string\"}}],\"inLanguage\":\"pt-BR\"}]}<\/script>\n<!-- \/ Yoast SEO Premium plugin. -->","yoast_head_json":{"title":"Perfilados e Eletrocalhas - Universo El\u00e9trico","robots":{"index":"index","follow":"follow","max-snippet":"max-snippet:-1","max-image-preview":"max-image-preview:large","max-video-preview":"max-video-preview:-1"},"canonical":"https:\/\/universoeletrico.com.br\/eletrico\/produto\/perfilados-e-eletrocalhas\/","og_locale":"pt_BR","og_type":"article","og_title":"Perfilados e Eletrocalhas","og_description":"Eletrocalhas ou perfilados s\u00e3o bandejas que fornecem suporte para a passagem de fios e cabos el\u00e9tricos, bem como de telefonia, de telecomunica\u00e7\u00f5es e de inform\u00e1tica. Ainda que mais comumente sejam fabricados com chapas de a\u00e7o de formato retangular, tamb\u00e9m podem ser lisos ou perfurados, com ou sem tampa. As eletrocalhas servem para fazer toda distribui\u00e7\u00e3o [&hellip;]","og_url":"https:\/\/universoeletrico.com.br\/eletrico\/produto\/perfilados-e-eletrocalhas\/","og_site_name":"Universo El\u00e9trico","article_modified_time":"2025-11-07T15:40:06+00:00","og_image":[{"width":445,"height":448,"url":"https:\/\/universoeletrico.com.br\/eletrico\/wp-content\/uploads\/2025\/10\/Perfilado-e-Eletrocalha.jpeg","type":"image\/jpeg"}],"twitter_card":"summary_large_image","twitter_misc":{"Est. tempo de leitura":"1 minuto"},"schema":{"@context":"https:\/\/schema.org","@graph":[{"@type":"WebPage","@id":"https:\/\/universoeletrico.com.br\/eletrico\/produto\/perfilados-e-eletrocalhas\/","url":"https:\/\/universoeletrico.com.br\/eletrico\/produto\/perfilados-e-eletrocalhas\/","name":"Perfilados e Eletrocalhas - Universo El\u00e9trico","isPartOf":{"@id":"https:\/\/universoeletrico.com.br\/eletrico\/#website"},"primaryImageOfPage":{"@id":"https:\/\/universoeletrico.com.br\/eletrico\/produto\/perfilados-e-eletrocalhas\/#primaryimage"},"image":{"@id":"https:\/\/universoeletrico.com.br\/eletrico\/produto\/perfilados-e-eletrocalhas\/#primaryimage"},"thumbnailUrl":"https:\/\/universoeletrico.com.br\/eletrico\/wp-content\/uploads\/2025\/10\/Perfilado-e-Eletrocalha.jpeg","datePublished":"2025-10-25T06:21:10+00:00","dateModified":"2025-11-07T15:40:06+00:00","breadcrumb":{"@id":"https:\/\/universoeletrico.com.br\/eletrico\/produto\/perfilados-e-eletrocalhas\/#breadcrumb"},"inLanguage":"pt-BR","potentialAction":[{"@type":"ReadAction","target":["https:\/\/universoeletrico.com.br\/eletrico\/produto\/perfilados-e-eletrocalhas\/"]}]},{"@type":"ImageObject","inLanguage":"pt-BR","@id":"https:\/\/universoeletrico.com.br\/eletrico\/produto\/perfilados-e-eletrocalhas\/#primaryimage","url":"https:\/\/universoeletrico.com.br\/eletrico\/wp-content\/uploads\/2025\/10\/Perfilado-e-Eletrocalha.jpeg","contentUrl":"https:\/\/universoeletrico.com.br\/eletrico\/wp-content\/uploads\/2025\/10\/Perfilado-e-Eletrocalha.jpeg","width":445,"height":448},{"@type":"BreadcrumbList","@id":"https:\/\/universoeletrico.com.br\/eletrico\/produto\/perfilados-e-eletrocalhas\/#breadcrumb","itemListElement":[{"@type":"ListItem","position":1,"name":"In\u00edcio","item":"https:\/\/universoeletrico.com.br\/eletrico\/"},{"@type":"ListItem","position":2,"name":"Produtos","item":"https:\/\/universoeletrico.com.br\/eletrico\/produtos\/"},{"@type":"ListItem","position":3,"name":"Perfilados e Eletrocalhas"}]},{"@type":"WebSite","@id":"https:\/\/universoeletrico.com.br\/eletrico\/#website","url":"https:\/\/universoeletrico.com.br\/eletrico\/","name":"Universo El\u00e9trico","description":"","potentialAction":[{"@type":"SearchAction","target":{"@type":"EntryPoint","urlTemplate":"https:\/\/universoeletrico.com.br\/eletrico\/?s={search_term_string}"},"query-input":{"@type":"PropertyValueSpecification","valueRequired":true,"valueName":"search_term_string"}}],"inLanguage":"pt-BR"}]}},"_links":{"self":[{"href":"https:\/\/universoeletrico.com.br\/eletrico\/wp-json\/wp\/v2\/product\/1834","targetHints":{"allow":["GET"]}}],"collection":[{"href":"https:\/\/universoeletrico.com.br\/eletrico\/wp-json\/wp\/v2\/product"}],"about":[{"href":"https:\/\/universoeletrico.com.br\/eletrico\/wp-json\/wp\/v2\/types\/product"}],"version-history":[{"count":1,"href":"https:\/\/universoeletrico.com.br\/eletrico\/wp-json\/wp\/v2\/product\/1834\/revisions"}],"predecessor-version":[{"id":2027,"href":"https:\/\/universoeletrico.com.br\/eletrico\/wp-json\/wp\/v2\/product\/1834\/revisions\/2027"}],"wp:featuredmedia":[{"embeddable":true,"href":"https:\/\/universoeletrico.com.br\/eletrico\/wp-json\/wp\/v2\/media\/1835"}],"wp:attachment":[{"href":"https:\/\/universoeletrico.com.br\/eletrico\/wp-json\/wp\/v2\/media?parent=1834"}],"wp:term":[{"taxonomy":"product_brand","embeddable":true,"href":"https:\/\/universoeletrico.com.br\/eletrico\/wp-json\/wp\/v2\/product_brand?post=1834"},{"taxonomy":"product_cat","embeddable":true,"href":"https:\/\/universoeletrico.com.br\/eletrico\/wp-json\/wp\/v2\/product_cat?post=1834"},{"taxonomy":"product_tag","embeddable":true,"href":"https:\/\/universoeletrico.com.br\/eletrico\/wp-json\/wp\/v2\/product_tag?post=1834"}],"curies":[{"name":"wp","href":"https:\/\/api.w.org\/{rel}","templated":true}]}}