{"id":1740,"date":"2025-10-25T03:21:11","date_gmt":"2025-10-25T06:21:11","guid":{"rendered":"https:\/\/universoeletrico.com.br\/eletrico\/?post_type=product&#038;p=1740"},"modified":"2025-11-07T12:38:56","modified_gmt":"2025-11-07T15:38:56","slug":"medicao-de-energia-2","status":"publish","type":"product","link":"https:\/\/universoeletrico.com.br\/eletrico\/produto\/medicao-de-energia-2\/","title":{"rendered":"Automa\u00e7\u00e3o e Controle de Motores Tesys"},"content":{"rendered":"<p>O contador eletromagn\u00e9tico \u00e9 um dispositivo de manobra (conex\u00e3o e desconex\u00e3o) mec\u00e2nico comandado por um eletro\u00edm\u00e3.<br \/>\nQuando a bobina do eletro\u00edm\u00e3 \u00e9 alimentada, o contador fecha, estabelecendo por interm\u00e9dio dos polos, o circuito entre a rede de alimenta\u00e7\u00e3o e a carga.<br \/>\nOs contatores s\u00e3o dispositivos robustos que podem ser submetidos a exigentes cad\u00eancias de manobras com tipos distintos de cargas. A norma ABNT NBR IEC 60947-1 define os diferentes tipos de categorias de emprego que fixam os valores de corrente a estabelecer ou interromper mediante contadores.<br \/>\nCitaremos somente as categorias para circuito de pot\u00eancia em corrente alternada (CA), sabendo-se que existem categorias similares para corrente cont\u00ednua (CC) e circuitos de controle em CA e CC.<\/p>\n<p>Para Pre\u00e7o, Or\u00e7amentos e D\u00favidas, fale com nossos especialistas:<\/p>\n<p>(31) 3071-3232<br \/>\n(31) 99958-1336 | Whatshapp<\/p>\n<p><a href=\"mailto:universo@universoeletrico.com.br\">E-mail: universo@universoeletrico.com.br<\/a><\/p>\n","protected":false},"excerpt":{"rendered":"<p>O contador eletromagn\u00e9tico \u00e9 um dispositivo de manobra (conex\u00e3o e desconex\u00e3o) mec\u00e2nico comandado por um eletro\u00edm\u00e3. Quando a bobina do eletro\u00edm\u00e3 \u00e9 alimentada, o contador fecha, estabelecendo por interm\u00e9dio dos polos, o circuito entre a rede de alimenta\u00e7\u00e3o e a carga. Os contatores s\u00e3o dispositivos robustos que podem ser submetidos a exigentes cad\u00eancias de manobras [&hellip;]<\/p>\n","protected":false},"featured_media":1741,"template":"","meta":[],"product_brand":[],"product_cat":[32],"product_tag":[],"class_list":{"0":"post-1740","1":"product","2":"type-product","3":"status-publish","4":"has-post-thumbnail","6":"product_cat-industrial-2","8":"first","9":"instock","10":"shipping-taxable","11":"product-type-simple"},"yoast_head":"<!-- This site is optimized with the Yoast SEO Premium plugin v26.1.1 (Yoast SEO v26.1.1) - https:\/\/yoast.com\/wordpress\/plugins\/seo\/ -->\n<title>Automa\u00e7\u00e3o e Controle de Motores Tesys - Universo El\u00e9trico<\/title>\n<meta name=\"robots\" content=\"index, follow, max-snippet:-1, max-image-preview:large, max-video-preview:-1\" \/>\n<link rel=\"canonical\" href=\"https:\/\/universoeletrico.com.br\/eletrico\/produto\/medicao-de-energia-2\/\" \/>\n<meta property=\"og:locale\" content=\"pt_BR\" \/>\n<meta property=\"og:type\" content=\"article\" \/>\n<meta property=\"og:title\" content=\"Automa\u00e7\u00e3o e Controle de Motores Tesys\" \/>\n<meta property=\"og:description\" content=\"O contador eletromagn\u00e9tico \u00e9 um dispositivo de manobra (conex\u00e3o e desconex\u00e3o) mec\u00e2nico comandado por um eletro\u00edm\u00e3. Quando a bobina do eletro\u00edm\u00e3 \u00e9 alimentada, o contador fecha, estabelecendo por interm\u00e9dio dos polos, o circuito entre a rede de alimenta\u00e7\u00e3o e a carga. Os contatores s\u00e3o dispositivos robustos que podem ser submetidos a exigentes cad\u00eancias de manobras [&hellip;]\" \/>\n<meta property=\"og:url\" content=\"https:\/\/universoeletrico.com.br\/eletrico\/produto\/medicao-de-energia-2\/\" \/>\n<meta property=\"og:site_name\" content=\"Universo El\u00e9trico\" \/>\n<meta property=\"article:modified_time\" content=\"2025-11-07T15:38:56+00:00\" \/>\n<meta property=\"og:image\" content=\"https:\/\/universoeletrico.com.br\/eletrico\/wp-content\/uploads\/2025\/10\/protecao-e-controle-de-motores-tesys.png\" \/>\n\t<meta property=\"og:image:width\" content=\"500\" \/>\n\t<meta property=\"og:image:height\" content=\"500\" \/>\n\t<meta property=\"og:image:type\" content=\"image\/png\" \/>\n<meta name=\"twitter:card\" content=\"summary_large_image\" \/>\n<meta name=\"twitter:label1\" content=\"Est. tempo de leitura\" \/>\n\t<meta name=\"twitter:data1\" content=\"1 minuto\" \/>\n<script type=\"application\/ld+json\" class=\"yoast-schema-graph\">{\"@context\":\"https:\/\/schema.org\",\"@graph\":[{\"@type\":\"WebPage\",\"@id\":\"https:\/\/universoeletrico.com.br\/eletrico\/produto\/medicao-de-energia-2\/\",\"url\":\"https:\/\/universoeletrico.com.br\/eletrico\/produto\/medicao-de-energia-2\/\",\"name\":\"Automa\u00e7\u00e3o e Controle de Motores Tesys - Universo El\u00e9trico\",\"isPartOf\":{\"@id\":\"https:\/\/universoeletrico.com.br\/eletrico\/#website\"},\"primaryImageOfPage\":{\"@id\":\"https:\/\/universoeletrico.com.br\/eletrico\/produto\/medicao-de-energia-2\/#primaryimage\"},\"image\":{\"@id\":\"https:\/\/universoeletrico.com.br\/eletrico\/produto\/medicao-de-energia-2\/#primaryimage\"},\"thumbnailUrl\":\"https:\/\/universoeletrico.com.br\/eletrico\/wp-content\/uploads\/2025\/10\/protecao-e-controle-de-motores-tesys.png\",\"datePublished\":\"2025-10-25T06:21:11+00:00\",\"dateModified\":\"2025-11-07T15:38:56+00:00\",\"breadcrumb\":{\"@id\":\"https:\/\/universoeletrico.com.br\/eletrico\/produto\/medicao-de-energia-2\/#breadcrumb\"},\"inLanguage\":\"pt-BR\",\"potentialAction\":[{\"@type\":\"ReadAction\",\"target\":[\"https:\/\/universoeletrico.com.br\/eletrico\/produto\/medicao-de-energia-2\/\"]}]},{\"@type\":\"ImageObject\",\"inLanguage\":\"pt-BR\",\"@id\":\"https:\/\/universoeletrico.com.br\/eletrico\/produto\/medicao-de-energia-2\/#primaryimage\",\"url\":\"https:\/\/universoeletrico.com.br\/eletrico\/wp-content\/uploads\/2025\/10\/protecao-e-controle-de-motores-tesys.png\",\"contentUrl\":\"https:\/\/universoeletrico.com.br\/eletrico\/wp-content\/uploads\/2025\/10\/protecao-e-controle-de-motores-tesys.png\",\"width\":500,\"height\":500},{\"@type\":\"BreadcrumbList\",\"@id\":\"https:\/\/universoeletrico.com.br\/eletrico\/produto\/medicao-de-energia-2\/#breadcrumb\",\"itemListElement\":[{\"@type\":\"ListItem\",\"position\":1,\"name\":\"In\u00edcio\",\"item\":\"https:\/\/universoeletrico.com.br\/eletrico\/\"},{\"@type\":\"ListItem\",\"position\":2,\"name\":\"Produtos\",\"item\":\"https:\/\/universoeletrico.com.br\/eletrico\/produtos\/\"},{\"@type\":\"ListItem\",\"position\":3,\"name\":\"Automa\u00e7\u00e3o e Controle de Motores Tesys\"}]},{\"@type\":\"WebSite\",\"@id\":\"https:\/\/universoeletrico.com.br\/eletrico\/#website\",\"url\":\"https:\/\/universoeletrico.com.br\/eletrico\/\",\"name\":\"Universo El\u00e9trico\",\"description\":\"\",\"potentialAction\":[{\"@type\":\"SearchAction\",\"target\":{\"@type\":\"EntryPoint\",\"urlTemplate\":\"https:\/\/universoeletrico.com.br\/eletrico\/?s={search_term_string}\"},\"query-input\":{\"@type\":\"PropertyValueSpecification\",\"valueRequired\":true,\"valueName\":\"search_term_string\"}}],\"inLanguage\":\"pt-BR\"}]}<\/script>\n<!-- \/ Yoast SEO Premium plugin. -->","yoast_head_json":{"title":"Automa\u00e7\u00e3o e Controle de Motores Tesys - Universo El\u00e9trico","robots":{"index":"index","follow":"follow","max-snippet":"max-snippet:-1","max-image-preview":"max-image-preview:large","max-video-preview":"max-video-preview:-1"},"canonical":"https:\/\/universoeletrico.com.br\/eletrico\/produto\/medicao-de-energia-2\/","og_locale":"pt_BR","og_type":"article","og_title":"Automa\u00e7\u00e3o e Controle de Motores Tesys","og_description":"O contador eletromagn\u00e9tico \u00e9 um dispositivo de manobra (conex\u00e3o e desconex\u00e3o) mec\u00e2nico comandado por um eletro\u00edm\u00e3. Quando a bobina do eletro\u00edm\u00e3 \u00e9 alimentada, o contador fecha, estabelecendo por interm\u00e9dio dos polos, o circuito entre a rede de alimenta\u00e7\u00e3o e a carga. Os contatores s\u00e3o dispositivos robustos que podem ser submetidos a exigentes cad\u00eancias de manobras [&hellip;]","og_url":"https:\/\/universoeletrico.com.br\/eletrico\/produto\/medicao-de-energia-2\/","og_site_name":"Universo El\u00e9trico","article_modified_time":"2025-11-07T15:38:56+00:00","og_image":[{"width":500,"height":500,"url":"https:\/\/universoeletrico.com.br\/eletrico\/wp-content\/uploads\/2025\/10\/protecao-e-controle-de-motores-tesys.png","type":"image\/png"}],"twitter_card":"summary_large_image","twitter_misc":{"Est. tempo de leitura":"1 minuto"},"schema":{"@context":"https:\/\/schema.org","@graph":[{"@type":"WebPage","@id":"https:\/\/universoeletrico.com.br\/eletrico\/produto\/medicao-de-energia-2\/","url":"https:\/\/universoeletrico.com.br\/eletrico\/produto\/medicao-de-energia-2\/","name":"Automa\u00e7\u00e3o e Controle de Motores Tesys - Universo El\u00e9trico","isPartOf":{"@id":"https:\/\/universoeletrico.com.br\/eletrico\/#website"},"primaryImageOfPage":{"@id":"https:\/\/universoeletrico.com.br\/eletrico\/produto\/medicao-de-energia-2\/#primaryimage"},"image":{"@id":"https:\/\/universoeletrico.com.br\/eletrico\/produto\/medicao-de-energia-2\/#primaryimage"},"thumbnailUrl":"https:\/\/universoeletrico.com.br\/eletrico\/wp-content\/uploads\/2025\/10\/protecao-e-controle-de-motores-tesys.png","datePublished":"2025-10-25T06:21:11+00:00","dateModified":"2025-11-07T15:38:56+00:00","breadcrumb":{"@id":"https:\/\/universoeletrico.com.br\/eletrico\/produto\/medicao-de-energia-2\/#breadcrumb"},"inLanguage":"pt-BR","potentialAction":[{"@type":"ReadAction","target":["https:\/\/universoeletrico.com.br\/eletrico\/produto\/medicao-de-energia-2\/"]}]},{"@type":"ImageObject","inLanguage":"pt-BR","@id":"https:\/\/universoeletrico.com.br\/eletrico\/produto\/medicao-de-energia-2\/#primaryimage","url":"https:\/\/universoeletrico.com.br\/eletrico\/wp-content\/uploads\/2025\/10\/protecao-e-controle-de-motores-tesys.png","contentUrl":"https:\/\/universoeletrico.com.br\/eletrico\/wp-content\/uploads\/2025\/10\/protecao-e-controle-de-motores-tesys.png","width":500,"height":500},{"@type":"BreadcrumbList","@id":"https:\/\/universoeletrico.com.br\/eletrico\/produto\/medicao-de-energia-2\/#breadcrumb","itemListElement":[{"@type":"ListItem","position":1,"name":"In\u00edcio","item":"https:\/\/universoeletrico.com.br\/eletrico\/"},{"@type":"ListItem","position":2,"name":"Produtos","item":"https:\/\/universoeletrico.com.br\/eletrico\/produtos\/"},{"@type":"ListItem","position":3,"name":"Automa\u00e7\u00e3o e Controle de Motores Tesys"}]},{"@type":"WebSite","@id":"https:\/\/universoeletrico.com.br\/eletrico\/#website","url":"https:\/\/universoeletrico.com.br\/eletrico\/","name":"Universo El\u00e9trico","description":"","potentialAction":[{"@type":"SearchAction","target":{"@type":"EntryPoint","urlTemplate":"https:\/\/universoeletrico.com.br\/eletrico\/?s={search_term_string}"},"query-input":{"@type":"PropertyValueSpecification","valueRequired":true,"valueName":"search_term_string"}}],"inLanguage":"pt-BR"}]}},"_links":{"self":[{"href":"https:\/\/universoeletrico.com.br\/eletrico\/wp-json\/wp\/v2\/product\/1740","targetHints":{"allow":["GET"]}}],"collection":[{"href":"https:\/\/universoeletrico.com.br\/eletrico\/wp-json\/wp\/v2\/product"}],"about":[{"href":"https:\/\/universoeletrico.com.br\/eletrico\/wp-json\/wp\/v2\/types\/product"}],"version-history":[{"count":1,"href":"https:\/\/universoeletrico.com.br\/eletrico\/wp-json\/wp\/v2\/product\/1740\/revisions"}],"predecessor-version":[{"id":2021,"href":"https:\/\/universoeletrico.com.br\/eletrico\/wp-json\/wp\/v2\/product\/1740\/revisions\/2021"}],"wp:featuredmedia":[{"embeddable":true,"href":"https:\/\/universoeletrico.com.br\/eletrico\/wp-json\/wp\/v2\/media\/1741"}],"wp:attachment":[{"href":"https:\/\/universoeletrico.com.br\/eletrico\/wp-json\/wp\/v2\/media?parent=1740"}],"wp:term":[{"taxonomy":"product_brand","embeddable":true,"href":"https:\/\/universoeletrico.com.br\/eletrico\/wp-json\/wp\/v2\/product_brand?post=1740"},{"taxonomy":"product_cat","embeddable":true,"href":"https:\/\/universoeletrico.com.br\/eletrico\/wp-json\/wp\/v2\/product_cat?post=1740"},{"taxonomy":"product_tag","embeddable":true,"href":"https:\/\/universoeletrico.com.br\/eletrico\/wp-json\/wp\/v2\/product_tag?post=1740"}],"curies":[{"name":"wp","href":"https:\/\/api.w.org\/{rel}","templated":true}]}}