{"id":1734,"date":"2019-03-02T09:27:27","date_gmt":"2019-03-02T12:27:27","guid":{"rendered":"https:\/\/universoeletrico.com.br\/eletrico\/?post_type=product&#038;p=1734"},"modified":"2025-11-07T12:42:53","modified_gmt":"2025-11-07T15:42:53","slug":"energia-solar-e-sistemas-conectados","status":"publish","type":"product","link":"https:\/\/universoeletrico.com.br\/eletrico\/produto\/energia-solar-e-sistemas-conectados\/","title":{"rendered":"Energia Solar e Sistemas Conectados"},"content":{"rendered":"<p>O objetivo principal da automa\u00e7\u00e3o industrial \u00e9 criar mecanismos que sejam capazes de produzir o melhor produto com o menor custo.<\/p>\n<p>Para Pre\u00e7o, Or\u00e7amentos e D\u00favidas, fale com nossos especialistas:<\/p>\n<p>(31) 3071-3232<br \/>\n(31) 99958-1336 | Whatshapp<\/p>\n<p><a href=\"mailto:universo@universoeletrico.com.br\">E-mail: universo@universoeletrico.com.br<\/a><\/p>\n","protected":false},"excerpt":{"rendered":"<p>O objetivo principal da automa\u00e7\u00e3o industrial \u00e9 criar mecanismos que sejam capazes de produzir o melhor produto com o menor custo. Para Pre\u00e7o, Or\u00e7amentos e D\u00favidas, fale com nossos especialistas: (31) 3071-3232 (31) 99958-1336 | Whatshapp E-mail: universo@universoeletrico.com.br<\/p>\n","protected":false},"featured_media":1735,"template":"","meta":[],"product_brand":[],"product_cat":[32],"product_tag":[],"class_list":{"0":"post-1734","1":"product","2":"type-product","3":"status-publish","4":"has-post-thumbnail","6":"product_cat-industrial-2","8":"first","9":"instock","10":"shipping-taxable","11":"product-type-simple"},"yoast_head":"<!-- This site is optimized with the Yoast SEO Premium plugin v26.1.1 (Yoast SEO v26.1.1) - https:\/\/yoast.com\/wordpress\/plugins\/seo\/ -->\n<title>Energia Solar e Sistemas Conectados - Universo El\u00e9trico<\/title>\n<meta name=\"robots\" content=\"index, follow, max-snippet:-1, max-image-preview:large, max-video-preview:-1\" \/>\n<link rel=\"canonical\" href=\"https:\/\/universoeletrico.com.br\/eletrico\/produto\/energia-solar-e-sistemas-conectados\/\" \/>\n<meta property=\"og:locale\" content=\"pt_BR\" \/>\n<meta property=\"og:type\" content=\"article\" \/>\n<meta property=\"og:title\" content=\"Energia Solar e Sistemas Conectados\" \/>\n<meta property=\"og:description\" content=\"O objetivo principal da automa\u00e7\u00e3o industrial \u00e9 criar mecanismos que sejam capazes de produzir o melhor produto com o menor custo. Para Pre\u00e7o, Or\u00e7amentos e D\u00favidas, fale com nossos especialistas: (31) 3071-3232 (31) 99958-1336 | Whatshapp E-mail: universo@universoeletrico.com.br\" \/>\n<meta property=\"og:url\" content=\"https:\/\/universoeletrico.com.br\/eletrico\/produto\/energia-solar-e-sistemas-conectados\/\" \/>\n<meta property=\"og:site_name\" content=\"Universo El\u00e9trico\" \/>\n<meta property=\"article:modified_time\" content=\"2025-11-07T15:42:53+00:00\" \/>\n<meta property=\"og:image\" content=\"https:\/\/universoeletrico.com.br\/eletrico\/wp-content\/uploads\/2025\/10\/energia-solar-e-sistemas-conectados.png\" \/>\n\t<meta property=\"og:image:width\" content=\"500\" \/>\n\t<meta property=\"og:image:height\" content=\"500\" \/>\n\t<meta property=\"og:image:type\" content=\"image\/png\" \/>\n<meta name=\"twitter:card\" content=\"summary_large_image\" \/>\n<script type=\"application\/ld+json\" class=\"yoast-schema-graph\">{\"@context\":\"https:\/\/schema.org\",\"@graph\":[{\"@type\":\"WebPage\",\"@id\":\"https:\/\/universoeletrico.com.br\/eletrico\/produto\/energia-solar-e-sistemas-conectados\/\",\"url\":\"https:\/\/universoeletrico.com.br\/eletrico\/produto\/energia-solar-e-sistemas-conectados\/\",\"name\":\"Energia Solar e Sistemas Conectados - Universo El\u00e9trico\",\"isPartOf\":{\"@id\":\"https:\/\/universoeletrico.com.br\/eletrico\/#website\"},\"primaryImageOfPage\":{\"@id\":\"https:\/\/universoeletrico.com.br\/eletrico\/produto\/energia-solar-e-sistemas-conectados\/#primaryimage\"},\"image\":{\"@id\":\"https:\/\/universoeletrico.com.br\/eletrico\/produto\/energia-solar-e-sistemas-conectados\/#primaryimage\"},\"thumbnailUrl\":\"https:\/\/universoeletrico.com.br\/eletrico\/wp-content\/uploads\/2025\/10\/energia-solar-e-sistemas-conectados.png\",\"datePublished\":\"2019-03-02T12:27:27+00:00\",\"dateModified\":\"2025-11-07T15:42:53+00:00\",\"breadcrumb\":{\"@id\":\"https:\/\/universoeletrico.com.br\/eletrico\/produto\/energia-solar-e-sistemas-conectados\/#breadcrumb\"},\"inLanguage\":\"pt-BR\",\"potentialAction\":[{\"@type\":\"ReadAction\",\"target\":[\"https:\/\/universoeletrico.com.br\/eletrico\/produto\/energia-solar-e-sistemas-conectados\/\"]}]},{\"@type\":\"ImageObject\",\"inLanguage\":\"pt-BR\",\"@id\":\"https:\/\/universoeletrico.com.br\/eletrico\/produto\/energia-solar-e-sistemas-conectados\/#primaryimage\",\"url\":\"https:\/\/universoeletrico.com.br\/eletrico\/wp-content\/uploads\/2025\/10\/energia-solar-e-sistemas-conectados.png\",\"contentUrl\":\"https:\/\/universoeletrico.com.br\/eletrico\/wp-content\/uploads\/2025\/10\/energia-solar-e-sistemas-conectados.png\",\"width\":500,\"height\":500},{\"@type\":\"BreadcrumbList\",\"@id\":\"https:\/\/universoeletrico.com.br\/eletrico\/produto\/energia-solar-e-sistemas-conectados\/#breadcrumb\",\"itemListElement\":[{\"@type\":\"ListItem\",\"position\":1,\"name\":\"In\u00edcio\",\"item\":\"https:\/\/universoeletrico.com.br\/eletrico\/\"},{\"@type\":\"ListItem\",\"position\":2,\"name\":\"Produtos\",\"item\":\"https:\/\/universoeletrico.com.br\/eletrico\/produtos\/\"},{\"@type\":\"ListItem\",\"position\":3,\"name\":\"Energia Solar e Sistemas Conectados\"}]},{\"@type\":\"WebSite\",\"@id\":\"https:\/\/universoeletrico.com.br\/eletrico\/#website\",\"url\":\"https:\/\/universoeletrico.com.br\/eletrico\/\",\"name\":\"Universo El\u00e9trico\",\"description\":\"\",\"potentialAction\":[{\"@type\":\"SearchAction\",\"target\":{\"@type\":\"EntryPoint\",\"urlTemplate\":\"https:\/\/universoeletrico.com.br\/eletrico\/?s={search_term_string}\"},\"query-input\":{\"@type\":\"PropertyValueSpecification\",\"valueRequired\":true,\"valueName\":\"search_term_string\"}}],\"inLanguage\":\"pt-BR\"}]}<\/script>\n<!-- \/ Yoast SEO Premium plugin. -->","yoast_head_json":{"title":"Energia Solar e Sistemas Conectados - Universo El\u00e9trico","robots":{"index":"index","follow":"follow","max-snippet":"max-snippet:-1","max-image-preview":"max-image-preview:large","max-video-preview":"max-video-preview:-1"},"canonical":"https:\/\/universoeletrico.com.br\/eletrico\/produto\/energia-solar-e-sistemas-conectados\/","og_locale":"pt_BR","og_type":"article","og_title":"Energia Solar e Sistemas Conectados","og_description":"O objetivo principal da automa\u00e7\u00e3o industrial \u00e9 criar mecanismos que sejam capazes de produzir o melhor produto com o menor custo. Para Pre\u00e7o, Or\u00e7amentos e D\u00favidas, fale com nossos especialistas: (31) 3071-3232 (31) 99958-1336 | Whatshapp E-mail: universo@universoeletrico.com.br","og_url":"https:\/\/universoeletrico.com.br\/eletrico\/produto\/energia-solar-e-sistemas-conectados\/","og_site_name":"Universo El\u00e9trico","article_modified_time":"2025-11-07T15:42:53+00:00","og_image":[{"width":500,"height":500,"url":"https:\/\/universoeletrico.com.br\/eletrico\/wp-content\/uploads\/2025\/10\/energia-solar-e-sistemas-conectados.png","type":"image\/png"}],"twitter_card":"summary_large_image","schema":{"@context":"https:\/\/schema.org","@graph":[{"@type":"WebPage","@id":"https:\/\/universoeletrico.com.br\/eletrico\/produto\/energia-solar-e-sistemas-conectados\/","url":"https:\/\/universoeletrico.com.br\/eletrico\/produto\/energia-solar-e-sistemas-conectados\/","name":"Energia Solar e Sistemas Conectados - Universo El\u00e9trico","isPartOf":{"@id":"https:\/\/universoeletrico.com.br\/eletrico\/#website"},"primaryImageOfPage":{"@id":"https:\/\/universoeletrico.com.br\/eletrico\/produto\/energia-solar-e-sistemas-conectados\/#primaryimage"},"image":{"@id":"https:\/\/universoeletrico.com.br\/eletrico\/produto\/energia-solar-e-sistemas-conectados\/#primaryimage"},"thumbnailUrl":"https:\/\/universoeletrico.com.br\/eletrico\/wp-content\/uploads\/2025\/10\/energia-solar-e-sistemas-conectados.png","datePublished":"2019-03-02T12:27:27+00:00","dateModified":"2025-11-07T15:42:53+00:00","breadcrumb":{"@id":"https:\/\/universoeletrico.com.br\/eletrico\/produto\/energia-solar-e-sistemas-conectados\/#breadcrumb"},"inLanguage":"pt-BR","potentialAction":[{"@type":"ReadAction","target":["https:\/\/universoeletrico.com.br\/eletrico\/produto\/energia-solar-e-sistemas-conectados\/"]}]},{"@type":"ImageObject","inLanguage":"pt-BR","@id":"https:\/\/universoeletrico.com.br\/eletrico\/produto\/energia-solar-e-sistemas-conectados\/#primaryimage","url":"https:\/\/universoeletrico.com.br\/eletrico\/wp-content\/uploads\/2025\/10\/energia-solar-e-sistemas-conectados.png","contentUrl":"https:\/\/universoeletrico.com.br\/eletrico\/wp-content\/uploads\/2025\/10\/energia-solar-e-sistemas-conectados.png","width":500,"height":500},{"@type":"BreadcrumbList","@id":"https:\/\/universoeletrico.com.br\/eletrico\/produto\/energia-solar-e-sistemas-conectados\/#breadcrumb","itemListElement":[{"@type":"ListItem","position":1,"name":"In\u00edcio","item":"https:\/\/universoeletrico.com.br\/eletrico\/"},{"@type":"ListItem","position":2,"name":"Produtos","item":"https:\/\/universoeletrico.com.br\/eletrico\/produtos\/"},{"@type":"ListItem","position":3,"name":"Energia Solar e Sistemas Conectados"}]},{"@type":"WebSite","@id":"https:\/\/universoeletrico.com.br\/eletrico\/#website","url":"https:\/\/universoeletrico.com.br\/eletrico\/","name":"Universo El\u00e9trico","description":"","potentialAction":[{"@type":"SearchAction","target":{"@type":"EntryPoint","urlTemplate":"https:\/\/universoeletrico.com.br\/eletrico\/?s={search_term_string}"},"query-input":{"@type":"PropertyValueSpecification","valueRequired":true,"valueName":"search_term_string"}}],"inLanguage":"pt-BR"}]}},"_links":{"self":[{"href":"https:\/\/universoeletrico.com.br\/eletrico\/wp-json\/wp\/v2\/product\/1734","targetHints":{"allow":["GET"]}}],"collection":[{"href":"https:\/\/universoeletrico.com.br\/eletrico\/wp-json\/wp\/v2\/product"}],"about":[{"href":"https:\/\/universoeletrico.com.br\/eletrico\/wp-json\/wp\/v2\/types\/product"}],"version-history":[{"count":1,"href":"https:\/\/universoeletrico.com.br\/eletrico\/wp-json\/wp\/v2\/product\/1734\/revisions"}],"predecessor-version":[{"id":2038,"href":"https:\/\/universoeletrico.com.br\/eletrico\/wp-json\/wp\/v2\/product\/1734\/revisions\/2038"}],"wp:featuredmedia":[{"embeddable":true,"href":"https:\/\/universoeletrico.com.br\/eletrico\/wp-json\/wp\/v2\/media\/1735"}],"wp:attachment":[{"href":"https:\/\/universoeletrico.com.br\/eletrico\/wp-json\/wp\/v2\/media?parent=1734"}],"wp:term":[{"taxonomy":"product_brand","embeddable":true,"href":"https:\/\/universoeletrico.com.br\/eletrico\/wp-json\/wp\/v2\/product_brand?post=1734"},{"taxonomy":"product_cat","embeddable":true,"href":"https:\/\/universoeletrico.com.br\/eletrico\/wp-json\/wp\/v2\/product_cat?post=1734"},{"taxonomy":"product_tag","embeddable":true,"href":"https:\/\/universoeletrico.com.br\/eletrico\/wp-json\/wp\/v2\/product_tag?post=1734"}],"curies":[{"name":"wp","href":"https:\/\/api.w.org\/{rel}","templated":true}]}}