{"id":1563,"date":"2019-03-01T08:35:19","date_gmt":"2019-03-01T11:35:19","guid":{"rendered":"https:\/\/universoeletrico.com.br\/eletrico\/?post_type=product&#038;p=1563"},"modified":"2025-10-25T00:22:39","modified_gmt":"2025-10-25T03:22:39","slug":"interfonia-e-fechaduras-eletricas","status":"publish","type":"product","link":"https:\/\/universoeletrico.com.br\/eletrico\/produto\/interfonia-e-fechaduras-eletricas\/","title":{"rendered":"Interfonia e Fechaduras El\u00e9tricas"},"content":{"rendered":"<p>Interfones individuais e coletivos compat\u00edveis com centrais de controle de acesso, ajustes de volume interno e externos, gabinetes antivandalismo, fontes e etc.<\/p>\n<p>49061 INTERFONE AZ-S BRANCO HDL<br \/>\n49060 PORTEIRO ELET. C\/ INTERFONE F8-S HDL<br \/>\n49058 FECHADURA EL\u00c9TRICA CZ C90 HDL<br \/>\n49059 FECHADURA EL\u00c9TRICA PT C90 HDL<\/p>\n<p>Para Pre\u00e7o, Or\u00e7amentos e D\u00favidas, fale com nossos especialistas:<\/p>\n<p>(31) 3071-3232<br \/>\n(31) 99958-1336 | Whatshapp<\/p>\n<p><a href=\"mailto:universo@universoeletrico.com.br\">E-mail: universo@universoeletrico.com.br<\/a><\/p>\n","protected":false},"excerpt":{"rendered":"<p>Interfones individuais e coletivos compat\u00edveis com centrais de controle de acesso, ajustes de volume interno e externos, gabinetes antivandalismo, fontes e etc. 49061 INTERFONE AZ-S BRANCO HDL 49060 PORTEIRO ELET. C\/ INTERFONE F8-S HDL 49058 FECHADURA EL\u00c9TRICA CZ C90 HDL 49059 FECHADURA EL\u00c9TRICA PT C90 HDL Para Pre\u00e7o, Or\u00e7amentos e D\u00favidas, fale com nossos especialistas: [&hellip;]<\/p>\n","protected":false},"featured_media":1564,"template":"","meta":[],"product_brand":[],"product_cat":[19,21],"product_tag":[],"class_list":{"0":"post-1563","1":"product","2":"type-product","3":"status-publish","4":"has-post-thumbnail","6":"product_cat-infraestrutura-t-i","7":"product_cat-telefonia-e-controle-de-acesso","9":"first","10":"instock","11":"shipping-taxable","12":"product-type-simple"},"yoast_head":"<!-- This site is optimized with the Yoast SEO Premium plugin v26.1.1 (Yoast SEO v26.1.1) - https:\/\/yoast.com\/wordpress\/plugins\/seo\/ -->\n<title>Interfonia e Fechaduras El\u00e9tricas - Universo El\u00e9trico<\/title>\n<meta name=\"robots\" content=\"index, follow, max-snippet:-1, max-image-preview:large, max-video-preview:-1\" \/>\n<link rel=\"canonical\" href=\"https:\/\/universoeletrico.com.br\/eletrico\/produto\/interfonia-e-fechaduras-eletricas\/\" \/>\n<meta property=\"og:locale\" content=\"pt_BR\" \/>\n<meta property=\"og:type\" content=\"article\" \/>\n<meta property=\"og:title\" content=\"Interfonia e Fechaduras El\u00e9tricas\" \/>\n<meta property=\"og:description\" content=\"Interfones individuais e coletivos compat\u00edveis com centrais de controle de acesso, ajustes de volume interno e externos, gabinetes antivandalismo, fontes e etc. 49061 INTERFONE AZ-S BRANCO HDL 49060 PORTEIRO ELET. C\/ INTERFONE F8-S HDL 49058 FECHADURA EL\u00c9TRICA CZ C90 HDL 49059 FECHADURA EL\u00c9TRICA PT C90 HDL Para Pre\u00e7o, Or\u00e7amentos e D\u00favidas, fale com nossos especialistas: [&hellip;]\" \/>\n<meta property=\"og:url\" content=\"https:\/\/universoeletrico.com.br\/eletrico\/produto\/interfonia-e-fechaduras-eletricas\/\" \/>\n<meta property=\"og:site_name\" content=\"Universo El\u00e9trico\" \/>\n<meta property=\"article:modified_time\" content=\"2025-10-25T03:22:39+00:00\" \/>\n<meta property=\"og:image\" content=\"https:\/\/universoeletrico.com.br\/eletrico\/wp-content\/uploads\/2025\/10\/interfonia-e-fechadura.jpg\" \/>\n\t<meta property=\"og:image:width\" content=\"450\" \/>\n\t<meta property=\"og:image:height\" content=\"450\" \/>\n\t<meta property=\"og:image:type\" content=\"image\/jpeg\" \/>\n<meta name=\"twitter:card\" content=\"summary_large_image\" \/>\n<script type=\"application\/ld+json\" class=\"yoast-schema-graph\">{\"@context\":\"https:\/\/schema.org\",\"@graph\":[{\"@type\":\"WebPage\",\"@id\":\"https:\/\/universoeletrico.com.br\/eletrico\/produto\/interfonia-e-fechaduras-eletricas\/\",\"url\":\"https:\/\/universoeletrico.com.br\/eletrico\/produto\/interfonia-e-fechaduras-eletricas\/\",\"name\":\"Interfonia e Fechaduras El\u00e9tricas - Universo El\u00e9trico\",\"isPartOf\":{\"@id\":\"https:\/\/universoeletrico.com.br\/eletrico\/#website\"},\"primaryImageOfPage\":{\"@id\":\"https:\/\/universoeletrico.com.br\/eletrico\/produto\/interfonia-e-fechaduras-eletricas\/#primaryimage\"},\"image\":{\"@id\":\"https:\/\/universoeletrico.com.br\/eletrico\/produto\/interfonia-e-fechaduras-eletricas\/#primaryimage\"},\"thumbnailUrl\":\"https:\/\/universoeletrico.com.br\/eletrico\/wp-content\/uploads\/2025\/10\/interfonia-e-fechadura.jpg\",\"datePublished\":\"2019-03-01T11:35:19+00:00\",\"dateModified\":\"2025-10-25T03:22:39+00:00\",\"breadcrumb\":{\"@id\":\"https:\/\/universoeletrico.com.br\/eletrico\/produto\/interfonia-e-fechaduras-eletricas\/#breadcrumb\"},\"inLanguage\":\"pt-BR\",\"potentialAction\":[{\"@type\":\"ReadAction\",\"target\":[\"https:\/\/universoeletrico.com.br\/eletrico\/produto\/interfonia-e-fechaduras-eletricas\/\"]}]},{\"@type\":\"ImageObject\",\"inLanguage\":\"pt-BR\",\"@id\":\"https:\/\/universoeletrico.com.br\/eletrico\/produto\/interfonia-e-fechaduras-eletricas\/#primaryimage\",\"url\":\"https:\/\/universoeletrico.com.br\/eletrico\/wp-content\/uploads\/2025\/10\/interfonia-e-fechadura.jpg\",\"contentUrl\":\"https:\/\/universoeletrico.com.br\/eletrico\/wp-content\/uploads\/2025\/10\/interfonia-e-fechadura.jpg\",\"width\":450,\"height\":450},{\"@type\":\"BreadcrumbList\",\"@id\":\"https:\/\/universoeletrico.com.br\/eletrico\/produto\/interfonia-e-fechaduras-eletricas\/#breadcrumb\",\"itemListElement\":[{\"@type\":\"ListItem\",\"position\":1,\"name\":\"In\u00edcio\",\"item\":\"https:\/\/universoeletrico.com.br\/eletrico\/\"},{\"@type\":\"ListItem\",\"position\":2,\"name\":\"Produtos\",\"item\":\"https:\/\/universoeletrico.com.br\/eletrico\/produtos\/\"},{\"@type\":\"ListItem\",\"position\":3,\"name\":\"Interfonia e Fechaduras El\u00e9tricas\"}]},{\"@type\":\"WebSite\",\"@id\":\"https:\/\/universoeletrico.com.br\/eletrico\/#website\",\"url\":\"https:\/\/universoeletrico.com.br\/eletrico\/\",\"name\":\"Universo El\u00e9trico\",\"description\":\"\",\"potentialAction\":[{\"@type\":\"SearchAction\",\"target\":{\"@type\":\"EntryPoint\",\"urlTemplate\":\"https:\/\/universoeletrico.com.br\/eletrico\/?s={search_term_string}\"},\"query-input\":{\"@type\":\"PropertyValueSpecification\",\"valueRequired\":true,\"valueName\":\"search_term_string\"}}],\"inLanguage\":\"pt-BR\"}]}<\/script>\n<!-- \/ Yoast SEO Premium plugin. -->","yoast_head_json":{"title":"Interfonia e Fechaduras El\u00e9tricas - Universo El\u00e9trico","robots":{"index":"index","follow":"follow","max-snippet":"max-snippet:-1","max-image-preview":"max-image-preview:large","max-video-preview":"max-video-preview:-1"},"canonical":"https:\/\/universoeletrico.com.br\/eletrico\/produto\/interfonia-e-fechaduras-eletricas\/","og_locale":"pt_BR","og_type":"article","og_title":"Interfonia e Fechaduras El\u00e9tricas","og_description":"Interfones individuais e coletivos compat\u00edveis com centrais de controle de acesso, ajustes de volume interno e externos, gabinetes antivandalismo, fontes e etc. 49061 INTERFONE AZ-S BRANCO HDL 49060 PORTEIRO ELET. C\/ INTERFONE F8-S HDL 49058 FECHADURA EL\u00c9TRICA CZ C90 HDL 49059 FECHADURA EL\u00c9TRICA PT C90 HDL Para Pre\u00e7o, Or\u00e7amentos e D\u00favidas, fale com nossos especialistas: [&hellip;]","og_url":"https:\/\/universoeletrico.com.br\/eletrico\/produto\/interfonia-e-fechaduras-eletricas\/","og_site_name":"Universo El\u00e9trico","article_modified_time":"2025-10-25T03:22:39+00:00","og_image":[{"width":450,"height":450,"url":"https:\/\/universoeletrico.com.br\/eletrico\/wp-content\/uploads\/2025\/10\/interfonia-e-fechadura.jpg","type":"image\/jpeg"}],"twitter_card":"summary_large_image","schema":{"@context":"https:\/\/schema.org","@graph":[{"@type":"WebPage","@id":"https:\/\/universoeletrico.com.br\/eletrico\/produto\/interfonia-e-fechaduras-eletricas\/","url":"https:\/\/universoeletrico.com.br\/eletrico\/produto\/interfonia-e-fechaduras-eletricas\/","name":"Interfonia e Fechaduras El\u00e9tricas - Universo El\u00e9trico","isPartOf":{"@id":"https:\/\/universoeletrico.com.br\/eletrico\/#website"},"primaryImageOfPage":{"@id":"https:\/\/universoeletrico.com.br\/eletrico\/produto\/interfonia-e-fechaduras-eletricas\/#primaryimage"},"image":{"@id":"https:\/\/universoeletrico.com.br\/eletrico\/produto\/interfonia-e-fechaduras-eletricas\/#primaryimage"},"thumbnailUrl":"https:\/\/universoeletrico.com.br\/eletrico\/wp-content\/uploads\/2025\/10\/interfonia-e-fechadura.jpg","datePublished":"2019-03-01T11:35:19+00:00","dateModified":"2025-10-25T03:22:39+00:00","breadcrumb":{"@id":"https:\/\/universoeletrico.com.br\/eletrico\/produto\/interfonia-e-fechaduras-eletricas\/#breadcrumb"},"inLanguage":"pt-BR","potentialAction":[{"@type":"ReadAction","target":["https:\/\/universoeletrico.com.br\/eletrico\/produto\/interfonia-e-fechaduras-eletricas\/"]}]},{"@type":"ImageObject","inLanguage":"pt-BR","@id":"https:\/\/universoeletrico.com.br\/eletrico\/produto\/interfonia-e-fechaduras-eletricas\/#primaryimage","url":"https:\/\/universoeletrico.com.br\/eletrico\/wp-content\/uploads\/2025\/10\/interfonia-e-fechadura.jpg","contentUrl":"https:\/\/universoeletrico.com.br\/eletrico\/wp-content\/uploads\/2025\/10\/interfonia-e-fechadura.jpg","width":450,"height":450},{"@type":"BreadcrumbList","@id":"https:\/\/universoeletrico.com.br\/eletrico\/produto\/interfonia-e-fechaduras-eletricas\/#breadcrumb","itemListElement":[{"@type":"ListItem","position":1,"name":"In\u00edcio","item":"https:\/\/universoeletrico.com.br\/eletrico\/"},{"@type":"ListItem","position":2,"name":"Produtos","item":"https:\/\/universoeletrico.com.br\/eletrico\/produtos\/"},{"@type":"ListItem","position":3,"name":"Interfonia e Fechaduras El\u00e9tricas"}]},{"@type":"WebSite","@id":"https:\/\/universoeletrico.com.br\/eletrico\/#website","url":"https:\/\/universoeletrico.com.br\/eletrico\/","name":"Universo El\u00e9trico","description":"","potentialAction":[{"@type":"SearchAction","target":{"@type":"EntryPoint","urlTemplate":"https:\/\/universoeletrico.com.br\/eletrico\/?s={search_term_string}"},"query-input":{"@type":"PropertyValueSpecification","valueRequired":true,"valueName":"search_term_string"}}],"inLanguage":"pt-BR"}]}},"_links":{"self":[{"href":"https:\/\/universoeletrico.com.br\/eletrico\/wp-json\/wp\/v2\/product\/1563","targetHints":{"allow":["GET"]}}],"collection":[{"href":"https:\/\/universoeletrico.com.br\/eletrico\/wp-json\/wp\/v2\/product"}],"about":[{"href":"https:\/\/universoeletrico.com.br\/eletrico\/wp-json\/wp\/v2\/types\/product"}],"version-history":[{"count":0,"href":"https:\/\/universoeletrico.com.br\/eletrico\/wp-json\/wp\/v2\/product\/1563\/revisions"}],"wp:featuredmedia":[{"embeddable":true,"href":"https:\/\/universoeletrico.com.br\/eletrico\/wp-json\/wp\/v2\/media\/1564"}],"wp:attachment":[{"href":"https:\/\/universoeletrico.com.br\/eletrico\/wp-json\/wp\/v2\/media?parent=1563"}],"wp:term":[{"taxonomy":"product_brand","embeddable":true,"href":"https:\/\/universoeletrico.com.br\/eletrico\/wp-json\/wp\/v2\/product_brand?post=1563"},{"taxonomy":"product_cat","embeddable":true,"href":"https:\/\/universoeletrico.com.br\/eletrico\/wp-json\/wp\/v2\/product_cat?post=1563"},{"taxonomy":"product_tag","embeddable":true,"href":"https:\/\/universoeletrico.com.br\/eletrico\/wp-json\/wp\/v2\/product_tag?post=1563"}],"curies":[{"name":"wp","href":"https:\/\/api.w.org\/{rel}","templated":true}]}}