{"id":1560,"date":"2019-03-01T08:31:58","date_gmt":"2019-03-01T11:31:58","guid":{"rendered":"https:\/\/universoeletrico.com.br\/eletrico\/?post_type=product&#038;p=1560"},"modified":"2025-10-25T00:22:38","modified_gmt":"2025-10-25T03:22:38","slug":"blocos-de-engate-e-bastidores","status":"publish","type":"product","link":"https:\/\/universoeletrico.com.br\/eletrico\/produto\/blocos-de-engate-e-bastidores\/","title":{"rendered":"Blocos de Engate e Bastidores"},"content":{"rendered":"<p>Blocos de engate r\u00e1pido, de corte e de conex\u00e3o, bastidores e ferramentas necess\u00e1rias a sua instala\u00e7\u00e3o.<\/p>\n<p>64112 BLOCO DE ENGATE R\u00c1PIDO (CORTE) 10P<br \/>\n64120 BASTIDOR P\/ 1 BLOCO DE CORTE<br \/>\n64116 BASTIDOR P\/ 2 BLOCOS DE CORTE<br \/>\n64115 BASTIDOR P\/ 10 BLOCOS DE CORTE<br \/>\n64114 M\u00d3DULO PROTETOR MINI PEI P\/ BLOCO DE CORTE<br \/>\n64113 BARRA TERRA P\/ BLOCO DE CORTE<\/p>\n<p>Para Pre\u00e7o, Or\u00e7amentos e D\u00favidas, fale com nossos especialistas:<\/p>\n<p>(31) 3071-3232<br \/>\n(31) 99958-1336 | Whatshapp<\/p>\n<p><a href=\"mailto:universo@universoeletrico.com.br\">E-mail: universo@universoeletrico.com.br<\/a><\/p>\n","protected":false},"excerpt":{"rendered":"<p>Blocos de engate r\u00e1pido, de corte e de conex\u00e3o, bastidores e ferramentas necess\u00e1rias a sua instala\u00e7\u00e3o. 64112 BLOCO DE ENGATE R\u00c1PIDO (CORTE) 10P 64120 BASTIDOR P\/ 1 BLOCO DE CORTE 64116 BASTIDOR P\/ 2 BLOCOS DE CORTE 64115 BASTIDOR P\/ 10 BLOCOS DE CORTE 64114 M\u00d3DULO PROTETOR MINI PEI P\/ BLOCO DE CORTE 64113 BARRA [&hellip;]<\/p>\n","protected":false},"featured_media":1561,"template":"","meta":[],"product_brand":[],"product_cat":[19,21],"product_tag":[],"class_list":{"0":"post-1560","1":"product","2":"type-product","3":"status-publish","4":"has-post-thumbnail","6":"product_cat-infraestrutura-t-i","7":"product_cat-telefonia-e-controle-de-acesso","9":"first","10":"instock","11":"shipping-taxable","12":"product-type-simple"},"yoast_head":"<!-- This site is optimized with the Yoast SEO Premium plugin v26.1.1 (Yoast SEO v26.1.1) - https:\/\/yoast.com\/wordpress\/plugins\/seo\/ -->\n<title>Blocos de Engate e Bastidores - Universo El\u00e9trico<\/title>\n<meta name=\"robots\" content=\"index, follow, max-snippet:-1, max-image-preview:large, max-video-preview:-1\" \/>\n<link rel=\"canonical\" href=\"https:\/\/universoeletrico.com.br\/eletrico\/produto\/blocos-de-engate-e-bastidores\/\" \/>\n<meta property=\"og:locale\" content=\"pt_BR\" \/>\n<meta property=\"og:type\" content=\"article\" \/>\n<meta property=\"og:title\" content=\"Blocos de Engate e Bastidores\" \/>\n<meta property=\"og:description\" content=\"Blocos de engate r\u00e1pido, de corte e de conex\u00e3o, bastidores e ferramentas necess\u00e1rias a sua instala\u00e7\u00e3o. 64112 BLOCO DE ENGATE R\u00c1PIDO (CORTE) 10P 64120 BASTIDOR P\/ 1 BLOCO DE CORTE 64116 BASTIDOR P\/ 2 BLOCOS DE CORTE 64115 BASTIDOR P\/ 10 BLOCOS DE CORTE 64114 M\u00d3DULO PROTETOR MINI PEI P\/ BLOCO DE CORTE 64113 BARRA [&hellip;]\" \/>\n<meta property=\"og:url\" content=\"https:\/\/universoeletrico.com.br\/eletrico\/produto\/blocos-de-engate-e-bastidores\/\" \/>\n<meta property=\"og:site_name\" content=\"Universo El\u00e9trico\" \/>\n<meta property=\"article:modified_time\" content=\"2025-10-25T03:22:38+00:00\" \/>\n<meta property=\"og:image\" content=\"https:\/\/universoeletrico.com.br\/eletrico\/wp-content\/uploads\/2025\/10\/Blocos-de-Engate-e-Bastidores.png\" \/>\n\t<meta property=\"og:image:width\" content=\"1\" \/>\n\t<meta property=\"og:image:height\" content=\"1\" \/>\n\t<meta property=\"og:image:type\" content=\"image\/png\" \/>\n<meta name=\"twitter:card\" content=\"summary_large_image\" \/>\n<script type=\"application\/ld+json\" class=\"yoast-schema-graph\">{\"@context\":\"https:\/\/schema.org\",\"@graph\":[{\"@type\":\"WebPage\",\"@id\":\"https:\/\/universoeletrico.com.br\/eletrico\/produto\/blocos-de-engate-e-bastidores\/\",\"url\":\"https:\/\/universoeletrico.com.br\/eletrico\/produto\/blocos-de-engate-e-bastidores\/\",\"name\":\"Blocos de Engate e Bastidores - Universo El\u00e9trico\",\"isPartOf\":{\"@id\":\"https:\/\/universoeletrico.com.br\/eletrico\/#website\"},\"primaryImageOfPage\":{\"@id\":\"https:\/\/universoeletrico.com.br\/eletrico\/produto\/blocos-de-engate-e-bastidores\/#primaryimage\"},\"image\":{\"@id\":\"https:\/\/universoeletrico.com.br\/eletrico\/produto\/blocos-de-engate-e-bastidores\/#primaryimage\"},\"thumbnailUrl\":\"https:\/\/universoeletrico.com.br\/eletrico\/wp-content\/uploads\/2025\/10\/Blocos-de-Engate-e-Bastidores.png\",\"datePublished\":\"2019-03-01T11:31:58+00:00\",\"dateModified\":\"2025-10-25T03:22:38+00:00\",\"breadcrumb\":{\"@id\":\"https:\/\/universoeletrico.com.br\/eletrico\/produto\/blocos-de-engate-e-bastidores\/#breadcrumb\"},\"inLanguage\":\"pt-BR\",\"potentialAction\":[{\"@type\":\"ReadAction\",\"target\":[\"https:\/\/universoeletrico.com.br\/eletrico\/produto\/blocos-de-engate-e-bastidores\/\"]}]},{\"@type\":\"ImageObject\",\"inLanguage\":\"pt-BR\",\"@id\":\"https:\/\/universoeletrico.com.br\/eletrico\/produto\/blocos-de-engate-e-bastidores\/#primaryimage\",\"url\":\"https:\/\/universoeletrico.com.br\/eletrico\/wp-content\/uploads\/2025\/10\/Blocos-de-Engate-e-Bastidores.png\",\"contentUrl\":\"https:\/\/universoeletrico.com.br\/eletrico\/wp-content\/uploads\/2025\/10\/Blocos-de-Engate-e-Bastidores.png\",\"width\":500,\"height\":500},{\"@type\":\"BreadcrumbList\",\"@id\":\"https:\/\/universoeletrico.com.br\/eletrico\/produto\/blocos-de-engate-e-bastidores\/#breadcrumb\",\"itemListElement\":[{\"@type\":\"ListItem\",\"position\":1,\"name\":\"In\u00edcio\",\"item\":\"https:\/\/universoeletrico.com.br\/eletrico\/\"},{\"@type\":\"ListItem\",\"position\":2,\"name\":\"Produtos\",\"item\":\"https:\/\/universoeletrico.com.br\/eletrico\/produtos\/\"},{\"@type\":\"ListItem\",\"position\":3,\"name\":\"Blocos de Engate e Bastidores\"}]},{\"@type\":\"WebSite\",\"@id\":\"https:\/\/universoeletrico.com.br\/eletrico\/#website\",\"url\":\"https:\/\/universoeletrico.com.br\/eletrico\/\",\"name\":\"Universo El\u00e9trico\",\"description\":\"\",\"potentialAction\":[{\"@type\":\"SearchAction\",\"target\":{\"@type\":\"EntryPoint\",\"urlTemplate\":\"https:\/\/universoeletrico.com.br\/eletrico\/?s={search_term_string}\"},\"query-input\":{\"@type\":\"PropertyValueSpecification\",\"valueRequired\":true,\"valueName\":\"search_term_string\"}}],\"inLanguage\":\"pt-BR\"}]}<\/script>\n<!-- \/ Yoast SEO Premium plugin. -->","yoast_head_json":{"title":"Blocos de Engate e Bastidores - Universo El\u00e9trico","robots":{"index":"index","follow":"follow","max-snippet":"max-snippet:-1","max-image-preview":"max-image-preview:large","max-video-preview":"max-video-preview:-1"},"canonical":"https:\/\/universoeletrico.com.br\/eletrico\/produto\/blocos-de-engate-e-bastidores\/","og_locale":"pt_BR","og_type":"article","og_title":"Blocos de Engate e Bastidores","og_description":"Blocos de engate r\u00e1pido, de corte e de conex\u00e3o, bastidores e ferramentas necess\u00e1rias a sua instala\u00e7\u00e3o. 64112 BLOCO DE ENGATE R\u00c1PIDO (CORTE) 10P 64120 BASTIDOR P\/ 1 BLOCO DE CORTE 64116 BASTIDOR P\/ 2 BLOCOS DE CORTE 64115 BASTIDOR P\/ 10 BLOCOS DE CORTE 64114 M\u00d3DULO PROTETOR MINI PEI P\/ BLOCO DE CORTE 64113 BARRA [&hellip;]","og_url":"https:\/\/universoeletrico.com.br\/eletrico\/produto\/blocos-de-engate-e-bastidores\/","og_site_name":"Universo El\u00e9trico","article_modified_time":"2025-10-25T03:22:38+00:00","og_image":[{"url":"https:\/\/universoeletrico.com.br\/eletrico\/wp-content\/uploads\/2025\/10\/Blocos-de-Engate-e-Bastidores.png","width":1,"height":1,"type":"image\/png"}],"twitter_card":"summary_large_image","schema":{"@context":"https:\/\/schema.org","@graph":[{"@type":"WebPage","@id":"https:\/\/universoeletrico.com.br\/eletrico\/produto\/blocos-de-engate-e-bastidores\/","url":"https:\/\/universoeletrico.com.br\/eletrico\/produto\/blocos-de-engate-e-bastidores\/","name":"Blocos de Engate e Bastidores - Universo El\u00e9trico","isPartOf":{"@id":"https:\/\/universoeletrico.com.br\/eletrico\/#website"},"primaryImageOfPage":{"@id":"https:\/\/universoeletrico.com.br\/eletrico\/produto\/blocos-de-engate-e-bastidores\/#primaryimage"},"image":{"@id":"https:\/\/universoeletrico.com.br\/eletrico\/produto\/blocos-de-engate-e-bastidores\/#primaryimage"},"thumbnailUrl":"https:\/\/universoeletrico.com.br\/eletrico\/wp-content\/uploads\/2025\/10\/Blocos-de-Engate-e-Bastidores.png","datePublished":"2019-03-01T11:31:58+00:00","dateModified":"2025-10-25T03:22:38+00:00","breadcrumb":{"@id":"https:\/\/universoeletrico.com.br\/eletrico\/produto\/blocos-de-engate-e-bastidores\/#breadcrumb"},"inLanguage":"pt-BR","potentialAction":[{"@type":"ReadAction","target":["https:\/\/universoeletrico.com.br\/eletrico\/produto\/blocos-de-engate-e-bastidores\/"]}]},{"@type":"ImageObject","inLanguage":"pt-BR","@id":"https:\/\/universoeletrico.com.br\/eletrico\/produto\/blocos-de-engate-e-bastidores\/#primaryimage","url":"https:\/\/universoeletrico.com.br\/eletrico\/wp-content\/uploads\/2025\/10\/Blocos-de-Engate-e-Bastidores.png","contentUrl":"https:\/\/universoeletrico.com.br\/eletrico\/wp-content\/uploads\/2025\/10\/Blocos-de-Engate-e-Bastidores.png","width":500,"height":500},{"@type":"BreadcrumbList","@id":"https:\/\/universoeletrico.com.br\/eletrico\/produto\/blocos-de-engate-e-bastidores\/#breadcrumb","itemListElement":[{"@type":"ListItem","position":1,"name":"In\u00edcio","item":"https:\/\/universoeletrico.com.br\/eletrico\/"},{"@type":"ListItem","position":2,"name":"Produtos","item":"https:\/\/universoeletrico.com.br\/eletrico\/produtos\/"},{"@type":"ListItem","position":3,"name":"Blocos de Engate e Bastidores"}]},{"@type":"WebSite","@id":"https:\/\/universoeletrico.com.br\/eletrico\/#website","url":"https:\/\/universoeletrico.com.br\/eletrico\/","name":"Universo El\u00e9trico","description":"","potentialAction":[{"@type":"SearchAction","target":{"@type":"EntryPoint","urlTemplate":"https:\/\/universoeletrico.com.br\/eletrico\/?s={search_term_string}"},"query-input":{"@type":"PropertyValueSpecification","valueRequired":true,"valueName":"search_term_string"}}],"inLanguage":"pt-BR"}]}},"_links":{"self":[{"href":"https:\/\/universoeletrico.com.br\/eletrico\/wp-json\/wp\/v2\/product\/1560","targetHints":{"allow":["GET"]}}],"collection":[{"href":"https:\/\/universoeletrico.com.br\/eletrico\/wp-json\/wp\/v2\/product"}],"about":[{"href":"https:\/\/universoeletrico.com.br\/eletrico\/wp-json\/wp\/v2\/types\/product"}],"version-history":[{"count":0,"href":"https:\/\/universoeletrico.com.br\/eletrico\/wp-json\/wp\/v2\/product\/1560\/revisions"}],"wp:featuredmedia":[{"embeddable":true,"href":"https:\/\/universoeletrico.com.br\/eletrico\/wp-json\/wp\/v2\/media\/1561"}],"wp:attachment":[{"href":"https:\/\/universoeletrico.com.br\/eletrico\/wp-json\/wp\/v2\/media?parent=1560"}],"wp:term":[{"taxonomy":"product_brand","embeddable":true,"href":"https:\/\/universoeletrico.com.br\/eletrico\/wp-json\/wp\/v2\/product_brand?post=1560"},{"taxonomy":"product_cat","embeddable":true,"href":"https:\/\/universoeletrico.com.br\/eletrico\/wp-json\/wp\/v2\/product_cat?post=1560"},{"taxonomy":"product_tag","embeddable":true,"href":"https:\/\/universoeletrico.com.br\/eletrico\/wp-json\/wp\/v2\/product_tag?post=1560"}],"curies":[{"name":"wp","href":"https:\/\/api.w.org\/{rel}","templated":true}]}}