{"id":1521,"date":"2019-02-28T11:33:20","date_gmt":"2019-02-28T14:33:20","guid":{"rendered":"https:\/\/universoeletrico.com.br\/eletrico\/?post_type=product&#038;p=1521"},"modified":"2025-10-25T00:22:35","modified_gmt":"2025-10-25T03:22:35","slug":"quadros-de-distribuicao","status":"publish","type":"product","link":"https:\/\/universoeletrico.com.br\/eletrico\/produto\/quadros-de-distribuicao\/","title":{"rendered":"Quadros de Distribui\u00e7\u00e3o"},"content":{"rendered":"<p>Linha completa para a rede el\u00e9trica. Os quadros de distribui\u00e7\u00e3o t\u00eam qualidade e facilidade de instala\u00e7\u00e3o. J\u00e1 as caixas de passagem organizam a fia\u00e7\u00e3o e cabeamento el\u00e9trico, facilitando a passagem de fia\u00e7\u00e3o, acesso a jun\u00e7\u00f5es e manuten\u00e7\u00f5es na instala\u00e7\u00e3o.<\/p>\n<p>Caracter\u00edsticas:<br \/>\n\u2022 Grau de Prote\u00e7\u00e3o IP40 \u2013 NBR 6146<br \/>\n\u2022 Fabricados em PVC n\u00e3o propagante de chamas<br \/>\n\u2022 Quadros de distribui\u00e7\u00e3o dispon\u00edveis com entradas nas bitolas de 25 e 32 mm para eletrodutos<br \/>\n\u2022 Caixas de passagem dispon\u00edveis em embalagens com 2 ou 10 unidades<\/p>\n<p>Para Pre\u00e7o, Or\u00e7amentos e D\u00favidas, fale com nossos especialistas:<\/p>\n<p>(31) 3071-3232<br \/>\n(31) 99958-1336 | WhatsApp<\/p>\n<p><a href=\"mailto:universo@universoeletrico.com.br\">E-mail: universo@universoeletrico.com.br<\/a><\/p>\n","protected":false},"excerpt":{"rendered":"<p>Linha completa para a rede el\u00e9trica. Os quadros de distribui\u00e7\u00e3o t\u00eam qualidade e facilidade de instala\u00e7\u00e3o. J\u00e1 as caixas de passagem organizam a fia\u00e7\u00e3o e cabeamento el\u00e9trico, facilitando a passagem de fia\u00e7\u00e3o, acesso a jun\u00e7\u00f5es e manuten\u00e7\u00f5es na instala\u00e7\u00e3o. Caracter\u00edsticas: \u2022 Grau de Prote\u00e7\u00e3o IP40 \u2013 NBR 6146 \u2022 Fabricados em PVC n\u00e3o propagante de [&hellip;]<\/p>\n","protected":false},"featured_media":1522,"template":"","meta":[],"product_brand":[],"product_cat":[18,16],"product_tag":[],"class_list":{"0":"post-1521","1":"product","2":"type-product","3":"status-publish","4":"has-post-thumbnail","6":"product_cat-material-eletrico","7":"product_cat-residencial-predial","9":"first","10":"instock","11":"shipping-taxable","12":"product-type-simple"},"yoast_head":"<!-- This site is optimized with the Yoast SEO Premium plugin v26.1.1 (Yoast SEO v26.1.1) - https:\/\/yoast.com\/wordpress\/plugins\/seo\/ -->\n<title>Quadros de Distribui\u00e7\u00e3o - Universo El\u00e9trico<\/title>\n<meta name=\"robots\" content=\"index, follow, max-snippet:-1, max-image-preview:large, max-video-preview:-1\" \/>\n<link rel=\"canonical\" href=\"https:\/\/universoeletrico.com.br\/eletrico\/produto\/quadros-de-distribuicao\/\" \/>\n<meta property=\"og:locale\" content=\"pt_BR\" \/>\n<meta property=\"og:type\" content=\"article\" \/>\n<meta property=\"og:title\" content=\"Quadros de Distribui\u00e7\u00e3o\" \/>\n<meta property=\"og:description\" content=\"Linha completa para a rede el\u00e9trica. Os quadros de distribui\u00e7\u00e3o t\u00eam qualidade e facilidade de instala\u00e7\u00e3o. J\u00e1 as caixas de passagem organizam a fia\u00e7\u00e3o e cabeamento el\u00e9trico, facilitando a passagem de fia\u00e7\u00e3o, acesso a jun\u00e7\u00f5es e manuten\u00e7\u00f5es na instala\u00e7\u00e3o. Caracter\u00edsticas: \u2022 Grau de Prote\u00e7\u00e3o IP40 \u2013 NBR 6146 \u2022 Fabricados em PVC n\u00e3o propagante de [&hellip;]\" \/>\n<meta property=\"og:url\" content=\"https:\/\/universoeletrico.com.br\/eletrico\/produto\/quadros-de-distribuicao\/\" \/>\n<meta property=\"og:site_name\" content=\"Universo El\u00e9trico\" \/>\n<meta property=\"article:modified_time\" content=\"2025-10-25T03:22:35+00:00\" \/>\n<meta property=\"og:image\" content=\"https:\/\/universoeletrico.com.br\/eletrico\/wp-content\/uploads\/2025\/10\/quadro-eletrico.jpg\" \/>\n\t<meta property=\"og:image:width\" content=\"247\" \/>\n\t<meta property=\"og:image:height\" content=\"191\" \/>\n\t<meta property=\"og:image:type\" content=\"image\/jpeg\" \/>\n<meta name=\"twitter:card\" content=\"summary_large_image\" \/>\n<meta name=\"twitter:label1\" content=\"Est. tempo de leitura\" \/>\n\t<meta name=\"twitter:data1\" content=\"1 minuto\" \/>\n<script type=\"application\/ld+json\" class=\"yoast-schema-graph\">{\"@context\":\"https:\/\/schema.org\",\"@graph\":[{\"@type\":\"WebPage\",\"@id\":\"https:\/\/universoeletrico.com.br\/eletrico\/produto\/quadros-de-distribuicao\/\",\"url\":\"https:\/\/universoeletrico.com.br\/eletrico\/produto\/quadros-de-distribuicao\/\",\"name\":\"Quadros de Distribui\u00e7\u00e3o - Universo El\u00e9trico\",\"isPartOf\":{\"@id\":\"https:\/\/universoeletrico.com.br\/eletrico\/#website\"},\"primaryImageOfPage\":{\"@id\":\"https:\/\/universoeletrico.com.br\/eletrico\/produto\/quadros-de-distribuicao\/#primaryimage\"},\"image\":{\"@id\":\"https:\/\/universoeletrico.com.br\/eletrico\/produto\/quadros-de-distribuicao\/#primaryimage\"},\"thumbnailUrl\":\"https:\/\/universoeletrico.com.br\/eletrico\/wp-content\/uploads\/2025\/10\/quadro-eletrico.jpg\",\"datePublished\":\"2019-02-28T14:33:20+00:00\",\"dateModified\":\"2025-10-25T03:22:35+00:00\",\"breadcrumb\":{\"@id\":\"https:\/\/universoeletrico.com.br\/eletrico\/produto\/quadros-de-distribuicao\/#breadcrumb\"},\"inLanguage\":\"pt-BR\",\"potentialAction\":[{\"@type\":\"ReadAction\",\"target\":[\"https:\/\/universoeletrico.com.br\/eletrico\/produto\/quadros-de-distribuicao\/\"]}]},{\"@type\":\"ImageObject\",\"inLanguage\":\"pt-BR\",\"@id\":\"https:\/\/universoeletrico.com.br\/eletrico\/produto\/quadros-de-distribuicao\/#primaryimage\",\"url\":\"https:\/\/universoeletrico.com.br\/eletrico\/wp-content\/uploads\/2025\/10\/quadro-eletrico.jpg\",\"contentUrl\":\"https:\/\/universoeletrico.com.br\/eletrico\/wp-content\/uploads\/2025\/10\/quadro-eletrico.jpg\",\"width\":247,\"height\":191},{\"@type\":\"BreadcrumbList\",\"@id\":\"https:\/\/universoeletrico.com.br\/eletrico\/produto\/quadros-de-distribuicao\/#breadcrumb\",\"itemListElement\":[{\"@type\":\"ListItem\",\"position\":1,\"name\":\"In\u00edcio\",\"item\":\"https:\/\/universoeletrico.com.br\/eletrico\/\"},{\"@type\":\"ListItem\",\"position\":2,\"name\":\"Produtos\",\"item\":\"https:\/\/universoeletrico.com.br\/eletrico\/produtos\/\"},{\"@type\":\"ListItem\",\"position\":3,\"name\":\"Quadros de Distribui\u00e7\u00e3o\"}]},{\"@type\":\"WebSite\",\"@id\":\"https:\/\/universoeletrico.com.br\/eletrico\/#website\",\"url\":\"https:\/\/universoeletrico.com.br\/eletrico\/\",\"name\":\"Universo El\u00e9trico\",\"description\":\"\",\"potentialAction\":[{\"@type\":\"SearchAction\",\"target\":{\"@type\":\"EntryPoint\",\"urlTemplate\":\"https:\/\/universoeletrico.com.br\/eletrico\/?s={search_term_string}\"},\"query-input\":{\"@type\":\"PropertyValueSpecification\",\"valueRequired\":true,\"valueName\":\"search_term_string\"}}],\"inLanguage\":\"pt-BR\"}]}<\/script>\n<!-- \/ Yoast SEO Premium plugin. -->","yoast_head_json":{"title":"Quadros de Distribui\u00e7\u00e3o - Universo El\u00e9trico","robots":{"index":"index","follow":"follow","max-snippet":"max-snippet:-1","max-image-preview":"max-image-preview:large","max-video-preview":"max-video-preview:-1"},"canonical":"https:\/\/universoeletrico.com.br\/eletrico\/produto\/quadros-de-distribuicao\/","og_locale":"pt_BR","og_type":"article","og_title":"Quadros de Distribui\u00e7\u00e3o","og_description":"Linha completa para a rede el\u00e9trica. Os quadros de distribui\u00e7\u00e3o t\u00eam qualidade e facilidade de instala\u00e7\u00e3o. J\u00e1 as caixas de passagem organizam a fia\u00e7\u00e3o e cabeamento el\u00e9trico, facilitando a passagem de fia\u00e7\u00e3o, acesso a jun\u00e7\u00f5es e manuten\u00e7\u00f5es na instala\u00e7\u00e3o. Caracter\u00edsticas: \u2022 Grau de Prote\u00e7\u00e3o IP40 \u2013 NBR 6146 \u2022 Fabricados em PVC n\u00e3o propagante de [&hellip;]","og_url":"https:\/\/universoeletrico.com.br\/eletrico\/produto\/quadros-de-distribuicao\/","og_site_name":"Universo El\u00e9trico","article_modified_time":"2025-10-25T03:22:35+00:00","og_image":[{"width":247,"height":191,"url":"https:\/\/universoeletrico.com.br\/eletrico\/wp-content\/uploads\/2025\/10\/quadro-eletrico.jpg","type":"image\/jpeg"}],"twitter_card":"summary_large_image","twitter_misc":{"Est. tempo de leitura":"1 minuto"},"schema":{"@context":"https:\/\/schema.org","@graph":[{"@type":"WebPage","@id":"https:\/\/universoeletrico.com.br\/eletrico\/produto\/quadros-de-distribuicao\/","url":"https:\/\/universoeletrico.com.br\/eletrico\/produto\/quadros-de-distribuicao\/","name":"Quadros de Distribui\u00e7\u00e3o - Universo El\u00e9trico","isPartOf":{"@id":"https:\/\/universoeletrico.com.br\/eletrico\/#website"},"primaryImageOfPage":{"@id":"https:\/\/universoeletrico.com.br\/eletrico\/produto\/quadros-de-distribuicao\/#primaryimage"},"image":{"@id":"https:\/\/universoeletrico.com.br\/eletrico\/produto\/quadros-de-distribuicao\/#primaryimage"},"thumbnailUrl":"https:\/\/universoeletrico.com.br\/eletrico\/wp-content\/uploads\/2025\/10\/quadro-eletrico.jpg","datePublished":"2019-02-28T14:33:20+00:00","dateModified":"2025-10-25T03:22:35+00:00","breadcrumb":{"@id":"https:\/\/universoeletrico.com.br\/eletrico\/produto\/quadros-de-distribuicao\/#breadcrumb"},"inLanguage":"pt-BR","potentialAction":[{"@type":"ReadAction","target":["https:\/\/universoeletrico.com.br\/eletrico\/produto\/quadros-de-distribuicao\/"]}]},{"@type":"ImageObject","inLanguage":"pt-BR","@id":"https:\/\/universoeletrico.com.br\/eletrico\/produto\/quadros-de-distribuicao\/#primaryimage","url":"https:\/\/universoeletrico.com.br\/eletrico\/wp-content\/uploads\/2025\/10\/quadro-eletrico.jpg","contentUrl":"https:\/\/universoeletrico.com.br\/eletrico\/wp-content\/uploads\/2025\/10\/quadro-eletrico.jpg","width":247,"height":191},{"@type":"BreadcrumbList","@id":"https:\/\/universoeletrico.com.br\/eletrico\/produto\/quadros-de-distribuicao\/#breadcrumb","itemListElement":[{"@type":"ListItem","position":1,"name":"In\u00edcio","item":"https:\/\/universoeletrico.com.br\/eletrico\/"},{"@type":"ListItem","position":2,"name":"Produtos","item":"https:\/\/universoeletrico.com.br\/eletrico\/produtos\/"},{"@type":"ListItem","position":3,"name":"Quadros de Distribui\u00e7\u00e3o"}]},{"@type":"WebSite","@id":"https:\/\/universoeletrico.com.br\/eletrico\/#website","url":"https:\/\/universoeletrico.com.br\/eletrico\/","name":"Universo El\u00e9trico","description":"","potentialAction":[{"@type":"SearchAction","target":{"@type":"EntryPoint","urlTemplate":"https:\/\/universoeletrico.com.br\/eletrico\/?s={search_term_string}"},"query-input":{"@type":"PropertyValueSpecification","valueRequired":true,"valueName":"search_term_string"}}],"inLanguage":"pt-BR"}]}},"_links":{"self":[{"href":"https:\/\/universoeletrico.com.br\/eletrico\/wp-json\/wp\/v2\/product\/1521","targetHints":{"allow":["GET"]}}],"collection":[{"href":"https:\/\/universoeletrico.com.br\/eletrico\/wp-json\/wp\/v2\/product"}],"about":[{"href":"https:\/\/universoeletrico.com.br\/eletrico\/wp-json\/wp\/v2\/types\/product"}],"version-history":[{"count":0,"href":"https:\/\/universoeletrico.com.br\/eletrico\/wp-json\/wp\/v2\/product\/1521\/revisions"}],"wp:featuredmedia":[{"embeddable":true,"href":"https:\/\/universoeletrico.com.br\/eletrico\/wp-json\/wp\/v2\/media\/1522"}],"wp:attachment":[{"href":"https:\/\/universoeletrico.com.br\/eletrico\/wp-json\/wp\/v2\/media?parent=1521"}],"wp:term":[{"taxonomy":"product_brand","embeddable":true,"href":"https:\/\/universoeletrico.com.br\/eletrico\/wp-json\/wp\/v2\/product_brand?post=1521"},{"taxonomy":"product_cat","embeddable":true,"href":"https:\/\/universoeletrico.com.br\/eletrico\/wp-json\/wp\/v2\/product_cat?post=1521"},{"taxonomy":"product_tag","embeddable":true,"href":"https:\/\/universoeletrico.com.br\/eletrico\/wp-json\/wp\/v2\/product_tag?post=1521"}],"curies":[{"name":"wp","href":"https:\/\/api.w.org\/{rel}","templated":true}]}}