{"id":1475,"date":"2019-02-28T10:09:11","date_gmt":"2019-02-28T13:09:11","guid":{"rendered":"https:\/\/universoeletrico.com.br\/eletrico\/?post_type=product&#038;p=1475"},"modified":"2026-03-13T16:17:30","modified_gmt":"2026-03-13T19:17:30","slug":"central-de-alarme-inc-enderec-250-c-bat","status":"publish","type":"product","link":"https:\/\/universoeletrico.com.br\/eletrico\/produto\/central-de-alarme-inc-enderec-250-c-bat\/","title":{"rendered":"CENTRAL DE ALARME INC.ENDEREC.250 C\/BAT"},"content":{"rendered":"<p>A central de alarme de inc\u00eandio CIE 1250 comporta at\u00e9 250 dispositivos em seu la\u00e7o(SDAI). Fabricada com design moderno e desenvolvida com alta tecnologia, possui bivolt autom\u00e1tico, um ano de garantia e possibilidade de instala\u00e7\u00e3o em classe A ou B. \u00c9 compat\u00edvel com diversos dispositivos endere\u00e7\u00e1veis, tais como acionadores, detectores e sirenes.<\/p>\n<p>Segue abaixo outras op\u00e7\u00f5es de tamanhos e modelos:<\/p>\n<p>cod: 199064 CENTRAL ALARM INC.ENDER.COMPACT 80E C\/BA<\/p>\n<p>cod: 199070 CENTRAL ALARME INC.CONV.12 SET\/12V C\/BAT<\/p>\n<p>cod: 199060 CENTRAL ALARME INC.CONV.12 SET\/24V C\/BAT<\/p>\n<p>cod: 199069 CENTRAL ALARME INC.CONV.24 SET\/12V C\/BAT<\/p>\n<p>cod: 199061 CENTRAL ALARME INC.CONV.24 SET\/24V C\/BAT<\/p>\n<p>cod: 199062 CENTRAL DE ALARME INC.ENDEREC.125 C\/BAT<\/p>\n<p>Para pre\u00e7os, or\u00e7amentos e d\u00favidas, fale com nossos especialistas.<\/p>\n<p>&nbsp;<\/p>\n","protected":false},"excerpt":{"rendered":"<p>A central de alarme de inc\u00eandio CIE 1250 comporta at\u00e9 250 dispositivos em seu la\u00e7o(SDAI). Fabricada com design moderno e desenvolvida com alta tecnologia, possui bivolt autom\u00e1tico, um ano de garantia e possibilidade de instala\u00e7\u00e3o em classe A ou B. \u00c9 compat\u00edvel com diversos dispositivos endere\u00e7\u00e1veis, tais como acionadores, detectores e sirenes. Segue abaixo outras [&hellip;]<\/p>\n","protected":false},"featured_media":2769,"template":"","meta":[],"product_brand":[],"product_cat":[17,46],"product_tag":[105,104,275],"class_list":{"0":"post-1475","1":"product","2":"type-product","3":"status-publish","4":"has-post-thumbnail","6":"product_cat-incendio","7":"product_cat-prevencao-contra-incendio","8":"product_tag-central-de-alarme","9":"product_tag-incendio","10":"product_tag-sdai","12":"first","13":"instock","14":"shipping-taxable","15":"purchasable","16":"product-type-simple"},"yoast_head":"<!-- This site is optimized with the Yoast SEO Premium plugin v26.1.1 (Yoast SEO v26.1.1) - https:\/\/yoast.com\/wordpress\/plugins\/seo\/ -->\n<title>CENTRAL DE ALARME INC.ENDEREC.250 C\/BAT - Universo El\u00e9trico<\/title>\n<meta name=\"robots\" content=\"index, follow, max-snippet:-1, max-image-preview:large, max-video-preview:-1\" \/>\n<link rel=\"canonical\" href=\"https:\/\/universoeletrico.com.br\/eletrico\/produto\/central-de-alarme-inc-enderec-250-c-bat\/\" \/>\n<meta property=\"og:locale\" content=\"pt_BR\" \/>\n<meta property=\"og:type\" content=\"article\" \/>\n<meta property=\"og:title\" content=\"CENTRAL DE ALARME INC.ENDEREC.250 C\/BAT\" \/>\n<meta property=\"og:description\" content=\"A central de alarme de inc\u00eandio CIE 1250 comporta at\u00e9 250 dispositivos em seu la\u00e7o(SDAI). Fabricada com design moderno e desenvolvida com alta tecnologia, possui bivolt autom\u00e1tico, um ano de garantia e possibilidade de instala\u00e7\u00e3o em classe A ou B. \u00c9 compat\u00edvel com diversos dispositivos endere\u00e7\u00e1veis, tais como acionadores, detectores e sirenes. Segue abaixo outras [&hellip;]\" \/>\n<meta property=\"og:url\" content=\"https:\/\/universoeletrico.com.br\/eletrico\/produto\/central-de-alarme-inc-enderec-250-c-bat\/\" \/>\n<meta property=\"og:site_name\" content=\"Universo El\u00e9trico\" \/>\n<meta property=\"article:modified_time\" content=\"2026-03-13T19:17:30+00:00\" \/>\n<meta property=\"og:image\" content=\"https:\/\/universoeletrico.com.br\/eletrico\/wp-content\/uploads\/2019\/02\/Central-Alarme-de-Incendio-Enderecavel-CIE-1250-Intelbras.png\" \/>\n\t<meta property=\"og:image:width\" content=\"1200\" \/>\n\t<meta property=\"og:image:height\" content=\"1200\" \/>\n\t<meta property=\"og:image:type\" content=\"image\/png\" \/>\n<meta name=\"twitter:card\" content=\"summary_large_image\" \/>\n<meta name=\"twitter:label1\" content=\"Est. tempo de leitura\" \/>\n\t<meta name=\"twitter:data1\" content=\"1 minuto\" \/>\n<script type=\"application\/ld+json\" class=\"yoast-schema-graph\">{\"@context\":\"https:\/\/schema.org\",\"@graph\":[{\"@type\":\"WebPage\",\"@id\":\"https:\/\/universoeletrico.com.br\/eletrico\/produto\/central-de-alarme-inc-enderec-250-c-bat\/\",\"url\":\"https:\/\/universoeletrico.com.br\/eletrico\/produto\/central-de-alarme-inc-enderec-250-c-bat\/\",\"name\":\"CENTRAL DE ALARME INC.ENDEREC.250 C\/BAT - Universo El\u00e9trico\",\"isPartOf\":{\"@id\":\"https:\/\/universoeletrico.com.br\/eletrico\/#website\"},\"primaryImageOfPage\":{\"@id\":\"https:\/\/universoeletrico.com.br\/eletrico\/produto\/central-de-alarme-inc-enderec-250-c-bat\/#primaryimage\"},\"image\":{\"@id\":\"https:\/\/universoeletrico.com.br\/eletrico\/produto\/central-de-alarme-inc-enderec-250-c-bat\/#primaryimage\"},\"thumbnailUrl\":\"https:\/\/universoeletrico.com.br\/eletrico\/wp-content\/uploads\/2019\/02\/Central-Alarme-de-Incendio-Enderecavel-CIE-1250-Intelbras.png\",\"datePublished\":\"2019-02-28T13:09:11+00:00\",\"dateModified\":\"2026-03-13T19:17:30+00:00\",\"breadcrumb\":{\"@id\":\"https:\/\/universoeletrico.com.br\/eletrico\/produto\/central-de-alarme-inc-enderec-250-c-bat\/#breadcrumb\"},\"inLanguage\":\"pt-BR\",\"potentialAction\":[{\"@type\":\"ReadAction\",\"target\":[\"https:\/\/universoeletrico.com.br\/eletrico\/produto\/central-de-alarme-inc-enderec-250-c-bat\/\"]}]},{\"@type\":\"ImageObject\",\"inLanguage\":\"pt-BR\",\"@id\":\"https:\/\/universoeletrico.com.br\/eletrico\/produto\/central-de-alarme-inc-enderec-250-c-bat\/#primaryimage\",\"url\":\"https:\/\/universoeletrico.com.br\/eletrico\/wp-content\/uploads\/2019\/02\/Central-Alarme-de-Incendio-Enderecavel-CIE-1250-Intelbras.png\",\"contentUrl\":\"https:\/\/universoeletrico.com.br\/eletrico\/wp-content\/uploads\/2019\/02\/Central-Alarme-de-Incendio-Enderecavel-CIE-1250-Intelbras.png\",\"width\":1200,\"height\":1200},{\"@type\":\"BreadcrumbList\",\"@id\":\"https:\/\/universoeletrico.com.br\/eletrico\/produto\/central-de-alarme-inc-enderec-250-c-bat\/#breadcrumb\",\"itemListElement\":[{\"@type\":\"ListItem\",\"position\":1,\"name\":\"In\u00edcio\",\"item\":\"https:\/\/universoeletrico.com.br\/eletrico\/\"},{\"@type\":\"ListItem\",\"position\":2,\"name\":\"Produtos\",\"item\":\"https:\/\/universoeletrico.com.br\/eletrico\/produtos\/\"},{\"@type\":\"ListItem\",\"position\":3,\"name\":\"CENTRAL DE ALARME INC.ENDEREC.250 C\/BAT\"}]},{\"@type\":\"WebSite\",\"@id\":\"https:\/\/universoeletrico.com.br\/eletrico\/#website\",\"url\":\"https:\/\/universoeletrico.com.br\/eletrico\/\",\"name\":\"Universo El\u00e9trico\",\"description\":\"\",\"potentialAction\":[{\"@type\":\"SearchAction\",\"target\":{\"@type\":\"EntryPoint\",\"urlTemplate\":\"https:\/\/universoeletrico.com.br\/eletrico\/?s={search_term_string}\"},\"query-input\":{\"@type\":\"PropertyValueSpecification\",\"valueRequired\":true,\"valueName\":\"search_term_string\"}}],\"inLanguage\":\"pt-BR\"}]}<\/script>\n<!-- \/ Yoast SEO Premium plugin. -->","yoast_head_json":{"title":"CENTRAL DE ALARME INC.ENDEREC.250 C\/BAT - Universo El\u00e9trico","robots":{"index":"index","follow":"follow","max-snippet":"max-snippet:-1","max-image-preview":"max-image-preview:large","max-video-preview":"max-video-preview:-1"},"canonical":"https:\/\/universoeletrico.com.br\/eletrico\/produto\/central-de-alarme-inc-enderec-250-c-bat\/","og_locale":"pt_BR","og_type":"article","og_title":"CENTRAL DE ALARME INC.ENDEREC.250 C\/BAT","og_description":"A central de alarme de inc\u00eandio CIE 1250 comporta at\u00e9 250 dispositivos em seu la\u00e7o(SDAI). Fabricada com design moderno e desenvolvida com alta tecnologia, possui bivolt autom\u00e1tico, um ano de garantia e possibilidade de instala\u00e7\u00e3o em classe A ou B. \u00c9 compat\u00edvel com diversos dispositivos endere\u00e7\u00e1veis, tais como acionadores, detectores e sirenes. Segue abaixo outras [&hellip;]","og_url":"https:\/\/universoeletrico.com.br\/eletrico\/produto\/central-de-alarme-inc-enderec-250-c-bat\/","og_site_name":"Universo El\u00e9trico","article_modified_time":"2026-03-13T19:17:30+00:00","og_image":[{"width":1200,"height":1200,"url":"https:\/\/universoeletrico.com.br\/eletrico\/wp-content\/uploads\/2019\/02\/Central-Alarme-de-Incendio-Enderecavel-CIE-1250-Intelbras.png","type":"image\/png"}],"twitter_card":"summary_large_image","twitter_misc":{"Est. tempo de leitura":"1 minuto"},"schema":{"@context":"https:\/\/schema.org","@graph":[{"@type":"WebPage","@id":"https:\/\/universoeletrico.com.br\/eletrico\/produto\/central-de-alarme-inc-enderec-250-c-bat\/","url":"https:\/\/universoeletrico.com.br\/eletrico\/produto\/central-de-alarme-inc-enderec-250-c-bat\/","name":"CENTRAL DE ALARME INC.ENDEREC.250 C\/BAT - Universo El\u00e9trico","isPartOf":{"@id":"https:\/\/universoeletrico.com.br\/eletrico\/#website"},"primaryImageOfPage":{"@id":"https:\/\/universoeletrico.com.br\/eletrico\/produto\/central-de-alarme-inc-enderec-250-c-bat\/#primaryimage"},"image":{"@id":"https:\/\/universoeletrico.com.br\/eletrico\/produto\/central-de-alarme-inc-enderec-250-c-bat\/#primaryimage"},"thumbnailUrl":"https:\/\/universoeletrico.com.br\/eletrico\/wp-content\/uploads\/2019\/02\/Central-Alarme-de-Incendio-Enderecavel-CIE-1250-Intelbras.png","datePublished":"2019-02-28T13:09:11+00:00","dateModified":"2026-03-13T19:17:30+00:00","breadcrumb":{"@id":"https:\/\/universoeletrico.com.br\/eletrico\/produto\/central-de-alarme-inc-enderec-250-c-bat\/#breadcrumb"},"inLanguage":"pt-BR","potentialAction":[{"@type":"ReadAction","target":["https:\/\/universoeletrico.com.br\/eletrico\/produto\/central-de-alarme-inc-enderec-250-c-bat\/"]}]},{"@type":"ImageObject","inLanguage":"pt-BR","@id":"https:\/\/universoeletrico.com.br\/eletrico\/produto\/central-de-alarme-inc-enderec-250-c-bat\/#primaryimage","url":"https:\/\/universoeletrico.com.br\/eletrico\/wp-content\/uploads\/2019\/02\/Central-Alarme-de-Incendio-Enderecavel-CIE-1250-Intelbras.png","contentUrl":"https:\/\/universoeletrico.com.br\/eletrico\/wp-content\/uploads\/2019\/02\/Central-Alarme-de-Incendio-Enderecavel-CIE-1250-Intelbras.png","width":1200,"height":1200},{"@type":"BreadcrumbList","@id":"https:\/\/universoeletrico.com.br\/eletrico\/produto\/central-de-alarme-inc-enderec-250-c-bat\/#breadcrumb","itemListElement":[{"@type":"ListItem","position":1,"name":"In\u00edcio","item":"https:\/\/universoeletrico.com.br\/eletrico\/"},{"@type":"ListItem","position":2,"name":"Produtos","item":"https:\/\/universoeletrico.com.br\/eletrico\/produtos\/"},{"@type":"ListItem","position":3,"name":"CENTRAL DE ALARME INC.ENDEREC.250 C\/BAT"}]},{"@type":"WebSite","@id":"https:\/\/universoeletrico.com.br\/eletrico\/#website","url":"https:\/\/universoeletrico.com.br\/eletrico\/","name":"Universo El\u00e9trico","description":"","potentialAction":[{"@type":"SearchAction","target":{"@type":"EntryPoint","urlTemplate":"https:\/\/universoeletrico.com.br\/eletrico\/?s={search_term_string}"},"query-input":{"@type":"PropertyValueSpecification","valueRequired":true,"valueName":"search_term_string"}}],"inLanguage":"pt-BR"}]}},"_links":{"self":[{"href":"https:\/\/universoeletrico.com.br\/eletrico\/wp-json\/wp\/v2\/product\/1475","targetHints":{"allow":["GET"]}}],"collection":[{"href":"https:\/\/universoeletrico.com.br\/eletrico\/wp-json\/wp\/v2\/product"}],"about":[{"href":"https:\/\/universoeletrico.com.br\/eletrico\/wp-json\/wp\/v2\/types\/product"}],"version-history":[{"count":5,"href":"https:\/\/universoeletrico.com.br\/eletrico\/wp-json\/wp\/v2\/product\/1475\/revisions"}],"predecessor-version":[{"id":3380,"href":"https:\/\/universoeletrico.com.br\/eletrico\/wp-json\/wp\/v2\/product\/1475\/revisions\/3380"}],"wp:featuredmedia":[{"embeddable":true,"href":"https:\/\/universoeletrico.com.br\/eletrico\/wp-json\/wp\/v2\/media\/2769"}],"wp:attachment":[{"href":"https:\/\/universoeletrico.com.br\/eletrico\/wp-json\/wp\/v2\/media?parent=1475"}],"wp:term":[{"taxonomy":"product_brand","embeddable":true,"href":"https:\/\/universoeletrico.com.br\/eletrico\/wp-json\/wp\/v2\/product_brand?post=1475"},{"taxonomy":"product_cat","embeddable":true,"href":"https:\/\/universoeletrico.com.br\/eletrico\/wp-json\/wp\/v2\/product_cat?post=1475"},{"taxonomy":"product_tag","embeddable":true,"href":"https:\/\/universoeletrico.com.br\/eletrico\/wp-json\/wp\/v2\/product_tag?post=1475"}],"curies":[{"name":"wp","href":"https:\/\/api.w.org\/{rel}","templated":true}]}}